{"id":5064,"date":"2020-04-10T22:29:34","date_gmt":"2020-04-10T20:29:34","guid":{"rendered":"https:\/\/niipit.dk\/sandvig-hammershusvej-15a-shop\/?page_id=5064"},"modified":"2021-03-17T20:20:20","modified_gmt":"2021-03-17T19:20:20","slug":"frontpage","status":"publish","type":"page","link":"https:\/\/niipit.dk\/sandvig-hammershusvej-15a\/","title":{"rendered":"Forside"},"content":{"rendered":"\n<hr class=\"wp-block-separator\"\/>\n\n\n<div class=\"airbnb-embed-frame\" data-id=\"19485336\" data-view=\"home\" style=\"width:450px;height:300px;margin:auto\"><a href=\"https:\/\/www.airbnb.dk\/rooms\/19485336?s=66&amp;unique_share_id=2f12ff66-4488-49d6-b665-744db9c90141&amp;source=embed_widget\">Se p\u00e5 Airbnb<\/a><a href=\"https:\/\/www.airbnb.dk\/rooms\/19485336?s=66&amp;unique_share_id=2f12ff66-4488-49d6-b665-744db9c90141&amp;source=embed_widget\" rel=\"nofollow\">Hammershusvej 15A &#8211; t\u00e6t p\u00e5 Sandvig strand og havn<\/a><script async=\"\" src=\"https:\/\/www.airbnb.dk\/embeddable\/airbnb_jssdk\"><\/script><\/div>\n\n\n\n<p><\/p>\n","protected":false},"excerpt":{"rendered":"","protected":false},"author":1,"featured_media":0,"parent":0,"menu_order":0,"comment_status":"closed","ping_status":"closed","template":"frontpagePremium.php","meta":{"_exactmetrics_skip_tracking":false,"_exactmetrics_sitenote_active":false,"_exactmetrics_sitenote_note":"","_exactmetrics_sitenote_category":0,"_monsterinsights_skip_tracking":false,"_monsterinsights_sitenote_active":false,"_monsterinsights_sitenote_note":"","_monsterinsights_sitenote_category":0,"footnotes":""},"class_list":["post-5064","page","type-page","status-publish","hentry"],"yoast_head":"<!-- This site is optimized with the Yoast SEO Premium plugin v16.3 (Yoast SEO v27.3) - https:\/\/yoast.com\/product\/yoast-seo-premium-wordpress\/ -->\n<title>Lej Sommerhus p\u00e5 Bornholm, Sandvig Hammershusvej 15A<\/title>\n<meta name=\"description\" content=\"Sandvig Hammershusvej 15A - 6 G\u00e6ster - 3 Sovev\u00e6relser - 4 Senge - 1 Badev\u00e6relse | Udlejes n\u00e5r du har brug for ferie Book her \u261e\" \/>\n<meta name=\"robots\" content=\"index, follow, max-snippet:-1, max-image-preview:large, max-video-preview:-1\" \/>\n<link rel=\"canonical\" href=\"https:\/\/niipit.dk\/sandvig-hammershusvej-15a\/\" \/>\n<meta property=\"og:locale\" content=\"da_DK\" \/>\n<meta property=\"og:type\" content=\"article\" \/>\n<meta property=\"og:title\" content=\"Lej Sommerhus p\u00e5 Bornholm, Sandvig Hammershusvej 15A\" \/>\n<meta property=\"og:description\" content=\"Sandvig Hammershusvej 15A - 6 G\u00e6ster - 3 Sovev\u00e6relser - 4 Senge - 1 Badev\u00e6relse | Udlejes n\u00e5r du har brug for ferie Book her \u261e\" \/>\n<meta property=\"og:url\" content=\"https:\/\/niipit.dk\/sandvig-hammershusvej-15a\/\" \/>\n<meta property=\"og:site_name\" content=\"Sandvig Hammershusvej 15A\" \/>\n<meta property=\"article:modified_time\" content=\"2021-03-17T19:20:20+00:00\" \/>\n<meta name=\"twitter:card\" content=\"summary_large_image\" \/>\n<meta name=\"twitter:label1\" content=\"Estimeret l\u00e6setid\" \/>\n\t<meta name=\"twitter:data1\" content=\"1 minut\" \/>\n<script type=\"application\/ld+json\" class=\"yoast-schema-graph\">{\"@context\":\"https:\\\/\\\/schema.org\",\"@graph\":[{\"@type\":\"WebPage\",\"@id\":\"https:\\\/\\\/niipit.dk\\\/sandvig-hammershusvej-15a\\\/\",\"url\":\"https:\\\/\\\/niipit.dk\\\/sandvig-hammershusvej-15a\\\/\",\"name\":\"Lej Sommerhus p\u00e5 Bornholm, Sandvig Hammershusvej 15A\",\"isPartOf\":{\"@id\":\"https:\\\/\\\/niipit.dk\\\/sandvig-hammershusvej-15a\\\/#website\"},\"datePublished\":\"2020-04-10T20:29:34+00:00\",\"dateModified\":\"2021-03-17T19:20:20+00:00\",\"description\":\"Sandvig Hammershusvej 15A - 6 G\u00e6ster - 3 Sovev\u00e6relser - 4 Senge - 1 Badev\u00e6relse | Udlejes n\u00e5r du har brug for ferie Book her \u261e\",\"breadcrumb\":{\"@id\":\"https:\\\/\\\/niipit.dk\\\/sandvig-hammershusvej-15a\\\/#breadcrumb\"},\"inLanguage\":\"da-DK\",\"potentialAction\":[{\"@type\":\"ReadAction\",\"target\":[\"https:\\\/\\\/niipit.dk\\\/sandvig-hammershusvej-15a\\\/\"]}]},{\"@type\":\"BreadcrumbList\",\"@id\":\"https:\\\/\\\/niipit.dk\\\/sandvig-hammershusvej-15a\\\/#breadcrumb\",\"itemListElement\":[{\"@type\":\"ListItem\",\"position\":1,\"name\":\"Hjem\",\"item\":\"https:\\\/\\\/niipit.dk\\\/sandvig-hammershusvej-15a\\\/\"},{\"@type\":\"ListItem\",\"position\":2,\"name\":\"Forside\"}]},{\"@type\":\"WebSite\",\"@id\":\"https:\\\/\\\/niipit.dk\\\/sandvig-hammershusvej-15a\\\/#website\",\"url\":\"https:\\\/\\\/niipit.dk\\\/sandvig-hammershusvej-15a\\\/\",\"name\":\"Sandvig Hammershusvej 15A\",\"description\":\"Lej sommerhus t\u00e6t p\u00e5 stranden\",\"potentialAction\":[{\"@type\":\"SearchAction\",\"target\":{\"@type\":\"EntryPoint\",\"urlTemplate\":\"https:\\\/\\\/niipit.dk\\\/sandvig-hammershusvej-15a\\\/?s={search_term_string}\"},\"query-input\":{\"@type\":\"PropertyValueSpecification\",\"valueRequired\":true,\"valueName\":\"search_term_string\"}}],\"inLanguage\":\"da-DK\"}]}<\/script>\n<!-- \/ Yoast SEO Premium plugin. -->","yoast_head_json":{"title":"Lej Sommerhus p\u00e5 Bornholm, Sandvig Hammershusvej 15A","description":"Sandvig Hammershusvej 15A - 6 G\u00e6ster - 3 Sovev\u00e6relser - 4 Senge - 1 Badev\u00e6relse | Udlejes n\u00e5r du har brug for ferie Book her \u261e","robots":{"index":"index","follow":"follow","max-snippet":"max-snippet:-1","max-image-preview":"max-image-preview:large","max-video-preview":"max-video-preview:-1"},"canonical":"https:\/\/niipit.dk\/sandvig-hammershusvej-15a\/","og_locale":"da_DK","og_type":"article","og_title":"Lej Sommerhus p\u00e5 Bornholm, Sandvig Hammershusvej 15A","og_description":"Sandvig Hammershusvej 15A - 6 G\u00e6ster - 3 Sovev\u00e6relser - 4 Senge - 1 Badev\u00e6relse | Udlejes n\u00e5r du har brug for ferie Book her \u261e","og_url":"https:\/\/niipit.dk\/sandvig-hammershusvej-15a\/","og_site_name":"Sandvig Hammershusvej 15A","article_modified_time":"2021-03-17T19:20:20+00:00","twitter_card":"summary_large_image","twitter_misc":{"Estimeret l\u00e6setid":"1 minut"},"schema":{"@context":"https:\/\/schema.org","@graph":[{"@type":"WebPage","@id":"https:\/\/niipit.dk\/sandvig-hammershusvej-15a\/","url":"https:\/\/niipit.dk\/sandvig-hammershusvej-15a\/","name":"Lej Sommerhus p\u00e5 Bornholm, Sandvig Hammershusvej 15A","isPartOf":{"@id":"https:\/\/niipit.dk\/sandvig-hammershusvej-15a\/#website"},"datePublished":"2020-04-10T20:29:34+00:00","dateModified":"2021-03-17T19:20:20+00:00","description":"Sandvig Hammershusvej 15A - 6 G\u00e6ster - 3 Sovev\u00e6relser - 4 Senge - 1 Badev\u00e6relse | Udlejes n\u00e5r du har brug for ferie Book her \u261e","breadcrumb":{"@id":"https:\/\/niipit.dk\/sandvig-hammershusvej-15a\/#breadcrumb"},"inLanguage":"da-DK","potentialAction":[{"@type":"ReadAction","target":["https:\/\/niipit.dk\/sandvig-hammershusvej-15a\/"]}]},{"@type":"BreadcrumbList","@id":"https:\/\/niipit.dk\/sandvig-hammershusvej-15a\/#breadcrumb","itemListElement":[{"@type":"ListItem","position":1,"name":"Hjem","item":"https:\/\/niipit.dk\/sandvig-hammershusvej-15a\/"},{"@type":"ListItem","position":2,"name":"Forside"}]},{"@type":"WebSite","@id":"https:\/\/niipit.dk\/sandvig-hammershusvej-15a\/#website","url":"https:\/\/niipit.dk\/sandvig-hammershusvej-15a\/","name":"Sandvig Hammershusvej 15A","description":"Lej sommerhus t\u00e6t p\u00e5 stranden","potentialAction":[{"@type":"SearchAction","target":{"@type":"EntryPoint","urlTemplate":"https:\/\/niipit.dk\/sandvig-hammershusvej-15a\/?s={search_term_string}"},"query-input":{"@type":"PropertyValueSpecification","valueRequired":true,"valueName":"search_term_string"}}],"inLanguage":"da-DK"}]}},"_links":{"self":[{"href":"https:\/\/niipit.dk\/sandvig-hammershusvej-15a\/wp-json\/wp\/v2\/pages\/5064","targetHints":{"allow":["GET"]}}],"collection":[{"href":"https:\/\/niipit.dk\/sandvig-hammershusvej-15a\/wp-json\/wp\/v2\/pages"}],"about":[{"href":"https:\/\/niipit.dk\/sandvig-hammershusvej-15a\/wp-json\/wp\/v2\/types\/page"}],"author":[{"embeddable":true,"href":"https:\/\/niipit.dk\/sandvig-hammershusvej-15a\/wp-json\/wp\/v2\/users\/1"}],"replies":[{"embeddable":true,"href":"https:\/\/niipit.dk\/sandvig-hammershusvej-15a\/wp-json\/wp\/v2\/comments?post=5064"}],"version-history":[{"count":2,"href":"https:\/\/niipit.dk\/sandvig-hammershusvej-15a\/wp-json\/wp\/v2\/pages\/5064\/revisions"}],"predecessor-version":[{"id":5983,"href":"https:\/\/niipit.dk\/sandvig-hammershusvej-15a\/wp-json\/wp\/v2\/pages\/5064\/revisions\/5983"}],"wp:attachment":[{"href":"https:\/\/niipit.dk\/sandvig-hammershusvej-15a\/wp-json\/wp\/v2\/media?parent=5064"}],"curies":[{"name":"wp","href":"https:\/\/api.w.org\/{rel}","templated":true}]}}