{"id":5064,"date":"2018-08-10T22:29:34","date_gmt":"2018-08-10T20:29:34","guid":{"rendered":"https:\/\/niipit.dk\/sanadent-tandlaegerne-shop\/?page_id=5064"},"modified":"2020-03-14T17:38:36","modified_gmt":"2020-03-14T16:38:36","slug":"frontpage","status":"publish","type":"page","link":"https:\/\/niipit.dk\/sanadent-tandlaegerne\/","title":{"rendered":"Forside"},"content":{"rendered":"\n<hr class=\"wp-block-separator\"\/>\n\n\n\n<h2 class=\"wp-block-heading\">Velkommen hos Sanadent Tandl\u00e6gerne p\u00e5 Frederiksbjerg og i Holb\u00e6k<\/h2>\n\n\n\n<p>Sanadent tandl\u00e6gerne p\u00e5 Frederiksberg og i Holb\u00e6k er topmoderne tandklinikker med sunde holdninger, h\u00f8j etik og fokus p\u00e5 mennesket bag t\u00e6nderne. Vores dygtige tandl\u00e6ger l\u00e6gger v\u00e6gt p\u00e5 h\u00f8j faglig kvalitet, smertefri behandling og n\u00e6rv\u00e6r.&nbsp;<\/p>\n\n\n\n<p>Vi har blandt andet stor erfaring med implantatbehandling, som giver dig faste t\u00e6nder at tygge med og med tandretning, som giver dig et <a href=\"https:\/\/sanadent.dk\/behandling\/\">smukt smil<\/a>.<\/p>\n","protected":false},"excerpt":{"rendered":"<p>Velkommen hos Sanadent Tandl\u00e6gerne p\u00e5 Frederiksbjerg og i Holb\u00e6k Sanadent tandl\u00e6gerne p\u00e5 Frederiksberg og i Holb\u00e6k er topmoderne tandklinikker med sunde holdninger, h\u00f8j etik og fokus p\u00e5 mennesket bag t\u00e6nderne. Vores dygtige tandl\u00e6ger l\u00e6gger v\u00e6gt p\u00e5 h\u00f8j faglig kvalitet, smertefri behandling og n\u00e6rv\u00e6r.&nbsp; Vi har blandt andet stor erfaring med implantatbehandling, som giver dig faste <a class=\"moretag btn btn-primary\" href=\"https:\/\/niipit.dk\/sanadent-tandlaegerne\/\">L\u00e6s mere<\/a><\/p>\n","protected":false},"author":1,"featured_media":0,"parent":0,"menu_order":0,"comment_status":"closed","ping_status":"closed","template":"frontpagePremium.php","meta":{"_exactmetrics_skip_tracking":false,"_exactmetrics_sitenote_active":false,"_exactmetrics_sitenote_note":"","_exactmetrics_sitenote_category":0,"_monsterinsights_skip_tracking":false,"_monsterinsights_sitenote_active":false,"_monsterinsights_sitenote_note":"","_monsterinsights_sitenote_category":0,"footnotes":""},"class_list":["post-5064","page","type-page","status-publish","hentry"],"yoast_head":"<!-- This site is optimized with the Yoast SEO Premium plugin v16.3 (Yoast SEO v27.4) - https:\/\/yoast.com\/product\/yoast-seo-premium-wordpress\/ -->\n<title>Tandbehandling p\u00e5 afbetaling p\u00e5 Frederiksberg og i Holb\u00e6k<\/title>\n<meta name=\"description\" content=\"Hvis dr\u00f8mmen er lidt st\u00f8rre end midlerne, s\u00e5 kan du f\u00e5 rentefri finansiering hos en af vore partnere, og komme i gang med at f\u00e5 de t\u00e6nder, du dr\u00f8mmer om.\" \/>\n<meta name=\"robots\" content=\"index, follow, max-snippet:-1, max-image-preview:large, max-video-preview:-1\" \/>\n<link rel=\"canonical\" href=\"https:\/\/niipit.dk\/sanadent-tandlaegerne\/\" \/>\n<meta property=\"og:locale\" content=\"da_DK\" \/>\n<meta property=\"og:type\" content=\"article\" \/>\n<meta property=\"og:title\" content=\"Tandbehandling p\u00e5 afbetaling p\u00e5 Frederiksberg og i Holb\u00e6k\" \/>\n<meta property=\"og:description\" content=\"Hvis dr\u00f8mmen er lidt st\u00f8rre end midlerne, s\u00e5 kan du f\u00e5 rentefri finansiering hos en af vore partnere, og komme i gang med at f\u00e5 de t\u00e6nder, du dr\u00f8mmer om.\" \/>\n<meta property=\"og:url\" content=\"https:\/\/niipit.dk\/sanadent-tandlaegerne\/\" \/>\n<meta property=\"og:site_name\" content=\"Sanadent Tandl\u00e6gerne\" \/>\n<meta property=\"article:modified_time\" content=\"2020-03-14T16:38:36+00:00\" \/>\n<meta name=\"twitter:card\" content=\"summary_large_image\" \/>\n<script type=\"application\/ld+json\" class=\"yoast-schema-graph\">{\"@context\":\"https:\\\/\\\/schema.org\",\"@graph\":[{\"@type\":\"WebPage\",\"@id\":\"https:\\\/\\\/niipit.dk\\\/sanadent-tandlaegerne\\\/\",\"url\":\"https:\\\/\\\/niipit.dk\\\/sanadent-tandlaegerne\\\/\",\"name\":\"Tandbehandling p\u00e5 afbetaling p\u00e5 Frederiksberg og i Holb\u00e6k\",\"isPartOf\":{\"@id\":\"https:\\\/\\\/niipit.dk\\\/sanadent-tandlaegerne\\\/#website\"},\"datePublished\":\"2018-08-10T20:29:34+00:00\",\"dateModified\":\"2020-03-14T16:38:36+00:00\",\"description\":\"Hvis dr\u00f8mmen er lidt st\u00f8rre end midlerne, s\u00e5 kan du f\u00e5 rentefri finansiering hos en af vore partnere, og komme i gang med at f\u00e5 de t\u00e6nder, du dr\u00f8mmer om.\",\"breadcrumb\":{\"@id\":\"https:\\\/\\\/niipit.dk\\\/sanadent-tandlaegerne\\\/#breadcrumb\"},\"inLanguage\":\"da-DK\",\"potentialAction\":[{\"@type\":\"ReadAction\",\"target\":[\"https:\\\/\\\/niipit.dk\\\/sanadent-tandlaegerne\\\/\"]}]},{\"@type\":\"BreadcrumbList\",\"@id\":\"https:\\\/\\\/niipit.dk\\\/sanadent-tandlaegerne\\\/#breadcrumb\",\"itemListElement\":[{\"@type\":\"ListItem\",\"position\":1,\"name\":\"Hjem\",\"item\":\"https:\\\/\\\/niipit.dk\\\/sanadent-tandlaegerne\\\/\"},{\"@type\":\"ListItem\",\"position\":2,\"name\":\"Forside\"}]},{\"@type\":\"WebSite\",\"@id\":\"https:\\\/\\\/niipit.dk\\\/sanadent-tandlaegerne\\\/#website\",\"url\":\"https:\\\/\\\/niipit.dk\\\/sanadent-tandlaegerne\\\/\",\"name\":\"Sanadent Tandl\u00e6gerne\",\"description\":\"Kontakt Tandl\u00e6geklinikken i dag \u27a4\",\"potentialAction\":[{\"@type\":\"SearchAction\",\"target\":{\"@type\":\"EntryPoint\",\"urlTemplate\":\"https:\\\/\\\/niipit.dk\\\/sanadent-tandlaegerne\\\/?s={search_term_string}\"},\"query-input\":{\"@type\":\"PropertyValueSpecification\",\"valueRequired\":true,\"valueName\":\"search_term_string\"}}],\"inLanguage\":\"da-DK\"}]}<\/script>\n<!-- \/ Yoast SEO Premium plugin. -->","yoast_head_json":{"title":"Tandbehandling p\u00e5 afbetaling p\u00e5 Frederiksberg og i Holb\u00e6k","description":"Hvis dr\u00f8mmen er lidt st\u00f8rre end midlerne, s\u00e5 kan du f\u00e5 rentefri finansiering hos en af vore partnere, og komme i gang med at f\u00e5 de t\u00e6nder, du dr\u00f8mmer om.","robots":{"index":"index","follow":"follow","max-snippet":"max-snippet:-1","max-image-preview":"max-image-preview:large","max-video-preview":"max-video-preview:-1"},"canonical":"https:\/\/niipit.dk\/sanadent-tandlaegerne\/","og_locale":"da_DK","og_type":"article","og_title":"Tandbehandling p\u00e5 afbetaling p\u00e5 Frederiksberg og i Holb\u00e6k","og_description":"Hvis dr\u00f8mmen er lidt st\u00f8rre end midlerne, s\u00e5 kan du f\u00e5 rentefri finansiering hos en af vore partnere, og komme i gang med at f\u00e5 de t\u00e6nder, du dr\u00f8mmer om.","og_url":"https:\/\/niipit.dk\/sanadent-tandlaegerne\/","og_site_name":"Sanadent Tandl\u00e6gerne","article_modified_time":"2020-03-14T16:38:36+00:00","twitter_card":"summary_large_image","schema":{"@context":"https:\/\/schema.org","@graph":[{"@type":"WebPage","@id":"https:\/\/niipit.dk\/sanadent-tandlaegerne\/","url":"https:\/\/niipit.dk\/sanadent-tandlaegerne\/","name":"Tandbehandling p\u00e5 afbetaling p\u00e5 Frederiksberg og i Holb\u00e6k","isPartOf":{"@id":"https:\/\/niipit.dk\/sanadent-tandlaegerne\/#website"},"datePublished":"2018-08-10T20:29:34+00:00","dateModified":"2020-03-14T16:38:36+00:00","description":"Hvis dr\u00f8mmen er lidt st\u00f8rre end midlerne, s\u00e5 kan du f\u00e5 rentefri finansiering hos en af vore partnere, og komme i gang med at f\u00e5 de t\u00e6nder, du dr\u00f8mmer om.","breadcrumb":{"@id":"https:\/\/niipit.dk\/sanadent-tandlaegerne\/#breadcrumb"},"inLanguage":"da-DK","potentialAction":[{"@type":"ReadAction","target":["https:\/\/niipit.dk\/sanadent-tandlaegerne\/"]}]},{"@type":"BreadcrumbList","@id":"https:\/\/niipit.dk\/sanadent-tandlaegerne\/#breadcrumb","itemListElement":[{"@type":"ListItem","position":1,"name":"Hjem","item":"https:\/\/niipit.dk\/sanadent-tandlaegerne\/"},{"@type":"ListItem","position":2,"name":"Forside"}]},{"@type":"WebSite","@id":"https:\/\/niipit.dk\/sanadent-tandlaegerne\/#website","url":"https:\/\/niipit.dk\/sanadent-tandlaegerne\/","name":"Sanadent Tandl\u00e6gerne","description":"Kontakt Tandl\u00e6geklinikken i dag \u27a4","potentialAction":[{"@type":"SearchAction","target":{"@type":"EntryPoint","urlTemplate":"https:\/\/niipit.dk\/sanadent-tandlaegerne\/?s={search_term_string}"},"query-input":{"@type":"PropertyValueSpecification","valueRequired":true,"valueName":"search_term_string"}}],"inLanguage":"da-DK"}]}},"_links":{"self":[{"href":"https:\/\/niipit.dk\/sanadent-tandlaegerne\/wp-json\/wp\/v2\/pages\/5064","targetHints":{"allow":["GET"]}}],"collection":[{"href":"https:\/\/niipit.dk\/sanadent-tandlaegerne\/wp-json\/wp\/v2\/pages"}],"about":[{"href":"https:\/\/niipit.dk\/sanadent-tandlaegerne\/wp-json\/wp\/v2\/types\/page"}],"author":[{"embeddable":true,"href":"https:\/\/niipit.dk\/sanadent-tandlaegerne\/wp-json\/wp\/v2\/users\/1"}],"replies":[{"embeddable":true,"href":"https:\/\/niipit.dk\/sanadent-tandlaegerne\/wp-json\/wp\/v2\/comments?post=5064"}],"version-history":[{"count":0,"href":"https:\/\/niipit.dk\/sanadent-tandlaegerne\/wp-json\/wp\/v2\/pages\/5064\/revisions"}],"wp:attachment":[{"href":"https:\/\/niipit.dk\/sanadent-tandlaegerne\/wp-json\/wp\/v2\/media?parent=5064"}],"curies":[{"name":"wp","href":"https:\/\/api.w.org\/{rel}","templated":true}]}}