{"id":5133,"date":"2018-08-15T22:08:09","date_gmt":"2018-08-15T20:08:09","guid":{"rendered":"https:\/\/niipit.dk\/nv2-QogM\/?page_id=5133"},"modified":"2020-07-20T09:21:13","modified_gmt":"2020-07-20T07:21:13","slug":"kontakt","status":"publish","type":"page","link":"https:\/\/niipit.dk\/salon-hanel\/kontakt\/","title":{"rendered":"Kontakt Salon H\u00e4nel"},"content":{"rendered":"\n<p><\/p>\n\n\n\n<h2 class=\"has-text-align-center wp-block-heading\">Salon H\u00e4nel<\/h2>\n\n\n\n<h3 class=\"has-text-align-center wp-block-heading\">\u00d8stergade 24A<br>6500 Vojens<\/h3>\n\n\n\n<h3 class=\"has-text-align-center wp-block-heading\">E-mail: rikkeogbirgitte@outlook.dk<br>Telefon: +45 74 54 10 61<\/h3>\n\n\n\n<h4 class=\"has-text-align-center wp-block-heading\"><strong>Online booking: <\/strong>salon-haenel.bestilling.nu<\/h4>\n\n\n\n<h4 class=\"has-text-align-center wp-block-heading\"><strong>CVR nr. 34596441<\/strong><\/h4>\n\n\n\n<h3 class=\"has-text-align-center wp-block-heading\">\u00c5bningstider<br>Mandag: 9.00 til 17.30<br>Tirsdag:\u00a09.00 til 17.30<br>Onsdag: 9.00 til 17.30<br>Torsdag: 9.00 til 20.00<br>Fredag: 9.00 til 18.00<br>L\u00f8rdag: 9.00 til 13.00<br>S\u00f8ndag: Lukket<\/h3>\n\n\n\n<div class=\"wp-block-image\"><figure class=\"aligncenter\"><a href=\"http:\/\/salon-haenel.dk\"><img loading=\"lazy\" decoding=\"async\" width=\"240\" height=\"116\" src=\"https:\/\/niipit.dk\/salon-hanel\/wp-content\/uploads\/sites\/319\/2019\/10\/Salon-Hanel-Fris\u00f8r-i-Haderslev-Vojens-Toftlund-R\u00f8dding.png\" alt=\"Salon Hanel Fris\u00f8r i Haderslev Vojens Toftlund R\u00f8dding\" class=\"wp-image-5820\"\/><\/a><\/figure><\/div>\n","protected":false},"excerpt":{"rendered":"<p>Salon H\u00e4nel \u00d8stergade 24A6500 Vojens E-mail: rikkeogbirgitte@outlook.dkTelefon: +45 74 54 10 61 Online booking: salon-haenel.bestilling.nu CVR nr. 34596441 \u00c5bningstiderMandag: 9.00 til 17.30Tirsdag:\u00a09.00 til 17.30Onsdag: 9.00 til 17.30Torsdag: 9.00 til 20.00Fredag: 9.00 til 18.00L\u00f8rdag: 9.00 til 13.00S\u00f8ndag: Lukket<\/p>\n","protected":false},"author":1099,"featured_media":0,"parent":0,"menu_order":0,"comment_status":"closed","ping_status":"closed","template":"","meta":{"_exactmetrics_skip_tracking":false,"_exactmetrics_sitenote_active":false,"_exactmetrics_sitenote_note":"","_exactmetrics_sitenote_category":0,"_monsterinsights_skip_tracking":false,"_monsterinsights_sitenote_active":false,"_monsterinsights_sitenote_note":"","_monsterinsights_sitenote_category":0,"footnotes":""},"class_list":["post-5133","page","type-page","status-publish","hentry"],"yoast_head":"<!-- This site is optimized with the Yoast SEO Premium plugin v16.3 (Yoast SEO v27.3) - https:\/\/yoast.com\/product\/yoast-seo-premium-wordpress\/ -->\n<title>Kontakt Salon H\u00e4nel Bestil eller \u00e6ndre tid p\u00e5 +45 74 54 10 61 \u2704<\/title>\n<meta name=\"description\" content=\"Kontakt Salon H\u00e4nel \u2704 Vi kan kontaktes i \u00e5bningstiden p\u00e5 \u260f +45 74 54 10 61 - Der er altid en der kan tage telefonen n\u00e5r du ringer.\" \/>\n<meta name=\"robots\" content=\"index, follow, max-snippet:-1, max-image-preview:large, max-video-preview:-1\" \/>\n<link rel=\"canonical\" href=\"https:\/\/niipit.dk\/salon-hanel\/kontakt\/\" \/>\n<meta property=\"og:locale\" content=\"da_DK\" \/>\n<meta property=\"og:type\" content=\"article\" \/>\n<meta property=\"og:title\" content=\"Kontakt Salon H\u00e4nel Bestil eller \u00e6ndre tid p\u00e5 +45 74 54 10 61 \u2704\" \/>\n<meta property=\"og:description\" content=\"Kontakt Salon H\u00e4nel \u2704 Vi kan kontaktes i \u00e5bningstiden p\u00e5 \u260f +45 74 54 10 61 - Der er altid en der kan tage telefonen n\u00e5r du ringer.\" \/>\n<meta property=\"og:url\" content=\"https:\/\/niipit.dk\/salon-hanel\/kontakt\/\" \/>\n<meta property=\"og:site_name\" content=\"Salon-Hanel\" \/>\n<meta property=\"article:modified_time\" content=\"2020-07-20T07:21:13+00:00\" \/>\n<meta name=\"twitter:card\" content=\"summary_large_image\" \/>\n<script type=\"application\/ld+json\" class=\"yoast-schema-graph\">{\"@context\":\"https:\\\/\\\/schema.org\",\"@graph\":[{\"@type\":\"WebPage\",\"@id\":\"https:\\\/\\\/niipit.dk\\\/salon-hanel\\\/kontakt\\\/\",\"url\":\"https:\\\/\\\/niipit.dk\\\/salon-hanel\\\/kontakt\\\/\",\"name\":\"Kontakt Salon H\u00e4nel Bestil eller \u00e6ndre tid p\u00e5 +45 74 54 10 61 \u2704\",\"isPartOf\":{\"@id\":\"https:\\\/\\\/niipit.dk\\\/salon-hanel\\\/#website\"},\"datePublished\":\"2018-08-15T20:08:09+00:00\",\"dateModified\":\"2020-07-20T07:21:13+00:00\",\"description\":\"Kontakt Salon H\u00e4nel \u2704 Vi kan kontaktes i \u00e5bningstiden p\u00e5 \u260f +45 74 54 10 61 - Der er altid en der kan tage telefonen n\u00e5r du ringer.\",\"breadcrumb\":{\"@id\":\"https:\\\/\\\/niipit.dk\\\/salon-hanel\\\/kontakt\\\/#breadcrumb\"},\"inLanguage\":\"da-DK\",\"potentialAction\":[{\"@type\":\"ReadAction\",\"target\":[\"https:\\\/\\\/niipit.dk\\\/salon-hanel\\\/kontakt\\\/\"]}]},{\"@type\":\"BreadcrumbList\",\"@id\":\"https:\\\/\\\/niipit.dk\\\/salon-hanel\\\/kontakt\\\/#breadcrumb\",\"itemListElement\":[{\"@type\":\"ListItem\",\"position\":1,\"name\":\"Hjem\",\"item\":\"https:\\\/\\\/niipit.dk\\\/salon-hanel\\\/\"},{\"@type\":\"ListItem\",\"position\":2,\"name\":\"Kontakt Salon H\u00e4nel\"}]},{\"@type\":\"WebSite\",\"@id\":\"https:\\\/\\\/niipit.dk\\\/salon-hanel\\\/#website\",\"url\":\"https:\\\/\\\/niipit.dk\\\/salon-hanel\\\/\",\"name\":\"Salon-Hanel\",\"description\":\"F\u00e5 din virksomhed p\u00e5 niipit\",\"potentialAction\":[{\"@type\":\"SearchAction\",\"target\":{\"@type\":\"EntryPoint\",\"urlTemplate\":\"https:\\\/\\\/niipit.dk\\\/salon-hanel\\\/?s={search_term_string}\"},\"query-input\":{\"@type\":\"PropertyValueSpecification\",\"valueRequired\":true,\"valueName\":\"search_term_string\"}}],\"inLanguage\":\"da-DK\"}]}<\/script>\n<!-- \/ Yoast SEO Premium plugin. -->","yoast_head_json":{"title":"Kontakt Salon H\u00e4nel Bestil eller \u00e6ndre tid p\u00e5 +45 74 54 10 61 \u2704","description":"Kontakt Salon H\u00e4nel \u2704 Vi kan kontaktes i \u00e5bningstiden p\u00e5 \u260f +45 74 54 10 61 - Der er altid en der kan tage telefonen n\u00e5r du ringer.","robots":{"index":"index","follow":"follow","max-snippet":"max-snippet:-1","max-image-preview":"max-image-preview:large","max-video-preview":"max-video-preview:-1"},"canonical":"https:\/\/niipit.dk\/salon-hanel\/kontakt\/","og_locale":"da_DK","og_type":"article","og_title":"Kontakt Salon H\u00e4nel Bestil eller \u00e6ndre tid p\u00e5 +45 74 54 10 61 \u2704","og_description":"Kontakt Salon H\u00e4nel \u2704 Vi kan kontaktes i \u00e5bningstiden p\u00e5 \u260f +45 74 54 10 61 - Der er altid en der kan tage telefonen n\u00e5r du ringer.","og_url":"https:\/\/niipit.dk\/salon-hanel\/kontakt\/","og_site_name":"Salon-Hanel","article_modified_time":"2020-07-20T07:21:13+00:00","twitter_card":"summary_large_image","schema":{"@context":"https:\/\/schema.org","@graph":[{"@type":"WebPage","@id":"https:\/\/niipit.dk\/salon-hanel\/kontakt\/","url":"https:\/\/niipit.dk\/salon-hanel\/kontakt\/","name":"Kontakt Salon H\u00e4nel Bestil eller \u00e6ndre tid p\u00e5 +45 74 54 10 61 \u2704","isPartOf":{"@id":"https:\/\/niipit.dk\/salon-hanel\/#website"},"datePublished":"2018-08-15T20:08:09+00:00","dateModified":"2020-07-20T07:21:13+00:00","description":"Kontakt Salon H\u00e4nel \u2704 Vi kan kontaktes i \u00e5bningstiden p\u00e5 \u260f +45 74 54 10 61 - Der er altid en der kan tage telefonen n\u00e5r du ringer.","breadcrumb":{"@id":"https:\/\/niipit.dk\/salon-hanel\/kontakt\/#breadcrumb"},"inLanguage":"da-DK","potentialAction":[{"@type":"ReadAction","target":["https:\/\/niipit.dk\/salon-hanel\/kontakt\/"]}]},{"@type":"BreadcrumbList","@id":"https:\/\/niipit.dk\/salon-hanel\/kontakt\/#breadcrumb","itemListElement":[{"@type":"ListItem","position":1,"name":"Hjem","item":"https:\/\/niipit.dk\/salon-hanel\/"},{"@type":"ListItem","position":2,"name":"Kontakt Salon H\u00e4nel"}]},{"@type":"WebSite","@id":"https:\/\/niipit.dk\/salon-hanel\/#website","url":"https:\/\/niipit.dk\/salon-hanel\/","name":"Salon-Hanel","description":"F\u00e5 din virksomhed p\u00e5 niipit","potentialAction":[{"@type":"SearchAction","target":{"@type":"EntryPoint","urlTemplate":"https:\/\/niipit.dk\/salon-hanel\/?s={search_term_string}"},"query-input":{"@type":"PropertyValueSpecification","valueRequired":true,"valueName":"search_term_string"}}],"inLanguage":"da-DK"}]}},"_links":{"self":[{"href":"https:\/\/niipit.dk\/salon-hanel\/wp-json\/wp\/v2\/pages\/5133","targetHints":{"allow":["GET"]}}],"collection":[{"href":"https:\/\/niipit.dk\/salon-hanel\/wp-json\/wp\/v2\/pages"}],"about":[{"href":"https:\/\/niipit.dk\/salon-hanel\/wp-json\/wp\/v2\/types\/page"}],"author":[{"embeddable":true,"href":"https:\/\/niipit.dk\/salon-hanel\/wp-json\/wp\/v2\/users\/1099"}],"replies":[{"embeddable":true,"href":"https:\/\/niipit.dk\/salon-hanel\/wp-json\/wp\/v2\/comments?post=5133"}],"version-history":[{"count":0,"href":"https:\/\/niipit.dk\/salon-hanel\/wp-json\/wp\/v2\/pages\/5133\/revisions"}],"wp:attachment":[{"href":"https:\/\/niipit.dk\/salon-hanel\/wp-json\/wp\/v2\/media?parent=5133"}],"curies":[{"name":"wp","href":"https:\/\/api.w.org\/{rel}","templated":true}]}}