{"id":5105,"date":"2018-08-15T22:02:47","date_gmt":"2018-08-15T20:02:47","guid":{"rendered":"https:\/\/niipit.dk\/nv2-QogM\/?page_id=5105"},"modified":"2020-07-20T09:16:23","modified_gmt":"2020-07-20T07:16:23","slug":"om","status":"publish","type":"page","link":"https:\/\/niipit.dk\/salon-hanel\/om\/","title":{"rendered":"Om Salon H\u00e4nel"},"content":{"rendered":"<div class=\"thrv_wrapper thrv_heading\" data-css=\"tve-u-163a601a1f4\" data-tag=\"h1\">\n<h2 style=\"text-align: center;\" data-css=\"tve-u-163a60192ea\">Salon H\u00e4nel- din lokale fris\u00f8r<\/h2>\n<h4 style=\"text-align: center; padding-left: 80px;\">Hos os er alle velkommen unge som \u00e6ldre.<\/h4>\n<h4 style=\"text-align: center; padding-left: 80px;\">En hyggelig Salon i Vojens, som har eksisteret i 48 \u00e5r.<\/h4>\n<h4 style=\"text-align: center; padding-left: 80px;\">Vi er en Salon der har personlig r\u00e5dgivning i h\u00f8js\u00e6det. Vi vejleder og r\u00e5dgiver dig ud fra dit h\u00e5r og din personlige stil, s\u00e5ledes du f\u00e5r et h\u00e5r, du bliver glad for. Vi har l\u00e6kre produkter som giver dig muligheden for at s\u00e6tte h\u00e5ret derhjemme.<\/h4>\n<h4 style=\"text-align: center;\">Vi er j\u00e6vnligt p\u00e5 kursuser&nbsp; i l\u00f8bet af \u00e5ret, s\u00e5 vi er altid opdateret med sidste nyt.<\/h4>\n<h4 style=\"text-align: center;\">N\u00e5r du bes\u00f8ger os \u00f8nsker vi at du skal f\u00f8le dig godt tilpas. Vi \u00f8nsker det skal v\u00e6re et frirum for dig og en oplevelse for de mindste, hvor man bliver fork\u00e6let.<\/h4>\n<h4 style=\"text-align: center;\">Vi gl\u00e6der os til at se dig hos os.<\/h4>\n<h4 style=\"text-align: center;\">Salon H\u00e4nel<\/h4>\n<p style=\"text-align: center;\">\n<\/div>\n<div class=\"thrv_wrapper thrv_text_element tve_empty_dropzone\" data-css=\"tve-u-163a60acbcb\">\n<div class=\"thrv_wrapper thrv_text_element tve_empty_dropzone\" data-css=\"tve-u-163a3bcdd15\">\n<p style=\"text-align: center;\" data-css=\"tve-u-163a3bcdd13\">\n<\/div>\n<\/div>\n","protected":false},"excerpt":{"rendered":"<p>Salon H\u00e4nel- din lokale fris\u00f8r Hos os er alle velkommen unge som \u00e6ldre. En hyggelig Salon i Vojens, som har eksisteret i 48 \u00e5r. Vi er en Salon der har personlig r\u00e5dgivning i h\u00f8js\u00e6det. Vi vejleder og r\u00e5dgiver dig ud fra dit h\u00e5r og din personlige stil, s\u00e5ledes du f\u00e5r et h\u00e5r, du bliver glad <a class=\"moretag btn btn-primary\" href=\"https:\/\/niipit.dk\/salon-hanel\/om\/\">L\u00e6s mere<\/a><\/p>\n","protected":false},"author":1099,"featured_media":0,"parent":0,"menu_order":0,"comment_status":"closed","ping_status":"closed","template":"","meta":{"_exactmetrics_skip_tracking":false,"_exactmetrics_sitenote_active":false,"_exactmetrics_sitenote_note":"","_exactmetrics_sitenote_category":0,"_monsterinsights_skip_tracking":false,"_monsterinsights_sitenote_active":false,"_monsterinsights_sitenote_note":"","_monsterinsights_sitenote_category":0,"footnotes":""},"class_list":["post-5105","page","type-page","status-publish","hentry"],"yoast_head":"<!-- This site is optimized with the Yoast SEO Premium plugin v16.3 (Yoast SEO v27.3) - https:\/\/yoast.com\/product\/yoast-seo-premium-wordpress\/ -->\n<title>Om Salon H\u00e4nel - Hvem er vi - Bliv klogere lige her<\/title>\n<meta name=\"description\" content=\"Om Salon H\u00e4nel - Din Lokale Dame og Herre fris\u00f8r i Vojens. Vi har over 48 \u00e5r bag os og hos os har vi altid tid til at at klippe dig. Uddannet fris\u00f8rer.\" \/>\n<meta name=\"robots\" content=\"index, follow, max-snippet:-1, max-image-preview:large, max-video-preview:-1\" \/>\n<link rel=\"canonical\" href=\"https:\/\/niipit.dk\/salon-hanel\/om\/\" \/>\n<meta property=\"og:locale\" content=\"da_DK\" \/>\n<meta property=\"og:type\" content=\"article\" \/>\n<meta property=\"og:title\" content=\"Om Salon H\u00e4nel - Hvem er vi - Bliv klogere lige her\" \/>\n<meta property=\"og:description\" content=\"Om Salon H\u00e4nel - Din Lokale Dame og Herre fris\u00f8r i Vojens. Vi har over 48 \u00e5r bag os og hos os har vi altid tid til at at klippe dig. Uddannet fris\u00f8rer.\" \/>\n<meta property=\"og:url\" content=\"https:\/\/niipit.dk\/salon-hanel\/om\/\" \/>\n<meta property=\"og:site_name\" content=\"Salon-Hanel\" \/>\n<meta property=\"article:modified_time\" content=\"2020-07-20T07:16:23+00:00\" \/>\n<meta name=\"twitter:card\" content=\"summary_large_image\" \/>\n<meta name=\"twitter:label1\" content=\"Estimeret l\u00e6setid\" \/>\n\t<meta name=\"twitter:data1\" content=\"1 minut\" \/>\n<script type=\"application\/ld+json\" class=\"yoast-schema-graph\">{\"@context\":\"https:\\\/\\\/schema.org\",\"@graph\":[{\"@type\":\"WebPage\",\"@id\":\"https:\\\/\\\/niipit.dk\\\/salon-hanel\\\/om\\\/\",\"url\":\"https:\\\/\\\/niipit.dk\\\/salon-hanel\\\/om\\\/\",\"name\":\"Om Salon H\u00e4nel - Hvem er vi - Bliv klogere lige her\",\"isPartOf\":{\"@id\":\"https:\\\/\\\/niipit.dk\\\/salon-hanel\\\/#website\"},\"datePublished\":\"2018-08-15T20:02:47+00:00\",\"dateModified\":\"2020-07-20T07:16:23+00:00\",\"description\":\"Om Salon H\u00e4nel - Din Lokale Dame og Herre fris\u00f8r i Vojens. Vi har over 48 \u00e5r bag os og hos os har vi altid tid til at at klippe dig. Uddannet fris\u00f8rer.\",\"breadcrumb\":{\"@id\":\"https:\\\/\\\/niipit.dk\\\/salon-hanel\\\/om\\\/#breadcrumb\"},\"inLanguage\":\"da-DK\",\"potentialAction\":[{\"@type\":\"ReadAction\",\"target\":[\"https:\\\/\\\/niipit.dk\\\/salon-hanel\\\/om\\\/\"]}]},{\"@type\":\"BreadcrumbList\",\"@id\":\"https:\\\/\\\/niipit.dk\\\/salon-hanel\\\/om\\\/#breadcrumb\",\"itemListElement\":[{\"@type\":\"ListItem\",\"position\":1,\"name\":\"Hjem\",\"item\":\"https:\\\/\\\/niipit.dk\\\/salon-hanel\\\/\"},{\"@type\":\"ListItem\",\"position\":2,\"name\":\"Om Salon H\u00e4nel\"}]},{\"@type\":\"WebSite\",\"@id\":\"https:\\\/\\\/niipit.dk\\\/salon-hanel\\\/#website\",\"url\":\"https:\\\/\\\/niipit.dk\\\/salon-hanel\\\/\",\"name\":\"Salon-Hanel\",\"description\":\"F\u00e5 din virksomhed p\u00e5 niipit\",\"potentialAction\":[{\"@type\":\"SearchAction\",\"target\":{\"@type\":\"EntryPoint\",\"urlTemplate\":\"https:\\\/\\\/niipit.dk\\\/salon-hanel\\\/?s={search_term_string}\"},\"query-input\":{\"@type\":\"PropertyValueSpecification\",\"valueRequired\":true,\"valueName\":\"search_term_string\"}}],\"inLanguage\":\"da-DK\"}]}<\/script>\n<!-- \/ Yoast SEO Premium plugin. -->","yoast_head_json":{"title":"Om Salon H\u00e4nel - Hvem er vi - Bliv klogere lige her","description":"Om Salon H\u00e4nel - Din Lokale Dame og Herre fris\u00f8r i Vojens. Vi har over 48 \u00e5r bag os og hos os har vi altid tid til at at klippe dig. Uddannet fris\u00f8rer.","robots":{"index":"index","follow":"follow","max-snippet":"max-snippet:-1","max-image-preview":"max-image-preview:large","max-video-preview":"max-video-preview:-1"},"canonical":"https:\/\/niipit.dk\/salon-hanel\/om\/","og_locale":"da_DK","og_type":"article","og_title":"Om Salon H\u00e4nel - Hvem er vi - Bliv klogere lige her","og_description":"Om Salon H\u00e4nel - Din Lokale Dame og Herre fris\u00f8r i Vojens. Vi har over 48 \u00e5r bag os og hos os har vi altid tid til at at klippe dig. Uddannet fris\u00f8rer.","og_url":"https:\/\/niipit.dk\/salon-hanel\/om\/","og_site_name":"Salon-Hanel","article_modified_time":"2020-07-20T07:16:23+00:00","twitter_card":"summary_large_image","twitter_misc":{"Estimeret l\u00e6setid":"1 minut"},"schema":{"@context":"https:\/\/schema.org","@graph":[{"@type":"WebPage","@id":"https:\/\/niipit.dk\/salon-hanel\/om\/","url":"https:\/\/niipit.dk\/salon-hanel\/om\/","name":"Om Salon H\u00e4nel - Hvem er vi - Bliv klogere lige her","isPartOf":{"@id":"https:\/\/niipit.dk\/salon-hanel\/#website"},"datePublished":"2018-08-15T20:02:47+00:00","dateModified":"2020-07-20T07:16:23+00:00","description":"Om Salon H\u00e4nel - Din Lokale Dame og Herre fris\u00f8r i Vojens. Vi har over 48 \u00e5r bag os og hos os har vi altid tid til at at klippe dig. Uddannet fris\u00f8rer.","breadcrumb":{"@id":"https:\/\/niipit.dk\/salon-hanel\/om\/#breadcrumb"},"inLanguage":"da-DK","potentialAction":[{"@type":"ReadAction","target":["https:\/\/niipit.dk\/salon-hanel\/om\/"]}]},{"@type":"BreadcrumbList","@id":"https:\/\/niipit.dk\/salon-hanel\/om\/#breadcrumb","itemListElement":[{"@type":"ListItem","position":1,"name":"Hjem","item":"https:\/\/niipit.dk\/salon-hanel\/"},{"@type":"ListItem","position":2,"name":"Om Salon H\u00e4nel"}]},{"@type":"WebSite","@id":"https:\/\/niipit.dk\/salon-hanel\/#website","url":"https:\/\/niipit.dk\/salon-hanel\/","name":"Salon-Hanel","description":"F\u00e5 din virksomhed p\u00e5 niipit","potentialAction":[{"@type":"SearchAction","target":{"@type":"EntryPoint","urlTemplate":"https:\/\/niipit.dk\/salon-hanel\/?s={search_term_string}"},"query-input":{"@type":"PropertyValueSpecification","valueRequired":true,"valueName":"search_term_string"}}],"inLanguage":"da-DK"}]}},"_links":{"self":[{"href":"https:\/\/niipit.dk\/salon-hanel\/wp-json\/wp\/v2\/pages\/5105","targetHints":{"allow":["GET"]}}],"collection":[{"href":"https:\/\/niipit.dk\/salon-hanel\/wp-json\/wp\/v2\/pages"}],"about":[{"href":"https:\/\/niipit.dk\/salon-hanel\/wp-json\/wp\/v2\/types\/page"}],"author":[{"embeddable":true,"href":"https:\/\/niipit.dk\/salon-hanel\/wp-json\/wp\/v2\/users\/1099"}],"replies":[{"embeddable":true,"href":"https:\/\/niipit.dk\/salon-hanel\/wp-json\/wp\/v2\/comments?post=5105"}],"version-history":[{"count":0,"href":"https:\/\/niipit.dk\/salon-hanel\/wp-json\/wp\/v2\/pages\/5105\/revisions"}],"wp:attachment":[{"href":"https:\/\/niipit.dk\/salon-hanel\/wp-json\/wp\/v2\/media?parent=5105"}],"curies":[{"name":"wp","href":"https:\/\/api.w.org\/{rel}","templated":true}]}}