{"id":5064,"date":"2020-04-10T22:29:34","date_gmt":"2020-04-10T20:29:34","guid":{"rendered":"https:\/\/niipit.dk\/roskildetandteknik-shop\/?page_id=5064"},"modified":"2021-07-27T09:32:58","modified_gmt":"2021-07-27T07:32:58","slug":"frontpage","status":"publish","type":"page","link":"https:\/\/niipit.dk\/roskildetandteknik\/","title":{"rendered":"Forside"},"content":{"rendered":"\n<hr class=\"wp-block-separator\"\/>\n\n\n\n<h1 class=\"wp-block-heading\" id=\"h-roskilde-tandteknik-hj-lper-dig-med-at-f-livskvaliteten-tilbage\">Roskilde Tandteknik hj\u00e6lper dig med at f\u00e5 livskvaliteten tilbage<\/h1>\n\n\n\n<p>Roskilde Tandteknik er specialister i at levere individuelle tandprotester og implantater, som er relevant for dig, der \u00f8nsker et nyt smil.<\/p>\n\n\n\n<p>T\u00e6nder udg\u00f8r en st\u00f8rre del af vores udstr\u00e5ling, end man skulle tro. De kommer til syne, hver gang vi griner eller taler, men hvis du ikke er tilfreds med dine t\u00e6nders udseende, kan det v\u00e6re meget h\u00e6mmende i dagligdagen. Det kan v\u00e6re, at du holder dig tilbage med at grine af en vittighed eller undg\u00e5r at komme i kontakt med nye mennesker, fordi du er bange for, hvad de t\u00e6nker om dine t\u00e6nder.<\/p>\n\n\n\n<p>Ikke at v\u00e6re glad for sine t\u00e6nder kan alts\u00e5 b\u00e5de give sociale vanskeligheder og afstandtagen, men det kan ogs\u00e5 p\u00e5virke ens selvtillid og selvbillede. Den gode nyhed er, at du kan slippe af med disse bekymringer og f\u00e5 livskvaliteten tilbage ved hj\u00e6lp af en tandbehandling.<\/p>\n\n\n\n<h2 class=\"wp-block-heading\" id=\"h-v-lg-den-rette-behandling-afh-ngig-af-dine-t-nders-tilstand\">V\u00e6lg den rette behandling afh\u00e6ngig af dine t\u00e6nders tilstand<\/h2>\n\n\n\n<p>V\u00e6lger du at tage fat i Roskilde Tandteknik for at f\u00e5 dem til at unders\u00f8ge dine t\u00e6nder, er du i trygge h\u00e6nder. Teamet best\u00e5r af fagligt kompetente teknikere, der hj\u00e6lper dig med sparring, r\u00e5dgivning og ikke mindst den korrekte behandling. For at teamet kan give dig en realistisk vurdering af, hvilken behandling du har brug for, og hvad denne behandling skal koste, kr\u00e6ver det en grundig unders\u00f8gelse. Unders\u00f8gelsen hj\u00e6lper med at afd\u00e6kke dine t\u00e6nders tilstand og ser p\u00e5, hvilke af dine t\u00e6nder stadig er sunde og raske, og hvilke der ikke l\u00e6ngere har det s\u00e5 godt.<\/p>\n\n\n\n<p>Ud fra denne unders\u00f8gelse kommer klinikken med en vurdering af, hvad der vil v\u00e6re den bedste behandling for dine t\u00e6nder \u2013 det kan v\u00e6re en helprotese eller en unitor-protese. Er du nerv\u00f8s for forl\u00f8bet, hj\u00e6lper personalet dig med at berolige dig og komme med r\u00e5dgivning og sparring, s\u00e5 du kan f\u00f8le dig tryg og i gode h\u00e6nder.<\/p>\n\n\n\n<p>Kontakt\u00a0<a href=\"https:\/\/www.roskildetandteknik.dk\/\" target=\"_blank\" rel=\"noreferrer noopener\">Roskilde Tandteknik<\/a>\u00a0for at h\u00f8re mere om deres behandlinger, og hvordan de kan hj\u00e6lpe dig med at f\u00e5 livskvaliteten tilbage gennem et nyt smil.<\/p>\n","protected":false},"excerpt":{"rendered":"<p>Roskilde Tandteknik hj\u00e6lper dig med at f\u00e5 livskvaliteten tilbage Roskilde Tandteknik er specialister i at levere individuelle tandprotester og implantater, som er relevant for dig, der \u00f8nsker et nyt smil. T\u00e6nder udg\u00f8r en st\u00f8rre del af vores udstr\u00e5ling, end man skulle tro. De kommer til syne, hver gang vi griner eller taler, men hvis du <a class=\"moretag btn btn-primary\" href=\"https:\/\/niipit.dk\/roskildetandteknik\/\">L\u00e6s mere<\/a><\/p>\n","protected":false},"author":1,"featured_media":0,"parent":0,"menu_order":0,"comment_status":"closed","ping_status":"closed","template":"frontpagePremium.php","meta":{"_exactmetrics_skip_tracking":false,"_exactmetrics_sitenote_active":false,"_exactmetrics_sitenote_note":"","_exactmetrics_sitenote_category":0,"_monsterinsights_skip_tracking":false,"_monsterinsights_sitenote_active":false,"_monsterinsights_sitenote_note":"","_monsterinsights_sitenote_category":0,"footnotes":""},"class_list":["post-5064","page","type-page","status-publish","hentry"],"yoast_head":"<!-- This site is optimized with the Yoast SEO Premium plugin v16.3 (Yoast SEO v27.3) - https:\/\/yoast.com\/product\/yoast-seo-premium-wordpress\/ -->\n<title>Roskilde Tandteknik | Klinikken fremstiller alle typer tandproteser<\/title>\n<meta name=\"description\" content=\"Roskilde Tandteknik drives af Aut. Klinisk Tandtekniker Sasha Pallisbeck | Se mere her eller bestil tid p\u00e5 tlf 46367770\" \/>\n<meta name=\"robots\" content=\"index, follow, max-snippet:-1, max-image-preview:large, max-video-preview:-1\" \/>\n<link rel=\"canonical\" href=\"https:\/\/niipit.dk\/roskildetandteknik\/\" \/>\n<meta property=\"og:locale\" content=\"da_DK\" \/>\n<meta property=\"og:type\" content=\"article\" \/>\n<meta property=\"og:title\" content=\"Roskilde Tandteknik | Klinikken fremstiller alle typer tandproteser\" \/>\n<meta property=\"og:description\" content=\"Roskilde Tandteknik drives af Aut. Klinisk Tandtekniker Sasha Pallisbeck | Se mere her eller bestil tid p\u00e5 tlf 46367770\" \/>\n<meta property=\"og:url\" content=\"https:\/\/niipit.dk\/roskildetandteknik\/\" \/>\n<meta property=\"og:site_name\" content=\"RoskildeTandteknik\" \/>\n<meta property=\"article:modified_time\" content=\"2021-07-27T07:32:58+00:00\" \/>\n<meta name=\"twitter:card\" content=\"summary_large_image\" \/>\n<meta name=\"twitter:label1\" content=\"Estimeret l\u00e6setid\" \/>\n\t<meta name=\"twitter:data1\" content=\"2 minutter\" \/>\n<script type=\"application\/ld+json\" class=\"yoast-schema-graph\">{\"@context\":\"https:\\\/\\\/schema.org\",\"@graph\":[{\"@type\":\"WebPage\",\"@id\":\"https:\\\/\\\/niipit.dk\\\/roskildetandteknik\\\/\",\"url\":\"https:\\\/\\\/niipit.dk\\\/roskildetandteknik\\\/\",\"name\":\"Roskilde Tandteknik | Klinikken fremstiller alle typer tandproteser\",\"isPartOf\":{\"@id\":\"https:\\\/\\\/niipit.dk\\\/roskildetandteknik\\\/#website\"},\"datePublished\":\"2020-04-10T20:29:34+00:00\",\"dateModified\":\"2021-07-27T07:32:58+00:00\",\"description\":\"Roskilde Tandteknik drives af Aut. Klinisk Tandtekniker Sasha Pallisbeck | Se mere her eller bestil tid p\u00e5 tlf 46367770\",\"breadcrumb\":{\"@id\":\"https:\\\/\\\/niipit.dk\\\/roskildetandteknik\\\/#breadcrumb\"},\"inLanguage\":\"da-DK\",\"potentialAction\":[{\"@type\":\"ReadAction\",\"target\":[\"https:\\\/\\\/niipit.dk\\\/roskildetandteknik\\\/\"]}]},{\"@type\":\"BreadcrumbList\",\"@id\":\"https:\\\/\\\/niipit.dk\\\/roskildetandteknik\\\/#breadcrumb\",\"itemListElement\":[{\"@type\":\"ListItem\",\"position\":1,\"name\":\"Hjem\",\"item\":\"https:\\\/\\\/niipit.dk\\\/roskildetandteknik\\\/\"},{\"@type\":\"ListItem\",\"position\":2,\"name\":\"Forside\"}]},{\"@type\":\"WebSite\",\"@id\":\"https:\\\/\\\/niipit.dk\\\/roskildetandteknik\\\/#website\",\"url\":\"https:\\\/\\\/niipit.dk\\\/roskildetandteknik\\\/\",\"name\":\"RoskildeTandteknik\",\"description\":\"Bliv set online med Niipit\",\"potentialAction\":[{\"@type\":\"SearchAction\",\"target\":{\"@type\":\"EntryPoint\",\"urlTemplate\":\"https:\\\/\\\/niipit.dk\\\/roskildetandteknik\\\/?s={search_term_string}\"},\"query-input\":{\"@type\":\"PropertyValueSpecification\",\"valueRequired\":true,\"valueName\":\"search_term_string\"}}],\"inLanguage\":\"da-DK\"}]}<\/script>\n<!-- \/ Yoast SEO Premium plugin. -->","yoast_head_json":{"title":"Roskilde Tandteknik | Klinikken fremstiller alle typer tandproteser","description":"Roskilde Tandteknik drives af Aut. Klinisk Tandtekniker Sasha Pallisbeck | Se mere her eller bestil tid p\u00e5 tlf 46367770","robots":{"index":"index","follow":"follow","max-snippet":"max-snippet:-1","max-image-preview":"max-image-preview:large","max-video-preview":"max-video-preview:-1"},"canonical":"https:\/\/niipit.dk\/roskildetandteknik\/","og_locale":"da_DK","og_type":"article","og_title":"Roskilde Tandteknik | Klinikken fremstiller alle typer tandproteser","og_description":"Roskilde Tandteknik drives af Aut. Klinisk Tandtekniker Sasha Pallisbeck | Se mere her eller bestil tid p\u00e5 tlf 46367770","og_url":"https:\/\/niipit.dk\/roskildetandteknik\/","og_site_name":"RoskildeTandteknik","article_modified_time":"2021-07-27T07:32:58+00:00","twitter_card":"summary_large_image","twitter_misc":{"Estimeret l\u00e6setid":"2 minutter"},"schema":{"@context":"https:\/\/schema.org","@graph":[{"@type":"WebPage","@id":"https:\/\/niipit.dk\/roskildetandteknik\/","url":"https:\/\/niipit.dk\/roskildetandteknik\/","name":"Roskilde Tandteknik | Klinikken fremstiller alle typer tandproteser","isPartOf":{"@id":"https:\/\/niipit.dk\/roskildetandteknik\/#website"},"datePublished":"2020-04-10T20:29:34+00:00","dateModified":"2021-07-27T07:32:58+00:00","description":"Roskilde Tandteknik drives af Aut. Klinisk Tandtekniker Sasha Pallisbeck | Se mere her eller bestil tid p\u00e5 tlf 46367770","breadcrumb":{"@id":"https:\/\/niipit.dk\/roskildetandteknik\/#breadcrumb"},"inLanguage":"da-DK","potentialAction":[{"@type":"ReadAction","target":["https:\/\/niipit.dk\/roskildetandteknik\/"]}]},{"@type":"BreadcrumbList","@id":"https:\/\/niipit.dk\/roskildetandteknik\/#breadcrumb","itemListElement":[{"@type":"ListItem","position":1,"name":"Hjem","item":"https:\/\/niipit.dk\/roskildetandteknik\/"},{"@type":"ListItem","position":2,"name":"Forside"}]},{"@type":"WebSite","@id":"https:\/\/niipit.dk\/roskildetandteknik\/#website","url":"https:\/\/niipit.dk\/roskildetandteknik\/","name":"RoskildeTandteknik","description":"Bliv set online med Niipit","potentialAction":[{"@type":"SearchAction","target":{"@type":"EntryPoint","urlTemplate":"https:\/\/niipit.dk\/roskildetandteknik\/?s={search_term_string}"},"query-input":{"@type":"PropertyValueSpecification","valueRequired":true,"valueName":"search_term_string"}}],"inLanguage":"da-DK"}]}},"_links":{"self":[{"href":"https:\/\/niipit.dk\/roskildetandteknik\/wp-json\/wp\/v2\/pages\/5064","targetHints":{"allow":["GET"]}}],"collection":[{"href":"https:\/\/niipit.dk\/roskildetandteknik\/wp-json\/wp\/v2\/pages"}],"about":[{"href":"https:\/\/niipit.dk\/roskildetandteknik\/wp-json\/wp\/v2\/types\/page"}],"author":[{"embeddable":true,"href":"https:\/\/niipit.dk\/roskildetandteknik\/wp-json\/wp\/v2\/users\/1"}],"replies":[{"embeddable":true,"href":"https:\/\/niipit.dk\/roskildetandteknik\/wp-json\/wp\/v2\/comments?post=5064"}],"version-history":[{"count":3,"href":"https:\/\/niipit.dk\/roskildetandteknik\/wp-json\/wp\/v2\/pages\/5064\/revisions"}],"predecessor-version":[{"id":5995,"href":"https:\/\/niipit.dk\/roskildetandteknik\/wp-json\/wp\/v2\/pages\/5064\/revisions\/5995"}],"wp:attachment":[{"href":"https:\/\/niipit.dk\/roskildetandteknik\/wp-json\/wp\/v2\/media?parent=5064"}],"curies":[{"name":"wp","href":"https:\/\/api.w.org\/{rel}","templated":true}]}}