{"id":5708,"date":"2019-05-13T18:07:51","date_gmt":"2019-05-13T16:07:51","guid":{"rendered":"https:\/\/niipit.dk\/rito\/?page_id=5708"},"modified":"2019-11-09T17:11:19","modified_gmt":"2019-11-09T16:11:19","slug":"video","status":"publish","type":"page","link":"https:\/\/niipit.dk\/rito\/video\/","title":{"rendered":"Video"},"content":{"rendered":"\n<h2 class=\"wp-block-heading\">Rito Garn og Hobby Video<\/h2>\n\n\n\n<p style=\"text-align:left\"><strong>Rito garn og hobby video er til dig der gerne vil se hvad du k\u00f8ber f\u00f8r du bestiller din vare. <\/strong><\/p>\n\n\n\n<p><strong>Her kan du se et bredt udvalg af vores videoer. I bunden finder du linket direkte til vores YouTube kanal. Hvis du f\u00f8ler os s\u00e5 vil du blive opdateret n\u00e5r der kommer flere videoer fra os.<\/strong><\/p>\n\n\n\n<p><strong>Hvis du gerne vil se vores gode tilbud s\u00e5 skal du holde \u00f8je med bloggen. Her kan du altid finde de sidste nye tilbud og ideer direkte fra Rito til dig.<\/strong><\/p>\n\n\n\n<div class=\"wp-block-button aligncenter\"><a class=\"wp-block-button__link has-text-color has-very-dark-gray-color has-background has-luminous-vivid-orange-background-color\" href=\"https:\/\/niipit.dk\/rito\/category\/alle\/\">Se bloggen her<\/a><\/div>\n\n\n\n<figure class=\"wp-block-embed-youtube wp-block-embed is-type-video is-provider-youtube wp-embed-aspect-4-3 wp-has-aspect-ratio\"><div class=\"wp-block-embed__wrapper\">\n<iframe loading=\"lazy\" title=\"Hama 3D dogs\" width=\"1170\" height=\"878\" src=\"https:\/\/www.youtube.com\/embed\/4iRNXTgF_JM?feature=oembed\" frameborder=\"0\" allow=\"accelerometer; autoplay; clipboard-write; encrypted-media; gyroscope; picture-in-picture\" allowfullscreen><\/iframe>\n<\/div><figcaption><strong>Hama 3D Dogs. Lav hunde med Hama perler. Rito garn og Hobby<\/strong><\/figcaption><\/figure>\n\n\n\n<figure class=\"wp-block-embed-youtube wp-block-embed is-type-video is-provider-youtube wp-embed-aspect-16-9 wp-has-aspect-ratio\"><div class=\"wp-block-embed__wrapper\">\n<iframe loading=\"lazy\" title=\"Edwards Menageri Hunde\" width=\"1170\" height=\"658\" src=\"https:\/\/www.youtube.com\/embed\/ackA7cxwrjo?feature=oembed\" frameborder=\"0\" allow=\"accelerometer; autoplay; clipboard-write; encrypted-media; gyroscope; picture-in-picture\" allowfullscreen><\/iframe>\n<\/div><figcaption><strong>Edwards<\/strong> <strong>Menageri Hund Rito Garn og Hobby video<\/strong><\/figcaption><\/figure>\n\n\n\n<figure class=\"wp-block-embed-youtube wp-block-embed is-type-video is-provider-youtube wp-embed-aspect-4-3 wp-has-aspect-ratio\"><div class=\"wp-block-embed__wrapper\">\n<iframe loading=\"lazy\" title=\"F\u00e5 en gratis valgfri creme ved k\u00f8b over 200kr\" width=\"1170\" height=\"878\" src=\"https:\/\/www.youtube.com\/embed\/cmuCeLKJE60?feature=oembed\" frameborder=\"0\" allow=\"accelerometer; autoplay; clipboard-write; encrypted-media; gyroscope; picture-in-picture\" allowfullscreen><\/iframe>\n<\/div><figcaption><strong>17 Januar 2019. F\u00e5 en Gratis Creme ved k\u00f8b over 200 kr. Rito Garn og Hobby <\/strong><\/figcaption><\/figure>\n\n\n\n<figure class=\"wp-block-embed-youtube wp-block-embed is-type-video is-provider-youtube wp-embed-aspect-16-9 wp-has-aspect-ratio\"><div class=\"wp-block-embed__wrapper\">\n<iframe loading=\"lazy\" title=\"Stor Kreativ Hobbyboks Sommer\" width=\"1170\" height=\"658\" src=\"https:\/\/www.youtube.com\/embed\/cl40hKANwvA?feature=oembed\" frameborder=\"0\" allow=\"accelerometer; autoplay; clipboard-write; encrypted-media; gyroscope; picture-in-picture\" allowfullscreen><\/iframe>\n<\/div><figcaption><strong>Stor Kreativ Hobbyboks Sommer Rito Garn og Hobby videoer<\/strong><\/figcaption><\/figure>\n\n\n\n<figure class=\"wp-block-embed-youtube wp-block-embed is-type-video is-provider-youtube wp-embed-aspect-4-3 wp-has-aspect-ratio\"><div class=\"wp-block-embed__wrapper\">\n<iframe loading=\"lazy\" title=\"The Crochet Lite H\u00e6klen\u00e5les\u00e6t med lys 9 st\u00f8rrelser\" width=\"1170\" height=\"878\" src=\"https:\/\/www.youtube.com\/embed\/eZO3DbqpVug?feature=oembed\" frameborder=\"0\" allow=\"accelerometer; autoplay; clipboard-write; encrypted-media; gyroscope; picture-in-picture\" allowfullscreen><\/iframe>\n<\/div><figcaption><strong>The Crochet Lite H\u00e6klen\u00e5les\u00e6t med lys 9 st\u00f8rrelser<\/strong> <strong>Rito.dk Garn og stof<\/strong><\/figcaption><\/figure>\n\n\n\n<figure class=\"wp-block-embed-youtube wp-block-embed is-type-video is-provider-youtube wp-embed-aspect-4-3 wp-has-aspect-ratio\"><div class=\"wp-block-embed__wrapper\">\n<iframe loading=\"lazy\" title=\"Infinity Hearts Keramik Garnsk\u00e5l Enhj\u00f8rning\" width=\"1170\" height=\"878\" src=\"https:\/\/www.youtube.com\/embed\/ikDNjaSppxM?feature=oembed\" frameborder=\"0\" allow=\"accelerometer; autoplay; clipboard-write; encrypted-media; gyroscope; picture-in-picture\" allowfullscreen><\/iframe>\n<\/div><figcaption><strong>Infinity Harts Keramik Garnsk\u00e5l Enhj\u00f8rning Rito.dk Garn og Hobby <\/strong><\/figcaption><\/figure>\n\n\n\n<figure class=\"wp-block-embed-youtube wp-block-embed is-type-video is-provider-youtube wp-embed-aspect-4-3 wp-has-aspect-ratio\"><div class=\"wp-block-embed__wrapper\">\n<iframe loading=\"lazy\" title=\"Infinity Hearts Garnsk\u00e5l Keramik Mat Hvid 15 cm\" width=\"1170\" height=\"878\" src=\"https:\/\/www.youtube.com\/embed\/vTcLf-FEV-w?feature=oembed\" frameborder=\"0\" allow=\"accelerometer; autoplay; clipboard-write; encrypted-media; gyroscope; picture-in-picture\" allowfullscreen><\/iframe>\n<\/div><figcaption><strong>Infinity Harts Garnsk\u00e5l Keramik Mat Hvid Ritos Garn og Hobby<\/strong><\/figcaption><\/figure>\n\n\n\n<figure class=\"wp-block-embed-youtube wp-block-embed is-type-video is-provider-youtube wp-embed-aspect-4-3 wp-has-aspect-ratio\"><div class=\"wp-block-embed__wrapper\">\n<iframe loading=\"lazy\" title=\"Infinity Hearts Krydsn\u00f8gleapperat til garn R\u00f8d\" width=\"1170\" height=\"878\" src=\"https:\/\/www.youtube.com\/embed\/pRvxNQqULf0?feature=oembed\" frameborder=\"0\" allow=\"accelerometer; autoplay; clipboard-write; encrypted-media; gyroscope; picture-in-picture\" allowfullscreen><\/iframe>\n<\/div><figcaption><strong>Infinity Harts Krydsn\u00f8gleapperat til garn ruller. Rito Garn og Hobby<\/strong><\/figcaption><\/figure>\n\n\n\n<figure class=\"wp-block-embed-youtube wp-block-embed is-type-video is-provider-youtube wp-embed-aspect-4-3 wp-has-aspect-ratio\"><div class=\"wp-block-embed__wrapper\">\n<iframe loading=\"lazy\" title=\"Infinity Hearts Pingvin Strikkem\u00f8lle Midi\" width=\"1170\" height=\"878\" src=\"https:\/\/www.youtube.com\/embed\/MCpf4w6bGIQ?feature=oembed\" frameborder=\"0\" allow=\"accelerometer; autoplay; clipboard-write; encrypted-media; gyroscope; picture-in-picture\" allowfullscreen><\/iframe>\n<\/div><figcaption><strong>Infinity Hearts Pingvin Strikkem\u00f8lle midi Rito Garn og Hobby<\/strong><\/figcaption><\/figure>\n\n\n\n<figure class=\"wp-block-embed-youtube wp-block-embed is-type-video is-provider-youtube wp-embed-aspect-4-3 wp-has-aspect-ratio\"><div class=\"wp-block-embed__wrapper\">\n<iframe loading=\"lazy\" title=\"KnitPro Rose Gold H\u00e6klen\u00e5les\u00e6t 2-6mm - 9 st\u00f8rrelser\" width=\"1170\" height=\"878\" src=\"https:\/\/www.youtube.com\/embed\/nOMF6ZyMrm4?feature=oembed\" frameborder=\"0\" allow=\"accelerometer; autoplay; clipboard-write; encrypted-media; gyroscope; picture-in-picture\" allowfullscreen><\/iframe>\n<\/div><figcaption><strong>KnitPro Rose Gold H\u00e6klen\u00e5les\u00e6t 2 til 6 mm Rito.dk Garn og Hobby <\/strong><\/figcaption><\/figure>\n\n\n\n<figure class=\"wp-block-embed-youtube wp-block-embed is-type-video is-provider-youtube wp-embed-aspect-4-3 wp-has-aspect-ratio\"><div class=\"wp-block-embed__wrapper\">\n<iframe loading=\"lazy\" title=\"Filia Glas Porcel\u00e6n Tuscher\" width=\"1170\" height=\"878\" src=\"https:\/\/www.youtube.com\/embed\/d5JJX1aixc4?feature=oembed\" frameborder=\"0\" allow=\"accelerometer; autoplay; clipboard-write; encrypted-media; gyroscope; picture-in-picture\" allowfullscreen><\/iframe>\n<\/div><figcaption><strong>Filia Glas Porcel\u00e6n Tuscher Rito Garn og Hobby<\/strong><\/figcaption><\/figure>\n\n\n\n<p><strong>Rito Garn og Hobby er vild med at lave videoer til dig af tingene s\u00e5 du i ro og mag kan sidde og se hvad det er du k\u00f8ber f\u00f8r du bestiller dine vare.<br>Du kan f\u00f8lge med p\u00e5 vores youtube kanal og se n\u00e5r vi ligger nye videoer online.<\/strong><\/p>\n\n\n\n<div class=\"wp-block-button aligncenter\"><a class=\"wp-block-button__link has-background has-vivid-red-background-color\" href=\"https:\/\/www.youtube.com\/channel\/UCJLH0S9n6ctorr1hTu5T1YA\">Rito.dk YouTube<\/a><\/div>\n\n\n\n<div class=\"wp-block-image\"><figure class=\"aligncenter\"><a href=\"https:\/\/www.partner-ads.com\/dk\/klikbanner.php?partnerid=22746&amp;bannerid=30292&amp;htmlurl=https:\/\/rito.dk\"><img loading=\"lazy\" decoding=\"async\" width=\"1024\" height=\"370\" src=\"https:\/\/niipit.dk\/rito\/wp-content\/uploads\/sites\/307\/2019\/10\/Rito.dk--1024x370.png\" alt=\"Rito Garn og Hobby Logo\" class=\"wp-image-5806\" srcset=\"https:\/\/niipit.dk\/rito\/wp-content\/uploads\/sites\/307\/2019\/10\/Rito.dk--1024x370.png 1024w, https:\/\/niipit.dk\/rito\/wp-content\/uploads\/sites\/307\/2019\/10\/Rito.dk--300x108.png 300w, https:\/\/niipit.dk\/rito\/wp-content\/uploads\/sites\/307\/2019\/10\/Rito.dk--768x278.png 768w, https:\/\/niipit.dk\/rito\/wp-content\/uploads\/sites\/307\/2019\/10\/Rito.dk--600x217.png 600w, https:\/\/niipit.dk\/rito\/wp-content\/uploads\/sites\/307\/2019\/10\/Rito.dk-.png 1845w\" sizes=\"auto, (max-width: 1024px) 100vw, 1024px\" \/><\/a><\/figure><\/div>\n","protected":false},"excerpt":{"rendered":"<p>Rito Garn og Hobby Video Rito garn og hobby video er til dig der gerne vil se hvad du k\u00f8ber f\u00f8r du bestiller din vare. Her kan du se et bredt udvalg af vores videoer. I bunden finder du linket direkte til vores YouTube kanal. Hvis du f\u00f8ler os s\u00e5 vil du blive opdateret n\u00e5r <a class=\"moretag btn btn-primary\" href=\"https:\/\/niipit.dk\/rito\/video\/\">L\u00e6s mere<\/a><\/p>\n","protected":false},"author":1,"featured_media":0,"parent":0,"menu_order":0,"comment_status":"closed","ping_status":"closed","template":"","meta":{"_exactmetrics_skip_tracking":false,"_exactmetrics_sitenote_active":false,"_exactmetrics_sitenote_note":"","_exactmetrics_sitenote_category":0,"_monsterinsights_skip_tracking":false,"_monsterinsights_sitenote_active":false,"_monsterinsights_sitenote_note":"","_monsterinsights_sitenote_category":0,"footnotes":""},"class_list":["post-5708","page","type-page","status-publish","hentry"],"yoast_head":"<!-- This site is optimized with the Yoast SEO Premium plugin v16.3 (Yoast SEO v27.4) - https:\/\/yoast.com\/product\/yoast-seo-premium-wordpress\/ -->\n<title>Rito Garn og Hobby Video - Din hovedleverand\u00f8r af Hobbyartikler<\/title>\n<meta name=\"description\" content=\"Rito Garn og Hobby Video er for dig der gerne vil se dit n\u00e6ste k\u00f8b p\u00e5 video f\u00f8r du k\u00f8ber den. Kig nogle af Vores videoer her\" \/>\n<meta name=\"robots\" content=\"index, follow, max-snippet:-1, max-image-preview:large, max-video-preview:-1\" \/>\n<link rel=\"canonical\" href=\"https:\/\/niipit.dk\/rito\/video\/\" \/>\n<meta property=\"og:locale\" content=\"da_DK\" \/>\n<meta property=\"og:type\" content=\"article\" \/>\n<meta property=\"og:title\" content=\"Rito Garn og Hobby Video - Din hovedleverand\u00f8r af Hobbyartikler\" \/>\n<meta property=\"og:description\" content=\"Rito Garn og Hobby Video er for dig der gerne vil se dit n\u00e6ste k\u00f8b p\u00e5 video f\u00f8r du k\u00f8ber den. Kig nogle af Vores videoer her\" \/>\n<meta property=\"og:url\" content=\"https:\/\/niipit.dk\/rito\/video\/\" \/>\n<meta property=\"og:site_name\" content=\"Rito.dk\" \/>\n<meta property=\"article:modified_time\" content=\"2019-11-09T16:11:19+00:00\" \/>\n<meta property=\"og:image\" content=\"https:\/\/niipit.dk\/rito\/wp-content\/uploads\/sites\/307\/2019\/10\/Rito.dk--1024x370.png\" \/>\n<meta name=\"twitter:card\" content=\"summary_large_image\" \/>\n<meta name=\"twitter:label1\" content=\"Estimeret l\u00e6setid\" \/>\n\t<meta name=\"twitter:data1\" content=\"2 minutter\" \/>\n<script type=\"application\/ld+json\" class=\"yoast-schema-graph\">{\"@context\":\"https:\\\/\\\/schema.org\",\"@graph\":[{\"@type\":\"WebPage\",\"@id\":\"https:\\\/\\\/niipit.dk\\\/rito\\\/video\\\/\",\"url\":\"https:\\\/\\\/niipit.dk\\\/rito\\\/video\\\/\",\"name\":\"Rito Garn og Hobby Video - Din hovedleverand\u00f8r af Hobbyartikler\",\"isPartOf\":{\"@id\":\"http:\\\/\\\/niipit.dk\\\/rito\\\/#website\"},\"primaryImageOfPage\":{\"@id\":\"https:\\\/\\\/niipit.dk\\\/rito\\\/video\\\/#primaryimage\"},\"image\":{\"@id\":\"https:\\\/\\\/niipit.dk\\\/rito\\\/video\\\/#primaryimage\"},\"thumbnailUrl\":\"https:\\\/\\\/niipit.dk\\\/rito\\\/wp-content\\\/uploads\\\/sites\\\/307\\\/2019\\\/10\\\/Rito.dk--1024x370.png\",\"datePublished\":\"2019-05-13T16:07:51+00:00\",\"dateModified\":\"2019-11-09T16:11:19+00:00\",\"description\":\"Rito Garn og Hobby Video er for dig der gerne vil se dit n\u00e6ste k\u00f8b p\u00e5 video f\u00f8r du k\u00f8ber den. Kig nogle af Vores videoer her\",\"breadcrumb\":{\"@id\":\"https:\\\/\\\/niipit.dk\\\/rito\\\/video\\\/#breadcrumb\"},\"inLanguage\":\"da-DK\",\"potentialAction\":[{\"@type\":\"ReadAction\",\"target\":[\"https:\\\/\\\/niipit.dk\\\/rito\\\/video\\\/\"]}]},{\"@type\":\"ImageObject\",\"inLanguage\":\"da-DK\",\"@id\":\"https:\\\/\\\/niipit.dk\\\/rito\\\/video\\\/#primaryimage\",\"url\":\"https:\\\/\\\/niipit.dk\\\/rito\\\/wp-content\\\/uploads\\\/sites\\\/307\\\/2019\\\/10\\\/Rito.dk--1024x370.png\",\"contentUrl\":\"https:\\\/\\\/niipit.dk\\\/rito\\\/wp-content\\\/uploads\\\/sites\\\/307\\\/2019\\\/10\\\/Rito.dk--1024x370.png\"},{\"@type\":\"BreadcrumbList\",\"@id\":\"https:\\\/\\\/niipit.dk\\\/rito\\\/video\\\/#breadcrumb\",\"itemListElement\":[{\"@type\":\"ListItem\",\"position\":1,\"name\":\"Hjem\",\"item\":\"http:\\\/\\\/niipit.dk\\\/rito\\\/\"},{\"@type\":\"ListItem\",\"position\":2,\"name\":\"Video\"}]},{\"@type\":\"WebSite\",\"@id\":\"http:\\\/\\\/niipit.dk\\\/rito\\\/#website\",\"url\":\"http:\\\/\\\/niipit.dk\\\/rito\\\/\",\"name\":\"Rito.dk\",\"description\":\"Garn og Hobby\",\"potentialAction\":[{\"@type\":\"SearchAction\",\"target\":{\"@type\":\"EntryPoint\",\"urlTemplate\":\"http:\\\/\\\/niipit.dk\\\/rito\\\/?s={search_term_string}\"},\"query-input\":{\"@type\":\"PropertyValueSpecification\",\"valueRequired\":true,\"valueName\":\"search_term_string\"}}],\"inLanguage\":\"da-DK\"}]}<\/script>\n<!-- \/ Yoast SEO Premium plugin. -->","yoast_head_json":{"title":"Rito Garn og Hobby Video - Din hovedleverand\u00f8r af Hobbyartikler","description":"Rito Garn og Hobby Video er for dig der gerne vil se dit n\u00e6ste k\u00f8b p\u00e5 video f\u00f8r du k\u00f8ber den. Kig nogle af Vores videoer her","robots":{"index":"index","follow":"follow","max-snippet":"max-snippet:-1","max-image-preview":"max-image-preview:large","max-video-preview":"max-video-preview:-1"},"canonical":"https:\/\/niipit.dk\/rito\/video\/","og_locale":"da_DK","og_type":"article","og_title":"Rito Garn og Hobby Video - Din hovedleverand\u00f8r af Hobbyartikler","og_description":"Rito Garn og Hobby Video er for dig der gerne vil se dit n\u00e6ste k\u00f8b p\u00e5 video f\u00f8r du k\u00f8ber den. Kig nogle af Vores videoer her","og_url":"https:\/\/niipit.dk\/rito\/video\/","og_site_name":"Rito.dk","article_modified_time":"2019-11-09T16:11:19+00:00","og_image":[{"url":"https:\/\/niipit.dk\/rito\/wp-content\/uploads\/sites\/307\/2019\/10\/Rito.dk--1024x370.png","type":"","width":"","height":""}],"twitter_card":"summary_large_image","twitter_misc":{"Estimeret l\u00e6setid":"2 minutter"},"schema":{"@context":"https:\/\/schema.org","@graph":[{"@type":"WebPage","@id":"https:\/\/niipit.dk\/rito\/video\/","url":"https:\/\/niipit.dk\/rito\/video\/","name":"Rito Garn og Hobby Video - Din hovedleverand\u00f8r af Hobbyartikler","isPartOf":{"@id":"http:\/\/niipit.dk\/rito\/#website"},"primaryImageOfPage":{"@id":"https:\/\/niipit.dk\/rito\/video\/#primaryimage"},"image":{"@id":"https:\/\/niipit.dk\/rito\/video\/#primaryimage"},"thumbnailUrl":"https:\/\/niipit.dk\/rito\/wp-content\/uploads\/sites\/307\/2019\/10\/Rito.dk--1024x370.png","datePublished":"2019-05-13T16:07:51+00:00","dateModified":"2019-11-09T16:11:19+00:00","description":"Rito Garn og Hobby Video er for dig der gerne vil se dit n\u00e6ste k\u00f8b p\u00e5 video f\u00f8r du k\u00f8ber den. Kig nogle af Vores videoer her","breadcrumb":{"@id":"https:\/\/niipit.dk\/rito\/video\/#breadcrumb"},"inLanguage":"da-DK","potentialAction":[{"@type":"ReadAction","target":["https:\/\/niipit.dk\/rito\/video\/"]}]},{"@type":"ImageObject","inLanguage":"da-DK","@id":"https:\/\/niipit.dk\/rito\/video\/#primaryimage","url":"https:\/\/niipit.dk\/rito\/wp-content\/uploads\/sites\/307\/2019\/10\/Rito.dk--1024x370.png","contentUrl":"https:\/\/niipit.dk\/rito\/wp-content\/uploads\/sites\/307\/2019\/10\/Rito.dk--1024x370.png"},{"@type":"BreadcrumbList","@id":"https:\/\/niipit.dk\/rito\/video\/#breadcrumb","itemListElement":[{"@type":"ListItem","position":1,"name":"Hjem","item":"http:\/\/niipit.dk\/rito\/"},{"@type":"ListItem","position":2,"name":"Video"}]},{"@type":"WebSite","@id":"http:\/\/niipit.dk\/rito\/#website","url":"http:\/\/niipit.dk\/rito\/","name":"Rito.dk","description":"Garn og Hobby","potentialAction":[{"@type":"SearchAction","target":{"@type":"EntryPoint","urlTemplate":"http:\/\/niipit.dk\/rito\/?s={search_term_string}"},"query-input":{"@type":"PropertyValueSpecification","valueRequired":true,"valueName":"search_term_string"}}],"inLanguage":"da-DK"}]}},"_links":{"self":[{"href":"https:\/\/niipit.dk\/rito\/wp-json\/wp\/v2\/pages\/5708","targetHints":{"allow":["GET"]}}],"collection":[{"href":"https:\/\/niipit.dk\/rito\/wp-json\/wp\/v2\/pages"}],"about":[{"href":"https:\/\/niipit.dk\/rito\/wp-json\/wp\/v2\/types\/page"}],"author":[{"embeddable":true,"href":"https:\/\/niipit.dk\/rito\/wp-json\/wp\/v2\/users\/1"}],"replies":[{"embeddable":true,"href":"https:\/\/niipit.dk\/rito\/wp-json\/wp\/v2\/comments?post=5708"}],"version-history":[{"count":0,"href":"https:\/\/niipit.dk\/rito\/wp-json\/wp\/v2\/pages\/5708\/revisions"}],"wp:attachment":[{"href":"https:\/\/niipit.dk\/rito\/wp-json\/wp\/v2\/media?parent=5708"}],"curies":[{"name":"wp","href":"https:\/\/api.w.org\/{rel}","templated":true}]}}