{"id":5706,"date":"2019-05-13T18:07:36","date_gmt":"2019-05-13T16:07:36","guid":{"rendered":"https:\/\/niipit.dk\/rito\/?page_id=5706"},"modified":"2019-11-09T17:12:17","modified_gmt":"2019-11-09T16:12:17","slug":"galleri","status":"publish","type":"page","link":"https:\/\/niipit.dk\/rito\/galleri\/","title":{"rendered":"Galleri"},"content":{"rendered":"\n<h2 class=\"wp-block-heading\">Galleri Rito Garn og Hobby<\/h2>\n\n\n\n<p>Galleri Rito Garn og Hobby giver dig et indblik i vores virksomhed. Ofte s\u00e5 ser du kun en virksomhed fra forsiden med de vare du kan k\u00f8be men vi vil gerne inviterer dig indenfor og vise dig hvordan det ser ud bag ved webshoppen.<\/p>\n\n\n\n<h3 class=\"wp-block-heading\">Velkommen til Galleri Rito Garn og Hobby<\/h3>\n\n\n\n<p>F\u00f8rst skal du hilse p\u00e5 vores ejer <strong> Dennis Drejer<\/strong>. Han er med over alt i virksomheden og k\u00e6mper for at du kan f\u00e5 de bedste vare og hele tiden have Prisgaranti samt 365 dages returret. Det finder du ikke mange steder.<\/p>\n\n\n\n<div class=\"wp-block-image\"><figure class=\"aligncenter is-resized\"><a href=\"https:\/\/www.partner-ads.com\/dk\/klikbanner.php?partnerid=22746&amp;bannerid=30292&amp;htmlurl=https:\/\/rito.dk\"><img loading=\"lazy\" decoding=\"async\" src=\"https:\/\/rito.dk\/img\/cms\/billede3.jpg\" alt=\"Direkt\u00f8r Dennis Drejer Rito Garn og Hobby\" width=\"501\" height=\"1301\"\/><\/a><figcaption><strong>Direkt\u00f8r Dennis Drejer<\/strong><\/figcaption><\/figure><\/div>\n\n\n\n<h3 class=\"wp-block-heading\">Se vores lager <\/h3>\n\n\n\n<p>Her kan du se vores lager fra oven. N\u00e5r du bestiller din vare s\u00e5 finder vi den p\u00e5 en af hylderne. Vi g\u00e5r meget op i at vi ikke f\u00e5r sendt den forkerte vare ud til dig og at du f\u00e5r din vare s\u00e5 hurtigt som muligt. Derfor har vi gjort meget for at skabe gode logistik forhold for vores medarbejde der pakker din ordre.<\/p>\n\n\n\n<div class=\"wp-block-image\"><figure class=\"aligncenter\"><a href=\"https:\/\/www.partner-ads.com\/dk\/klikbanner.php?partnerid=22746&amp;bannerid=30292&amp;htmlurl=https:\/\/rito.dk\"><img decoding=\"async\" src=\"https:\/\/rito.dk\/img\/cms\/billede6.jpg\" alt=\"Rito Garn og Hobby Lager\"\/><\/a><figcaption><strong>Rito Garn og Hobbys lager<\/strong><\/figcaption><\/figure><\/div>\n\n\n\n<h3 class=\"wp-block-heading\">S\u00e5dan pakker vi din bestilling<\/h3>\n\n\n\n<p>N\u00e5r din bestilling kommer ind til os s\u00e5 begynder vi at pakke din ordre med det samme. Her kan du se hvordan vi behandler din ordre s\u00e5 du f\u00e5r lige det du har bestilt.<\/p>\n\n\n\n<div class=\"wp-block-image\"><figure class=\"aligncenter\"><a href=\"https:\/\/www.partner-ads.com\/dk\/klikbanner.php?partnerid=22746&amp;bannerid=30292&amp;htmlurl=https:\/\/rito.dk\"><img decoding=\"async\" src=\"https:\/\/rito.dk\/img\/cms\/billede7.jpg\" alt=\"Pakning af ordre hos Rito garn og Hobby\"\/><\/a><figcaption><strong>N\u00e5r vi pakker din ordre<\/strong><\/figcaption><\/figure><\/div>\n\n\n\n<p>S\u00e5 snart din ordre er samlet pakker vi den i en af vores forsendelses poser eller kasser og s\u00f8rger for at din pakke bliver hentet samme dag s\u00e5 du kan have din pakke i morgen. <\/p>\n\n\n\n<p>Hvem vil ikke gerne have sin bestilling lige s\u00e5 hurtigt som du kunne bestille den. Desv\u00e6rre tillader logistikken ikke at du kan f\u00e5 din vare S\u00c5 hurtigt men vi g\u00f8r alt hvad der st\u00e5r i vores magt for at du kan f\u00e5 din ordre dagen efter at du har bestilt.<\/p>\n\n\n\n<h3 class=\"wp-block-heading\">Se vores sidste nye tilbud i bloggen<\/h3>\n\n\n\n<p>Har du kigger i vores blog og set om du er g\u00e5et glip af vores sidste nye TILBUD til dig.<\/p>\n\n\n\n<div class=\"wp-block-button aligncenter\"><a class=\"wp-block-button__link has-text-color has-very-dark-gray-color has-background has-luminous-vivid-orange-background-color\" href=\"https:\/\/niipit.dk\/rito\/category\/alle\/\">Tjek vores Blog for TILBUD her<\/a><\/div>\n","protected":false},"excerpt":{"rendered":"<p>Galleri Rito Garn og Hobby Galleri Rito Garn og Hobby giver dig et indblik i vores virksomhed. Ofte s\u00e5 ser du kun en virksomhed fra forsiden med de vare du kan k\u00f8be men vi vil gerne inviterer dig indenfor og vise dig hvordan det ser ud bag ved webshoppen. Velkommen til Galleri Rito Garn og <a class=\"moretag btn btn-primary\" href=\"https:\/\/niipit.dk\/rito\/galleri\/\">L\u00e6s mere<\/a><\/p>\n","protected":false},"author":1,"featured_media":0,"parent":0,"menu_order":0,"comment_status":"closed","ping_status":"closed","template":"","meta":{"_exactmetrics_skip_tracking":false,"_exactmetrics_sitenote_active":false,"_exactmetrics_sitenote_note":"","_exactmetrics_sitenote_category":0,"_monsterinsights_skip_tracking":false,"_monsterinsights_sitenote_active":false,"_monsterinsights_sitenote_note":"","_monsterinsights_sitenote_category":0,"footnotes":""},"class_list":["post-5706","page","type-page","status-publish","hentry"],"yoast_head":"<!-- This site is optimized with the Yoast SEO Premium plugin v16.3 (Yoast SEO v27.4) - https:\/\/yoast.com\/product\/yoast-seo-premium-wordpress\/ -->\n<title>Galleri Rito Garn og Hobby - Kig inden for hos os - Niipit.dk<\/title>\n<meta name=\"description\" content=\"Galleri Rito Garn og Hobby - Her kan du se hvem vi er og hvordan vi behandler din ordre n\u00e5r du bestiller hos os. Har du set vores lager f\u00f8r\" \/>\n<meta name=\"robots\" content=\"index, follow, max-snippet:-1, max-image-preview:large, max-video-preview:-1\" \/>\n<link rel=\"canonical\" href=\"https:\/\/niipit.dk\/rito\/galleri\/\" \/>\n<meta property=\"og:locale\" content=\"da_DK\" \/>\n<meta property=\"og:type\" content=\"article\" \/>\n<meta property=\"og:title\" content=\"Galleri Rito Garn og Hobby - Kig inden for hos os - Niipit.dk\" \/>\n<meta property=\"og:description\" content=\"Galleri Rito Garn og Hobby - Her kan du se hvem vi er og hvordan vi behandler din ordre n\u00e5r du bestiller hos os. Har du set vores lager f\u00f8r\" \/>\n<meta property=\"og:url\" content=\"https:\/\/niipit.dk\/rito\/galleri\/\" \/>\n<meta property=\"og:site_name\" content=\"Rito.dk\" \/>\n<meta property=\"article:modified_time\" content=\"2019-11-09T16:12:17+00:00\" \/>\n<meta property=\"og:image\" content=\"https:\/\/rito.dk\/img\/cms\/billede3.jpg\" \/>\n<meta name=\"twitter:card\" content=\"summary_large_image\" \/>\n<meta name=\"twitter:label1\" content=\"Estimeret l\u00e6setid\" \/>\n\t<meta name=\"twitter:data1\" content=\"2 minutter\" \/>\n<script type=\"application\/ld+json\" class=\"yoast-schema-graph\">{\"@context\":\"https:\\\/\\\/schema.org\",\"@graph\":[{\"@type\":\"WebPage\",\"@id\":\"https:\\\/\\\/niipit.dk\\\/rito\\\/galleri\\\/\",\"url\":\"https:\\\/\\\/niipit.dk\\\/rito\\\/galleri\\\/\",\"name\":\"Galleri Rito Garn og Hobby - Kig inden for hos os - Niipit.dk\",\"isPartOf\":{\"@id\":\"http:\\\/\\\/niipit.dk\\\/rito\\\/#website\"},\"primaryImageOfPage\":{\"@id\":\"https:\\\/\\\/niipit.dk\\\/rito\\\/galleri\\\/#primaryimage\"},\"image\":{\"@id\":\"https:\\\/\\\/niipit.dk\\\/rito\\\/galleri\\\/#primaryimage\"},\"thumbnailUrl\":\"https:\\\/\\\/rito.dk\\\/img\\\/cms\\\/billede3.jpg\",\"datePublished\":\"2019-05-13T16:07:36+00:00\",\"dateModified\":\"2019-11-09T16:12:17+00:00\",\"description\":\"Galleri Rito Garn og Hobby - Her kan du se hvem vi er og hvordan vi behandler din ordre n\u00e5r du bestiller hos os. Har du set vores lager f\u00f8r\",\"breadcrumb\":{\"@id\":\"https:\\\/\\\/niipit.dk\\\/rito\\\/galleri\\\/#breadcrumb\"},\"inLanguage\":\"da-DK\",\"potentialAction\":[{\"@type\":\"ReadAction\",\"target\":[\"https:\\\/\\\/niipit.dk\\\/rito\\\/galleri\\\/\"]}]},{\"@type\":\"ImageObject\",\"inLanguage\":\"da-DK\",\"@id\":\"https:\\\/\\\/niipit.dk\\\/rito\\\/galleri\\\/#primaryimage\",\"url\":\"https:\\\/\\\/rito.dk\\\/img\\\/cms\\\/billede3.jpg\",\"contentUrl\":\"https:\\\/\\\/rito.dk\\\/img\\\/cms\\\/billede3.jpg\"},{\"@type\":\"BreadcrumbList\",\"@id\":\"https:\\\/\\\/niipit.dk\\\/rito\\\/galleri\\\/#breadcrumb\",\"itemListElement\":[{\"@type\":\"ListItem\",\"position\":1,\"name\":\"Hjem\",\"item\":\"http:\\\/\\\/niipit.dk\\\/rito\\\/\"},{\"@type\":\"ListItem\",\"position\":2,\"name\":\"Galleri\"}]},{\"@type\":\"WebSite\",\"@id\":\"http:\\\/\\\/niipit.dk\\\/rito\\\/#website\",\"url\":\"http:\\\/\\\/niipit.dk\\\/rito\\\/\",\"name\":\"Rito.dk\",\"description\":\"Garn og Hobby\",\"potentialAction\":[{\"@type\":\"SearchAction\",\"target\":{\"@type\":\"EntryPoint\",\"urlTemplate\":\"http:\\\/\\\/niipit.dk\\\/rito\\\/?s={search_term_string}\"},\"query-input\":{\"@type\":\"PropertyValueSpecification\",\"valueRequired\":true,\"valueName\":\"search_term_string\"}}],\"inLanguage\":\"da-DK\"}]}<\/script>\n<!-- \/ Yoast SEO Premium plugin. -->","yoast_head_json":{"title":"Galleri Rito Garn og Hobby - Kig inden for hos os - Niipit.dk","description":"Galleri Rito Garn og Hobby - Her kan du se hvem vi er og hvordan vi behandler din ordre n\u00e5r du bestiller hos os. Har du set vores lager f\u00f8r","robots":{"index":"index","follow":"follow","max-snippet":"max-snippet:-1","max-image-preview":"max-image-preview:large","max-video-preview":"max-video-preview:-1"},"canonical":"https:\/\/niipit.dk\/rito\/galleri\/","og_locale":"da_DK","og_type":"article","og_title":"Galleri Rito Garn og Hobby - Kig inden for hos os - Niipit.dk","og_description":"Galleri Rito Garn og Hobby - Her kan du se hvem vi er og hvordan vi behandler din ordre n\u00e5r du bestiller hos os. Har du set vores lager f\u00f8r","og_url":"https:\/\/niipit.dk\/rito\/galleri\/","og_site_name":"Rito.dk","article_modified_time":"2019-11-09T16:12:17+00:00","og_image":[{"url":"https:\/\/rito.dk\/img\/cms\/billede3.jpg","type":"","width":"","height":""}],"twitter_card":"summary_large_image","twitter_misc":{"Estimeret l\u00e6setid":"2 minutter"},"schema":{"@context":"https:\/\/schema.org","@graph":[{"@type":"WebPage","@id":"https:\/\/niipit.dk\/rito\/galleri\/","url":"https:\/\/niipit.dk\/rito\/galleri\/","name":"Galleri Rito Garn og Hobby - Kig inden for hos os - Niipit.dk","isPartOf":{"@id":"http:\/\/niipit.dk\/rito\/#website"},"primaryImageOfPage":{"@id":"https:\/\/niipit.dk\/rito\/galleri\/#primaryimage"},"image":{"@id":"https:\/\/niipit.dk\/rito\/galleri\/#primaryimage"},"thumbnailUrl":"https:\/\/rito.dk\/img\/cms\/billede3.jpg","datePublished":"2019-05-13T16:07:36+00:00","dateModified":"2019-11-09T16:12:17+00:00","description":"Galleri Rito Garn og Hobby - Her kan du se hvem vi er og hvordan vi behandler din ordre n\u00e5r du bestiller hos os. Har du set vores lager f\u00f8r","breadcrumb":{"@id":"https:\/\/niipit.dk\/rito\/galleri\/#breadcrumb"},"inLanguage":"da-DK","potentialAction":[{"@type":"ReadAction","target":["https:\/\/niipit.dk\/rito\/galleri\/"]}]},{"@type":"ImageObject","inLanguage":"da-DK","@id":"https:\/\/niipit.dk\/rito\/galleri\/#primaryimage","url":"https:\/\/rito.dk\/img\/cms\/billede3.jpg","contentUrl":"https:\/\/rito.dk\/img\/cms\/billede3.jpg"},{"@type":"BreadcrumbList","@id":"https:\/\/niipit.dk\/rito\/galleri\/#breadcrumb","itemListElement":[{"@type":"ListItem","position":1,"name":"Hjem","item":"http:\/\/niipit.dk\/rito\/"},{"@type":"ListItem","position":2,"name":"Galleri"}]},{"@type":"WebSite","@id":"http:\/\/niipit.dk\/rito\/#website","url":"http:\/\/niipit.dk\/rito\/","name":"Rito.dk","description":"Garn og Hobby","potentialAction":[{"@type":"SearchAction","target":{"@type":"EntryPoint","urlTemplate":"http:\/\/niipit.dk\/rito\/?s={search_term_string}"},"query-input":{"@type":"PropertyValueSpecification","valueRequired":true,"valueName":"search_term_string"}}],"inLanguage":"da-DK"}]}},"_links":{"self":[{"href":"https:\/\/niipit.dk\/rito\/wp-json\/wp\/v2\/pages\/5706","targetHints":{"allow":["GET"]}}],"collection":[{"href":"https:\/\/niipit.dk\/rito\/wp-json\/wp\/v2\/pages"}],"about":[{"href":"https:\/\/niipit.dk\/rito\/wp-json\/wp\/v2\/types\/page"}],"author":[{"embeddable":true,"href":"https:\/\/niipit.dk\/rito\/wp-json\/wp\/v2\/users\/1"}],"replies":[{"embeddable":true,"href":"https:\/\/niipit.dk\/rito\/wp-json\/wp\/v2\/comments?post=5706"}],"version-history":[{"count":0,"href":"https:\/\/niipit.dk\/rito\/wp-json\/wp\/v2\/pages\/5706\/revisions"}],"wp:attachment":[{"href":"https:\/\/niipit.dk\/rito\/wp-json\/wp\/v2\/media?parent=5706"}],"curies":[{"name":"wp","href":"https:\/\/api.w.org\/{rel}","templated":true}]}}