{"id":5064,"date":"2018-08-10T22:29:34","date_gmt":"2018-08-10T20:29:34","guid":{"rendered":"https:\/\/niipit.dk\/rito-shop\/?page_id=5064"},"modified":"2020-03-14T22:32:28","modified_gmt":"2020-03-14T21:32:28","slug":"frontpage","status":"publish","type":"page","link":"https:\/\/niipit.dk\/rito\/","title":{"rendered":"Forside"},"content":{"rendered":"\n<hr class=\"wp-block-separator\"\/>\n\n\n\n<h2 class=\"wp-block-heading\">Rito Gran og Hobby<\/h2>\n\n\n\n<p>Hos Rito Garn og Hobby finder du altid et stort udvalg inden for Garn, tilbeh\u00f8r og hobbyartikler.<br> Vi g\u00e5r hverken p\u00e5 kompromis med kvalitet eller kundeservice.<\/p>\n\n\n\n<p>N\u00e5r du finder det du gerne vil have fra vores lager s\u00e5 kan du nemt prissammenligne vores vare med konkurrenterne. Alle vores vare er registreret p\u00e5 EAN nummer eller bedre kendt som stregkode. Det g\u00f8r at b\u00e5de du som forbruger og Google kan finde vores vare online.<br>\nEksempel sidder du med et garnn\u00f8gle som du gerne vil have flere af s\u00e5 kan du blot taste stregkode nummeret ind i shoppen og s\u00e5 finder vi det til dig hvis det er p\u00e5 lager.<\/p>\n\n\n\n<p>N\u00e5r du bestemmer dig til at k\u00f8be s\u00e5 g\u00e5r vores lager folk straks i gang med at pakke din ordre. Vi g\u00f8r alt hvad vi kan for at din ordre ikke er flydt med fejl eller forkerte vare. Du vil jo helt sikkert gerne i gang n\u00e5r du modtager pakken.<br> Rito Garn og Hobby  sender altid dine vare med Track and Trace s\u00e5 du kan f\u00f8lge din pakke.<br> Og hvis du bestiller inden kl 18 og om alt g\u00e5r vel med vores forsendelse, s\u00e5 har du varen inden for 1 til 2 dage.<br> Du har 365 dages returret.Og s\u00e5 har vi PRISGARANTI p\u00e5 ALT<br> K\u00f8ber du for 399 kr eller der over s\u00e5 betaler vi selvf\u00f8lgelig for forsendelsen.<\/p>\n\n\n\n<p>Du burde kunne finde det du s\u00f8ger. Vi har nemlig altid 18.000 vare p\u00e5 lager.<\/p>\n\n\n\n<p>S\u00e5 burde du ikke lige kigge forbi og se vores store udvalg?<\/p>\n","protected":false},"excerpt":{"rendered":"<p>Rito Gran og Hobby Hos Rito Garn og Hobby finder du altid et stort udvalg inden for Garn, tilbeh\u00f8r og hobbyartikler. Vi g\u00e5r hverken p\u00e5 kompromis med kvalitet eller kundeservice. N\u00e5r du finder det du gerne vil have fra vores lager s\u00e5 kan du nemt prissammenligne vores vare med konkurrenterne. Alle vores vare er registreret <a class=\"moretag btn btn-primary\" href=\"https:\/\/niipit.dk\/rito\/\">L\u00e6s mere<\/a><\/p>\n","protected":false},"author":1,"featured_media":0,"parent":0,"menu_order":0,"comment_status":"closed","ping_status":"closed","template":"frontpagePremium.php","meta":{"_exactmetrics_skip_tracking":false,"_exactmetrics_sitenote_active":false,"_exactmetrics_sitenote_note":"","_exactmetrics_sitenote_category":0,"_monsterinsights_skip_tracking":false,"_monsterinsights_sitenote_active":false,"_monsterinsights_sitenote_note":"","_monsterinsights_sitenote_category":0,"footnotes":""},"class_list":["post-5064","page","type-page","status-publish","hentry"],"yoast_head":"<!-- This site is optimized with the Yoast SEO Premium plugin v16.3 (Yoast SEO v27.4) - https:\/\/yoast.com\/product\/yoast-seo-premium-wordpress\/ -->\n<title>Rito Garn og Hobby - Danmarks St\u00f8rste Online Markedsplads<\/title>\n<meta name=\"description\" content=\"Rito Garn og Hobby har 18.000 vare p\u00e5 lager Levering 1-2 dage - 365 Dages returret \u2705 Prisgaranti p\u00e5 alt \u2705 S\u00f8g din vare ud fra Ean-nummer. \u2705 SE HER \u2705\" \/>\n<meta name=\"robots\" content=\"index, follow, max-snippet:-1, max-image-preview:large, max-video-preview:-1\" \/>\n<link rel=\"canonical\" href=\"http:\/\/niipit.dk\/rito\/\" \/>\n<meta property=\"og:locale\" content=\"da_DK\" \/>\n<meta property=\"og:type\" content=\"article\" \/>\n<meta property=\"og:title\" content=\"Rito Garn og Hobby - Danmarks St\u00f8rste Online Markedsplads\" \/>\n<meta property=\"og:description\" content=\"Rito Garn og Hobby har 18.000 vare p\u00e5 lager Levering 1-2 dage - 365 Dages returret \u2705 Prisgaranti p\u00e5 alt \u2705 S\u00f8g din vare ud fra Ean-nummer. \u2705 SE HER \u2705\" \/>\n<meta property=\"og:url\" content=\"http:\/\/niipit.dk\/rito\/\" \/>\n<meta property=\"og:site_name\" content=\"Rito.dk\" \/>\n<meta property=\"article:modified_time\" content=\"2020-03-14T21:32:28+00:00\" \/>\n<meta name=\"twitter:card\" content=\"summary_large_image\" \/>\n<meta name=\"twitter:label1\" content=\"Estimeret l\u00e6setid\" \/>\n\t<meta name=\"twitter:data1\" content=\"1 minut\" \/>\n<script type=\"application\/ld+json\" class=\"yoast-schema-graph\">{\"@context\":\"https:\\\/\\\/schema.org\",\"@graph\":[{\"@type\":\"WebPage\",\"@id\":\"http:\\\/\\\/niipit.dk\\\/rito\\\/\",\"url\":\"http:\\\/\\\/niipit.dk\\\/rito\\\/\",\"name\":\"Rito Garn og Hobby - Danmarks St\u00f8rste Online Markedsplads\",\"isPartOf\":{\"@id\":\"http:\\\/\\\/niipit.dk\\\/rito\\\/#website\"},\"datePublished\":\"2018-08-10T20:29:34+00:00\",\"dateModified\":\"2020-03-14T21:32:28+00:00\",\"description\":\"Rito Garn og Hobby har 18.000 vare p\u00e5 lager Levering 1-2 dage - 365 Dages returret \u2705 Prisgaranti p\u00e5 alt \u2705 S\u00f8g din vare ud fra Ean-nummer. \u2705 SE HER \u2705\",\"breadcrumb\":{\"@id\":\"http:\\\/\\\/niipit.dk\\\/rito\\\/#breadcrumb\"},\"inLanguage\":\"da-DK\",\"potentialAction\":[{\"@type\":\"ReadAction\",\"target\":[\"http:\\\/\\\/niipit.dk\\\/rito\\\/\"]}]},{\"@type\":\"BreadcrumbList\",\"@id\":\"http:\\\/\\\/niipit.dk\\\/rito\\\/#breadcrumb\",\"itemListElement\":[{\"@type\":\"ListItem\",\"position\":1,\"name\":\"Hjem\",\"item\":\"http:\\\/\\\/niipit.dk\\\/rito\\\/\"},{\"@type\":\"ListItem\",\"position\":2,\"name\":\"Forside\"}]},{\"@type\":\"WebSite\",\"@id\":\"http:\\\/\\\/niipit.dk\\\/rito\\\/#website\",\"url\":\"http:\\\/\\\/niipit.dk\\\/rito\\\/\",\"name\":\"Rito.dk\",\"description\":\"Garn og Hobby\",\"potentialAction\":[{\"@type\":\"SearchAction\",\"target\":{\"@type\":\"EntryPoint\",\"urlTemplate\":\"http:\\\/\\\/niipit.dk\\\/rito\\\/?s={search_term_string}\"},\"query-input\":{\"@type\":\"PropertyValueSpecification\",\"valueRequired\":true,\"valueName\":\"search_term_string\"}}],\"inLanguage\":\"da-DK\"}]}<\/script>\n<!-- \/ Yoast SEO Premium plugin. -->","yoast_head_json":{"title":"Rito Garn og Hobby - Danmarks St\u00f8rste Online Markedsplads","description":"Rito Garn og Hobby har 18.000 vare p\u00e5 lager Levering 1-2 dage - 365 Dages returret \u2705 Prisgaranti p\u00e5 alt \u2705 S\u00f8g din vare ud fra Ean-nummer. \u2705 SE HER \u2705","robots":{"index":"index","follow":"follow","max-snippet":"max-snippet:-1","max-image-preview":"max-image-preview:large","max-video-preview":"max-video-preview:-1"},"canonical":"http:\/\/niipit.dk\/rito\/","og_locale":"da_DK","og_type":"article","og_title":"Rito Garn og Hobby - Danmarks St\u00f8rste Online Markedsplads","og_description":"Rito Garn og Hobby har 18.000 vare p\u00e5 lager Levering 1-2 dage - 365 Dages returret \u2705 Prisgaranti p\u00e5 alt \u2705 S\u00f8g din vare ud fra Ean-nummer. \u2705 SE HER \u2705","og_url":"http:\/\/niipit.dk\/rito\/","og_site_name":"Rito.dk","article_modified_time":"2020-03-14T21:32:28+00:00","twitter_card":"summary_large_image","twitter_misc":{"Estimeret l\u00e6setid":"1 minut"},"schema":{"@context":"https:\/\/schema.org","@graph":[{"@type":"WebPage","@id":"http:\/\/niipit.dk\/rito\/","url":"http:\/\/niipit.dk\/rito\/","name":"Rito Garn og Hobby - Danmarks St\u00f8rste Online Markedsplads","isPartOf":{"@id":"http:\/\/niipit.dk\/rito\/#website"},"datePublished":"2018-08-10T20:29:34+00:00","dateModified":"2020-03-14T21:32:28+00:00","description":"Rito Garn og Hobby har 18.000 vare p\u00e5 lager Levering 1-2 dage - 365 Dages returret \u2705 Prisgaranti p\u00e5 alt \u2705 S\u00f8g din vare ud fra Ean-nummer. \u2705 SE HER \u2705","breadcrumb":{"@id":"http:\/\/niipit.dk\/rito\/#breadcrumb"},"inLanguage":"da-DK","potentialAction":[{"@type":"ReadAction","target":["http:\/\/niipit.dk\/rito\/"]}]},{"@type":"BreadcrumbList","@id":"http:\/\/niipit.dk\/rito\/#breadcrumb","itemListElement":[{"@type":"ListItem","position":1,"name":"Hjem","item":"http:\/\/niipit.dk\/rito\/"},{"@type":"ListItem","position":2,"name":"Forside"}]},{"@type":"WebSite","@id":"http:\/\/niipit.dk\/rito\/#website","url":"http:\/\/niipit.dk\/rito\/","name":"Rito.dk","description":"Garn og Hobby","potentialAction":[{"@type":"SearchAction","target":{"@type":"EntryPoint","urlTemplate":"http:\/\/niipit.dk\/rito\/?s={search_term_string}"},"query-input":{"@type":"PropertyValueSpecification","valueRequired":true,"valueName":"search_term_string"}}],"inLanguage":"da-DK"}]}},"_links":{"self":[{"href":"https:\/\/niipit.dk\/rito\/wp-json\/wp\/v2\/pages\/5064","targetHints":{"allow":["GET"]}}],"collection":[{"href":"https:\/\/niipit.dk\/rito\/wp-json\/wp\/v2\/pages"}],"about":[{"href":"https:\/\/niipit.dk\/rito\/wp-json\/wp\/v2\/types\/page"}],"author":[{"embeddable":true,"href":"https:\/\/niipit.dk\/rito\/wp-json\/wp\/v2\/users\/1"}],"replies":[{"embeddable":true,"href":"https:\/\/niipit.dk\/rito\/wp-json\/wp\/v2\/comments?post=5064"}],"version-history":[{"count":0,"href":"https:\/\/niipit.dk\/rito\/wp-json\/wp\/v2\/pages\/5064\/revisions"}],"wp:attachment":[{"href":"https:\/\/niipit.dk\/rito\/wp-json\/wp\/v2\/media?parent=5064"}],"curies":[{"name":"wp","href":"https:\/\/api.w.org\/{rel}","templated":true}]}}