{"id":5064,"date":"2020-04-10T22:29:34","date_gmt":"2020-04-10T20:29:34","guid":{"rendered":"https:\/\/niipit.dk\/revisionlimfjord-shop\/?page_id=5064"},"modified":"2021-04-29T11:16:21","modified_gmt":"2021-04-29T09:16:21","slug":"frontpage","status":"publish","type":"page","link":"https:\/\/niipit.dk\/revisionlimfjord\/","title":{"rendered":"Forside"},"content":{"rendered":"\n<hr class=\"wp-block-separator\"\/>\n\n\n\n<h1 class=\"wp-block-heading\" id=\"h-revision-limfjord-jysk-revisionsfirma-med-speciale-i-smv-er\">Revision Limfjord: Jysk revisionsfirma med speciale i SMV\u2019er<\/h1>\n\n\n\n<h2 class=\"wp-block-heading\" id=\"h-erhvervsservice-regnskab-revision-og-r-dgivning-i-et-sprog-der-er-til-at-forst\">Erhvervsservice, regnskab, revision og r\u00e5dgivning i et sprog, der er til at forst\u00e5.<\/h2>\n\n\n\n<p>Revision Limfjord best\u00e5r af erfarne revisorer med et godt kendskab til deres lokalomr\u00e5der \u2013 de har kontorer i Holstebro, Hurup, Nyk\u00f8bing Mors, Struer, Skive og Thisted. De er t\u00e6t p\u00e5 deres kunder \u2013 b\u00e5de fysisk og mentalt, og de g\u00f8r en dyd ud af at tale i et sprog, der er til at forst\u00e5.\u00a0<\/p>\n\n\n\n<h3 class=\"wp-block-heading\" id=\"h-revision-regnskab-r-dgivning-og-meget-andet-inden-for-mange-brancher\">Revision, regnskab, r\u00e5dgivning og meget andet inden for mange brancher.<\/h3>\n\n\n\n<p>Kernekompetencerne hos Revision Limfjord er revision, regnskab og r\u00e5dgivning, men de kan ogs\u00e5 hj\u00e6lpe dig og din forretning med meget andet en det \u2013 heriblandt forretningsudvikling, skat og moms, erhvervsservice, l\u00f8n og administration samt ejendomsadministration.<\/p>\n\n\n\n<p>Revision Limfjord hj\u00e6lper har speciale i at hj\u00e6lpe sm\u00e5 og mellemstore virksomheder i mange forskellige brancher, herunder handel og industri, iv\u00e6rks\u00e6ttere, ejendomsm\u00e6glere, institutioner og skoler, opholdssteder og botilbud, byggeri og anl\u00e6g, landbrug og fiskeri, vognm\u00e6nd og transport samt ejendomme.\u00a0<\/p>\n\n\n\n<h3 class=\"wp-block-heading\" id=\"h-bliv-medlem-af-erhvervsnetv-rket-og-styrk-dine-erhvervsrelationer\">Bliv medlem af Erhvervsnetv\u00e6rket, og styrk dine erhvervsrelationer.<\/h3>\n\n\n\n<p>Foruden at v\u00e6re eksperter i revision og regnskab, st\u00e5r Revision Limfjord ogs\u00e5 i spidsen for sit eget erhvervsnetv\u00e6rk. Dette er et netv\u00e6rk handler om at skabe og bevare gode forretningsforbindelser p\u00e5 tv\u00e6rs af brancher mellem virksomheder, der er geografisk placeret i omr\u00e5det omkring Thy og Thisted. Netv\u00e6rket kan bruges til at f\u00e5 inspiration, dele viden og oplevelser eller sparre med de andre medlemmer. I skrivende stund best\u00e5r netv\u00e6rket af mere end 40 medlemmer.\u00a0<\/p>\n\n\n\n<p>Det er ikke et krav at v\u00e6re kunde hos Revision Limfjord for at blive en del af erhvervsnetv\u00e6rket.<\/p>\n","protected":false},"excerpt":{"rendered":"<p>Revision Limfjord: Jysk revisionsfirma med speciale i SMV\u2019er Erhvervsservice, regnskab, revision og r\u00e5dgivning i et sprog, der er til at forst\u00e5. Revision Limfjord best\u00e5r af erfarne revisorer med et godt kendskab til deres lokalomr\u00e5der \u2013 de har kontorer i Holstebro, Hurup, Nyk\u00f8bing Mors, Struer, Skive og Thisted. De er t\u00e6t p\u00e5 deres kunder \u2013 b\u00e5de <a class=\"moretag btn btn-primary\" href=\"https:\/\/niipit.dk\/revisionlimfjord\/\">L\u00e6s mere<\/a><\/p>\n","protected":false},"author":1,"featured_media":0,"parent":0,"menu_order":0,"comment_status":"closed","ping_status":"closed","template":"frontpagePremium.php","meta":{"_exactmetrics_skip_tracking":false,"_exactmetrics_sitenote_active":false,"_exactmetrics_sitenote_note":"","_exactmetrics_sitenote_category":0,"_monsterinsights_skip_tracking":false,"_monsterinsights_sitenote_active":false,"_monsterinsights_sitenote_note":"","_monsterinsights_sitenote_category":0,"footnotes":""},"class_list":["post-5064","page","type-page","status-publish","hentry"],"yoast_head":"<!-- This site is optimized with the Yoast SEO Premium plugin v16.3 (Yoast SEO v27.2) - https:\/\/yoast.com\/product\/yoast-seo-premium-wordpress\/ -->\n<title>L\u00e6s om Revision Limfjord her | Find din lokale afdeling<\/title>\n<meta name=\"description\" content=\"I Revision Limfjord har vi kerneydelser indenfor revision, regnskab, erhvervsservice og r\u00e5dgivning. Kontakt os i dag\" \/>\n<meta name=\"robots\" content=\"index, follow, max-snippet:-1, max-image-preview:large, max-video-preview:-1\" \/>\n<link rel=\"canonical\" href=\"https:\/\/niipit.dk\/revisionlimfjord\/\" \/>\n<meta property=\"og:locale\" content=\"da_DK\" \/>\n<meta property=\"og:type\" content=\"article\" \/>\n<meta property=\"og:title\" content=\"L\u00e6s om Revision Limfjord her | Find din lokale afdeling\" \/>\n<meta property=\"og:description\" content=\"I Revision Limfjord har vi kerneydelser indenfor revision, regnskab, erhvervsservice og r\u00e5dgivning. Kontakt os i dag\" \/>\n<meta property=\"og:url\" content=\"https:\/\/niipit.dk\/revisionlimfjord\/\" \/>\n<meta property=\"og:site_name\" content=\"Revision Limfjord\" \/>\n<meta property=\"article:modified_time\" content=\"2021-04-29T09:16:21+00:00\" \/>\n<meta name=\"twitter:card\" content=\"summary_large_image\" \/>\n<meta name=\"twitter:label1\" content=\"Estimeret l\u00e6setid\" \/>\n\t<meta name=\"twitter:data1\" content=\"2 minutter\" \/>\n<script type=\"application\/ld+json\" class=\"yoast-schema-graph\">{\"@context\":\"https:\/\/schema.org\",\"@graph\":[{\"@type\":\"WebPage\",\"@id\":\"https:\/\/niipit.dk\/revisionlimfjord\/\",\"url\":\"https:\/\/niipit.dk\/revisionlimfjord\/\",\"name\":\"L\u00e6s om Revision Limfjord her | Find din lokale afdeling\",\"isPartOf\":{\"@id\":\"https:\/\/niipit.dk\/revisionlimfjord\/#website\"},\"datePublished\":\"2020-04-10T20:29:34+00:00\",\"dateModified\":\"2021-04-29T09:16:21+00:00\",\"description\":\"I Revision Limfjord har vi kerneydelser indenfor revision, regnskab, erhvervsservice og r\u00e5dgivning. Kontakt os i dag\",\"breadcrumb\":{\"@id\":\"https:\/\/niipit.dk\/revisionlimfjord\/#breadcrumb\"},\"inLanguage\":\"da-DK\",\"potentialAction\":[{\"@type\":\"ReadAction\",\"target\":[\"https:\/\/niipit.dk\/revisionlimfjord\/\"]}]},{\"@type\":\"BreadcrumbList\",\"@id\":\"https:\/\/niipit.dk\/revisionlimfjord\/#breadcrumb\",\"itemListElement\":[{\"@type\":\"ListItem\",\"position\":1,\"name\":\"Hjem\",\"item\":\"https:\/\/niipit.dk\/revisionlimfjord\/\"},{\"@type\":\"ListItem\",\"position\":2,\"name\":\"Forside\"}]},{\"@type\":\"WebSite\",\"@id\":\"https:\/\/niipit.dk\/revisionlimfjord\/#website\",\"url\":\"https:\/\/niipit.dk\/revisionlimfjord\/\",\"name\":\"Revision Limfjord\",\"description\":\"F\u00e5 r\u00e5dgivning af dine lokale revisor\",\"potentialAction\":[{\"@type\":\"SearchAction\",\"target\":{\"@type\":\"EntryPoint\",\"urlTemplate\":\"https:\/\/niipit.dk\/revisionlimfjord\/?s={search_term_string}\"},\"query-input\":{\"@type\":\"PropertyValueSpecification\",\"valueRequired\":true,\"valueName\":\"search_term_string\"}}],\"inLanguage\":\"da-DK\"}]}<\/script>\n<!-- \/ Yoast SEO Premium plugin. -->","yoast_head_json":{"title":"L\u00e6s om Revision Limfjord her | Find din lokale afdeling","description":"I Revision Limfjord har vi kerneydelser indenfor revision, regnskab, erhvervsservice og r\u00e5dgivning. Kontakt os i dag","robots":{"index":"index","follow":"follow","max-snippet":"max-snippet:-1","max-image-preview":"max-image-preview:large","max-video-preview":"max-video-preview:-1"},"canonical":"https:\/\/niipit.dk\/revisionlimfjord\/","og_locale":"da_DK","og_type":"article","og_title":"L\u00e6s om Revision Limfjord her | Find din lokale afdeling","og_description":"I Revision Limfjord har vi kerneydelser indenfor revision, regnskab, erhvervsservice og r\u00e5dgivning. Kontakt os i dag","og_url":"https:\/\/niipit.dk\/revisionlimfjord\/","og_site_name":"Revision Limfjord","article_modified_time":"2021-04-29T09:16:21+00:00","twitter_card":"summary_large_image","twitter_misc":{"Estimeret l\u00e6setid":"2 minutter"},"schema":{"@context":"https:\/\/schema.org","@graph":[{"@type":"WebPage","@id":"https:\/\/niipit.dk\/revisionlimfjord\/","url":"https:\/\/niipit.dk\/revisionlimfjord\/","name":"L\u00e6s om Revision Limfjord her | Find din lokale afdeling","isPartOf":{"@id":"https:\/\/niipit.dk\/revisionlimfjord\/#website"},"datePublished":"2020-04-10T20:29:34+00:00","dateModified":"2021-04-29T09:16:21+00:00","description":"I Revision Limfjord har vi kerneydelser indenfor revision, regnskab, erhvervsservice og r\u00e5dgivning. Kontakt os i dag","breadcrumb":{"@id":"https:\/\/niipit.dk\/revisionlimfjord\/#breadcrumb"},"inLanguage":"da-DK","potentialAction":[{"@type":"ReadAction","target":["https:\/\/niipit.dk\/revisionlimfjord\/"]}]},{"@type":"BreadcrumbList","@id":"https:\/\/niipit.dk\/revisionlimfjord\/#breadcrumb","itemListElement":[{"@type":"ListItem","position":1,"name":"Hjem","item":"https:\/\/niipit.dk\/revisionlimfjord\/"},{"@type":"ListItem","position":2,"name":"Forside"}]},{"@type":"WebSite","@id":"https:\/\/niipit.dk\/revisionlimfjord\/#website","url":"https:\/\/niipit.dk\/revisionlimfjord\/","name":"Revision Limfjord","description":"F\u00e5 r\u00e5dgivning af dine lokale revisor","potentialAction":[{"@type":"SearchAction","target":{"@type":"EntryPoint","urlTemplate":"https:\/\/niipit.dk\/revisionlimfjord\/?s={search_term_string}"},"query-input":{"@type":"PropertyValueSpecification","valueRequired":true,"valueName":"search_term_string"}}],"inLanguage":"da-DK"}]}},"_links":{"self":[{"href":"https:\/\/niipit.dk\/revisionlimfjord\/wp-json\/wp\/v2\/pages\/5064","targetHints":{"allow":["GET"]}}],"collection":[{"href":"https:\/\/niipit.dk\/revisionlimfjord\/wp-json\/wp\/v2\/pages"}],"about":[{"href":"https:\/\/niipit.dk\/revisionlimfjord\/wp-json\/wp\/v2\/types\/page"}],"author":[{"embeddable":true,"href":"https:\/\/niipit.dk\/revisionlimfjord\/wp-json\/wp\/v2\/users\/1"}],"replies":[{"embeddable":true,"href":"https:\/\/niipit.dk\/revisionlimfjord\/wp-json\/wp\/v2\/comments?post=5064"}],"version-history":[{"count":2,"href":"https:\/\/niipit.dk\/revisionlimfjord\/wp-json\/wp\/v2\/pages\/5064\/revisions"}],"predecessor-version":[{"id":5990,"href":"https:\/\/niipit.dk\/revisionlimfjord\/wp-json\/wp\/v2\/pages\/5064\/revisions\/5990"}],"wp:attachment":[{"href":"https:\/\/niipit.dk\/revisionlimfjord\/wp-json\/wp\/v2\/media?parent=5064"}],"curies":[{"name":"wp","href":"https:\/\/api.w.org\/{rel}","templated":true}]}}