{"id":5064,"date":"2020-04-10T22:29:34","date_gmt":"2020-04-10T20:29:34","guid":{"rendered":"https:\/\/niipit.dk\/restaurant-dokken-shop\/?page_id=5064"},"modified":"2021-03-16T15:01:10","modified_gmt":"2021-03-16T14:01:10","slug":"frontpage","status":"publish","type":"page","link":"https:\/\/niipit.dk\/restaurant-dokken\/","title":{"rendered":"Forside"},"content":{"rendered":"\n<hr class=\"wp-block-separator\"\/>\n\n\n\n<h2 class=\"wp-block-heading\" id=\"h-restaurant-dokken-i-ballen-p-sams\">Restaurant Dokken i Ballen p\u00e5 Sams\u00f8<\/h2>\n\n\n\n<p>N\u00e5r vi l\u00e6ser anmeldelserne rundt om p\u00e5 nettet s\u00e5 vidner de om god mad, god betjening, og fair priser. Alt i alt viser der sig et meget positivt billede af Dokken.<\/p>\n\n\n\n<p>Hvis du skal p\u00e5 weekend eller ferie ovre p\u00e5 Sams\u00f8 s\u00e5 b\u00f8r du helt sikkert s\u00e6tte et m\u00e5ltid af til at indtage p\u00e5 restauranten. Du beh\u00f8ver ikke t\u00f8mme sparegrisen inden du kommer da priserne er til at forholde sig til.<\/p>\n\n\n\n<p>Husk altid at tjekke vores \u00e5bningstider s\u00e5 du er sikker p\u00e5 at vi har \u00e5bent n\u00e5r du kommer forbi. Du er altid velkommen til at ringe og bestille bord.<\/p>\n","protected":false},"excerpt":{"rendered":"<p>Restaurant Dokken i Ballen p\u00e5 Sams\u00f8 N\u00e5r vi l\u00e6ser anmeldelserne rundt om p\u00e5 nettet s\u00e5 vidner de om god mad, god betjening, og fair priser. Alt i alt viser der sig et meget positivt billede af Dokken. Hvis du skal p\u00e5 weekend eller ferie ovre p\u00e5 Sams\u00f8 s\u00e5 b\u00f8r du helt sikkert s\u00e6tte et m\u00e5ltid <a class=\"moretag btn btn-primary\" href=\"https:\/\/niipit.dk\/restaurant-dokken\/\">L\u00e6s mere<\/a><\/p>\n","protected":false},"author":1,"featured_media":0,"parent":0,"menu_order":0,"comment_status":"closed","ping_status":"closed","template":"frontpagePremium.php","meta":{"_exactmetrics_skip_tracking":false,"_exactmetrics_sitenote_active":false,"_exactmetrics_sitenote_note":"","_exactmetrics_sitenote_category":0,"_monsterinsights_skip_tracking":false,"_monsterinsights_sitenote_active":false,"_monsterinsights_sitenote_note":"","_monsterinsights_sitenote_category":0,"footnotes":""},"class_list":["post-5064","page","type-page","status-publish","hentry"],"yoast_head":"<!-- This site is optimized with the Yoast SEO Premium plugin v16.3 (Yoast SEO v27.3) - https:\/\/yoast.com\/product\/yoast-seo-premium-wordpress\/ -->\n<title>Restaurant Dokken I Ballen p\u00e5 Sams\u00f8 b\u00f8r du pr\u00f8ve \u2605\u2605\u2605\u2605\u2605<\/title>\n<meta name=\"description\" content=\"Restaurant Dokken har alt hvad du skal bruge til en god aften. God Mad God musik og festlig stemning. Husk vi har take away\" \/>\n<meta name=\"robots\" content=\"index, follow, max-snippet:-1, max-image-preview:large, max-video-preview:-1\" \/>\n<link rel=\"canonical\" href=\"https:\/\/niipit.dk\/restaurant-dokken\/\" \/>\n<meta property=\"og:locale\" content=\"da_DK\" \/>\n<meta property=\"og:type\" content=\"article\" \/>\n<meta property=\"og:title\" content=\"Restaurant Dokken I Ballen p\u00e5 Sams\u00f8 b\u00f8r du pr\u00f8ve \u2605\u2605\u2605\u2605\u2605\" \/>\n<meta property=\"og:description\" content=\"Restaurant Dokken har alt hvad du skal bruge til en god aften. God Mad God musik og festlig stemning. Husk vi har take away\" \/>\n<meta property=\"og:url\" content=\"https:\/\/niipit.dk\/restaurant-dokken\/\" \/>\n<meta property=\"og:site_name\" content=\"Restaurant Dokken\" \/>\n<meta property=\"article:modified_time\" content=\"2021-03-16T14:01:10+00:00\" \/>\n<meta name=\"twitter:card\" content=\"summary_large_image\" \/>\n<meta name=\"twitter:label1\" content=\"Estimeret l\u00e6setid\" \/>\n\t<meta name=\"twitter:data1\" content=\"1 minut\" \/>\n<script type=\"application\/ld+json\" class=\"yoast-schema-graph\">{\"@context\":\"https:\\\/\\\/schema.org\",\"@graph\":[{\"@type\":\"WebPage\",\"@id\":\"https:\\\/\\\/niipit.dk\\\/restaurant-dokken\\\/\",\"url\":\"https:\\\/\\\/niipit.dk\\\/restaurant-dokken\\\/\",\"name\":\"Restaurant Dokken I Ballen p\u00e5 Sams\u00f8 b\u00f8r du pr\u00f8ve \u2605\u2605\u2605\u2605\u2605\",\"isPartOf\":{\"@id\":\"https:\\\/\\\/niipit.dk\\\/restaurant-dokken\\\/#website\"},\"datePublished\":\"2020-04-10T20:29:34+00:00\",\"dateModified\":\"2021-03-16T14:01:10+00:00\",\"description\":\"Restaurant Dokken har alt hvad du skal bruge til en god aften. God Mad God musik og festlig stemning. Husk vi har take away\",\"breadcrumb\":{\"@id\":\"https:\\\/\\\/niipit.dk\\\/restaurant-dokken\\\/#breadcrumb\"},\"inLanguage\":\"da-DK\",\"potentialAction\":[{\"@type\":\"ReadAction\",\"target\":[\"https:\\\/\\\/niipit.dk\\\/restaurant-dokken\\\/\"]}]},{\"@type\":\"BreadcrumbList\",\"@id\":\"https:\\\/\\\/niipit.dk\\\/restaurant-dokken\\\/#breadcrumb\",\"itemListElement\":[{\"@type\":\"ListItem\",\"position\":1,\"name\":\"Hjem\",\"item\":\"https:\\\/\\\/niipit.dk\\\/restaurant-dokken\\\/\"},{\"@type\":\"ListItem\",\"position\":2,\"name\":\"Forside\"}]},{\"@type\":\"WebSite\",\"@id\":\"https:\\\/\\\/niipit.dk\\\/restaurant-dokken\\\/#website\",\"url\":\"https:\\\/\\\/niipit.dk\\\/restaurant-dokken\\\/\",\"name\":\"Restaurant Dokken\",\"description\":\"Spis godt p\u00e5 Sams\u00f8\",\"potentialAction\":[{\"@type\":\"SearchAction\",\"target\":{\"@type\":\"EntryPoint\",\"urlTemplate\":\"https:\\\/\\\/niipit.dk\\\/restaurant-dokken\\\/?s={search_term_string}\"},\"query-input\":{\"@type\":\"PropertyValueSpecification\",\"valueRequired\":true,\"valueName\":\"search_term_string\"}}],\"inLanguage\":\"da-DK\"}]}<\/script>\n<!-- \/ Yoast SEO Premium plugin. -->","yoast_head_json":{"title":"Restaurant Dokken I Ballen p\u00e5 Sams\u00f8 b\u00f8r du pr\u00f8ve \u2605\u2605\u2605\u2605\u2605","description":"Restaurant Dokken har alt hvad du skal bruge til en god aften. God Mad God musik og festlig stemning. Husk vi har take away","robots":{"index":"index","follow":"follow","max-snippet":"max-snippet:-1","max-image-preview":"max-image-preview:large","max-video-preview":"max-video-preview:-1"},"canonical":"https:\/\/niipit.dk\/restaurant-dokken\/","og_locale":"da_DK","og_type":"article","og_title":"Restaurant Dokken I Ballen p\u00e5 Sams\u00f8 b\u00f8r du pr\u00f8ve \u2605\u2605\u2605\u2605\u2605","og_description":"Restaurant Dokken har alt hvad du skal bruge til en god aften. God Mad God musik og festlig stemning. Husk vi har take away","og_url":"https:\/\/niipit.dk\/restaurant-dokken\/","og_site_name":"Restaurant Dokken","article_modified_time":"2021-03-16T14:01:10+00:00","twitter_card":"summary_large_image","twitter_misc":{"Estimeret l\u00e6setid":"1 minut"},"schema":{"@context":"https:\/\/schema.org","@graph":[{"@type":"WebPage","@id":"https:\/\/niipit.dk\/restaurant-dokken\/","url":"https:\/\/niipit.dk\/restaurant-dokken\/","name":"Restaurant Dokken I Ballen p\u00e5 Sams\u00f8 b\u00f8r du pr\u00f8ve \u2605\u2605\u2605\u2605\u2605","isPartOf":{"@id":"https:\/\/niipit.dk\/restaurant-dokken\/#website"},"datePublished":"2020-04-10T20:29:34+00:00","dateModified":"2021-03-16T14:01:10+00:00","description":"Restaurant Dokken har alt hvad du skal bruge til en god aften. God Mad God musik og festlig stemning. Husk vi har take away","breadcrumb":{"@id":"https:\/\/niipit.dk\/restaurant-dokken\/#breadcrumb"},"inLanguage":"da-DK","potentialAction":[{"@type":"ReadAction","target":["https:\/\/niipit.dk\/restaurant-dokken\/"]}]},{"@type":"BreadcrumbList","@id":"https:\/\/niipit.dk\/restaurant-dokken\/#breadcrumb","itemListElement":[{"@type":"ListItem","position":1,"name":"Hjem","item":"https:\/\/niipit.dk\/restaurant-dokken\/"},{"@type":"ListItem","position":2,"name":"Forside"}]},{"@type":"WebSite","@id":"https:\/\/niipit.dk\/restaurant-dokken\/#website","url":"https:\/\/niipit.dk\/restaurant-dokken\/","name":"Restaurant Dokken","description":"Spis godt p\u00e5 Sams\u00f8","potentialAction":[{"@type":"SearchAction","target":{"@type":"EntryPoint","urlTemplate":"https:\/\/niipit.dk\/restaurant-dokken\/?s={search_term_string}"},"query-input":{"@type":"PropertyValueSpecification","valueRequired":true,"valueName":"search_term_string"}}],"inLanguage":"da-DK"}]}},"_links":{"self":[{"href":"https:\/\/niipit.dk\/restaurant-dokken\/wp-json\/wp\/v2\/pages\/5064","targetHints":{"allow":["GET"]}}],"collection":[{"href":"https:\/\/niipit.dk\/restaurant-dokken\/wp-json\/wp\/v2\/pages"}],"about":[{"href":"https:\/\/niipit.dk\/restaurant-dokken\/wp-json\/wp\/v2\/types\/page"}],"author":[{"embeddable":true,"href":"https:\/\/niipit.dk\/restaurant-dokken\/wp-json\/wp\/v2\/users\/1"}],"replies":[{"embeddable":true,"href":"https:\/\/niipit.dk\/restaurant-dokken\/wp-json\/wp\/v2\/comments?post=5064"}],"version-history":[{"count":1,"href":"https:\/\/niipit.dk\/restaurant-dokken\/wp-json\/wp\/v2\/pages\/5064\/revisions"}],"predecessor-version":[{"id":5987,"href":"https:\/\/niipit.dk\/restaurant-dokken\/wp-json\/wp\/v2\/pages\/5064\/revisions\/5987"}],"wp:attachment":[{"href":"https:\/\/niipit.dk\/restaurant-dokken\/wp-json\/wp\/v2\/media?parent=5064"}],"curies":[{"name":"wp","href":"https:\/\/api.w.org\/{rel}","templated":true}]}}