{"id":5064,"date":"2020-04-10T22:29:34","date_gmt":"2020-04-10T20:29:34","guid":{"rendered":"https:\/\/niipit.dk\/restaurant-cron-shop\/?page_id=5064"},"modified":"2021-05-02T08:49:14","modified_gmt":"2021-05-02T06:49:14","slug":"frontpage","status":"publish","type":"page","link":"https:\/\/niipit.dk\/restaurant-cron\/","title":{"rendered":"Forside"},"content":{"rendered":"\n<hr class=\"wp-block-separator\"\/>\n\n\n\n<h1 class=\"wp-block-heading\" id=\"h-restaurant-cro-n-dansk-mad-i-odense\">Restaurant Cro&#8217;n &#8211; dansk mad i Odense<\/h1>\n\n\n\n<h2 class=\"wp-block-heading\" id=\"h-dansk-mad-i-odense\">Dansk mad i Odense<\/h2>\n\n\n\n<p>Er du p\u00e5 udkig efter <a href=\"https:\/\/www.restaurantcron.dk\/?utm_source=Niipit&amp;utm_medium=organic&amp;utm_campaign=Niipit\" target=\"_blank\" rel=\"noreferrer noopener\">dansk mad i Odense<\/a>, er Restaurant Cro\u2019n det rette valg.<\/p>\n\n\n\n<p>Vi serverer dansk mad af h\u00f8j kvalitet &#8211; pr\u00e6cis som vor mor lavede det. Nyd f.eks. en omgang stegt fl\u00e6sk med persillesovs, tarteletter, b\u00f8f med l\u00f8g eller en af vores mange andre retter.<\/p>\n\n\n\n<p>Vi har ogs\u00e5 et l\u00e6kkert udvalg af danske desserter til at slutte m\u00e5ltidet af med. Pr\u00f8v f.eks. vores gammeldags \u00e6blekage eller klassiske r\u00f8dgr\u00f8d med fl\u00f8de.<\/p>\n\n\n\n<h3 class=\"wp-block-heading\" id=\"h-placeret-i-hjertet-af-odense\">Placeret i hjertet af Odense<\/h3>\n\n\n\n<p>Restaurant Cro\u2019n er placeret i charmerende Dronningensgade i centrum af Odense \u2013 en sidegade til Odenses g\u00e5gade. S\u00e5 det er oplagt at slutte en dag med shopping og byvandring af med en tur p\u00e5 Restaurant Cro\u2019n.<\/p>\n\n\n\n<p>Vi kan ogs\u00e5 anbefale at g\u00e5 en tur ned gennem Dronningensgade, som er fyldt med smukke bygninger.<\/p>\n\n\n\n<h3 class=\"wp-block-heading\" id=\"h-restaurant-cro-ns-historie\">Restaurant Cro\u2019ns historie<\/h3>\n\n\n\n<p>Vi \u00e5bnede tilbage i 2002 og har nydt at fork\u00e6le vores g\u00e6ster lige siden. Men f\u00f8r det emmede bygningen ogs\u00e5 af liv. For i 1950\u2019erne og 1960\u2019erne husede bygningen nemlig morgenv\u00e6rtshuset \u201dBlomsten\u201d, og i 1980\u2019erne og 1990\u2019erne var stedet kendt som et popul\u00e6rt jazz-v\u00e6rtshus.<\/p>\n\n\n\n<p>Vi er stolte af at f\u00f8re traditionen videre og berige vores kunder med gode oplevelser og minder.<\/p>\n\n\n\n<h2 class=\"wp-block-heading\" id=\"h-hold-din-n-ste-fest-p-restaurant-cro-n\">Hold din n\u00e6ste fest p\u00e5 Restaurant Cro\u2019n<\/h2>\n\n\n\n<p>Hvis du st\u00e5r og skal holde fest i form af f.eks. et bryllup, en konfirmation, en d\u00e5b eller lignende, s\u00e5 tag endelig fat i os.<\/p>\n\n\n\n<h3 class=\"wp-block-heading\" id=\"h-hold-je-med-vores-arrangementer\">Hold \u00f8je med vores arrangementer<\/h3>\n\n\n\n<p>Vi afholder l\u00f8bende diverse arrangementer som f.eks. \u00f8lsmagninger, fl\u00e6skegilde og Mortens Aften. Du kan holde dig opdateret p\u00e5 vores hjemmeside.<\/p>\n\n\n\n<h2 class=\"wp-block-heading\" id=\"h-b-de-restaurant-og-mad-ud-af-huset\">B\u00e5de restaurant og mad ud af huset<\/h2>\n\n\n\n<p>Uanset om du har lyst til en tur ud at spise eller til at tage maden med hjem, er Restaurant Cro\u2019n et godt valg. Du kan nemlig b\u00e5de bes\u00f8ge vores autentiske restaurant og k\u00f8be l\u00e6kker dansk mad ud af huset. Vi gl\u00e6der os til at h\u00f8re fra dig.<\/p>\n","protected":false},"excerpt":{"rendered":"<p>Restaurant Cro&#8217;n &#8211; dansk mad i Odense Dansk mad i Odense Er du p\u00e5 udkig efter dansk mad i Odense, er Restaurant Cro\u2019n det rette valg. Vi serverer dansk mad af h\u00f8j kvalitet &#8211; pr\u00e6cis som vor mor lavede det. Nyd f.eks. en omgang stegt fl\u00e6sk med persillesovs, tarteletter, b\u00f8f med l\u00f8g eller en af <a class=\"moretag btn btn-primary\" href=\"https:\/\/niipit.dk\/restaurant-cron\/\">L\u00e6s mere<\/a><\/p>\n","protected":false},"author":1,"featured_media":0,"parent":0,"menu_order":0,"comment_status":"closed","ping_status":"closed","template":"frontpagePremium.php","meta":{"_exactmetrics_skip_tracking":false,"_exactmetrics_sitenote_active":false,"_exactmetrics_sitenote_note":"","_exactmetrics_sitenote_category":0,"_monsterinsights_skip_tracking":false,"_monsterinsights_sitenote_active":false,"_monsterinsights_sitenote_note":"","_monsterinsights_sitenote_category":0,"footnotes":""},"class_list":["post-5064","page","type-page","status-publish","hentry"],"yoast_head":"<!-- This site is optimized with the Yoast SEO Premium plugin v16.3 (Yoast SEO v27.3) - https:\/\/yoast.com\/product\/yoast-seo-premium-wordpress\/ -->\n<title>Restaurant Cro&#039;n | Dansk mad Odense | Restaurant &amp; takeaway<\/title>\n<meta name=\"description\" content=\"Restaurant Cro&#039;n, serverer l\u00e6kker dansk mad, pr\u00e6cis som vor mor lavede det. Vi er placeret i hjertet af hyggelige Odense.\" \/>\n<meta name=\"robots\" content=\"index, follow, max-snippet:-1, max-image-preview:large, max-video-preview:-1\" \/>\n<link rel=\"canonical\" href=\"https:\/\/niipit.dk\/restaurant-cron\/\" \/>\n<meta property=\"og:locale\" content=\"da_DK\" \/>\n<meta property=\"og:type\" content=\"article\" \/>\n<meta property=\"og:title\" content=\"Restaurant Cro&#039;n | Dansk mad Odense | Restaurant &amp; takeaway\" \/>\n<meta property=\"og:description\" content=\"Restaurant Cro&#039;n, serverer l\u00e6kker dansk mad, pr\u00e6cis som vor mor lavede det. Vi er placeret i hjertet af hyggelige Odense.\" \/>\n<meta property=\"og:url\" content=\"https:\/\/niipit.dk\/restaurant-cron\/\" \/>\n<meta property=\"og:site_name\" content=\"Restaurant Cro&#039;n\" \/>\n<meta property=\"article:modified_time\" content=\"2021-05-02T06:49:14+00:00\" \/>\n<meta name=\"twitter:card\" content=\"summary_large_image\" \/>\n<meta name=\"twitter:label1\" content=\"Estimeret l\u00e6setid\" \/>\n\t<meta name=\"twitter:data1\" content=\"2 minutter\" \/>\n<script type=\"application\/ld+json\" class=\"yoast-schema-graph\">{\"@context\":\"https:\\\/\\\/schema.org\",\"@graph\":[{\"@type\":\"WebPage\",\"@id\":\"https:\\\/\\\/niipit.dk\\\/restaurant-cron\\\/\",\"url\":\"https:\\\/\\\/niipit.dk\\\/restaurant-cron\\\/\",\"name\":\"Restaurant Cro'n | Dansk mad Odense | Restaurant & takeaway\",\"isPartOf\":{\"@id\":\"https:\\\/\\\/niipit.dk\\\/restaurant-cron\\\/#website\"},\"datePublished\":\"2020-04-10T20:29:34+00:00\",\"dateModified\":\"2021-05-02T06:49:14+00:00\",\"description\":\"Restaurant Cro'n, serverer l\u00e6kker dansk mad, pr\u00e6cis som vor mor lavede det. Vi er placeret i hjertet af hyggelige Odense.\",\"breadcrumb\":{\"@id\":\"https:\\\/\\\/niipit.dk\\\/restaurant-cron\\\/#breadcrumb\"},\"inLanguage\":\"da-DK\",\"potentialAction\":[{\"@type\":\"ReadAction\",\"target\":[\"https:\\\/\\\/niipit.dk\\\/restaurant-cron\\\/\"]}]},{\"@type\":\"BreadcrumbList\",\"@id\":\"https:\\\/\\\/niipit.dk\\\/restaurant-cron\\\/#breadcrumb\",\"itemListElement\":[{\"@type\":\"ListItem\",\"position\":1,\"name\":\"Hjem\",\"item\":\"https:\\\/\\\/niipit.dk\\\/restaurant-cron\\\/\"},{\"@type\":\"ListItem\",\"position\":2,\"name\":\"Forside\"}]},{\"@type\":\"WebSite\",\"@id\":\"https:\\\/\\\/niipit.dk\\\/restaurant-cron\\\/#website\",\"url\":\"https:\\\/\\\/niipit.dk\\\/restaurant-cron\\\/\",\"name\":\"Restaurant Cro&#039;n\",\"description\":\"Dansk mad Odense | Restaurant &amp; takeaway\",\"potentialAction\":[{\"@type\":\"SearchAction\",\"target\":{\"@type\":\"EntryPoint\",\"urlTemplate\":\"https:\\\/\\\/niipit.dk\\\/restaurant-cron\\\/?s={search_term_string}\"},\"query-input\":{\"@type\":\"PropertyValueSpecification\",\"valueRequired\":true,\"valueName\":\"search_term_string\"}}],\"inLanguage\":\"da-DK\"}]}<\/script>\n<!-- \/ Yoast SEO Premium plugin. -->","yoast_head_json":{"title":"Restaurant Cro'n | Dansk mad Odense | Restaurant & takeaway","description":"Restaurant Cro'n, serverer l\u00e6kker dansk mad, pr\u00e6cis som vor mor lavede det. Vi er placeret i hjertet af hyggelige Odense.","robots":{"index":"index","follow":"follow","max-snippet":"max-snippet:-1","max-image-preview":"max-image-preview:large","max-video-preview":"max-video-preview:-1"},"canonical":"https:\/\/niipit.dk\/restaurant-cron\/","og_locale":"da_DK","og_type":"article","og_title":"Restaurant Cro'n | Dansk mad Odense | Restaurant & takeaway","og_description":"Restaurant Cro'n, serverer l\u00e6kker dansk mad, pr\u00e6cis som vor mor lavede det. Vi er placeret i hjertet af hyggelige Odense.","og_url":"https:\/\/niipit.dk\/restaurant-cron\/","og_site_name":"Restaurant Cro&#039;n","article_modified_time":"2021-05-02T06:49:14+00:00","twitter_card":"summary_large_image","twitter_misc":{"Estimeret l\u00e6setid":"2 minutter"},"schema":{"@context":"https:\/\/schema.org","@graph":[{"@type":"WebPage","@id":"https:\/\/niipit.dk\/restaurant-cron\/","url":"https:\/\/niipit.dk\/restaurant-cron\/","name":"Restaurant Cro'n | Dansk mad Odense | Restaurant & takeaway","isPartOf":{"@id":"https:\/\/niipit.dk\/restaurant-cron\/#website"},"datePublished":"2020-04-10T20:29:34+00:00","dateModified":"2021-05-02T06:49:14+00:00","description":"Restaurant Cro'n, serverer l\u00e6kker dansk mad, pr\u00e6cis som vor mor lavede det. Vi er placeret i hjertet af hyggelige Odense.","breadcrumb":{"@id":"https:\/\/niipit.dk\/restaurant-cron\/#breadcrumb"},"inLanguage":"da-DK","potentialAction":[{"@type":"ReadAction","target":["https:\/\/niipit.dk\/restaurant-cron\/"]}]},{"@type":"BreadcrumbList","@id":"https:\/\/niipit.dk\/restaurant-cron\/#breadcrumb","itemListElement":[{"@type":"ListItem","position":1,"name":"Hjem","item":"https:\/\/niipit.dk\/restaurant-cron\/"},{"@type":"ListItem","position":2,"name":"Forside"}]},{"@type":"WebSite","@id":"https:\/\/niipit.dk\/restaurant-cron\/#website","url":"https:\/\/niipit.dk\/restaurant-cron\/","name":"Restaurant Cro&#039;n","description":"Dansk mad Odense | Restaurant &amp; takeaway","potentialAction":[{"@type":"SearchAction","target":{"@type":"EntryPoint","urlTemplate":"https:\/\/niipit.dk\/restaurant-cron\/?s={search_term_string}"},"query-input":{"@type":"PropertyValueSpecification","valueRequired":true,"valueName":"search_term_string"}}],"inLanguage":"da-DK"}]}},"_links":{"self":[{"href":"https:\/\/niipit.dk\/restaurant-cron\/wp-json\/wp\/v2\/pages\/5064","targetHints":{"allow":["GET"]}}],"collection":[{"href":"https:\/\/niipit.dk\/restaurant-cron\/wp-json\/wp\/v2\/pages"}],"about":[{"href":"https:\/\/niipit.dk\/restaurant-cron\/wp-json\/wp\/v2\/types\/page"}],"author":[{"embeddable":true,"href":"https:\/\/niipit.dk\/restaurant-cron\/wp-json\/wp\/v2\/users\/1"}],"replies":[{"embeddable":true,"href":"https:\/\/niipit.dk\/restaurant-cron\/wp-json\/wp\/v2\/comments?post=5064"}],"version-history":[{"count":3,"href":"https:\/\/niipit.dk\/restaurant-cron\/wp-json\/wp\/v2\/pages\/5064\/revisions"}],"predecessor-version":[{"id":5987,"href":"https:\/\/niipit.dk\/restaurant-cron\/wp-json\/wp\/v2\/pages\/5064\/revisions\/5987"}],"wp:attachment":[{"href":"https:\/\/niipit.dk\/restaurant-cron\/wp-json\/wp\/v2\/media?parent=5064"}],"curies":[{"name":"wp","href":"https:\/\/api.w.org\/{rel}","templated":true}]}}