{"id":5105,"date":"2018-08-15T22:02:47","date_gmt":"2018-08-15T20:02:47","guid":{"rendered":"https:\/\/niipit.dk\/nv2-QogM\/?page_id=5105"},"modified":"2019-03-19T13:47:33","modified_gmt":"2019-03-19T12:47:33","slug":"om","status":"publish","type":"page","link":"https:\/\/niipit.dk\/renderforest\/om\/","title":{"rendered":"Om"},"content":{"rendered":"<div class=\"thrv_wrapper thrv_heading\" data-tag=\"h1\" data-css=\"tve-u-163a601a1f4\">\n<h2 data-css=\"tve-u-163a60192ea\">Hvis du er tr\u00e6t af at vente, tr\u00e6t af at v\u00e6re afh\u00e6ngig af andre, bare gerne vil have muligheden for at g\u00f8re det selv s\u00e5 er Renderforest muligheden til dig.<\/h2>\n<h2>Hos Renderforest har du s\u00e5 mange muligheder at du aldrig beh\u00f8ver lave den samme video flere gange.<br \/>\nDa kan rette i din video lige s\u00e5 tit du vil og bedst af alt. Du betaler ikke f\u00f8r du er 100% tilfreds med din video.<br \/>\nP\u00e5 den m\u00e5de har du frihed til at v\u00e6lge.<\/h2>\n<\/div>\n<div class=\"thrv_wrapper thrv_text_element tve_empty_dropzone\" data-css=\"tve-u-163a60acbcb\">\n<div class=\"thrv_wrapper thrv_text_element tve_empty_dropzone\" data-css=\"tve-u-163a3bcdd15\">\n<p data-css=\"tve-u-163a3bcdd13\">\n<\/div>\n<\/div>\n","protected":false},"excerpt":{"rendered":"<p>Hvis du er tr\u00e6t af at vente, tr\u00e6t af at v\u00e6re afh\u00e6ngig af andre, bare gerne vil have muligheden for at g\u00f8re det selv s\u00e5 er Renderforest muligheden til dig. Hos Renderforest har du s\u00e5 mange muligheder at du aldrig beh\u00f8ver lave den samme video flere gange. Da kan rette i din video lige s\u00e5 <a class=\"moretag btn btn-primary\" href=\"https:\/\/niipit.dk\/renderforest\/om\/\">L\u00e6s mere<\/a><\/p>\n","protected":false},"author":151,"featured_media":0,"parent":0,"menu_order":0,"comment_status":"closed","ping_status":"closed","template":"","meta":{"_exactmetrics_skip_tracking":false,"_exactmetrics_sitenote_active":false,"_exactmetrics_sitenote_note":"","_exactmetrics_sitenote_category":0,"_monsterinsights_skip_tracking":false,"_monsterinsights_sitenote_active":false,"_monsterinsights_sitenote_note":"","_monsterinsights_sitenote_category":0,"footnotes":""},"class_list":["post-5105","page","type-page","status-publish","hentry"],"yoast_head":"<!-- This site is optimized with the Yoast SEO Premium plugin v16.3 (Yoast SEO v27.4) - https:\/\/yoast.com\/product\/yoast-seo-premium-wordpress\/ -->\n<title>Om - Renderforest<\/title>\n<meta name=\"robots\" content=\"index, follow, max-snippet:-1, max-image-preview:large, max-video-preview:-1\" \/>\n<link rel=\"canonical\" href=\"https:\/\/niipit.dk\/renderforest\/om\/\" \/>\n<meta property=\"og:locale\" content=\"da_DK\" \/>\n<meta property=\"og:type\" content=\"article\" \/>\n<meta property=\"og:title\" content=\"Om - Renderforest\" \/>\n<meta property=\"og:description\" content=\"Hvis du er tr\u00e6t af at vente, tr\u00e6t af at v\u00e6re afh\u00e6ngig af andre, bare gerne vil have muligheden for at g\u00f8re det selv s\u00e5 er Renderforest muligheden til dig. Hos Renderforest har du s\u00e5 mange muligheder at du aldrig beh\u00f8ver lave den samme video flere gange. Da kan rette i din video lige s\u00e5 L\u00e6s mere\" \/>\n<meta property=\"og:url\" content=\"https:\/\/niipit.dk\/renderforest\/om\/\" \/>\n<meta property=\"og:site_name\" content=\"Renderforest\" \/>\n<meta property=\"article:modified_time\" content=\"2019-03-19T12:47:33+00:00\" \/>\n<meta name=\"twitter:card\" content=\"summary_large_image\" \/>\n<script type=\"application\/ld+json\" class=\"yoast-schema-graph\">{\"@context\":\"https:\\\/\\\/schema.org\",\"@graph\":[{\"@type\":\"WebPage\",\"@id\":\"https:\\\/\\\/niipit.dk\\\/renderforest\\\/om\\\/\",\"url\":\"https:\\\/\\\/niipit.dk\\\/renderforest\\\/om\\\/\",\"name\":\"Om - Renderforest\",\"isPartOf\":{\"@id\":\"http:\\\/\\\/niipit.dk\\\/renderforest\\\/#website\"},\"datePublished\":\"2018-08-15T20:02:47+00:00\",\"dateModified\":\"2019-03-19T12:47:33+00:00\",\"breadcrumb\":{\"@id\":\"https:\\\/\\\/niipit.dk\\\/renderforest\\\/om\\\/#breadcrumb\"},\"inLanguage\":\"da-DK\",\"potentialAction\":[{\"@type\":\"ReadAction\",\"target\":[\"https:\\\/\\\/niipit.dk\\\/renderforest\\\/om\\\/\"]}]},{\"@type\":\"BreadcrumbList\",\"@id\":\"https:\\\/\\\/niipit.dk\\\/renderforest\\\/om\\\/#breadcrumb\",\"itemListElement\":[{\"@type\":\"ListItem\",\"position\":1,\"name\":\"Hjem\",\"item\":\"http:\\\/\\\/niipit.dk\\\/renderforest\\\/\"},{\"@type\":\"ListItem\",\"position\":2,\"name\":\"Om\"}]},{\"@type\":\"WebSite\",\"@id\":\"http:\\\/\\\/niipit.dk\\\/renderforest\\\/#website\",\"url\":\"http:\\\/\\\/niipit.dk\\\/renderforest\\\/\",\"name\":\"Renderforest\",\"description\":\"Lav selv dine animationsvideo\",\"potentialAction\":[{\"@type\":\"SearchAction\",\"target\":{\"@type\":\"EntryPoint\",\"urlTemplate\":\"http:\\\/\\\/niipit.dk\\\/renderforest\\\/?s={search_term_string}\"},\"query-input\":{\"@type\":\"PropertyValueSpecification\",\"valueRequired\":true,\"valueName\":\"search_term_string\"}}],\"inLanguage\":\"da-DK\"}]}<\/script>\n<!-- \/ Yoast SEO Premium plugin. -->","yoast_head_json":{"title":"Om - Renderforest","robots":{"index":"index","follow":"follow","max-snippet":"max-snippet:-1","max-image-preview":"max-image-preview:large","max-video-preview":"max-video-preview:-1"},"canonical":"https:\/\/niipit.dk\/renderforest\/om\/","og_locale":"da_DK","og_type":"article","og_title":"Om - Renderforest","og_description":"Hvis du er tr\u00e6t af at vente, tr\u00e6t af at v\u00e6re afh\u00e6ngig af andre, bare gerne vil have muligheden for at g\u00f8re det selv s\u00e5 er Renderforest muligheden til dig. Hos Renderforest har du s\u00e5 mange muligheder at du aldrig beh\u00f8ver lave den samme video flere gange. Da kan rette i din video lige s\u00e5 L\u00e6s mere","og_url":"https:\/\/niipit.dk\/renderforest\/om\/","og_site_name":"Renderforest","article_modified_time":"2019-03-19T12:47:33+00:00","twitter_card":"summary_large_image","schema":{"@context":"https:\/\/schema.org","@graph":[{"@type":"WebPage","@id":"https:\/\/niipit.dk\/renderforest\/om\/","url":"https:\/\/niipit.dk\/renderforest\/om\/","name":"Om - Renderforest","isPartOf":{"@id":"http:\/\/niipit.dk\/renderforest\/#website"},"datePublished":"2018-08-15T20:02:47+00:00","dateModified":"2019-03-19T12:47:33+00:00","breadcrumb":{"@id":"https:\/\/niipit.dk\/renderforest\/om\/#breadcrumb"},"inLanguage":"da-DK","potentialAction":[{"@type":"ReadAction","target":["https:\/\/niipit.dk\/renderforest\/om\/"]}]},{"@type":"BreadcrumbList","@id":"https:\/\/niipit.dk\/renderforest\/om\/#breadcrumb","itemListElement":[{"@type":"ListItem","position":1,"name":"Hjem","item":"http:\/\/niipit.dk\/renderforest\/"},{"@type":"ListItem","position":2,"name":"Om"}]},{"@type":"WebSite","@id":"http:\/\/niipit.dk\/renderforest\/#website","url":"http:\/\/niipit.dk\/renderforest\/","name":"Renderforest","description":"Lav selv dine animationsvideo","potentialAction":[{"@type":"SearchAction","target":{"@type":"EntryPoint","urlTemplate":"http:\/\/niipit.dk\/renderforest\/?s={search_term_string}"},"query-input":{"@type":"PropertyValueSpecification","valueRequired":true,"valueName":"search_term_string"}}],"inLanguage":"da-DK"}]}},"_links":{"self":[{"href":"https:\/\/niipit.dk\/renderforest\/wp-json\/wp\/v2\/pages\/5105","targetHints":{"allow":["GET"]}}],"collection":[{"href":"https:\/\/niipit.dk\/renderforest\/wp-json\/wp\/v2\/pages"}],"about":[{"href":"https:\/\/niipit.dk\/renderforest\/wp-json\/wp\/v2\/types\/page"}],"author":[{"embeddable":true,"href":"https:\/\/niipit.dk\/renderforest\/wp-json\/wp\/v2\/users\/151"}],"replies":[{"embeddable":true,"href":"https:\/\/niipit.dk\/renderforest\/wp-json\/wp\/v2\/comments?post=5105"}],"version-history":[{"count":0,"href":"https:\/\/niipit.dk\/renderforest\/wp-json\/wp\/v2\/pages\/5105\/revisions"}],"wp:attachment":[{"href":"https:\/\/niipit.dk\/renderforest\/wp-json\/wp\/v2\/media?parent=5105"}],"curies":[{"name":"wp","href":"https:\/\/api.w.org\/{rel}","templated":true}]}}