{"id":5729,"date":"2019-05-14T14:35:10","date_gmt":"2019-05-14T12:35:10","guid":{"rendered":"https:\/\/niipit.dk\/randomshop\/?page_id=5729"},"modified":"2019-12-23T21:53:59","modified_gmt":"2019-12-23T20:53:59","slug":"video","status":"publish","type":"page","link":"https:\/\/niipit.dk\/randomshop\/video\/","title":{"rendered":"Video"},"content":{"rendered":"\n<figure class=\"wp-block-embed-youtube wp-block-embed is-type-video is-provider-youtube wp-embed-aspect-16-9 wp-has-aspect-ratio\"><div class=\"wp-block-embed__wrapper\">\n<iframe loading=\"lazy\" title=\"Panserglas montering p\u00e5 iPhone 5 - det nye beskyttelsesfilm\" width=\"1170\" height=\"658\" src=\"https:\/\/www.youtube.com\/embed\/Lmbiji_502o?feature=oembed\" frameborder=\"0\" allow=\"accelerometer; autoplay; clipboard-write; encrypted-media; gyroscope; picture-in-picture\" allowfullscreen><\/iframe>\n<\/div><\/figure>\n\n\n\n<figure class=\"wp-block-embed-youtube wp-block-embed is-type-video is-provider-youtube wp-embed-aspect-4-3 wp-has-aspect-ratio\"><div class=\"wp-block-embed__wrapper\">\n<iframe loading=\"lazy\" title=\"Eggman How to separate an egg.\" width=\"1170\" height=\"878\" src=\"https:\/\/www.youtube.com\/embed\/xf01V71sHU0?feature=oembed\" frameborder=\"0\" allow=\"accelerometer; autoplay; clipboard-write; encrypted-media; gyroscope; picture-in-picture\" allowfullscreen><\/iframe>\n<\/div><\/figure>\n\n\n\n<figure class=\"wp-block-embed-youtube wp-block-embed is-type-video is-provider-youtube wp-embed-aspect-16-9 wp-has-aspect-ratio\"><div class=\"wp-block-embed__wrapper\">\n<iframe loading=\"lazy\" title=\"LED stearinlys med bev\u00e6gelig flamme fra Randomshop dk\" width=\"1170\" height=\"658\" src=\"https:\/\/www.youtube.com\/embed\/S0r93JSwP_U?feature=oembed\" frameborder=\"0\" allow=\"accelerometer; autoplay; clipboard-write; encrypted-media; gyroscope; picture-in-picture\" allowfullscreen><\/iframe>\n<\/div><\/figure>\n","protected":false},"excerpt":{"rendered":"","protected":false},"author":151,"featured_media":0,"parent":0,"menu_order":0,"comment_status":"closed","ping_status":"closed","template":"","meta":{"_exactmetrics_skip_tracking":false,"_exactmetrics_sitenote_active":false,"_exactmetrics_sitenote_note":"","_exactmetrics_sitenote_category":0,"_monsterinsights_skip_tracking":false,"_monsterinsights_sitenote_active":false,"_monsterinsights_sitenote_note":"","_monsterinsights_sitenote_category":0,"footnotes":""},"class_list":["post-5729","page","type-page","status-publish","hentry"],"yoast_head":"<!-- This site is optimized with the Yoast SEO Premium plugin v16.3 (Yoast SEO v27.3) - https:\/\/yoast.com\/product\/yoast-seo-premium-wordpress\/ -->\n<title>Video - Se film fra Randomshop p\u00e5 vores Niipit Virksomhedsprofil<\/title>\n<meta name=\"description\" content=\"Video omr\u00e5det fra Randomshop viser dig nogle af vores bedste varer - se med her og blive klogere p\u00e5 hvem Randomshop er og hvordan vi kan hj\u00e6lpe dig\" \/>\n<meta name=\"robots\" content=\"index, follow, max-snippet:-1, max-image-preview:large, max-video-preview:-1\" \/>\n<link rel=\"canonical\" href=\"http:\/\/niipit.dk\/randomshop\/video\/\" \/>\n<meta property=\"og:locale\" content=\"da_DK\" \/>\n<meta property=\"og:type\" content=\"article\" \/>\n<meta property=\"og:title\" content=\"Video - Se film fra Randomshop p\u00e5 vores Niipit Virksomhedsprofil\" \/>\n<meta property=\"og:description\" content=\"Video omr\u00e5det fra Randomshop viser dig nogle af vores bedste varer - se med her og blive klogere p\u00e5 hvem Randomshop er og hvordan vi kan hj\u00e6lpe dig\" \/>\n<meta property=\"og:url\" content=\"http:\/\/niipit.dk\/randomshop\/video\/\" \/>\n<meta property=\"og:site_name\" content=\"Randomshop\" \/>\n<meta property=\"article:modified_time\" content=\"2019-12-23T20:53:59+00:00\" \/>\n<meta name=\"twitter:card\" content=\"summary_large_image\" \/>\n<script type=\"application\/ld+json\" class=\"yoast-schema-graph\">{\"@context\":\"https:\\\/\\\/schema.org\",\"@graph\":[{\"@type\":\"WebPage\",\"@id\":\"http:\\\/\\\/niipit.dk\\\/randomshop\\\/video\\\/\",\"url\":\"http:\\\/\\\/niipit.dk\\\/randomshop\\\/video\\\/\",\"name\":\"Video - Se film fra Randomshop p\u00e5 vores Niipit Virksomhedsprofil\",\"isPartOf\":{\"@id\":\"https:\\\/\\\/niipit.dk\\\/randomshop\\\/#website\"},\"datePublished\":\"2019-05-14T12:35:10+00:00\",\"dateModified\":\"2019-12-23T20:53:59+00:00\",\"description\":\"Video omr\u00e5det fra Randomshop viser dig nogle af vores bedste varer - se med her og blive klogere p\u00e5 hvem Randomshop er og hvordan vi kan hj\u00e6lpe dig\",\"breadcrumb\":{\"@id\":\"http:\\\/\\\/niipit.dk\\\/randomshop\\\/video\\\/#breadcrumb\"},\"inLanguage\":\"da-DK\",\"potentialAction\":[{\"@type\":\"ReadAction\",\"target\":[\"http:\\\/\\\/niipit.dk\\\/randomshop\\\/video\\\/\"]}]},{\"@type\":\"BreadcrumbList\",\"@id\":\"http:\\\/\\\/niipit.dk\\\/randomshop\\\/video\\\/#breadcrumb\",\"itemListElement\":[{\"@type\":\"ListItem\",\"position\":1,\"name\":\"Hjem\",\"item\":\"https:\\\/\\\/niipit.dk\\\/randomshop\\\/\"},{\"@type\":\"ListItem\",\"position\":2,\"name\":\"Video\"}]},{\"@type\":\"WebSite\",\"@id\":\"https:\\\/\\\/niipit.dk\\\/randomshop\\\/#website\",\"url\":\"https:\\\/\\\/niipit.dk\\\/randomshop\\\/\",\"name\":\"Randomshop\",\"description\":\"Bolig &amp; Livsstilsprodukter online\",\"potentialAction\":[{\"@type\":\"SearchAction\",\"target\":{\"@type\":\"EntryPoint\",\"urlTemplate\":\"https:\\\/\\\/niipit.dk\\\/randomshop\\\/?s={search_term_string}\"},\"query-input\":{\"@type\":\"PropertyValueSpecification\",\"valueRequired\":true,\"valueName\":\"search_term_string\"}}],\"inLanguage\":\"da-DK\"}]}<\/script>\n<!-- \/ Yoast SEO Premium plugin. -->","yoast_head_json":{"title":"Video - Se film fra Randomshop p\u00e5 vores Niipit Virksomhedsprofil","description":"Video omr\u00e5det fra Randomshop viser dig nogle af vores bedste varer - se med her og blive klogere p\u00e5 hvem Randomshop er og hvordan vi kan hj\u00e6lpe dig","robots":{"index":"index","follow":"follow","max-snippet":"max-snippet:-1","max-image-preview":"max-image-preview:large","max-video-preview":"max-video-preview:-1"},"canonical":"http:\/\/niipit.dk\/randomshop\/video\/","og_locale":"da_DK","og_type":"article","og_title":"Video - Se film fra Randomshop p\u00e5 vores Niipit Virksomhedsprofil","og_description":"Video omr\u00e5det fra Randomshop viser dig nogle af vores bedste varer - se med her og blive klogere p\u00e5 hvem Randomshop er og hvordan vi kan hj\u00e6lpe dig","og_url":"http:\/\/niipit.dk\/randomshop\/video\/","og_site_name":"Randomshop","article_modified_time":"2019-12-23T20:53:59+00:00","twitter_card":"summary_large_image","schema":{"@context":"https:\/\/schema.org","@graph":[{"@type":"WebPage","@id":"http:\/\/niipit.dk\/randomshop\/video\/","url":"http:\/\/niipit.dk\/randomshop\/video\/","name":"Video - Se film fra Randomshop p\u00e5 vores Niipit Virksomhedsprofil","isPartOf":{"@id":"https:\/\/niipit.dk\/randomshop\/#website"},"datePublished":"2019-05-14T12:35:10+00:00","dateModified":"2019-12-23T20:53:59+00:00","description":"Video omr\u00e5det fra Randomshop viser dig nogle af vores bedste varer - se med her og blive klogere p\u00e5 hvem Randomshop er og hvordan vi kan hj\u00e6lpe dig","breadcrumb":{"@id":"http:\/\/niipit.dk\/randomshop\/video\/#breadcrumb"},"inLanguage":"da-DK","potentialAction":[{"@type":"ReadAction","target":["http:\/\/niipit.dk\/randomshop\/video\/"]}]},{"@type":"BreadcrumbList","@id":"http:\/\/niipit.dk\/randomshop\/video\/#breadcrumb","itemListElement":[{"@type":"ListItem","position":1,"name":"Hjem","item":"https:\/\/niipit.dk\/randomshop\/"},{"@type":"ListItem","position":2,"name":"Video"}]},{"@type":"WebSite","@id":"https:\/\/niipit.dk\/randomshop\/#website","url":"https:\/\/niipit.dk\/randomshop\/","name":"Randomshop","description":"Bolig &amp; Livsstilsprodukter online","potentialAction":[{"@type":"SearchAction","target":{"@type":"EntryPoint","urlTemplate":"https:\/\/niipit.dk\/randomshop\/?s={search_term_string}"},"query-input":{"@type":"PropertyValueSpecification","valueRequired":true,"valueName":"search_term_string"}}],"inLanguage":"da-DK"}]}},"_links":{"self":[{"href":"https:\/\/niipit.dk\/randomshop\/wp-json\/wp\/v2\/pages\/5729","targetHints":{"allow":["GET"]}}],"collection":[{"href":"https:\/\/niipit.dk\/randomshop\/wp-json\/wp\/v2\/pages"}],"about":[{"href":"https:\/\/niipit.dk\/randomshop\/wp-json\/wp\/v2\/types\/page"}],"author":[{"embeddable":true,"href":"https:\/\/niipit.dk\/randomshop\/wp-json\/wp\/v2\/users\/151"}],"replies":[{"embeddable":true,"href":"https:\/\/niipit.dk\/randomshop\/wp-json\/wp\/v2\/comments?post=5729"}],"version-history":[{"count":0,"href":"https:\/\/niipit.dk\/randomshop\/wp-json\/wp\/v2\/pages\/5729\/revisions"}],"wp:attachment":[{"href":"https:\/\/niipit.dk\/randomshop\/wp-json\/wp\/v2\/media?parent=5729"}],"curies":[{"name":"wp","href":"https:\/\/api.w.org\/{rel}","templated":true}]}}