{"id":5064,"date":"2018-08-10T22:29:34","date_gmt":"2018-08-10T20:29:34","guid":{"rendered":"https:\/\/niipit.dk\/qbyg-tomrer-shop\/?page_id=5064"},"modified":"2023-03-16T19:21:33","modified_gmt":"2023-03-16T18:21:33","slug":"frontpage","status":"publish","type":"page","link":"https:\/\/niipit.dk\/qbyg-tomrer\/","title":{"rendered":"Forside"},"content":{"rendered":"\n<hr class=\"wp-block-separator has-css-opacity\"\/>\n\n\n\n<h2 class=\"wp-block-heading\" id=\"h-aftalt-kvalitet-til-tiden-kontakt-din-lokale-t-mrer-firma\">Aftalt kvalitet til tiden &#8211; kontakt din lokale t\u00f8mrer firma<\/h2>\n\n\n\n<p>T\u00f8mrer udf\u00f8rer alt indenfor t\u00f8mrer og snedkerarbejde. Alt, stort som sm\u00e5t, udf\u00f8res i den h\u00f8jeste h\u00e5ndv\u00e6rksm\u00e6ssige kvalitet.<\/p>\n\n\n\n<p>Totalentrepren\u00f8r varetager traditionelle t\u00f8mrer og snedker opgaver, st\u00e5r ogs\u00e5 gerne for koordineringen af det samlede byggeri, hvad enten det udf\u00f8res som hovedentreprise eller totalentreprise. Det er altid m\u00e5let at levere et godt og solidt h\u00e5ndv\u00e6rksarbejde til konkurrencedygtig pris. Totalentreprise er nybyg fra start til slut, fra f\u00f8rste spadestik til aflevering.<\/p>\n\n\n\n<p>Mange dr\u00f8mmer om at bygge sit eget hel\u00e5rshus. Det er et k\u00e6mpe projekt for de fleste hvis de st\u00e5r med det hele selv. Fra tanken begynder at spire til huset st\u00e5r f\u00e6rdigt er der meget langt. Det er en stor mental opgave da du skal have styr p\u00e5 mange ting. Samtidig er det en utrolig tidsm\u00e6ssig kr\u00e6vende periode af dit liv, hvor du skal overveje og tage hundredevis af valg og beslutninger. <\/p>\n\n\n\n<h2 class=\"wp-block-heading\">Din ekspert i totalentreprise<\/h2>\n\n\n\n<p>Find et t\u00f8mrerfirma til hovedentreprisen p\u00e5 dit byggeprojekt, s\u00e5 er du sikker p\u00e5 en holdbar kvalitetsl\u00f8sning. N\u00e5r du v\u00e6lger et &nbsp;byggefirma, der har specialiseret sig i totalentrepriser og har et godt rygte hus deres tidligere kunder s\u00e5 st\u00e5r du bedre end hvis du selv hopper ud i s\u00e5 stort et projekt. Uanset om du vil have udf\u00f8rt et st\u00f8rre eller mindre byggeprojekt, og hvad enten du har brug for hj\u00e6lp til nybyggeri eller til at f\u00e5 lagt et nyt tag p\u00e5 dit hus, anbefales det et du finder en professionel l\u00f8sning. Dette g\u00e6lder b\u00e5de erhvervsbyggeri s\u00e5vel som privatbyggeri.<\/p>\n","protected":false},"excerpt":{"rendered":"<p>Aftalt kvalitet til tiden &#8211; kontakt din lokale t\u00f8mrer firma T\u00f8mrer udf\u00f8rer alt indenfor t\u00f8mrer og snedkerarbejde. Alt, stort som sm\u00e5t, udf\u00f8res i den h\u00f8jeste h\u00e5ndv\u00e6rksm\u00e6ssige kvalitet. Totalentrepren\u00f8r varetager traditionelle t\u00f8mrer og snedker opgaver, st\u00e5r ogs\u00e5 gerne for koordineringen af det samlede byggeri, hvad enten det udf\u00f8res som hovedentreprise eller totalentreprise. Det er altid m\u00e5let <a class=\"moretag btn btn-primary\" href=\"https:\/\/niipit.dk\/qbyg-tomrer\/\">L\u00e6s mere<\/a><\/p>\n","protected":false},"author":1,"featured_media":0,"parent":0,"menu_order":0,"comment_status":"closed","ping_status":"closed","template":"frontpagePremium.php","meta":{"_exactmetrics_skip_tracking":false,"_exactmetrics_sitenote_active":false,"_exactmetrics_sitenote_note":"","_exactmetrics_sitenote_category":0,"_monsterinsights_skip_tracking":false,"_monsterinsights_sitenote_active":false,"_monsterinsights_sitenote_note":"","_monsterinsights_sitenote_category":0,"footnotes":""},"class_list":["post-5064","page","type-page","status-publish","hentry"],"yoast_head":"<!-- This site is optimized with the Yoast SEO Premium plugin v16.3 (Yoast SEO v27.3) - https:\/\/yoast.com\/product\/yoast-seo-premium-wordpress\/ -->\n<title>Vi tilbyder \u2502 Professionelt t\u00f8mrerarbejde i Danmark \u2692<\/title>\n<meta name=\"description\" content=\"T\u00f8mrerfirma tilbyder alt inden for t\u00f8mrerfaget \u2502 Veludf\u00f8rt h\u00e5ndv\u00e6rk til fornuftige priser \u2502 Indhent et tilbud p\u00e5 dit byggeprojekt i dag \u2705\" \/>\n<meta name=\"robots\" content=\"index, follow, max-snippet:-1, max-image-preview:large, max-video-preview:-1\" \/>\n<link rel=\"canonical\" href=\"https:\/\/niipit.dk\/qbyg-tomrer\/\" \/>\n<meta property=\"og:locale\" content=\"da_DK\" \/>\n<meta property=\"og:type\" content=\"article\" \/>\n<meta property=\"og:title\" content=\"Vi tilbyder \u2502 Professionelt t\u00f8mrerarbejde i Danmark \u2692\" \/>\n<meta property=\"og:description\" content=\"T\u00f8mrerfirma tilbyder alt inden for t\u00f8mrerfaget \u2502 Veludf\u00f8rt h\u00e5ndv\u00e6rk til fornuftige priser \u2502 Indhent et tilbud p\u00e5 dit byggeprojekt i dag \u2705\" \/>\n<meta property=\"og:url\" content=\"https:\/\/niipit.dk\/qbyg-tomrer\/\" \/>\n<meta property=\"og:site_name\" content=\"QByg T\u00f8mrer\" \/>\n<meta property=\"article:modified_time\" content=\"2023-03-16T18:21:33+00:00\" \/>\n<meta name=\"twitter:card\" content=\"summary_large_image\" \/>\n<meta name=\"twitter:label1\" content=\"Estimeret l\u00e6setid\" \/>\n\t<meta name=\"twitter:data1\" content=\"2 minutter\" \/>\n<script type=\"application\/ld+json\" class=\"yoast-schema-graph\">{\"@context\":\"https:\\\/\\\/schema.org\",\"@graph\":[{\"@type\":\"WebPage\",\"@id\":\"https:\\\/\\\/niipit.dk\\\/qbyg-tomrer\\\/\",\"url\":\"https:\\\/\\\/niipit.dk\\\/qbyg-tomrer\\\/\",\"name\":\"Vi tilbyder \u2502 Professionelt t\u00f8mrerarbejde i Danmark \u2692\",\"isPartOf\":{\"@id\":\"https:\\\/\\\/niipit.dk\\\/qbyg-tomrer\\\/#website\"},\"datePublished\":\"2018-08-10T20:29:34+00:00\",\"dateModified\":\"2023-03-16T18:21:33+00:00\",\"description\":\"T\u00f8mrerfirma tilbyder alt inden for t\u00f8mrerfaget \u2502 Veludf\u00f8rt h\u00e5ndv\u00e6rk til fornuftige priser \u2502 Indhent et tilbud p\u00e5 dit byggeprojekt i dag \u2705\",\"breadcrumb\":{\"@id\":\"https:\\\/\\\/niipit.dk\\\/qbyg-tomrer\\\/#breadcrumb\"},\"inLanguage\":\"da-DK\",\"potentialAction\":[{\"@type\":\"ReadAction\",\"target\":[\"https:\\\/\\\/niipit.dk\\\/qbyg-tomrer\\\/\"]}]},{\"@type\":\"BreadcrumbList\",\"@id\":\"https:\\\/\\\/niipit.dk\\\/qbyg-tomrer\\\/#breadcrumb\",\"itemListElement\":[{\"@type\":\"ListItem\",\"position\":1,\"name\":\"Hjem\",\"item\":\"https:\\\/\\\/niipit.dk\\\/qbyg-tomrer\\\/\"},{\"@type\":\"ListItem\",\"position\":2,\"name\":\"Forside\"}]},{\"@type\":\"WebSite\",\"@id\":\"https:\\\/\\\/niipit.dk\\\/qbyg-tomrer\\\/#website\",\"url\":\"https:\\\/\\\/niipit.dk\\\/qbyg-tomrer\\\/\",\"name\":\"QByg T\u00f8mrer\",\"description\":\"t\u00f8mrer odsherred - holb\u00e6k\",\"potentialAction\":[{\"@type\":\"SearchAction\",\"target\":{\"@type\":\"EntryPoint\",\"urlTemplate\":\"https:\\\/\\\/niipit.dk\\\/qbyg-tomrer\\\/?s={search_term_string}\"},\"query-input\":{\"@type\":\"PropertyValueSpecification\",\"valueRequired\":true,\"valueName\":\"search_term_string\"}}],\"inLanguage\":\"da-DK\"}]}<\/script>\n<!-- \/ Yoast SEO Premium plugin. -->","yoast_head_json":{"title":"Vi tilbyder \u2502 Professionelt t\u00f8mrerarbejde i Danmark \u2692","description":"T\u00f8mrerfirma tilbyder alt inden for t\u00f8mrerfaget \u2502 Veludf\u00f8rt h\u00e5ndv\u00e6rk til fornuftige priser \u2502 Indhent et tilbud p\u00e5 dit byggeprojekt i dag \u2705","robots":{"index":"index","follow":"follow","max-snippet":"max-snippet:-1","max-image-preview":"max-image-preview:large","max-video-preview":"max-video-preview:-1"},"canonical":"https:\/\/niipit.dk\/qbyg-tomrer\/","og_locale":"da_DK","og_type":"article","og_title":"Vi tilbyder \u2502 Professionelt t\u00f8mrerarbejde i Danmark \u2692","og_description":"T\u00f8mrerfirma tilbyder alt inden for t\u00f8mrerfaget \u2502 Veludf\u00f8rt h\u00e5ndv\u00e6rk til fornuftige priser \u2502 Indhent et tilbud p\u00e5 dit byggeprojekt i dag \u2705","og_url":"https:\/\/niipit.dk\/qbyg-tomrer\/","og_site_name":"QByg T\u00f8mrer","article_modified_time":"2023-03-16T18:21:33+00:00","twitter_card":"summary_large_image","twitter_misc":{"Estimeret l\u00e6setid":"2 minutter"},"schema":{"@context":"https:\/\/schema.org","@graph":[{"@type":"WebPage","@id":"https:\/\/niipit.dk\/qbyg-tomrer\/","url":"https:\/\/niipit.dk\/qbyg-tomrer\/","name":"Vi tilbyder \u2502 Professionelt t\u00f8mrerarbejde i Danmark \u2692","isPartOf":{"@id":"https:\/\/niipit.dk\/qbyg-tomrer\/#website"},"datePublished":"2018-08-10T20:29:34+00:00","dateModified":"2023-03-16T18:21:33+00:00","description":"T\u00f8mrerfirma tilbyder alt inden for t\u00f8mrerfaget \u2502 Veludf\u00f8rt h\u00e5ndv\u00e6rk til fornuftige priser \u2502 Indhent et tilbud p\u00e5 dit byggeprojekt i dag \u2705","breadcrumb":{"@id":"https:\/\/niipit.dk\/qbyg-tomrer\/#breadcrumb"},"inLanguage":"da-DK","potentialAction":[{"@type":"ReadAction","target":["https:\/\/niipit.dk\/qbyg-tomrer\/"]}]},{"@type":"BreadcrumbList","@id":"https:\/\/niipit.dk\/qbyg-tomrer\/#breadcrumb","itemListElement":[{"@type":"ListItem","position":1,"name":"Hjem","item":"https:\/\/niipit.dk\/qbyg-tomrer\/"},{"@type":"ListItem","position":2,"name":"Forside"}]},{"@type":"WebSite","@id":"https:\/\/niipit.dk\/qbyg-tomrer\/#website","url":"https:\/\/niipit.dk\/qbyg-tomrer\/","name":"QByg T\u00f8mrer","description":"t\u00f8mrer odsherred - holb\u00e6k","potentialAction":[{"@type":"SearchAction","target":{"@type":"EntryPoint","urlTemplate":"https:\/\/niipit.dk\/qbyg-tomrer\/?s={search_term_string}"},"query-input":{"@type":"PropertyValueSpecification","valueRequired":true,"valueName":"search_term_string"}}],"inLanguage":"da-DK"}]}},"_links":{"self":[{"href":"https:\/\/niipit.dk\/qbyg-tomrer\/wp-json\/wp\/v2\/pages\/5064","targetHints":{"allow":["GET"]}}],"collection":[{"href":"https:\/\/niipit.dk\/qbyg-tomrer\/wp-json\/wp\/v2\/pages"}],"about":[{"href":"https:\/\/niipit.dk\/qbyg-tomrer\/wp-json\/wp\/v2\/types\/page"}],"author":[{"embeddable":true,"href":"https:\/\/niipit.dk\/qbyg-tomrer\/wp-json\/wp\/v2\/users\/1"}],"replies":[{"embeddable":true,"href":"https:\/\/niipit.dk\/qbyg-tomrer\/wp-json\/wp\/v2\/comments?post=5064"}],"version-history":[{"count":6,"href":"https:\/\/niipit.dk\/qbyg-tomrer\/wp-json\/wp\/v2\/pages\/5064\/revisions"}],"predecessor-version":[{"id":6110,"href":"https:\/\/niipit.dk\/qbyg-tomrer\/wp-json\/wp\/v2\/pages\/5064\/revisions\/6110"}],"wp:attachment":[{"href":"https:\/\/niipit.dk\/qbyg-tomrer\/wp-json\/wp\/v2\/media?parent=5064"}],"curies":[{"name":"wp","href":"https:\/\/api.w.org\/{rel}","templated":true}]}}