{"id":5064,"date":"2020-04-10T22:29:34","date_gmt":"2020-04-10T20:29:34","guid":{"rendered":"https:\/\/niipit.dk\/privatklinikkenageless-shop\/?page_id=5064"},"modified":"2021-04-25T09:32:34","modified_gmt":"2021-04-25T07:32:34","slug":"frontpage","status":"publish","type":"page","link":"https:\/\/niipit.dk\/privatklinikkenageless\/","title":{"rendered":"Forside"},"content":{"rendered":"\n<hr class=\"wp-block-separator\"\/>\n\n\n\n<h1 class=\"wp-block-heading\" id=\"h-privatklinikken-ageless-tilbyder-sk-nhedsbehandlinger-ved-hj-lp-af-innovative-teknikker\">Privatklinikken Ageless tilbyder sk\u00f8nhedsbehandlinger ved hj\u00e6lp af innovative teknikker<\/h1>\n\n\n\n<p>Du kender m\u00e5ske nogle af de traditionelle anti-aging behandlinger som botox, kirurgiske indgreb, diamantpeeling m.m., men der findes andre alternativer, hvis du \u00f8nsker at f\u00e5 foretaget en sk\u00f8nhedsbehandling, men vil undg\u00e5 kemi og kirurgiske indgreb. Kollagenlys, behandling med lys og varme, radiofrekvens behandling, HIFU og Cryo-teknologi er nogle af de nyeste behandlingsmetoder, der findes p\u00e5 markedet til at s\u00e6nke aldringsprocessen. Disse teknikker benytter <a href=\"https:\/\/www.privatklinikkenageless.dk\/\" target=\"_blank\" rel=\"noreferrer noopener\">Privatklinikken Ageless<\/a> sig af, hvor du blandt andet kan blive behandlet for akne, appelsinhud, rynker, l\u00f8s hud og andre hudproblemer, alt efter hvilken udfordring du \u00f8nsker at adressere.<\/p>\n\n\n\n<h2 class=\"wp-block-heading\" id=\"h-videnskabeligt-dokumenterede-behandlingsteknologier\">Videnskabeligt dokumenterede behandlingsteknologier<\/h2>\n\n\n\n<p>Modsat botox og plastikkirurgi er Privatklinikken Ageless\u2019 metoder til behandling af hudproblematikker hverken medicinske, kemiske, kirurgiske eller en stor \u00f8konomisk belastning. Derimod er behandlingerne naturlige og uden komplikationer for dig, og du bevarer dine personlige karakteristika blot i en forbedret udgave. Behandlingerne er videnskabeligt dokumenterede til at v\u00e6re virkningsfulde samtidig med, at de ikke er skadelige for huden. Hos Privatklinikken Ageless er du alts\u00e5 i gode og rutinerede h\u00e6nder.<\/p>\n\n\n\n<p>Mange mennesker er \u00e6rgerlige over at se alderstegn dukke op i form af rynker, misfarvninger, eller at huden ser tr\u00e6t ud. \u00c6ldningsprocessen er dog helt naturlig for alle mennesker, da huden langsomt bliver ringere til at forny sig, som tiden g\u00e5r. Produktionen af kollagen neds\u00e6ttes, jo \u00e6ldre man bliver, og det kommer til udtryk p\u00e5 huden. Kollagenproduktionen kan dog stimuleres ved hj\u00e6lp af kollagenlys. Behandlingen fungerer ved, at huden behandles med svag str\u00f8m, lys og varme, og den bidrager med en \u00f8jeblikkelig opstramning samt et glattere og mere ensartet udtryk p\u00e5 huden. Behandlingen er ikke skadelig for huden, men hj\u00e6lper derimod med at booste hudens egen produktion af kollagen.<\/p>\n\n\n\n<p>Privatklinikken Ageless tilbyder forskellige teknikker og teknologier, og uanset om du \u00f8nsker at opstramme huden eller f\u00e5 behandlet l\u00f8s hud, vil du med garanti synes godt om effekten af behandlingen.<\/p>\n","protected":false},"excerpt":{"rendered":"<p>Privatklinikken Ageless tilbyder sk\u00f8nhedsbehandlinger ved hj\u00e6lp af innovative teknikker Du kender m\u00e5ske nogle af de traditionelle anti-aging behandlinger som botox, kirurgiske indgreb, diamantpeeling m.m., men der findes andre alternativer, hvis du \u00f8nsker at f\u00e5 foretaget en sk\u00f8nhedsbehandling, men vil undg\u00e5 kemi og kirurgiske indgreb. Kollagenlys, behandling med lys og varme, radiofrekvens behandling, HIFU og Cryo-teknologi <a class=\"moretag btn btn-primary\" href=\"https:\/\/niipit.dk\/privatklinikkenageless\/\">L\u00e6s mere<\/a><\/p>\n","protected":false},"author":1,"featured_media":0,"parent":0,"menu_order":0,"comment_status":"closed","ping_status":"closed","template":"frontpagePremium.php","meta":{"_exactmetrics_skip_tracking":false,"_exactmetrics_sitenote_active":false,"_exactmetrics_sitenote_note":"","_exactmetrics_sitenote_category":0,"_monsterinsights_skip_tracking":false,"_monsterinsights_sitenote_active":false,"_monsterinsights_sitenote_note":"","_monsterinsights_sitenote_category":0,"footnotes":""},"class_list":["post-5064","page","type-page","status-publish","hentry"],"yoast_head":"<!-- This site is optimized with the Yoast SEO Premium plugin v16.3 (Yoast SEO v27.3) - https:\/\/yoast.com\/product\/yoast-seo-premium-wordpress\/ -->\n<title>Find vej til Sk\u00f8nhedsklinik i S\u00f8borg | Privatklinikken Ageless<\/title>\n<meta name=\"description\" content=\"Privatklinikken Ageless er din n\u00e6ste Sk\u00f8nhedsklinik | H\u00f8j faglighed og kvalitet hver gang | L\u00e6s mere her p\u00e5 siden\" \/>\n<meta name=\"robots\" content=\"index, follow, max-snippet:-1, max-image-preview:large, max-video-preview:-1\" \/>\n<link rel=\"canonical\" href=\"https:\/\/niipit.dk\/privatklinikkenageless\/\" \/>\n<meta property=\"og:locale\" content=\"da_DK\" \/>\n<meta property=\"og:type\" content=\"article\" \/>\n<meta property=\"og:title\" content=\"Find vej til Sk\u00f8nhedsklinik i S\u00f8borg | Privatklinikken Ageless\" \/>\n<meta property=\"og:description\" content=\"Privatklinikken Ageless er din n\u00e6ste Sk\u00f8nhedsklinik | H\u00f8j faglighed og kvalitet hver gang | L\u00e6s mere her p\u00e5 siden\" \/>\n<meta property=\"og:url\" content=\"https:\/\/niipit.dk\/privatklinikkenageless\/\" \/>\n<meta property=\"og:site_name\" content=\"Privatklinikken Ageless\" \/>\n<meta property=\"article:modified_time\" content=\"2021-04-25T07:32:34+00:00\" \/>\n<meta name=\"twitter:card\" content=\"summary_large_image\" \/>\n<meta name=\"twitter:label1\" content=\"Estimeret l\u00e6setid\" \/>\n\t<meta name=\"twitter:data1\" content=\"2 minutter\" \/>\n<script type=\"application\/ld+json\" class=\"yoast-schema-graph\">{\"@context\":\"https:\\\/\\\/schema.org\",\"@graph\":[{\"@type\":\"WebPage\",\"@id\":\"https:\\\/\\\/niipit.dk\\\/privatklinikkenageless\\\/\",\"url\":\"https:\\\/\\\/niipit.dk\\\/privatklinikkenageless\\\/\",\"name\":\"Find vej til Sk\u00f8nhedsklinik i S\u00f8borg | Privatklinikken Ageless\",\"isPartOf\":{\"@id\":\"https:\\\/\\\/niipit.dk\\\/privatklinikkenageless\\\/#website\"},\"datePublished\":\"2020-04-10T20:29:34+00:00\",\"dateModified\":\"2021-04-25T07:32:34+00:00\",\"description\":\"Privatklinikken Ageless er din n\u00e6ste Sk\u00f8nhedsklinik | H\u00f8j faglighed og kvalitet hver gang | L\u00e6s mere her p\u00e5 siden\",\"breadcrumb\":{\"@id\":\"https:\\\/\\\/niipit.dk\\\/privatklinikkenageless\\\/#breadcrumb\"},\"inLanguage\":\"da-DK\",\"potentialAction\":[{\"@type\":\"ReadAction\",\"target\":[\"https:\\\/\\\/niipit.dk\\\/privatklinikkenageless\\\/\"]}]},{\"@type\":\"BreadcrumbList\",\"@id\":\"https:\\\/\\\/niipit.dk\\\/privatklinikkenageless\\\/#breadcrumb\",\"itemListElement\":[{\"@type\":\"ListItem\",\"position\":1,\"name\":\"Hjem\",\"item\":\"https:\\\/\\\/niipit.dk\\\/privatklinikkenageless\\\/\"},{\"@type\":\"ListItem\",\"position\":2,\"name\":\"Forside\"}]},{\"@type\":\"WebSite\",\"@id\":\"https:\\\/\\\/niipit.dk\\\/privatklinikkenageless\\\/#website\",\"url\":\"https:\\\/\\\/niipit.dk\\\/privatklinikkenageless\\\/\",\"name\":\"Privatklinikken Ageless\",\"description\":\"Din Sk\u00f8nhedsklinik i K\u00f8benhavn \",\"potentialAction\":[{\"@type\":\"SearchAction\",\"target\":{\"@type\":\"EntryPoint\",\"urlTemplate\":\"https:\\\/\\\/niipit.dk\\\/privatklinikkenageless\\\/?s={search_term_string}\"},\"query-input\":{\"@type\":\"PropertyValueSpecification\",\"valueRequired\":true,\"valueName\":\"search_term_string\"}}],\"inLanguage\":\"da-DK\"}]}<\/script>\n<!-- \/ Yoast SEO Premium plugin. -->","yoast_head_json":{"title":"Find vej til Sk\u00f8nhedsklinik i S\u00f8borg | Privatklinikken Ageless","description":"Privatklinikken Ageless er din n\u00e6ste Sk\u00f8nhedsklinik | H\u00f8j faglighed og kvalitet hver gang | L\u00e6s mere her p\u00e5 siden","robots":{"index":"index","follow":"follow","max-snippet":"max-snippet:-1","max-image-preview":"max-image-preview:large","max-video-preview":"max-video-preview:-1"},"canonical":"https:\/\/niipit.dk\/privatklinikkenageless\/","og_locale":"da_DK","og_type":"article","og_title":"Find vej til Sk\u00f8nhedsklinik i S\u00f8borg | Privatklinikken Ageless","og_description":"Privatklinikken Ageless er din n\u00e6ste Sk\u00f8nhedsklinik | H\u00f8j faglighed og kvalitet hver gang | L\u00e6s mere her p\u00e5 siden","og_url":"https:\/\/niipit.dk\/privatklinikkenageless\/","og_site_name":"Privatklinikken Ageless","article_modified_time":"2021-04-25T07:32:34+00:00","twitter_card":"summary_large_image","twitter_misc":{"Estimeret l\u00e6setid":"2 minutter"},"schema":{"@context":"https:\/\/schema.org","@graph":[{"@type":"WebPage","@id":"https:\/\/niipit.dk\/privatklinikkenageless\/","url":"https:\/\/niipit.dk\/privatklinikkenageless\/","name":"Find vej til Sk\u00f8nhedsklinik i S\u00f8borg | Privatklinikken Ageless","isPartOf":{"@id":"https:\/\/niipit.dk\/privatklinikkenageless\/#website"},"datePublished":"2020-04-10T20:29:34+00:00","dateModified":"2021-04-25T07:32:34+00:00","description":"Privatklinikken Ageless er din n\u00e6ste Sk\u00f8nhedsklinik | H\u00f8j faglighed og kvalitet hver gang | L\u00e6s mere her p\u00e5 siden","breadcrumb":{"@id":"https:\/\/niipit.dk\/privatklinikkenageless\/#breadcrumb"},"inLanguage":"da-DK","potentialAction":[{"@type":"ReadAction","target":["https:\/\/niipit.dk\/privatklinikkenageless\/"]}]},{"@type":"BreadcrumbList","@id":"https:\/\/niipit.dk\/privatklinikkenageless\/#breadcrumb","itemListElement":[{"@type":"ListItem","position":1,"name":"Hjem","item":"https:\/\/niipit.dk\/privatklinikkenageless\/"},{"@type":"ListItem","position":2,"name":"Forside"}]},{"@type":"WebSite","@id":"https:\/\/niipit.dk\/privatklinikkenageless\/#website","url":"https:\/\/niipit.dk\/privatklinikkenageless\/","name":"Privatklinikken Ageless","description":"Din Sk\u00f8nhedsklinik i K\u00f8benhavn ","potentialAction":[{"@type":"SearchAction","target":{"@type":"EntryPoint","urlTemplate":"https:\/\/niipit.dk\/privatklinikkenageless\/?s={search_term_string}"},"query-input":{"@type":"PropertyValueSpecification","valueRequired":true,"valueName":"search_term_string"}}],"inLanguage":"da-DK"}]}},"_links":{"self":[{"href":"https:\/\/niipit.dk\/privatklinikkenageless\/wp-json\/wp\/v2\/pages\/5064","targetHints":{"allow":["GET"]}}],"collection":[{"href":"https:\/\/niipit.dk\/privatklinikkenageless\/wp-json\/wp\/v2\/pages"}],"about":[{"href":"https:\/\/niipit.dk\/privatklinikkenageless\/wp-json\/wp\/v2\/types\/page"}],"author":[{"embeddable":true,"href":"https:\/\/niipit.dk\/privatklinikkenageless\/wp-json\/wp\/v2\/users\/1"}],"replies":[{"embeddable":true,"href":"https:\/\/niipit.dk\/privatklinikkenageless\/wp-json\/wp\/v2\/comments?post=5064"}],"version-history":[{"count":1,"href":"https:\/\/niipit.dk\/privatklinikkenageless\/wp-json\/wp\/v2\/pages\/5064\/revisions"}],"predecessor-version":[{"id":5986,"href":"https:\/\/niipit.dk\/privatklinikkenageless\/wp-json\/wp\/v2\/pages\/5064\/revisions\/5986"}],"wp:attachment":[{"href":"https:\/\/niipit.dk\/privatklinikkenageless\/wp-json\/wp\/v2\/media?parent=5064"}],"curies":[{"name":"wp","href":"https:\/\/api.w.org\/{rel}","templated":true}]}}