{"id":5064,"date":"2020-04-10T22:29:34","date_gmt":"2020-04-10T20:29:34","guid":{"rendered":"https:\/\/niipit.dk\/primus-danmark-shop\/?page_id=5064"},"modified":"2021-08-16T12:51:55","modified_gmt":"2021-08-16T10:51:55","slug":"frontpage","status":"publish","type":"page","link":"https:\/\/niipit.dk\/primus-danmark\/","title":{"rendered":"Forside"},"content":{"rendered":"\n<hr class=\"wp-block-separator\"\/>\n\n\n\n<h1 class=\"wp-block-heading\" id=\"h-webshop-med-v-rkt-j\">Webshop med v\u00e6rkt\u00f8j<\/h1>\n\n\n\n<p>P\u00e5 internettet findes der rigtig mange forskellige hjemmesider hvor du kan finde v\u00e6rkt\u00f8j b\u00e5de brugt og nyt. <a href=\"https:\/\/www.primusdanmark.dk\/\" target=\"_blank\" rel=\"noreferrer noopener\">Primusdanmark.dk<\/a> er en af disse hjemmesider hvor du kan finde et rigtig stort udvalg af v\u00e6rkt\u00f8j.<\/p>\n\n\n\n<p>Hos Primus Danmark kan du finde et stort udvalg af v\u00e6rkt\u00f8jer til fordelagtige priser. Primus Danmark har altid et k\u00e6mpe udvalg af v\u00e6rkt\u00f8j, som du rigtig nemt kan finde inde p\u00e5 hjemmesiden. Uanset dine behov s\u00e5 kan du i n\u00e6sten alle tilf\u00e6lde finde pr\u00e6cis det du skal bruge hvad ang\u00e5r v\u00e6rkt\u00f8j.<\/p>\n\n\n\n<p>Primus Danmark handler med v\u00e6rkt\u00f8j til b\u00e5de private og h\u00e5ndv\u00e6rkere. Derudover importeres meget af v\u00e6rkt\u00f8jet direkte fra forskellige samarbejdspartnere som producerer v\u00e6rkt\u00f8jet. Dette er med til at give de gode priser og kvalitet som kunderne g\u00f8r brug af p\u00e5 daglig basis.<\/p>\n\n\n\n<p>N\u00e5r du kommer ind p\u00e5 hjemmesiden primusdanmark.dk, s\u00e5 vil du blive m\u00f8dt en oversigt over udvalgte produkter, samt venstre side alle kategorier af produkter.<br>Det kan v\u00e6re fordelagtigt for dig at k\u00f8be v\u00e6rkt\u00f8j online eftersom, at du kan f\u00e5 mere konkurrencedygtige priser og derfor mere for pengene. Derudover kan udvalget til tider v\u00e6re st\u00f8rre og nemmere at overskue, da man lettere kan navigere en hjemmeside fremfor et fysisk lokale.<\/p>\n\n\n\n<p>Derfor er der rigtig mange kunder som v\u00e6lger at k\u00f8be fra Primus Danmark gang p\u00e5 gang selvom at de har et stort byggemarked i n\u00e6rheden af dem.<\/p>\n\n\n\n<p>Udover webshoppen har Primus Danmark ogs\u00e5 en fysisk butik hvor du kan f\u00e5 r\u00e5dgivning og se de forskellige produkter som er p\u00e5 lager.<\/p>\n\n\n\n<p>Noget af det som Primus Danmark str\u00e6ber efter, er billige priser, hurtig levering og h\u00f8jlig betjening. Det betyder alts\u00e5 at priserne er skruet s\u00e5 langt ned som muligt. At levering som regel sker dag for dag, samt at ordre indsendt f\u00f8r kl. 12 sendes samme dag. Samtidig kan du blive betjening b\u00e5de p\u00e5 telefonen og i butikken.<\/p>\n","protected":false},"excerpt":{"rendered":"<p>Webshop med v\u00e6rkt\u00f8j P\u00e5 internettet findes der rigtig mange forskellige hjemmesider hvor du kan finde v\u00e6rkt\u00f8j b\u00e5de brugt og nyt. Primusdanmark.dk er en af disse hjemmesider hvor du kan finde et rigtig stort udvalg af v\u00e6rkt\u00f8j. Hos Primus Danmark kan du finde et stort udvalg af v\u00e6rkt\u00f8jer til fordelagtige priser. Primus Danmark har altid et <a class=\"moretag btn btn-primary\" href=\"https:\/\/niipit.dk\/primus-danmark\/\">L\u00e6s mere<\/a><\/p>\n","protected":false},"author":1,"featured_media":0,"parent":0,"menu_order":0,"comment_status":"closed","ping_status":"closed","template":"frontpagePremium.php","meta":{"_exactmetrics_skip_tracking":false,"_exactmetrics_sitenote_active":false,"_exactmetrics_sitenote_note":"","_exactmetrics_sitenote_category":0,"_monsterinsights_skip_tracking":false,"_monsterinsights_sitenote_active":false,"_monsterinsights_sitenote_note":"","_monsterinsights_sitenote_category":0,"footnotes":""},"class_list":["post-5064","page","type-page","status-publish","hentry"],"yoast_head":"<!-- This site is optimized with the Yoast SEO Premium plugin v16.3 (Yoast SEO v27.3) - https:\/\/yoast.com\/product\/yoast-seo-premium-wordpress\/ -->\n<title>Primus Danmark en webshop med stort udvalg af v\u00e6rkt\u00f8j<\/title>\n<meta name=\"description\" content=\"Primus Danmark er en k\u00e6mpe stor webshop der handler med v\u00e6rkt\u00f8j til b\u00e5de private og h\u00e5ndv\u00e6rkere. Vi sender hver dag.\" \/>\n<meta name=\"robots\" content=\"index, follow, max-snippet:-1, max-image-preview:large, max-video-preview:-1\" \/>\n<link rel=\"canonical\" href=\"https:\/\/niipit.dk\/primus-danmark\/\" \/>\n<meta property=\"og:locale\" content=\"da_DK\" \/>\n<meta property=\"og:type\" content=\"article\" \/>\n<meta property=\"og:title\" content=\"Primus Danmark en webshop med stort udvalg af v\u00e6rkt\u00f8j\" \/>\n<meta property=\"og:description\" content=\"Primus Danmark er en k\u00e6mpe stor webshop der handler med v\u00e6rkt\u00f8j til b\u00e5de private og h\u00e5ndv\u00e6rkere. Vi sender hver dag.\" \/>\n<meta property=\"og:url\" content=\"https:\/\/niipit.dk\/primus-danmark\/\" \/>\n<meta property=\"og:site_name\" content=\"Primus Danmark\" \/>\n<meta property=\"article:modified_time\" content=\"2021-08-16T10:51:55+00:00\" \/>\n<meta name=\"twitter:card\" content=\"summary_large_image\" \/>\n<meta name=\"twitter:label1\" content=\"Estimeret l\u00e6setid\" \/>\n\t<meta name=\"twitter:data1\" content=\"2 minutter\" \/>\n<script type=\"application\/ld+json\" class=\"yoast-schema-graph\">{\"@context\":\"https:\\\/\\\/schema.org\",\"@graph\":[{\"@type\":\"WebPage\",\"@id\":\"https:\\\/\\\/niipit.dk\\\/primus-danmark\\\/\",\"url\":\"https:\\\/\\\/niipit.dk\\\/primus-danmark\\\/\",\"name\":\"Primus Danmark en webshop med stort udvalg af v\u00e6rkt\u00f8j\",\"isPartOf\":{\"@id\":\"https:\\\/\\\/niipit.dk\\\/primus-danmark\\\/#website\"},\"datePublished\":\"2020-04-10T20:29:34+00:00\",\"dateModified\":\"2021-08-16T10:51:55+00:00\",\"description\":\"Primus Danmark er en k\u00e6mpe stor webshop der handler med v\u00e6rkt\u00f8j til b\u00e5de private og h\u00e5ndv\u00e6rkere. Vi sender hver dag.\",\"breadcrumb\":{\"@id\":\"https:\\\/\\\/niipit.dk\\\/primus-danmark\\\/#breadcrumb\"},\"inLanguage\":\"da-DK\",\"potentialAction\":[{\"@type\":\"ReadAction\",\"target\":[\"https:\\\/\\\/niipit.dk\\\/primus-danmark\\\/\"]}]},{\"@type\":\"BreadcrumbList\",\"@id\":\"https:\\\/\\\/niipit.dk\\\/primus-danmark\\\/#breadcrumb\",\"itemListElement\":[{\"@type\":\"ListItem\",\"position\":1,\"name\":\"Hjem\",\"item\":\"https:\\\/\\\/niipit.dk\\\/primus-danmark\\\/\"},{\"@type\":\"ListItem\",\"position\":2,\"name\":\"Forside\"}]},{\"@type\":\"WebSite\",\"@id\":\"https:\\\/\\\/niipit.dk\\\/primus-danmark\\\/#website\",\"url\":\"https:\\\/\\\/niipit.dk\\\/primus-danmark\\\/\",\"name\":\"Primus Danmark\",\"description\":\"Bliv set online med Niipit\",\"potentialAction\":[{\"@type\":\"SearchAction\",\"target\":{\"@type\":\"EntryPoint\",\"urlTemplate\":\"https:\\\/\\\/niipit.dk\\\/primus-danmark\\\/?s={search_term_string}\"},\"query-input\":{\"@type\":\"PropertyValueSpecification\",\"valueRequired\":true,\"valueName\":\"search_term_string\"}}],\"inLanguage\":\"da-DK\"}]}<\/script>\n<!-- \/ Yoast SEO Premium plugin. -->","yoast_head_json":{"title":"Primus Danmark en webshop med stort udvalg af v\u00e6rkt\u00f8j","description":"Primus Danmark er en k\u00e6mpe stor webshop der handler med v\u00e6rkt\u00f8j til b\u00e5de private og h\u00e5ndv\u00e6rkere. Vi sender hver dag.","robots":{"index":"index","follow":"follow","max-snippet":"max-snippet:-1","max-image-preview":"max-image-preview:large","max-video-preview":"max-video-preview:-1"},"canonical":"https:\/\/niipit.dk\/primus-danmark\/","og_locale":"da_DK","og_type":"article","og_title":"Primus Danmark en webshop med stort udvalg af v\u00e6rkt\u00f8j","og_description":"Primus Danmark er en k\u00e6mpe stor webshop der handler med v\u00e6rkt\u00f8j til b\u00e5de private og h\u00e5ndv\u00e6rkere. Vi sender hver dag.","og_url":"https:\/\/niipit.dk\/primus-danmark\/","og_site_name":"Primus Danmark","article_modified_time":"2021-08-16T10:51:55+00:00","twitter_card":"summary_large_image","twitter_misc":{"Estimeret l\u00e6setid":"2 minutter"},"schema":{"@context":"https:\/\/schema.org","@graph":[{"@type":"WebPage","@id":"https:\/\/niipit.dk\/primus-danmark\/","url":"https:\/\/niipit.dk\/primus-danmark\/","name":"Primus Danmark en webshop med stort udvalg af v\u00e6rkt\u00f8j","isPartOf":{"@id":"https:\/\/niipit.dk\/primus-danmark\/#website"},"datePublished":"2020-04-10T20:29:34+00:00","dateModified":"2021-08-16T10:51:55+00:00","description":"Primus Danmark er en k\u00e6mpe stor webshop der handler med v\u00e6rkt\u00f8j til b\u00e5de private og h\u00e5ndv\u00e6rkere. Vi sender hver dag.","breadcrumb":{"@id":"https:\/\/niipit.dk\/primus-danmark\/#breadcrumb"},"inLanguage":"da-DK","potentialAction":[{"@type":"ReadAction","target":["https:\/\/niipit.dk\/primus-danmark\/"]}]},{"@type":"BreadcrumbList","@id":"https:\/\/niipit.dk\/primus-danmark\/#breadcrumb","itemListElement":[{"@type":"ListItem","position":1,"name":"Hjem","item":"https:\/\/niipit.dk\/primus-danmark\/"},{"@type":"ListItem","position":2,"name":"Forside"}]},{"@type":"WebSite","@id":"https:\/\/niipit.dk\/primus-danmark\/#website","url":"https:\/\/niipit.dk\/primus-danmark\/","name":"Primus Danmark","description":"Bliv set online med Niipit","potentialAction":[{"@type":"SearchAction","target":{"@type":"EntryPoint","urlTemplate":"https:\/\/niipit.dk\/primus-danmark\/?s={search_term_string}"},"query-input":{"@type":"PropertyValueSpecification","valueRequired":true,"valueName":"search_term_string"}}],"inLanguage":"da-DK"}]}},"_links":{"self":[{"href":"https:\/\/niipit.dk\/primus-danmark\/wp-json\/wp\/v2\/pages\/5064","targetHints":{"allow":["GET"]}}],"collection":[{"href":"https:\/\/niipit.dk\/primus-danmark\/wp-json\/wp\/v2\/pages"}],"about":[{"href":"https:\/\/niipit.dk\/primus-danmark\/wp-json\/wp\/v2\/types\/page"}],"author":[{"embeddable":true,"href":"https:\/\/niipit.dk\/primus-danmark\/wp-json\/wp\/v2\/users\/1"}],"replies":[{"embeddable":true,"href":"https:\/\/niipit.dk\/primus-danmark\/wp-json\/wp\/v2\/comments?post=5064"}],"version-history":[{"count":2,"href":"https:\/\/niipit.dk\/primus-danmark\/wp-json\/wp\/v2\/pages\/5064\/revisions"}],"predecessor-version":[{"id":5994,"href":"https:\/\/niipit.dk\/primus-danmark\/wp-json\/wp\/v2\/pages\/5064\/revisions\/5994"}],"wp:attachment":[{"href":"https:\/\/niipit.dk\/primus-danmark\/wp-json\/wp\/v2\/media?parent=5064"}],"curies":[{"name":"wp","href":"https:\/\/api.w.org\/{rel}","templated":true}]}}