{"id":5761,"date":"2019-08-23T10:54:35","date_gmt":"2019-08-23T08:54:35","guid":{"rendered":"https:\/\/niipit.dk\/poulstrup-so-hundeskov\/?page_id=5761"},"modified":"2020-04-19T07:12:09","modified_gmt":"2020-04-19T05:12:09","slug":"om-hundeskoven","status":"publish","type":"page","link":"https:\/\/niipit.dk\/poulstrup-so-hundeskov\/om-hundeskoven\/","title":{"rendered":"Om Poulstrup S\u00f8 Hundeskov"},"content":{"rendered":"\n<p class=\"has-text-align-center\">Poulstrup S\u00f8 Hundeskov finder du ved Gultentorpvej mellem Visse og N\u00f8vling. Hundeskovens st\u00f8rrelsen er p\u00e5 1,6 ha. Den er indhegnet. Hundeskoven er en af 7 hundeskove i Aalborg<\/p>\n\n\n\n<p class=\"has-text-align-center\">Hundeskoven er fyldt med \u00e6ldre nobilisgraner. Desv\u00e6rre skete der en del stormfald efter januarorkanen i 2005, men det er stadigv\u00e6k muligt at lufte hunde i hundeskovens nordlige del, der finder hyggelige du stier under de m\u00f8rke graner.<\/p>\n\n\n\n<p class=\"has-text-align-center\">Omr\u00e5de er rigtig fint til tr\u00e6ning af \u00f8velsen \u201dfrit s\u00f8g\u201d hvor hunden kan \u00f8ve sig i at finde en genstand, eller \u00f8velser i at finde personer der er gemt et sted i granskoven. Hundeskove er gode tr\u00e6nings omr\u00e5der da der er mange dufte og lyde der let kan forstyrre hunden.<\/p>\n\n\n\n<p class=\"has-text-align-center\">Parkeringsplads til hundeskoven, f\u00f8lg indk\u00f8rsel fra Gultentorpvej. <\/p>\n\n\n\n<p class=\"has-text-align-center\">(Huske at holde omr\u00e5det p\u00e6nt rent)<\/p>\n\n\n\n<hr class=\"wp-block-separator\"\/>\n\n\n\n<p class=\"has-text-align-center\">Der findes pt ingen Facebook gruppe hvor du kan lave hundelegeaftaler<\/p>\n\n\n\n<div class=\"wp-block-button aligncenter\"><a class=\"wp-block-button__link has-text-color has-very-light-gray-color has-background has-vivid-cyan-blue-background-color\" href=\"mailto:support@niipit.dk\">Kontakt os gerne hvis du har en Facebook gruppe og hundeskoven<\/a><\/div>\n\n\n\n<p class=\"has-text-align-center\">Ses vi i Poulstrup S\u00f8 Hundeskov?<\/p>\n\n\n\n<div class=\"wp-block-image\"><figure class=\"aligncenter\"><img loading=\"lazy\" decoding=\"async\" width=\"1024\" height=\"536\" src=\"https:\/\/niipit.dk\/poulstrup-so-hundeskov\/wp-content\/uploads\/sites\/281\/2019\/08\/Poulstrup-S\u00f8-Hundeskov-Aalborg-1024x536.png\" alt=\"Poulstrup S\u00f8 Hundeskov Aalborg\" class=\"wp-image-5801\" srcset=\"https:\/\/niipit.dk\/poulstrup-so-hundeskov\/wp-content\/uploads\/sites\/281\/2019\/08\/Poulstrup-S\u00f8-Hundeskov-Aalborg-1024x536.png 1024w, https:\/\/niipit.dk\/poulstrup-so-hundeskov\/wp-content\/uploads\/sites\/281\/2019\/08\/Poulstrup-S\u00f8-Hundeskov-Aalborg-300x157.png 300w, https:\/\/niipit.dk\/poulstrup-so-hundeskov\/wp-content\/uploads\/sites\/281\/2019\/08\/Poulstrup-S\u00f8-Hundeskov-Aalborg-768x402.png 768w, https:\/\/niipit.dk\/poulstrup-so-hundeskov\/wp-content\/uploads\/sites\/281\/2019\/08\/Poulstrup-S\u00f8-Hundeskov-Aalborg-600x314.png 600w, https:\/\/niipit.dk\/poulstrup-so-hundeskov\/wp-content\/uploads\/sites\/281\/2019\/08\/Poulstrup-S\u00f8-Hundeskov-Aalborg.png 1238w\" sizes=\"auto, (max-width: 1024px) 100vw, 1024px\" \/><\/figure><\/div>\n\n\n\n<div class=\"wp-block-button aligncenter\"><a class=\"wp-block-button__link has-text-color has-very-light-gray-color has-background has-vivid-green-cyan-background-color\" href=\"https:\/\/niipit.dk\/vores-dyr-kategorier\/hundeskov\/\">Se flere hundeskove her<\/a><\/div>\n\n\n\n<div class=\"wp-block-button aligncenter\"><a class=\"wp-block-button__link has-text-color has-very-light-gray-color has-background has-vivid-cyan-blue-background-color\" href=\"https:\/\/www.facebook.com\/niipit.dk\/\">Se Niipits Facebook side her<\/a><\/div>\n","protected":false},"excerpt":{"rendered":"<p>Poulstrup S\u00f8 Hundeskov finder du ved Gultentorpvej mellem Visse og N\u00f8vling. Hundeskovens st\u00f8rrelsen er p\u00e5 1,6 ha. Den er indhegnet. Hundeskoven er en af 7 hundeskove i Aalborg Hundeskoven er fyldt med \u00e6ldre nobilisgraner. Desv\u00e6rre skete der en del stormfald efter januarorkanen i 2005, men det er stadigv\u00e6k muligt at lufte hunde i hundeskovens nordlige <a class=\"moretag btn btn-primary\" href=\"https:\/\/niipit.dk\/poulstrup-so-hundeskov\/om-hundeskoven\/\">L\u00e6s mere<\/a><\/p>\n","protected":false},"author":151,"featured_media":0,"parent":0,"menu_order":0,"comment_status":"closed","ping_status":"closed","template":"","meta":{"_exactmetrics_skip_tracking":false,"_exactmetrics_sitenote_active":false,"_exactmetrics_sitenote_note":"","_exactmetrics_sitenote_category":0,"_monsterinsights_skip_tracking":false,"_monsterinsights_sitenote_active":false,"_monsterinsights_sitenote_note":"","_monsterinsights_sitenote_category":0,"footnotes":""},"class_list":["post-5761","page","type-page","status-publish","hentry"],"yoast_head":"<!-- This site is optimized with the Yoast SEO Premium plugin v16.3 (Yoast SEO v27.5) - https:\/\/yoast.com\/product\/yoast-seo-premium-wordpress\/ -->\n<title>Poulstrup S\u00f8 hundeskov - Niipit Danmarks St\u00f8rse Online Markedsplads<\/title>\n<meta name=\"description\" content=\"Poulstrup S\u00f8 Hundeskov ved Aalborg. Se rutevejledning, billeder og faciliteter her p\u00e5 Niipit Vores Dyr. Find mange hundeskove her\" \/>\n<meta name=\"robots\" content=\"index, follow, max-snippet:-1, max-image-preview:large, max-video-preview:-1\" \/>\n<link rel=\"canonical\" href=\"https:\/\/niipit.dk\/poulstrup-so-hundeskov\/om-hundeskoven\/\" \/>\n<meta property=\"og:locale\" content=\"da_DK\" \/>\n<meta property=\"og:type\" content=\"article\" \/>\n<meta property=\"og:title\" content=\"Poulstrup S\u00f8 hundeskov - Niipit Danmarks St\u00f8rse Online Markedsplads\" \/>\n<meta property=\"og:description\" content=\"Poulstrup S\u00f8 Hundeskov ved Aalborg. Se rutevejledning, billeder og faciliteter her p\u00e5 Niipit Vores Dyr. Find mange hundeskove her\" \/>\n<meta property=\"og:url\" content=\"https:\/\/niipit.dk\/poulstrup-so-hundeskov\/om-hundeskoven\/\" \/>\n<meta property=\"og:site_name\" content=\"Poulstrup S\u00f8 hundeskov\" \/>\n<meta property=\"article:modified_time\" content=\"2020-04-19T05:12:09+00:00\" \/>\n<meta name=\"twitter:card\" content=\"summary_large_image\" \/>\n<meta name=\"twitter:label1\" content=\"Estimeret l\u00e6setid\" \/>\n\t<meta name=\"twitter:data1\" content=\"1 minut\" \/>\n<script type=\"application\/ld+json\" class=\"yoast-schema-graph\">{\"@context\":\"https:\\\/\\\/schema.org\",\"@graph\":[{\"@type\":\"WebPage\",\"@id\":\"https:\\\/\\\/niipit.dk\\\/poulstrup-so-hundeskov\\\/om-hundeskoven\\\/\",\"url\":\"https:\\\/\\\/niipit.dk\\\/poulstrup-so-hundeskov\\\/om-hundeskoven\\\/\",\"name\":\"Poulstrup S\u00f8 hundeskov - Niipit Danmarks St\u00f8rse Online Markedsplads\",\"isPartOf\":{\"@id\":\"https:\\\/\\\/niipit.dk\\\/poulstrup-so-hundeskov\\\/#website\"},\"datePublished\":\"2019-08-23T08:54:35+00:00\",\"dateModified\":\"2020-04-19T05:12:09+00:00\",\"description\":\"Poulstrup S\u00f8 Hundeskov ved Aalborg. Se rutevejledning, billeder og faciliteter her p\u00e5 Niipit Vores Dyr. Find mange hundeskove her\",\"breadcrumb\":{\"@id\":\"https:\\\/\\\/niipit.dk\\\/poulstrup-so-hundeskov\\\/om-hundeskoven\\\/#breadcrumb\"},\"inLanguage\":\"da-DK\",\"potentialAction\":[{\"@type\":\"ReadAction\",\"target\":[\"https:\\\/\\\/niipit.dk\\\/poulstrup-so-hundeskov\\\/om-hundeskoven\\\/\"]}]},{\"@type\":\"BreadcrumbList\",\"@id\":\"https:\\\/\\\/niipit.dk\\\/poulstrup-so-hundeskov\\\/om-hundeskoven\\\/#breadcrumb\",\"itemListElement\":[{\"@type\":\"ListItem\",\"position\":1,\"name\":\"Hjem\",\"item\":\"https:\\\/\\\/niipit.dk\\\/poulstrup-so-hundeskov\\\/\"},{\"@type\":\"ListItem\",\"position\":2,\"name\":\"Om Poulstrup S\u00f8 Hundeskov\"}]},{\"@type\":\"WebSite\",\"@id\":\"https:\\\/\\\/niipit.dk\\\/poulstrup-so-hundeskov\\\/#website\",\"url\":\"https:\\\/\\\/niipit.dk\\\/poulstrup-so-hundeskov\\\/\",\"name\":\"Poulstrup S\u00f8 hundeskov\",\"description\":\"F\u00e5 din virksomhed p\u00e5 niipit\",\"potentialAction\":[{\"@type\":\"SearchAction\",\"target\":{\"@type\":\"EntryPoint\",\"urlTemplate\":\"https:\\\/\\\/niipit.dk\\\/poulstrup-so-hundeskov\\\/?s={search_term_string}\"},\"query-input\":{\"@type\":\"PropertyValueSpecification\",\"valueRequired\":true,\"valueName\":\"search_term_string\"}}],\"inLanguage\":\"da-DK\"}]}<\/script>\n<!-- \/ Yoast SEO Premium plugin. -->","yoast_head_json":{"title":"Poulstrup S\u00f8 hundeskov - Niipit Danmarks St\u00f8rse Online Markedsplads","description":"Poulstrup S\u00f8 Hundeskov ved Aalborg. Se rutevejledning, billeder og faciliteter her p\u00e5 Niipit Vores Dyr. Find mange hundeskove her","robots":{"index":"index","follow":"follow","max-snippet":"max-snippet:-1","max-image-preview":"max-image-preview:large","max-video-preview":"max-video-preview:-1"},"canonical":"https:\/\/niipit.dk\/poulstrup-so-hundeskov\/om-hundeskoven\/","og_locale":"da_DK","og_type":"article","og_title":"Poulstrup S\u00f8 hundeskov - Niipit Danmarks St\u00f8rse Online Markedsplads","og_description":"Poulstrup S\u00f8 Hundeskov ved Aalborg. Se rutevejledning, billeder og faciliteter her p\u00e5 Niipit Vores Dyr. Find mange hundeskove her","og_url":"https:\/\/niipit.dk\/poulstrup-so-hundeskov\/om-hundeskoven\/","og_site_name":"Poulstrup S\u00f8 hundeskov","article_modified_time":"2020-04-19T05:12:09+00:00","twitter_card":"summary_large_image","twitter_misc":{"Estimeret l\u00e6setid":"1 minut"},"schema":{"@context":"https:\/\/schema.org","@graph":[{"@type":"WebPage","@id":"https:\/\/niipit.dk\/poulstrup-so-hundeskov\/om-hundeskoven\/","url":"https:\/\/niipit.dk\/poulstrup-so-hundeskov\/om-hundeskoven\/","name":"Poulstrup S\u00f8 hundeskov - Niipit Danmarks St\u00f8rse Online Markedsplads","isPartOf":{"@id":"https:\/\/niipit.dk\/poulstrup-so-hundeskov\/#website"},"datePublished":"2019-08-23T08:54:35+00:00","dateModified":"2020-04-19T05:12:09+00:00","description":"Poulstrup S\u00f8 Hundeskov ved Aalborg. Se rutevejledning, billeder og faciliteter her p\u00e5 Niipit Vores Dyr. Find mange hundeskove her","breadcrumb":{"@id":"https:\/\/niipit.dk\/poulstrup-so-hundeskov\/om-hundeskoven\/#breadcrumb"},"inLanguage":"da-DK","potentialAction":[{"@type":"ReadAction","target":["https:\/\/niipit.dk\/poulstrup-so-hundeskov\/om-hundeskoven\/"]}]},{"@type":"BreadcrumbList","@id":"https:\/\/niipit.dk\/poulstrup-so-hundeskov\/om-hundeskoven\/#breadcrumb","itemListElement":[{"@type":"ListItem","position":1,"name":"Hjem","item":"https:\/\/niipit.dk\/poulstrup-so-hundeskov\/"},{"@type":"ListItem","position":2,"name":"Om Poulstrup S\u00f8 Hundeskov"}]},{"@type":"WebSite","@id":"https:\/\/niipit.dk\/poulstrup-so-hundeskov\/#website","url":"https:\/\/niipit.dk\/poulstrup-so-hundeskov\/","name":"Poulstrup S\u00f8 hundeskov","description":"F\u00e5 din virksomhed p\u00e5 niipit","potentialAction":[{"@type":"SearchAction","target":{"@type":"EntryPoint","urlTemplate":"https:\/\/niipit.dk\/poulstrup-so-hundeskov\/?s={search_term_string}"},"query-input":{"@type":"PropertyValueSpecification","valueRequired":true,"valueName":"search_term_string"}}],"inLanguage":"da-DK"}]}},"_links":{"self":[{"href":"https:\/\/niipit.dk\/poulstrup-so-hundeskov\/wp-json\/wp\/v2\/pages\/5761","targetHints":{"allow":["GET"]}}],"collection":[{"href":"https:\/\/niipit.dk\/poulstrup-so-hundeskov\/wp-json\/wp\/v2\/pages"}],"about":[{"href":"https:\/\/niipit.dk\/poulstrup-so-hundeskov\/wp-json\/wp\/v2\/types\/page"}],"author":[{"embeddable":true,"href":"https:\/\/niipit.dk\/poulstrup-so-hundeskov\/wp-json\/wp\/v2\/users\/151"}],"replies":[{"embeddable":true,"href":"https:\/\/niipit.dk\/poulstrup-so-hundeskov\/wp-json\/wp\/v2\/comments?post=5761"}],"version-history":[{"count":0,"href":"https:\/\/niipit.dk\/poulstrup-so-hundeskov\/wp-json\/wp\/v2\/pages\/5761\/revisions"}],"wp:attachment":[{"href":"https:\/\/niipit.dk\/poulstrup-so-hundeskov\/wp-json\/wp\/v2\/media?parent=5761"}],"curies":[{"name":"wp","href":"https:\/\/api.w.org\/{rel}","templated":true}]}}