{"id":5064,"date":"2020-04-10T22:29:34","date_gmt":"2020-04-10T20:29:34","guid":{"rendered":"https:\/\/niipit.dk\/plastikkirurgi-shop\/?page_id=5064"},"modified":"2020-09-07T00:06:31","modified_gmt":"2020-09-06T22:06:31","slug":"frontpage","status":"publish","type":"page","link":"https:\/\/niipit.dk\/plastikkirurgi\/","title":{"rendered":"Forside"},"content":{"rendered":"\n<hr class=\"wp-block-separator\"\/>\n\n\n\n<h2 class=\"wp-block-heading\">Pfeiffer Plastikkirurgi<\/h2>\n\n\n\n<p>Pfeiffer Plastikkirurgi tilbyder plastikkirurgi i deres klinik placeret i Roskilde. Teamet best\u00e5r af specialister og eksperterne indenfor brystforst\u00f8rrelse, brystl\u00f8ft og lignende kosmetisk plastikkirurgi.<\/p>\n\n\n\n<p>Behandlinger<\/p>\n\n\n\n<p>Pfeiffer Plastikkirurgi tilbyder en lang r\u00e6kke behandlinger hvoriblandt disse 3 typer kirurgi er meget popul\u00e6re:<br>&#8211; Ansigtskirurgi<br>&#8211; Brystkirurgi<br>&#8211; Kropskirurgi<\/p>\n\n\n\n<p>P\u00e5 hjemmesiden vil man kunne l\u00e6se mere om de specifikke behandlinger, samt generelle informationer s\u00e5som pris, bookingtider og lignende. Derudover har siden et bredt udvalg af f\u00f8r\/efter billeder, som kan give en god id\u00e9 om hvad man kan forvente efter behandlingen. Denne <a href=\"https:\/\/plastikkirurgi.dk\/plastikkirurgi\/brystoperation\/\" target=\"_blank\" rel=\"noreferrer noopener\">side<\/a> er is\u00e6r informativ n\u00e5r det g\u00e6lder bryst-relaterede operationer.<\/p>\n\n\n\n<p>Ofte vil man kunne finde alt information p\u00e5 hjemmesiden, men hvis dette ikke er tilf\u00e6ldet, s\u00e5 skal man v\u00e6re velkommen til at komme med feedback, som kan hj\u00e6lpe dig og andre kommende l\u00e6sere i fremtiden. Man kan sende en mail til mailen p\u00e5 denne Niipit profil eller i bunden af deres hjemmeside. Her er det vigtigt, at man g\u00f8re det klart og tydeligt hvad der skal \u00e6ndres for, at g\u00f8re din oplevelse endnu bedre.<\/p>\n\n\n\n<p>Klinikken er yderst professionel hvilket kan ses p\u00e5 diverse anmeldelses sider<br>&#8211; Google: 4,8 stjerner ud af 16 anmeldelser<br>&#8211; Trustpilot: 4,8 stjerner ud af 56 anmeldelser<\/p>\n\n\n\n<p>Overst\u00e5ende anmeldelser taler for sig selv, men hvis man gerne vil finde flere anmeldelser vil man godt kunne s\u00f8ge p\u00e5 blandt andet Facebook, Mylooks og andre f\u00e6llesskaber hvor man diskuterer plastikkirurgi i f\u00e6llesskab.<\/p>\n\n\n\n<p>Pfeiffers hjemmeside er gennemsigtig og giver muligheden for, at l\u00e6se priserne p\u00e5 de specifikke behandlinger, samt information om hvordan processen er for behandlingen. Dette kan v\u00e6re med til, at give ro i kroppen og g\u00f8re beslutningen mere klar n\u00e5r man ikke forvirres af frygt af uvished.<\/p>\n\n\n\n<p>Hvis man har behov for, at h\u00f8re om en specifik behandling vil man let kunne komme i kontakt med deres team ved, at give et opkald og aftale en tid til en dialog.<\/p>\n\n\n\n<p>Klinikken tager i mod folk fra hele Danmark af selvom, at klinikken kun er placeret i Roskilde. Derfor skal man ikke t\u00f8ve med, at kontakte Pfeiffer selvom, at man befinder sig p\u00e5 fx Fyn eller i Jylland.<\/p>\n\n\n\n<p>Klinikken har \u00e5ben alle hverdage og er i dette tidsrum klar til, at hj\u00e6lpe dig p\u00e5 vej. Man kan l\u00e6se mere om de specifikke \u00e5bningstider p\u00e5 deres hjemmeside eller andre medier.<\/p>\n","protected":false},"excerpt":{"rendered":"<p>Pfeiffer Plastikkirurgi Pfeiffer Plastikkirurgi tilbyder plastikkirurgi i deres klinik placeret i Roskilde. Teamet best\u00e5r af specialister og eksperterne indenfor brystforst\u00f8rrelse, brystl\u00f8ft og lignende kosmetisk plastikkirurgi. Behandlinger Pfeiffer Plastikkirurgi tilbyder en lang r\u00e6kke behandlinger hvoriblandt disse 3 typer kirurgi er meget popul\u00e6re:&#8211; Ansigtskirurgi&#8211; Brystkirurgi&#8211; Kropskirurgi P\u00e5 hjemmesiden vil man kunne l\u00e6se mere om de specifikke behandlinger, <a class=\"moretag btn btn-primary\" href=\"https:\/\/niipit.dk\/plastikkirurgi\/\">L\u00e6s mere<\/a><\/p>\n","protected":false},"author":1,"featured_media":0,"parent":0,"menu_order":0,"comment_status":"closed","ping_status":"closed","template":"frontpagePremium.php","meta":{"_exactmetrics_skip_tracking":false,"_exactmetrics_sitenote_active":false,"_exactmetrics_sitenote_note":"","_exactmetrics_sitenote_category":0,"_monsterinsights_skip_tracking":false,"_monsterinsights_sitenote_active":false,"_monsterinsights_sitenote_note":"","_monsterinsights_sitenote_category":0,"footnotes":""},"class_list":["post-5064","page","type-page","status-publish","hentry"],"yoast_head":"<!-- This site is optimized with the Yoast SEO Premium plugin v16.3 (Yoast SEO v27.2) - https:\/\/yoast.com\/product\/yoast-seo-premium-wordpress\/ -->\n<title>Pfeiffer Plastikkirurgi har deres klinik placeret i Roskilde.<\/title>\n<meta name=\"description\" content=\"Teamet best\u00e5r af specialister og eksperterne indenfor brystforst\u00f8rrelse, brystl\u00f8ft og lignende kosmetisk plastikkirurgi.\" \/>\n<meta name=\"robots\" content=\"index, follow, max-snippet:-1, max-image-preview:large, max-video-preview:-1\" \/>\n<link rel=\"canonical\" href=\"https:\/\/niipit.dk\/plastikkirurgi\/\" \/>\n<meta property=\"og:locale\" content=\"da_DK\" \/>\n<meta property=\"og:type\" content=\"article\" \/>\n<meta property=\"og:title\" content=\"Pfeiffer Plastikkirurgi har deres klinik placeret i Roskilde.\" \/>\n<meta property=\"og:description\" content=\"Teamet best\u00e5r af specialister og eksperterne indenfor brystforst\u00f8rrelse, brystl\u00f8ft og lignende kosmetisk plastikkirurgi.\" \/>\n<meta property=\"og:url\" content=\"https:\/\/niipit.dk\/plastikkirurgi\/\" \/>\n<meta property=\"og:site_name\" content=\"Plastikkirurgi\" \/>\n<meta property=\"article:modified_time\" content=\"2020-09-06T22:06:31+00:00\" \/>\n<meta name=\"twitter:card\" content=\"summary_large_image\" \/>\n<meta name=\"twitter:label1\" content=\"Estimeret l\u00e6setid\" \/>\n\t<meta name=\"twitter:data1\" content=\"2 minutter\" \/>\n<script type=\"application\/ld+json\" class=\"yoast-schema-graph\">{\"@context\":\"https:\/\/schema.org\",\"@graph\":[{\"@type\":\"WebPage\",\"@id\":\"https:\/\/niipit.dk\/plastikkirurgi\/\",\"url\":\"https:\/\/niipit.dk\/plastikkirurgi\/\",\"name\":\"Pfeiffer Plastikkirurgi har deres klinik placeret i Roskilde.\",\"isPartOf\":{\"@id\":\"https:\/\/niipit.dk\/plastikkirurgi\/#website\"},\"datePublished\":\"2020-04-10T20:29:34+00:00\",\"dateModified\":\"2020-09-06T22:06:31+00:00\",\"description\":\"Teamet best\u00e5r af specialister og eksperterne indenfor brystforst\u00f8rrelse, brystl\u00f8ft og lignende kosmetisk plastikkirurgi.\",\"breadcrumb\":{\"@id\":\"https:\/\/niipit.dk\/plastikkirurgi\/#breadcrumb\"},\"inLanguage\":\"da-DK\",\"potentialAction\":[{\"@type\":\"ReadAction\",\"target\":[\"https:\/\/niipit.dk\/plastikkirurgi\/\"]}]},{\"@type\":\"BreadcrumbList\",\"@id\":\"https:\/\/niipit.dk\/plastikkirurgi\/#breadcrumb\",\"itemListElement\":[{\"@type\":\"ListItem\",\"position\":1,\"name\":\"Hjem\",\"item\":\"https:\/\/niipit.dk\/plastikkirurgi\/\"},{\"@type\":\"ListItem\",\"position\":2,\"name\":\"Forside\"}]},{\"@type\":\"WebSite\",\"@id\":\"https:\/\/niipit.dk\/plastikkirurgi\/#website\",\"url\":\"https:\/\/niipit.dk\/plastikkirurgi\/\",\"name\":\"Plastikkirurgi\",\"description\":\"- indenfor brystforst\u00f8rrelse og brystl\u00f8ft\",\"potentialAction\":[{\"@type\":\"SearchAction\",\"target\":{\"@type\":\"EntryPoint\",\"urlTemplate\":\"https:\/\/niipit.dk\/plastikkirurgi\/?s={search_term_string}\"},\"query-input\":{\"@type\":\"PropertyValueSpecification\",\"valueRequired\":true,\"valueName\":\"search_term_string\"}}],\"inLanguage\":\"da-DK\"}]}<\/script>\n<!-- \/ Yoast SEO Premium plugin. -->","yoast_head_json":{"title":"Pfeiffer Plastikkirurgi har deres klinik placeret i Roskilde.","description":"Teamet best\u00e5r af specialister og eksperterne indenfor brystforst\u00f8rrelse, brystl\u00f8ft og lignende kosmetisk plastikkirurgi.","robots":{"index":"index","follow":"follow","max-snippet":"max-snippet:-1","max-image-preview":"max-image-preview:large","max-video-preview":"max-video-preview:-1"},"canonical":"https:\/\/niipit.dk\/plastikkirurgi\/","og_locale":"da_DK","og_type":"article","og_title":"Pfeiffer Plastikkirurgi har deres klinik placeret i Roskilde.","og_description":"Teamet best\u00e5r af specialister og eksperterne indenfor brystforst\u00f8rrelse, brystl\u00f8ft og lignende kosmetisk plastikkirurgi.","og_url":"https:\/\/niipit.dk\/plastikkirurgi\/","og_site_name":"Plastikkirurgi","article_modified_time":"2020-09-06T22:06:31+00:00","twitter_card":"summary_large_image","twitter_misc":{"Estimeret l\u00e6setid":"2 minutter"},"schema":{"@context":"https:\/\/schema.org","@graph":[{"@type":"WebPage","@id":"https:\/\/niipit.dk\/plastikkirurgi\/","url":"https:\/\/niipit.dk\/plastikkirurgi\/","name":"Pfeiffer Plastikkirurgi har deres klinik placeret i Roskilde.","isPartOf":{"@id":"https:\/\/niipit.dk\/plastikkirurgi\/#website"},"datePublished":"2020-04-10T20:29:34+00:00","dateModified":"2020-09-06T22:06:31+00:00","description":"Teamet best\u00e5r af specialister og eksperterne indenfor brystforst\u00f8rrelse, brystl\u00f8ft og lignende kosmetisk plastikkirurgi.","breadcrumb":{"@id":"https:\/\/niipit.dk\/plastikkirurgi\/#breadcrumb"},"inLanguage":"da-DK","potentialAction":[{"@type":"ReadAction","target":["https:\/\/niipit.dk\/plastikkirurgi\/"]}]},{"@type":"BreadcrumbList","@id":"https:\/\/niipit.dk\/plastikkirurgi\/#breadcrumb","itemListElement":[{"@type":"ListItem","position":1,"name":"Hjem","item":"https:\/\/niipit.dk\/plastikkirurgi\/"},{"@type":"ListItem","position":2,"name":"Forside"}]},{"@type":"WebSite","@id":"https:\/\/niipit.dk\/plastikkirurgi\/#website","url":"https:\/\/niipit.dk\/plastikkirurgi\/","name":"Plastikkirurgi","description":"- indenfor brystforst\u00f8rrelse og brystl\u00f8ft","potentialAction":[{"@type":"SearchAction","target":{"@type":"EntryPoint","urlTemplate":"https:\/\/niipit.dk\/plastikkirurgi\/?s={search_term_string}"},"query-input":{"@type":"PropertyValueSpecification","valueRequired":true,"valueName":"search_term_string"}}],"inLanguage":"da-DK"}]}},"_links":{"self":[{"href":"https:\/\/niipit.dk\/plastikkirurgi\/wp-json\/wp\/v2\/pages\/5064","targetHints":{"allow":["GET"]}}],"collection":[{"href":"https:\/\/niipit.dk\/plastikkirurgi\/wp-json\/wp\/v2\/pages"}],"about":[{"href":"https:\/\/niipit.dk\/plastikkirurgi\/wp-json\/wp\/v2\/types\/page"}],"author":[{"embeddable":true,"href":"https:\/\/niipit.dk\/plastikkirurgi\/wp-json\/wp\/v2\/users\/1"}],"replies":[{"embeddable":true,"href":"https:\/\/niipit.dk\/plastikkirurgi\/wp-json\/wp\/v2\/comments?post=5064"}],"version-history":[{"count":0,"href":"https:\/\/niipit.dk\/plastikkirurgi\/wp-json\/wp\/v2\/pages\/5064\/revisions"}],"wp:attachment":[{"href":"https:\/\/niipit.dk\/plastikkirurgi\/wp-json\/wp\/v2\/media?parent=5064"}],"curies":[{"name":"wp","href":"https:\/\/api.w.org\/{rel}","templated":true}]}}