{"id":5729,"date":"2019-05-14T14:35:10","date_gmt":"2019-05-14T12:35:10","guid":{"rendered":"https:\/\/niipit.dk\/pixojet\/?page_id=5729"},"modified":"2019-12-09T10:16:27","modified_gmt":"2019-12-09T09:16:27","slug":"video","status":"publish","type":"page","link":"https:\/\/niipit.dk\/pixojet\/video\/","title":{"rendered":"Video"},"content":{"rendered":"\n<figure class=\"wp-block-embed-youtube wp-block-embed is-type-video is-provider-youtube wp-embed-aspect-16-9 wp-has-aspect-ratio\"><div class=\"wp-block-embed__wrapper\">\n<iframe loading=\"lazy\" title=\"SERO gaming s\u00e6t PRO\" width=\"1170\" height=\"658\" src=\"https:\/\/www.youtube.com\/embed\/FsgINeiqfnI?feature=oembed\" frameborder=\"0\" allow=\"accelerometer; autoplay; clipboard-write; encrypted-media; gyroscope; picture-in-picture\" allowfullscreen><\/iframe>\n<\/div><\/figure>\n\n\n\n<figure class=\"wp-block-embed-youtube wp-block-embed is-type-video is-provider-youtube wp-embed-aspect-16-9 wp-has-aspect-ratio\"><div class=\"wp-block-embed__wrapper\">\n<iframe loading=\"lazy\" title=\"Check how it spins!  \u2728Magsmarters with light from PIXOJET!\" width=\"1170\" height=\"658\" src=\"https:\/\/www.youtube.com\/embed\/IENW4pvSqU0?feature=oembed\" frameborder=\"0\" allow=\"accelerometer; autoplay; clipboard-write; encrypted-media; gyroscope; picture-in-picture\" allowfullscreen><\/iframe>\n<\/div><\/figure>\n\n\n\n<figure class=\"wp-block-embed-youtube wp-block-embed is-type-video is-provider-youtube wp-embed-aspect-4-3 wp-has-aspect-ratio\"><div class=\"wp-block-embed__wrapper\">\n<iframe loading=\"lazy\" title=\"Elephant glass (6D curved) sk\u00e6rmbeskyttelse m. privacy filter til iPhone\" width=\"1170\" height=\"878\" src=\"https:\/\/www.youtube.com\/embed\/qiecyLU998o?feature=oembed\" frameborder=\"0\" allow=\"accelerometer; autoplay; clipboard-write; encrypted-media; gyroscope; picture-in-picture\" allowfullscreen><\/iframe>\n<\/div><\/figure>\n\n\n\n<figure class=\"wp-block-embed-youtube wp-block-embed is-type-video is-provider-youtube wp-embed-aspect-16-9 wp-has-aspect-ratio\"><div class=\"wp-block-embed__wrapper\">\n<iframe loading=\"lazy\" title=\"Smart og nem 3D printer, hvordan betjener jeg min 3D printer\" width=\"1170\" height=\"658\" src=\"https:\/\/www.youtube.com\/embed\/GS6S2obbRiI?feature=oembed\" frameborder=\"0\" allow=\"accelerometer; autoplay; clipboard-write; encrypted-media; gyroscope; picture-in-picture\" allowfullscreen><\/iframe>\n<\/div><\/figure>\n\n\n\n<figure class=\"wp-block-embed-youtube wp-block-embed is-type-video is-provider-youtube wp-embed-aspect-4-3 wp-has-aspect-ratio\"><div class=\"wp-block-embed__wrapper\">\n<iframe loading=\"lazy\" title=\"Mini Segway \/ Segboard from Pixojet\" width=\"1170\" height=\"878\" src=\"https:\/\/www.youtube.com\/embed\/ZSwn3hZQ5Bw?feature=oembed\" frameborder=\"0\" allow=\"accelerometer; autoplay; clipboard-write; encrypted-media; gyroscope; picture-in-picture\" allowfullscreen><\/iframe>\n<\/div><\/figure>\n\n\n\n<figure class=\"wp-block-embed-youtube wp-block-embed is-type-video is-provider-youtube wp-embed-aspect-4-3 wp-has-aspect-ratio\"><div class=\"wp-block-embed__wrapper\">\n<iframe loading=\"lazy\" title=\"LED lys  med levende flamme ii bogkasse\" width=\"1170\" height=\"878\" src=\"https:\/\/www.youtube.com\/embed\/cok6PtgJyjI?feature=oembed\" frameborder=\"0\" allow=\"accelerometer; autoplay; clipboard-write; encrypted-media; gyroscope; picture-in-picture\" allowfullscreen><\/iframe>\n<\/div><\/figure>\n\n\n\n<figure class=\"wp-block-embed-youtube wp-block-embed is-type-video is-provider-youtube wp-embed-aspect-4-3 wp-has-aspect-ratio\"><div class=\"wp-block-embed__wrapper\">\n<iframe loading=\"lazy\" title=\"LED light in the garden\" width=\"1170\" height=\"878\" src=\"https:\/\/www.youtube.com\/embed\/gCifXD6LV_0?feature=oembed\" frameborder=\"0\" allow=\"accelerometer; autoplay; clipboard-write; encrypted-media; gyroscope; picture-in-picture\" allowfullscreen><\/iframe>\n<\/div><\/figure>\n\n\n\n<figure class=\"wp-block-embed-youtube wp-block-embed is-type-video is-provider-youtube wp-embed-aspect-16-9 wp-has-aspect-ratio\"><div class=\"wp-block-embed__wrapper\">\n<iframe loading=\"lazy\" title=\"bluetooth h\u00f8jttaler.\" width=\"1170\" height=\"658\" src=\"https:\/\/www.youtube.com\/embed\/owqJBC4KfLI?feature=oembed\" frameborder=\"0\" allow=\"accelerometer; autoplay; clipboard-write; encrypted-media; gyroscope; picture-in-picture\" allowfullscreen><\/iframe>\n<\/div><\/figure>\n","protected":false},"excerpt":{"rendered":"","protected":false},"author":151,"featured_media":0,"parent":0,"menu_order":0,"comment_status":"closed","ping_status":"closed","template":"","meta":{"_exactmetrics_skip_tracking":false,"_exactmetrics_sitenote_active":false,"_exactmetrics_sitenote_note":"","_exactmetrics_sitenote_category":0,"_monsterinsights_skip_tracking":false,"_monsterinsights_sitenote_active":false,"_monsterinsights_sitenote_note":"","_monsterinsights_sitenote_category":0,"footnotes":""},"class_list":["post-5729","page","type-page","status-publish","hentry"],"yoast_head":"<!-- This site is optimized with the Yoast SEO plugin v27.4 - https:\/\/yoast.com\/product\/yoast-seo-wordpress\/ -->\n<title>Pixojet Video - Se flere af vores popul\u00e6rer varer her.<\/title>\n<meta name=\"description\" content=\"Pixojet Video - er for dig der gerne vil se varen i brug inden du k\u00f8ber den. Se vores gaming tastatur med lys i. Bestil i dag og f\u00e5 leveret i morgen.\" \/>\n<meta name=\"robots\" content=\"index, follow, max-snippet:-1, max-image-preview:large, max-video-preview:-1\" \/>\n<link rel=\"canonical\" href=\"http:\/\/niipit.dk\/pixojet\/video\/\" \/>\n<meta property=\"og:locale\" content=\"da_DK\" \/>\n<meta property=\"og:type\" content=\"article\" \/>\n<meta property=\"og:title\" content=\"Pixojet Video - Se flere af vores popul\u00e6rer varer her.\" \/>\n<meta property=\"og:description\" content=\"Pixojet Video - er for dig der gerne vil se varen i brug inden du k\u00f8ber den. Se vores gaming tastatur med lys i. Bestil i dag og f\u00e5 leveret i morgen.\" \/>\n<meta property=\"og:url\" content=\"http:\/\/niipit.dk\/pixojet\/video\/\" \/>\n<meta property=\"og:site_name\" content=\"Pixojet\" \/>\n<meta property=\"article:modified_time\" content=\"2019-12-09T09:16:27+00:00\" \/>\n<meta name=\"twitter:card\" content=\"summary_large_image\" \/>\n<script type=\"application\/ld+json\" class=\"yoast-schema-graph\">{\"@context\":\"https:\\\/\\\/schema.org\",\"@graph\":[{\"@type\":\"WebPage\",\"@id\":\"http:\\\/\\\/niipit.dk\\\/pixojet\\\/video\\\/\",\"url\":\"http:\\\/\\\/niipit.dk\\\/pixojet\\\/video\\\/\",\"name\":\"Pixojet Video - Se flere af vores popul\u00e6rer varer her.\",\"isPartOf\":{\"@id\":\"https:\\\/\\\/niipit.dk\\\/pixojet\\\/#website\"},\"datePublished\":\"2019-05-14T12:35:10+00:00\",\"dateModified\":\"2019-12-09T09:16:27+00:00\",\"description\":\"Pixojet Video - er for dig der gerne vil se varen i brug inden du k\u00f8ber den. Se vores gaming tastatur med lys i. Bestil i dag og f\u00e5 leveret i morgen.\",\"breadcrumb\":{\"@id\":\"http:\\\/\\\/niipit.dk\\\/pixojet\\\/video\\\/#breadcrumb\"},\"inLanguage\":\"da-DK\",\"potentialAction\":[{\"@type\":\"ReadAction\",\"target\":[\"http:\\\/\\\/niipit.dk\\\/pixojet\\\/video\\\/\"]}]},{\"@type\":\"BreadcrumbList\",\"@id\":\"http:\\\/\\\/niipit.dk\\\/pixojet\\\/video\\\/#breadcrumb\",\"itemListElement\":[{\"@type\":\"ListItem\",\"position\":1,\"name\":\"Hjem\",\"item\":\"https:\\\/\\\/niipit.dk\\\/pixojet\\\/\"},{\"@type\":\"ListItem\",\"position\":2,\"name\":\"Video\"}]},{\"@type\":\"WebSite\",\"@id\":\"https:\\\/\\\/niipit.dk\\\/pixojet\\\/#website\",\"url\":\"https:\\\/\\\/niipit.dk\\\/pixojet\\\/\",\"name\":\"Pixojet\",\"description\":\"BL\u00c6KPATRONER, TONERE OG TILBEH\u00d8R\",\"potentialAction\":[{\"@type\":\"SearchAction\",\"target\":{\"@type\":\"EntryPoint\",\"urlTemplate\":\"https:\\\/\\\/niipit.dk\\\/pixojet\\\/?s={search_term_string}\"},\"query-input\":{\"@type\":\"PropertyValueSpecification\",\"valueRequired\":true,\"valueName\":\"search_term_string\"}}],\"inLanguage\":\"da-DK\"}]}<\/script>\n<!-- \/ Yoast SEO plugin. -->","yoast_head_json":{"title":"Pixojet Video - Se flere af vores popul\u00e6rer varer her.","description":"Pixojet Video - er for dig der gerne vil se varen i brug inden du k\u00f8ber den. Se vores gaming tastatur med lys i. Bestil i dag og f\u00e5 leveret i morgen.","robots":{"index":"index","follow":"follow","max-snippet":"max-snippet:-1","max-image-preview":"max-image-preview:large","max-video-preview":"max-video-preview:-1"},"canonical":"http:\/\/niipit.dk\/pixojet\/video\/","og_locale":"da_DK","og_type":"article","og_title":"Pixojet Video - Se flere af vores popul\u00e6rer varer her.","og_description":"Pixojet Video - er for dig der gerne vil se varen i brug inden du k\u00f8ber den. Se vores gaming tastatur med lys i. Bestil i dag og f\u00e5 leveret i morgen.","og_url":"http:\/\/niipit.dk\/pixojet\/video\/","og_site_name":"Pixojet","article_modified_time":"2019-12-09T09:16:27+00:00","twitter_card":"summary_large_image","schema":{"@context":"https:\/\/schema.org","@graph":[{"@type":"WebPage","@id":"http:\/\/niipit.dk\/pixojet\/video\/","url":"http:\/\/niipit.dk\/pixojet\/video\/","name":"Pixojet Video - Se flere af vores popul\u00e6rer varer her.","isPartOf":{"@id":"https:\/\/niipit.dk\/pixojet\/#website"},"datePublished":"2019-05-14T12:35:10+00:00","dateModified":"2019-12-09T09:16:27+00:00","description":"Pixojet Video - er for dig der gerne vil se varen i brug inden du k\u00f8ber den. Se vores gaming tastatur med lys i. Bestil i dag og f\u00e5 leveret i morgen.","breadcrumb":{"@id":"http:\/\/niipit.dk\/pixojet\/video\/#breadcrumb"},"inLanguage":"da-DK","potentialAction":[{"@type":"ReadAction","target":["http:\/\/niipit.dk\/pixojet\/video\/"]}]},{"@type":"BreadcrumbList","@id":"http:\/\/niipit.dk\/pixojet\/video\/#breadcrumb","itemListElement":[{"@type":"ListItem","position":1,"name":"Hjem","item":"https:\/\/niipit.dk\/pixojet\/"},{"@type":"ListItem","position":2,"name":"Video"}]},{"@type":"WebSite","@id":"https:\/\/niipit.dk\/pixojet\/#website","url":"https:\/\/niipit.dk\/pixojet\/","name":"Pixojet","description":"BL\u00c6KPATRONER, TONERE OG TILBEH\u00d8R","potentialAction":[{"@type":"SearchAction","target":{"@type":"EntryPoint","urlTemplate":"https:\/\/niipit.dk\/pixojet\/?s={search_term_string}"},"query-input":{"@type":"PropertyValueSpecification","valueRequired":true,"valueName":"search_term_string"}}],"inLanguage":"da-DK"}]}},"_links":{"self":[{"href":"https:\/\/niipit.dk\/pixojet\/wp-json\/wp\/v2\/pages\/5729","targetHints":{"allow":["GET"]}}],"collection":[{"href":"https:\/\/niipit.dk\/pixojet\/wp-json\/wp\/v2\/pages"}],"about":[{"href":"https:\/\/niipit.dk\/pixojet\/wp-json\/wp\/v2\/types\/page"}],"author":[{"embeddable":true,"href":"https:\/\/niipit.dk\/pixojet\/wp-json\/wp\/v2\/users\/151"}],"replies":[{"embeddable":true,"href":"https:\/\/niipit.dk\/pixojet\/wp-json\/wp\/v2\/comments?post=5729"}],"version-history":[{"count":0,"href":"https:\/\/niipit.dk\/pixojet\/wp-json\/wp\/v2\/pages\/5729\/revisions"}],"wp:attachment":[{"href":"https:\/\/niipit.dk\/pixojet\/wp-json\/wp\/v2\/media?parent=5729"}],"curies":[{"name":"wp","href":"https:\/\/api.w.org\/{rel}","templated":true}]}}