{"id":5064,"date":"2018-08-10T22:29:34","date_gmt":"2018-08-10T20:29:34","guid":{"rendered":"https:\/\/niipit.dk\/pixojet\/?page_id=5064"},"modified":"2026-03-02T20:40:35","modified_gmt":"2026-03-02T19:40:35","slug":"frontpage","status":"publish","type":"page","link":"https:\/\/niipit.dk\/pixojet\/","title":{"rendered":"Forside"},"content":{"rendered":"\n<hr class=\"wp-block-separator has-css-opacity\"\/>\n\n\n\n<p>Mangler du priner eller udstyr til din printer s\u00e5 er du landet det rette sted<br> BL\u00c6KPATRONER, TONERE OG TILBEH\u00d8R<br> Finder du her I shoppen.<\/p>\n\n\n\n<hr class=\"wp-block-separator has-css-opacity\"\/>\n\n\n\n<p>Om du mangler papir, toner, bl\u00e6k, printer, labels, eller labelprinter s\u00e5 g\u00e5r du ikke forg\u00e6ves, du kan finde n\u00e6sten alt.<\/p>\n\n\n\n<p>Hvis det er kontorartikler lige fra paperclips til h\u00e6ftemaskine, blyanter, kalender, demo, post-it,regnemaskiner, ringbind eller blok s\u00e5 kan du ogs\u00e5 finde det hele her.<\/p>\n\n\n\n<hr class=\"wp-block-separator has-css-opacity\"\/>\n\n\n\n<p>N\u00e6sten uanset hvilken printer model du har s\u00e5 kan vi hj\u00e6lpe dig. Vi har udstyr til disse printere, <br> Du kan b\u00e5de finde refill bl\u00e6k og combopakker.<\/p>\n\n\n\n<hr class=\"wp-block-separator has-css-opacity\"\/>\n\n\n\n<div class=\"wp-block-columns is-layout-flex wp-container-core-columns-is-layout-9d6595d7 wp-block-columns-is-layout-flex\">\n<div class=\"wp-block-column is-layout-flow wp-block-column-is-layout-flow\">\n<p>&nbsp;BROTHER DCP<\/p>\n\n\n\n<p>&nbsp;BROTHER FAX<\/p>\n\n\n\n<p>&nbsp;BROTHER HL<\/p>\n\n\n\n<p>&nbsp;BROTHER MFC<\/p>\n\n\n\n<hr class=\"wp-block-separator has-css-opacity\"\/>\n\n\n\n<p>HP DESKJET<\/p>\n\n\n\n<p>HP ENVY<\/p>\n\n\n\n<p>HP FAX<\/p>\n\n\n\n<p>HP OFFICEJET<\/p>\n\n\n\n<p>HP PAGEWIDE<\/p>\n\n\n\n<p>&nbsp;HP PHOTOSMART<\/p>\n\n\n\n<p>HP PSC<\/p>\n\n\n\n<hr class=\"wp-block-separator has-css-opacity\"\/>\n\n\n\n<p>&nbsp;SAMSUNG MSYS 4700<\/p>\n\n\n\n<p>&nbsp;SAMSUNG MSYS 4800<\/p>\n\n\n\n<p>SAMSUNG SCX 1000<\/p>\n\n\n\n<p>SAMSUNG SCX 1100<\/p>\n\n\n\n<p>&nbsp;SAMSUNG SCX 1150<\/p>\n\n\n\n<p>&nbsp;SAMSUNG SCX 1150F<\/p>\n\n\n\n<p>&nbsp;SAMSUNG SF 3000<\/p>\n\n\n\n<p>&nbsp;SAMSUNG SF 3100<\/p>\n\n\n\n<p>&nbsp;SAMSUNG SF 3100 P<\/p>\n\n\n\n<p>&nbsp;SAMSUNG SF 3150<\/p>\n\n\n\n<p>&nbsp;SAMSUNG SF 3150SF<\/p>\n<\/div>\n\n\n\n<div class=\"wp-block-column is-layout-flow wp-block-column-is-layout-flow\">\n<p>CANNON BJC<\/p>\n\n\n\n<p>CANNON FAX<\/p>\n\n\n\n<p>CANNON PIXMA<\/p>\n\n\n\n<p>CANNON PIXUS<\/p>\n\n\n\n<p>CANNON 550-551&nbsp;<\/p>\n\n\n\n<hr class=\"wp-block-separator has-css-opacity\"\/>\n\n\n\n<p>&nbsp;KODAK ESP 310<\/p>\n\n\n\n<p>&nbsp;KODAK ESP 315<\/p>\n\n\n\n<p>&nbsp;KODAK HERO 5.1<\/p>\n\n\n\n<p>&nbsp;KODAK OFFICE 2150<\/p>\n\n\n\n<p>&nbsp;KODAK OFFICE 2170<\/p>\n\n\n\n<p>&nbsp;KODAK PM 100<\/p>\n\n\n\n<hr class=\"wp-block-separator has-css-opacity\"\/>\n\n\n\n<p>&nbsp;SAMSUNG SF 4000<\/p>\n\n\n\n<p>&nbsp;SAMSUNG SF 4100<\/p>\n\n\n\n<p>&nbsp;SAMSUNG SF 4200<\/p>\n\n\n\n<p>&nbsp;SAMSUNG SF 4500<\/p>\n\n\n\n<p>&nbsp;SAMSUNG SF 4500 C<\/p>\n\n\n\n<p>&nbsp;SAMSUNG SF 4700<\/p>\n\n\n\n<p>SAMSUNG SF 4700C<\/p>\n<\/div>\n\n\n\n<div class=\"wp-block-column is-layout-flow wp-block-column-is-layout-flow\">\n<p>EPSON DICPRODUCER<\/p>\n\n\n\n<p>EPSON EXPRESSION<\/p>\n\n\n\n<p>EPSON STYLUS C<\/p>\n\n\n\n<p>EPSON STYLUS COLOR<\/p>\n\n\n\n<p>&nbsp;EPSON STYLUS CX<\/p>\n\n\n\n<p>EPSON STYLUS D<\/p>\n\n\n\n<p>EPSON STYLUS DX<\/p>\n\n\n\n<p>EPSON STYLUS PHOTO<\/p>\n\n\n\n<p>EPSON STYLUS PRO<\/p>\n\n\n\n<p>&nbsp;EPSON STYLUS S<\/p>\n\n\n\n<p>&nbsp;EPSON STYLUS SX<\/p>\n\n\n\n<p>&nbsp;EPSON WORKFORCE<\/p>\n\n\n\n<hr class=\"wp-block-separator has-css-opacity\"\/>\n\n\n\n<p>&nbsp;LEXMARK P<\/p>\n\n\n\n<p>&nbsp;LEXMARK X<\/p>\n\n\n\n<p>&nbsp;LEXMARK Z<\/p>\n\n\n\n<hr class=\"wp-block-separator has-css-opacity\"\/>\n\n\n\n<p>&nbsp;SAMSUNG SMARTJET PRINTER<\/p>\n<\/div>\n<\/div>\n\n\n\n<p><br><\/p>\n","protected":false},"excerpt":{"rendered":"<p>Mangler du priner eller udstyr til din printer s\u00e5 er du landet det rette sted BL\u00c6KPATRONER, TONERE OG TILBEH\u00d8R Finder du her I shoppen. Om du mangler papir, toner, bl\u00e6k, printer, labels, eller labelprinter s\u00e5 g\u00e5r du ikke forg\u00e6ves, du kan finde n\u00e6sten alt. Hvis det er kontorartikler lige fra paperclips til h\u00e6ftemaskine, blyanter, kalender, <a class=\"moretag btn btn-primary\" href=\"https:\/\/niipit.dk\/pixojet\/\">L\u00e6s mere<\/a><\/p>\n","protected":false},"author":932,"featured_media":0,"parent":0,"menu_order":0,"comment_status":"closed","ping_status":"closed","template":"frontpagePremium.php","meta":{"_exactmetrics_skip_tracking":false,"_exactmetrics_sitenote_active":false,"_exactmetrics_sitenote_note":"","_exactmetrics_sitenote_category":0,"_monsterinsights_skip_tracking":false,"_monsterinsights_sitenote_active":false,"_monsterinsights_sitenote_note":"","_monsterinsights_sitenote_category":0,"footnotes":""},"class_list":["post-5064","page","type-page","status-publish","hentry"],"yoast_head":"<!-- This site is optimized with the Yoast SEO plugin v27.2 - https:\/\/yoast.com\/product\/yoast-seo-wordpress\/ -->\n<title>Printer- Pixojet - Niipit - F\u00e5 rabat hver gang du handler<\/title>\n<meta name=\"description\" content=\"Printer, tilbeh\u00f8r, farver, kontorartikler \u2705 Her hos PIXOJET finder du det hele \u2705 Niipit har rabatter til dig som du ikke finder andre steder \u2705 F\u00e5 rabat her\" \/>\n<meta name=\"robots\" content=\"index, follow, max-snippet:-1, max-image-preview:large, max-video-preview:-1\" \/>\n<link rel=\"canonical\" href=\"https:\/\/niipit.dk\/pixojet\/\" \/>\n<meta property=\"og:locale\" content=\"da_DK\" \/>\n<meta property=\"og:type\" content=\"article\" \/>\n<meta property=\"og:title\" content=\"Printer- Pixojet - Niipit - F\u00e5 rabat hver gang du handler\" \/>\n<meta property=\"og:description\" content=\"Printer, tilbeh\u00f8r, farver, kontorartikler \u2705 Her hos PIXOJET finder du det hele \u2705 Niipit har rabatter til dig som du ikke finder andre steder \u2705 F\u00e5 rabat her\" \/>\n<meta property=\"og:url\" content=\"https:\/\/niipit.dk\/pixojet\/\" \/>\n<meta property=\"og:site_name\" content=\"Pixojet\" \/>\n<meta property=\"article:modified_time\" content=\"2026-03-02T19:40:35+00:00\" \/>\n<meta name=\"twitter:card\" content=\"summary_large_image\" \/>\n<meta name=\"twitter:label1\" content=\"Estimeret l\u00e6setid\" \/>\n\t<meta name=\"twitter:data1\" content=\"2 minutter\" \/>\n<script type=\"application\/ld+json\" class=\"yoast-schema-graph\">{\"@context\":\"https:\/\/schema.org\",\"@graph\":[{\"@type\":\"WebPage\",\"@id\":\"https:\/\/niipit.dk\/pixojet\/\",\"url\":\"https:\/\/niipit.dk\/pixojet\/\",\"name\":\"Printer- Pixojet - Niipit - F\u00e5 rabat hver gang du handler\",\"isPartOf\":{\"@id\":\"https:\/\/niipit.dk\/pixojet\/#website\"},\"datePublished\":\"2018-08-10T20:29:34+00:00\",\"dateModified\":\"2026-03-02T19:40:35+00:00\",\"description\":\"Printer, tilbeh\u00f8r, farver, kontorartikler \u2705 Her hos PIXOJET finder du det hele \u2705 Niipit har rabatter til dig som du ikke finder andre steder \u2705 F\u00e5 rabat her\",\"breadcrumb\":{\"@id\":\"https:\/\/niipit.dk\/pixojet\/#breadcrumb\"},\"inLanguage\":\"da-DK\",\"potentialAction\":[{\"@type\":\"ReadAction\",\"target\":[\"https:\/\/niipit.dk\/pixojet\/\"]}]},{\"@type\":\"BreadcrumbList\",\"@id\":\"https:\/\/niipit.dk\/pixojet\/#breadcrumb\",\"itemListElement\":[{\"@type\":\"ListItem\",\"position\":1,\"name\":\"Hjem\",\"item\":\"https:\/\/niipit.dk\/pixojet\/\"},{\"@type\":\"ListItem\",\"position\":2,\"name\":\"Forside\"}]},{\"@type\":\"WebSite\",\"@id\":\"https:\/\/niipit.dk\/pixojet\/#website\",\"url\":\"https:\/\/niipit.dk\/pixojet\/\",\"name\":\"Pixojet\",\"description\":\"BL\u00c6KPATRONER, TONERE OG TILBEH\u00d8R\",\"potentialAction\":[{\"@type\":\"SearchAction\",\"target\":{\"@type\":\"EntryPoint\",\"urlTemplate\":\"https:\/\/niipit.dk\/pixojet\/?s={search_term_string}\"},\"query-input\":{\"@type\":\"PropertyValueSpecification\",\"valueRequired\":true,\"valueName\":\"search_term_string\"}}],\"inLanguage\":\"da-DK\"}]}<\/script>\n<!-- \/ Yoast SEO plugin. -->","yoast_head_json":{"title":"Printer- Pixojet - Niipit - F\u00e5 rabat hver gang du handler","description":"Printer, tilbeh\u00f8r, farver, kontorartikler \u2705 Her hos PIXOJET finder du det hele \u2705 Niipit har rabatter til dig som du ikke finder andre steder \u2705 F\u00e5 rabat her","robots":{"index":"index","follow":"follow","max-snippet":"max-snippet:-1","max-image-preview":"max-image-preview:large","max-video-preview":"max-video-preview:-1"},"canonical":"https:\/\/niipit.dk\/pixojet\/","og_locale":"da_DK","og_type":"article","og_title":"Printer- Pixojet - Niipit - F\u00e5 rabat hver gang du handler","og_description":"Printer, tilbeh\u00f8r, farver, kontorartikler \u2705 Her hos PIXOJET finder du det hele \u2705 Niipit har rabatter til dig som du ikke finder andre steder \u2705 F\u00e5 rabat her","og_url":"https:\/\/niipit.dk\/pixojet\/","og_site_name":"Pixojet","article_modified_time":"2026-03-02T19:40:35+00:00","twitter_card":"summary_large_image","twitter_misc":{"Estimeret l\u00e6setid":"2 minutter"},"schema":{"@context":"https:\/\/schema.org","@graph":[{"@type":"WebPage","@id":"https:\/\/niipit.dk\/pixojet\/","url":"https:\/\/niipit.dk\/pixojet\/","name":"Printer- Pixojet - Niipit - F\u00e5 rabat hver gang du handler","isPartOf":{"@id":"https:\/\/niipit.dk\/pixojet\/#website"},"datePublished":"2018-08-10T20:29:34+00:00","dateModified":"2026-03-02T19:40:35+00:00","description":"Printer, tilbeh\u00f8r, farver, kontorartikler \u2705 Her hos PIXOJET finder du det hele \u2705 Niipit har rabatter til dig som du ikke finder andre steder \u2705 F\u00e5 rabat her","breadcrumb":{"@id":"https:\/\/niipit.dk\/pixojet\/#breadcrumb"},"inLanguage":"da-DK","potentialAction":[{"@type":"ReadAction","target":["https:\/\/niipit.dk\/pixojet\/"]}]},{"@type":"BreadcrumbList","@id":"https:\/\/niipit.dk\/pixojet\/#breadcrumb","itemListElement":[{"@type":"ListItem","position":1,"name":"Hjem","item":"https:\/\/niipit.dk\/pixojet\/"},{"@type":"ListItem","position":2,"name":"Forside"}]},{"@type":"WebSite","@id":"https:\/\/niipit.dk\/pixojet\/#website","url":"https:\/\/niipit.dk\/pixojet\/","name":"Pixojet","description":"BL\u00c6KPATRONER, TONERE OG TILBEH\u00d8R","potentialAction":[{"@type":"SearchAction","target":{"@type":"EntryPoint","urlTemplate":"https:\/\/niipit.dk\/pixojet\/?s={search_term_string}"},"query-input":{"@type":"PropertyValueSpecification","valueRequired":true,"valueName":"search_term_string"}}],"inLanguage":"da-DK"}]}},"_links":{"self":[{"href":"https:\/\/niipit.dk\/pixojet\/wp-json\/wp\/v2\/pages\/5064","targetHints":{"allow":["GET"]}}],"collection":[{"href":"https:\/\/niipit.dk\/pixojet\/wp-json\/wp\/v2\/pages"}],"about":[{"href":"https:\/\/niipit.dk\/pixojet\/wp-json\/wp\/v2\/types\/page"}],"author":[{"embeddable":true,"href":"https:\/\/niipit.dk\/pixojet\/wp-json\/wp\/v2\/users\/932"}],"replies":[{"embeddable":true,"href":"https:\/\/niipit.dk\/pixojet\/wp-json\/wp\/v2\/comments?post=5064"}],"version-history":[{"count":1,"href":"https:\/\/niipit.dk\/pixojet\/wp-json\/wp\/v2\/pages\/5064\/revisions"}],"predecessor-version":[{"id":6898,"href":"https:\/\/niipit.dk\/pixojet\/wp-json\/wp\/v2\/pages\/5064\/revisions\/6898"}],"wp:attachment":[{"href":"https:\/\/niipit.dk\/pixojet\/wp-json\/wp\/v2\/media?parent=5064"}],"curies":[{"name":"wp","href":"https:\/\/api.w.org\/{rel}","templated":true}]}}