{"id":5064,"date":"2018-08-10T22:29:34","date_gmt":"2018-08-10T20:29:34","guid":{"rendered":"https:\/\/niipit.dk\/pensopay\/?page_id=5064"},"modified":"2019-11-29T13:32:12","modified_gmt":"2019-11-29T12:32:12","slug":"frontpage","status":"publish","type":"page","link":"https:\/\/niipit.dk\/pensopay\/","title":{"rendered":"Forside"},"content":{"rendered":"\n<hr class=\"wp-block-separator\"\/>\n\n\n\n<h4 class=\"wp-block-heading\">Webshop<\/h4>\n\n\n\n<p>Har du planer om at lave en webshop og s\u00e6lge dine vare derfra? <br>Eller har du allerede en hjemmeside hvor du s\u00e6lger varer eller ydelser.<\/p>\n\n\n\n<p>Hvordan betaler dine kunder til dig?<br>Alle kan s\u00e6tte deres shop op til at folk kan betale via bank overf\u00f8rsel men mange kunder har ikke tid eller overskud til at k\u00f8be deres vare p\u00e5 den m\u00e5de. Ligeledes s\u00e5 er kunderne heller ikke sikret p\u00e5 samme m\u00e5de ved en bank overf\u00f8rsel som de er hvis de svinger plastikkortet.<\/p>\n\n\n\n<h4 class=\"wp-block-heading\">Betalingsl\u00f8sning<\/h4>\n\n\n\n<p>Har du overvejet en online betalingsl\u00f8sning til din webshop?<br>S\u00e5 er der nogle ting du skal g\u00f8re op med dig selv inden du v\u00e6lger en udbyder.<br>F\u00f8rst skal du g\u00f8re op med dig selv om du kan f\u00e5 hj\u00e6lp til at s\u00e6tte det hele op.<br>S\u00e5 skal du bestemme dig for hvilke kort kunderne m\u00e5 betale med.<br>Du skal finde ud af om du vil modtage penge via mobilpay.<br>Og du skal finde ud af hvor stort dit behov er og om du nemt kan opgraderer.<br>Og sidst men ikke minds skal du g\u00f8re op med dig selv om du vil betale en h\u00f8jere % pr betaling eller om du vil betale et fast gebyr p\u00e5 m\u00e5ned og en mindre %<\/p>\n\n\n\n<p>N\u00e5r du har en webshop s\u00e5 betaler folk for din vare. De penge skal gerne ende p\u00e5 din egen bank konto s\u00e5 hurtigt som muligt og s\u00e5 billige som muligt.<br>Som det er i dag s\u00e5 er der mange der tilbyder dig at du kan komme i gang for 0 kr pr m\u00e5ned og det er ofte fristende men hvis du bare har 20-25 kunder der k\u00f8ber hos dig om m\u00e5neden s\u00e5 kan det meget bedre betale sig at k\u00f8be en fastaftale og betale et fast gebyr pr m\u00e5ned.<\/p>\n\n\n\n<p>Det kan v\u00e6re en jungle at finde rundt i og der er mange kompliceret l\u00f8sninger til din webshop. <\/p>\n\n\n\n<h4 class=\"wp-block-heading\">Uforpligtende snak<\/h4>\n\n\n\n<p>Hvis du har lyst s\u00e5 ring til os og f\u00e5 en snak om hvad du kan f\u00e5 ud af at f\u00e5 dine betalinger gennem os.<br>Her hj\u00e6lper vi nemlig med at s\u00e6tte det tekniske op.<br>P\u00e5 vores hjemmeside kan du selv lave handelsbetingelser p\u00e5 f\u00e5 minutter.<br>Du f\u00e5r adgang til telefon support alle ugens dage.<br>Du f\u00e5r nogle af markeds bedste priser.<\/p>\n\n\n\n<p><\/p>\n","protected":false},"excerpt":{"rendered":"<p>Webshop Har du planer om at lave en webshop og s\u00e6lge dine vare derfra? Eller har du allerede en hjemmeside hvor du s\u00e6lger varer eller ydelser. Hvordan betaler dine kunder til dig?Alle kan s\u00e6tte deres shop op til at folk kan betale via bank overf\u00f8rsel men mange kunder har ikke tid eller overskud til at <a class=\"moretag btn btn-primary\" href=\"https:\/\/niipit.dk\/pensopay\/\">L\u00e6s mere<\/a><\/p>\n","protected":false},"author":1037,"featured_media":0,"parent":0,"menu_order":0,"comment_status":"closed","ping_status":"closed","template":"frontpagePremium.php","meta":{"_exactmetrics_skip_tracking":false,"_exactmetrics_sitenote_active":false,"_exactmetrics_sitenote_note":"","_exactmetrics_sitenote_category":0,"_monsterinsights_skip_tracking":false,"_monsterinsights_sitenote_active":false,"_monsterinsights_sitenote_note":"","_monsterinsights_sitenote_category":0,"footnotes":""},"class_list":["post-5064","page","type-page","status-publish","hentry"],"yoast_head":"<!-- This site is optimized with the Yoast SEO Premium plugin v16.3 (Yoast SEO v27.4) - https:\/\/yoast.com\/product\/yoast-seo-premium-wordpress\/ -->\n<title>Webshop betalingsl\u00f8sning - PensoPay - Din Danske samarbejdspartner.<\/title>\n<meta name=\"description\" content=\"Webshop betaling - Der er et hav af l\u00f8sninger og det er totalt umuligt at forst\u00e5 de forskellige ord. Ring til PensoPay i Vejle - Vi g\u00f8r det nemt at forst\u00e5.\" \/>\n<meta name=\"robots\" content=\"index, follow, max-snippet:-1, max-image-preview:large, max-video-preview:-1\" \/>\n<link rel=\"canonical\" href=\"https:\/\/niipit.dk\/pensopay\/\" \/>\n<meta property=\"og:locale\" content=\"da_DK\" \/>\n<meta property=\"og:type\" content=\"article\" \/>\n<meta property=\"og:title\" content=\"Webshop betalingsl\u00f8sning - PensoPay - Din Danske samarbejdspartner.\" \/>\n<meta property=\"og:description\" content=\"Webshop betaling - Der er et hav af l\u00f8sninger og det er totalt umuligt at forst\u00e5 de forskellige ord. Ring til PensoPay i Vejle - Vi g\u00f8r det nemt at forst\u00e5.\" \/>\n<meta property=\"og:url\" content=\"https:\/\/niipit.dk\/pensopay\/\" \/>\n<meta property=\"og:site_name\" content=\"PensoPay\" \/>\n<meta property=\"article:modified_time\" content=\"2019-11-29T12:32:12+00:00\" \/>\n<meta property=\"og:image\" content=\"https:\/\/niipit.dk\/pensopay\/wp-content\/uploads\/sites\/179\/2019\/03\/PensoPay-logo-2.png\" \/>\n\t<meta property=\"og:image:width\" content=\"1674\" \/>\n\t<meta property=\"og:image:height\" content=\"384\" \/>\n\t<meta property=\"og:image:type\" content=\"image\/png\" \/>\n<meta name=\"twitter:card\" content=\"summary_large_image\" \/>\n<meta name=\"twitter:label1\" content=\"Estimeret l\u00e6setid\" \/>\n\t<meta name=\"twitter:data1\" content=\"2 minutter\" \/>\n<script type=\"application\/ld+json\" class=\"yoast-schema-graph\">{\"@context\":\"https:\\\/\\\/schema.org\",\"@graph\":[{\"@type\":\"WebPage\",\"@id\":\"https:\\\/\\\/niipit.dk\\\/pensopay\\\/\",\"url\":\"https:\\\/\\\/niipit.dk\\\/pensopay\\\/\",\"name\":\"Webshop betalingsl\u00f8sning - PensoPay - Din Danske samarbejdspartner.\",\"isPartOf\":{\"@id\":\"https:\\\/\\\/niipit.dk\\\/pensopay\\\/#website\"},\"datePublished\":\"2018-08-10T20:29:34+00:00\",\"dateModified\":\"2019-11-29T12:32:12+00:00\",\"description\":\"Webshop betaling - Der er et hav af l\u00f8sninger og det er totalt umuligt at forst\u00e5 de forskellige ord. Ring til PensoPay i Vejle - Vi g\u00f8r det nemt at forst\u00e5.\",\"breadcrumb\":{\"@id\":\"https:\\\/\\\/niipit.dk\\\/pensopay\\\/#breadcrumb\"},\"inLanguage\":\"da-DK\",\"potentialAction\":[{\"@type\":\"ReadAction\",\"target\":[\"https:\\\/\\\/niipit.dk\\\/pensopay\\\/\"]}]},{\"@type\":\"BreadcrumbList\",\"@id\":\"https:\\\/\\\/niipit.dk\\\/pensopay\\\/#breadcrumb\",\"itemListElement\":[{\"@type\":\"ListItem\",\"position\":1,\"name\":\"Hjem\",\"item\":\"https:\\\/\\\/niipit.dk\\\/pensopay\\\/\"},{\"@type\":\"ListItem\",\"position\":2,\"name\":\"Forside\"}]},{\"@type\":\"WebSite\",\"@id\":\"https:\\\/\\\/niipit.dk\\\/pensopay\\\/#website\",\"url\":\"https:\\\/\\\/niipit.dk\\\/pensopay\\\/\",\"name\":\"PensoPay\",\"description\":\"Komplet betalingsl\u00f8sning \u2013 alt inklusiv\",\"potentialAction\":[{\"@type\":\"SearchAction\",\"target\":{\"@type\":\"EntryPoint\",\"urlTemplate\":\"https:\\\/\\\/niipit.dk\\\/pensopay\\\/?s={search_term_string}\"},\"query-input\":{\"@type\":\"PropertyValueSpecification\",\"valueRequired\":true,\"valueName\":\"search_term_string\"}}],\"inLanguage\":\"da-DK\"}]}<\/script>\n<!-- \/ Yoast SEO Premium plugin. -->","yoast_head_json":{"title":"Webshop betalingsl\u00f8sning - PensoPay - Din Danske samarbejdspartner.","description":"Webshop betaling - Der er et hav af l\u00f8sninger og det er totalt umuligt at forst\u00e5 de forskellige ord. Ring til PensoPay i Vejle - Vi g\u00f8r det nemt at forst\u00e5.","robots":{"index":"index","follow":"follow","max-snippet":"max-snippet:-1","max-image-preview":"max-image-preview:large","max-video-preview":"max-video-preview:-1"},"canonical":"https:\/\/niipit.dk\/pensopay\/","og_locale":"da_DK","og_type":"article","og_title":"Webshop betalingsl\u00f8sning - PensoPay - Din Danske samarbejdspartner.","og_description":"Webshop betaling - Der er et hav af l\u00f8sninger og det er totalt umuligt at forst\u00e5 de forskellige ord. Ring til PensoPay i Vejle - Vi g\u00f8r det nemt at forst\u00e5.","og_url":"https:\/\/niipit.dk\/pensopay\/","og_site_name":"PensoPay","article_modified_time":"2019-11-29T12:32:12+00:00","og_image":[{"width":1674,"height":384,"url":"https:\/\/niipit.dk\/pensopay\/wp-content\/uploads\/sites\/179\/2019\/03\/PensoPay-logo-2.png","type":"image\/png"}],"twitter_card":"summary_large_image","twitter_misc":{"Estimeret l\u00e6setid":"2 minutter"},"schema":{"@context":"https:\/\/schema.org","@graph":[{"@type":"WebPage","@id":"https:\/\/niipit.dk\/pensopay\/","url":"https:\/\/niipit.dk\/pensopay\/","name":"Webshop betalingsl\u00f8sning - PensoPay - Din Danske samarbejdspartner.","isPartOf":{"@id":"https:\/\/niipit.dk\/pensopay\/#website"},"datePublished":"2018-08-10T20:29:34+00:00","dateModified":"2019-11-29T12:32:12+00:00","description":"Webshop betaling - Der er et hav af l\u00f8sninger og det er totalt umuligt at forst\u00e5 de forskellige ord. Ring til PensoPay i Vejle - Vi g\u00f8r det nemt at forst\u00e5.","breadcrumb":{"@id":"https:\/\/niipit.dk\/pensopay\/#breadcrumb"},"inLanguage":"da-DK","potentialAction":[{"@type":"ReadAction","target":["https:\/\/niipit.dk\/pensopay\/"]}]},{"@type":"BreadcrumbList","@id":"https:\/\/niipit.dk\/pensopay\/#breadcrumb","itemListElement":[{"@type":"ListItem","position":1,"name":"Hjem","item":"https:\/\/niipit.dk\/pensopay\/"},{"@type":"ListItem","position":2,"name":"Forside"}]},{"@type":"WebSite","@id":"https:\/\/niipit.dk\/pensopay\/#website","url":"https:\/\/niipit.dk\/pensopay\/","name":"PensoPay","description":"Komplet betalingsl\u00f8sning \u2013 alt inklusiv","potentialAction":[{"@type":"SearchAction","target":{"@type":"EntryPoint","urlTemplate":"https:\/\/niipit.dk\/pensopay\/?s={search_term_string}"},"query-input":{"@type":"PropertyValueSpecification","valueRequired":true,"valueName":"search_term_string"}}],"inLanguage":"da-DK"}]}},"_links":{"self":[{"href":"https:\/\/niipit.dk\/pensopay\/wp-json\/wp\/v2\/pages\/5064","targetHints":{"allow":["GET"]}}],"collection":[{"href":"https:\/\/niipit.dk\/pensopay\/wp-json\/wp\/v2\/pages"}],"about":[{"href":"https:\/\/niipit.dk\/pensopay\/wp-json\/wp\/v2\/types\/page"}],"author":[{"embeddable":true,"href":"https:\/\/niipit.dk\/pensopay\/wp-json\/wp\/v2\/users\/1037"}],"replies":[{"embeddable":true,"href":"https:\/\/niipit.dk\/pensopay\/wp-json\/wp\/v2\/comments?post=5064"}],"version-history":[{"count":0,"href":"https:\/\/niipit.dk\/pensopay\/wp-json\/wp\/v2\/pages\/5064\/revisions"}],"wp:attachment":[{"href":"https:\/\/niipit.dk\/pensopay\/wp-json\/wp\/v2\/media?parent=5064"}],"curies":[{"name":"wp","href":"https:\/\/api.w.org\/{rel}","templated":true}]}}