{"id":5706,"date":"2019-05-13T18:07:36","date_gmt":"2019-05-13T16:07:36","guid":{"rendered":"https:\/\/niipit.dk\/osteraadalen-hundeskov\/?page_id=5706"},"modified":"2019-10-01T19:07:23","modified_gmt":"2019-10-01T17:07:23","slug":"galleri","status":"publish","type":"page","link":"https:\/\/niipit.dk\/osteraadalen-hundeskov\/galleri\/","title":{"rendered":"Galleri"},"content":{"rendered":"\n<div class=\"wp-block-image\"><figure class=\"aligncenter is-resized\"><img loading=\"lazy\" decoding=\"async\" src=\"https:\/\/niipit.dk\/osteraadalen-hundeskov\/wp-content\/uploads\/sites\/279\/2019\/08\/\u00d8ster\u00e5dalen-hundeskov-Aalborg-1024x624.jpg\" alt=\"\u00d8ster\u00c5dalen hundeskov\" class=\"wp-image-5789\" width=\"551\" height=\"336\" srcset=\"https:\/\/niipit.dk\/osteraadalen-hundeskov\/wp-content\/uploads\/sites\/279\/2019\/08\/\u00d8ster\u00e5dalen-hundeskov-Aalborg-1024x624.jpg 1024w, https:\/\/niipit.dk\/osteraadalen-hundeskov\/wp-content\/uploads\/sites\/279\/2019\/08\/\u00d8ster\u00e5dalen-hundeskov-Aalborg-300x183.jpg 300w, https:\/\/niipit.dk\/osteraadalen-hundeskov\/wp-content\/uploads\/sites\/279\/2019\/08\/\u00d8ster\u00e5dalen-hundeskov-Aalborg-768x468.jpg 768w, https:\/\/niipit.dk\/osteraadalen-hundeskov\/wp-content\/uploads\/sites\/279\/2019\/08\/\u00d8ster\u00e5dalen-hundeskov-Aalborg-600x366.jpg 600w, https:\/\/niipit.dk\/osteraadalen-hundeskov\/wp-content\/uploads\/sites\/279\/2019\/08\/\u00d8ster\u00e5dalen-hundeskov-Aalborg.jpg 1280w\" sizes=\"auto, (max-width: 551px) 100vw, 551px\" \/><\/figure><\/div>\n","protected":false},"excerpt":{"rendered":"","protected":false},"author":1,"featured_media":0,"parent":0,"menu_order":0,"comment_status":"closed","ping_status":"closed","template":"","meta":{"_exactmetrics_skip_tracking":false,"_exactmetrics_sitenote_active":false,"_exactmetrics_sitenote_note":"","_exactmetrics_sitenote_category":0,"_monsterinsights_skip_tracking":false,"_monsterinsights_sitenote_active":false,"_monsterinsights_sitenote_note":"","_monsterinsights_sitenote_category":0,"footnotes":""},"class_list":["post-5706","page","type-page","status-publish","hentry"],"yoast_head":"<!-- This site is optimized with the Yoast SEO Premium plugin v16.3 (Yoast SEO v27.3) - https:\/\/yoast.com\/product\/yoast-seo-premium-wordpress\/ -->\n<title>Galleri - \u00d8ster\u00e5dalen Hundeskov<\/title>\n<meta name=\"robots\" content=\"index, follow, max-snippet:-1, max-image-preview:large, max-video-preview:-1\" \/>\n<link rel=\"canonical\" href=\"https:\/\/niipit.dk\/osteraadalen-hundeskov\/galleri\/\" \/>\n<meta property=\"og:locale\" content=\"da_DK\" \/>\n<meta property=\"og:type\" content=\"article\" \/>\n<meta property=\"og:title\" content=\"Galleri - \u00d8ster\u00e5dalen Hundeskov\" \/>\n<meta property=\"og:url\" content=\"https:\/\/niipit.dk\/osteraadalen-hundeskov\/galleri\/\" \/>\n<meta property=\"og:site_name\" content=\"\u00d8ster\u00e5dalen Hundeskov\" \/>\n<meta property=\"article:modified_time\" content=\"2019-10-01T17:07:23+00:00\" \/>\n<meta name=\"twitter:card\" content=\"summary_large_image\" \/>\n<script type=\"application\/ld+json\" class=\"yoast-schema-graph\">{\"@context\":\"https:\\\/\\\/schema.org\",\"@graph\":[{\"@type\":\"WebPage\",\"@id\":\"https:\\\/\\\/niipit.dk\\\/osteraadalen-hundeskov\\\/galleri\\\/\",\"url\":\"https:\\\/\\\/niipit.dk\\\/osteraadalen-hundeskov\\\/galleri\\\/\",\"name\":\"Galleri - \u00d8ster\u00e5dalen Hundeskov\",\"isPartOf\":{\"@id\":\"https:\\\/\\\/niipit.dk\\\/osteraadalen-hundeskov\\\/#website\"},\"datePublished\":\"2019-05-13T16:07:36+00:00\",\"dateModified\":\"2019-10-01T17:07:23+00:00\",\"breadcrumb\":{\"@id\":\"https:\\\/\\\/niipit.dk\\\/osteraadalen-hundeskov\\\/galleri\\\/#breadcrumb\"},\"inLanguage\":\"da-DK\",\"potentialAction\":[{\"@type\":\"ReadAction\",\"target\":[\"https:\\\/\\\/niipit.dk\\\/osteraadalen-hundeskov\\\/galleri\\\/\"]}]},{\"@type\":\"BreadcrumbList\",\"@id\":\"https:\\\/\\\/niipit.dk\\\/osteraadalen-hundeskov\\\/galleri\\\/#breadcrumb\",\"itemListElement\":[{\"@type\":\"ListItem\",\"position\":1,\"name\":\"Hjem\",\"item\":\"https:\\\/\\\/niipit.dk\\\/osteraadalen-hundeskov\\\/\"},{\"@type\":\"ListItem\",\"position\":2,\"name\":\"Galleri\"}]},{\"@type\":\"WebSite\",\"@id\":\"https:\\\/\\\/niipit.dk\\\/osteraadalen-hundeskov\\\/#website\",\"url\":\"https:\\\/\\\/niipit.dk\\\/osteraadalen-hundeskov\\\/\",\"name\":\"\u00d8ster\u00e5dalen Hundeskov\",\"description\":\"F\u00e5 din virksomhed p\u00e5 niipit\",\"potentialAction\":[{\"@type\":\"SearchAction\",\"target\":{\"@type\":\"EntryPoint\",\"urlTemplate\":\"https:\\\/\\\/niipit.dk\\\/osteraadalen-hundeskov\\\/?s={search_term_string}\"},\"query-input\":{\"@type\":\"PropertyValueSpecification\",\"valueRequired\":true,\"valueName\":\"search_term_string\"}}],\"inLanguage\":\"da-DK\"}]}<\/script>\n<!-- \/ Yoast SEO Premium plugin. -->","yoast_head_json":{"title":"Galleri - \u00d8ster\u00e5dalen Hundeskov","robots":{"index":"index","follow":"follow","max-snippet":"max-snippet:-1","max-image-preview":"max-image-preview:large","max-video-preview":"max-video-preview:-1"},"canonical":"https:\/\/niipit.dk\/osteraadalen-hundeskov\/galleri\/","og_locale":"da_DK","og_type":"article","og_title":"Galleri - \u00d8ster\u00e5dalen Hundeskov","og_url":"https:\/\/niipit.dk\/osteraadalen-hundeskov\/galleri\/","og_site_name":"\u00d8ster\u00e5dalen Hundeskov","article_modified_time":"2019-10-01T17:07:23+00:00","twitter_card":"summary_large_image","schema":{"@context":"https:\/\/schema.org","@graph":[{"@type":"WebPage","@id":"https:\/\/niipit.dk\/osteraadalen-hundeskov\/galleri\/","url":"https:\/\/niipit.dk\/osteraadalen-hundeskov\/galleri\/","name":"Galleri - \u00d8ster\u00e5dalen Hundeskov","isPartOf":{"@id":"https:\/\/niipit.dk\/osteraadalen-hundeskov\/#website"},"datePublished":"2019-05-13T16:07:36+00:00","dateModified":"2019-10-01T17:07:23+00:00","breadcrumb":{"@id":"https:\/\/niipit.dk\/osteraadalen-hundeskov\/galleri\/#breadcrumb"},"inLanguage":"da-DK","potentialAction":[{"@type":"ReadAction","target":["https:\/\/niipit.dk\/osteraadalen-hundeskov\/galleri\/"]}]},{"@type":"BreadcrumbList","@id":"https:\/\/niipit.dk\/osteraadalen-hundeskov\/galleri\/#breadcrumb","itemListElement":[{"@type":"ListItem","position":1,"name":"Hjem","item":"https:\/\/niipit.dk\/osteraadalen-hundeskov\/"},{"@type":"ListItem","position":2,"name":"Galleri"}]},{"@type":"WebSite","@id":"https:\/\/niipit.dk\/osteraadalen-hundeskov\/#website","url":"https:\/\/niipit.dk\/osteraadalen-hundeskov\/","name":"\u00d8ster\u00e5dalen Hundeskov","description":"F\u00e5 din virksomhed p\u00e5 niipit","potentialAction":[{"@type":"SearchAction","target":{"@type":"EntryPoint","urlTemplate":"https:\/\/niipit.dk\/osteraadalen-hundeskov\/?s={search_term_string}"},"query-input":{"@type":"PropertyValueSpecification","valueRequired":true,"valueName":"search_term_string"}}],"inLanguage":"da-DK"}]}},"_links":{"self":[{"href":"https:\/\/niipit.dk\/osteraadalen-hundeskov\/wp-json\/wp\/v2\/pages\/5706","targetHints":{"allow":["GET"]}}],"collection":[{"href":"https:\/\/niipit.dk\/osteraadalen-hundeskov\/wp-json\/wp\/v2\/pages"}],"about":[{"href":"https:\/\/niipit.dk\/osteraadalen-hundeskov\/wp-json\/wp\/v2\/types\/page"}],"author":[{"embeddable":true,"href":"https:\/\/niipit.dk\/osteraadalen-hundeskov\/wp-json\/wp\/v2\/users\/1"}],"replies":[{"embeddable":true,"href":"https:\/\/niipit.dk\/osteraadalen-hundeskov\/wp-json\/wp\/v2\/comments?post=5706"}],"version-history":[{"count":0,"href":"https:\/\/niipit.dk\/osteraadalen-hundeskov\/wp-json\/wp\/v2\/pages\/5706\/revisions"}],"wp:attachment":[{"href":"https:\/\/niipit.dk\/osteraadalen-hundeskov\/wp-json\/wp\/v2\/media?parent=5706"}],"curies":[{"name":"wp","href":"https:\/\/api.w.org\/{rel}","templated":true}]}}