{"id":5064,"date":"2020-04-10T22:29:34","date_gmt":"2020-04-10T20:29:34","guid":{"rendered":"https:\/\/niipit.dk\/olympiadesign-shop\/?page_id=5064"},"modified":"2021-03-30T12:25:56","modified_gmt":"2021-03-30T10:25:56","slug":"frontpage","status":"publish","type":"page","link":"https:\/\/niipit.dk\/olympiadesign\/","title":{"rendered":"Forside"},"content":{"rendered":"\n<hr class=\"wp-block-separator\"\/>\n\n\n\n<h1 class=\"wp-block-heading\" id=\"h-unikke-og-eksklusive-rivertables-og-plankeborde\">Unikke og eksklusive rivertables og plankeborde<\/h1>\n\n\n\n<h2 class=\"wp-block-heading\" id=\"h-hos-olympia-design-kan-du-f-speciallavet-et-plankebord-eller-rivertable\">Hos Olympia Design kan du f\u00e5 speciallavet et plankebord eller rivertable<\/h2>\n\n\n\n<p>Olympia Design er en webshop, der specialiserer sig i h\u00e5ndlavede rivertables og plankeborde. Derudover kan du k\u00f8be en masse andet eksklusivt <a href=\"https:\/\/olympiadesign.dk\/collections\/boligtilbehor\">interi\u00f8r<\/a> til dit hjem \u2013 heriblandt vint\u00f8nde-barskabe, naturskind og et flot udvalg af stole, der passer til de speciallavede rivertables og plankeborde.<\/p>\n\n\n\n<h3 class=\"wp-block-heading\" id=\"h-eksklusive-rivertables-der-g-r-din-indretning-helt-unik\">Eksklusive rivertables, der g\u00f8r din indretning helt unik<\/h3>\n\n\n\n<p>Rivertables er plankeborde, hvor knaster, revner og\/eller mellemrummet mellem plankerne er fyldt ud med epoxy. Det er et materiale, der kan laves i uendelige designmuligheder \u2013 alverdens farver samt metalfarver, glimmerfarver, selvlysende farver og transparent. Det giver bordet et helt unikt og eksklusivt udseende, og det vil virkelig st\u00e5 ud som noget helt s\u00e6rligt i din indretning.<br>Et rivertable kan laves i mange forskellige tr\u00e6sorter, og du kan f\u00e5 det i lige den st\u00f8rrelse og form, som du \u00f8nsker. Hos Olympia Design er alle rivertables nemlig speciallavede p\u00e5 bestilling, og du er med i processen lige fra udv\u00e6lgelsen af plankerne til blandingen af epoxyens farve.<\/p>\n\n\n\n<h3 class=\"wp-block-heading\" id=\"h-h-ndlavede-plankeborde-der-er-n-sten-vedligeholdelsesfri\">H\u00e5ndlavede plankeborde, der er n\u00e6sten vedligeholdelsesfri<\/h3>\n\n\n\n<p>Der er mange, der g\u00e5r med dr\u00f8mmen om et unikt og h\u00e5ndlavet plankebord. Er du en af dem, b\u00f8r du st\u00e6rkt overveje at k\u00f8be dit nye plankebord hos Olympia Design. Du bliver taget i processen om at v\u00e6lge de helt rette planker til dit bord, s\u00e5 det f\u00e5r lige det udtryk, som du \u00f8nsker dig. P\u00e5 den m\u00e5de kan du v\u00e6re sikker p\u00e5, at dit nye bord kommer til at leve op til dine forventninger.<br>Derudover er den helt store fordel ved et plankebord fra Olympia Design, at de er behandlet med en s\u00e6rlig olie. Denne olie g\u00f8r, at dit bord er helt modstandsdygtigt overfor pletter, og det kr\u00e6ver en minimal m\u00e6ngde af vedligehold. Du kan endda efterlade en r\u00f8dvinsplet p\u00e5 bordet natten over og nemt fjerne den igen dagen efter. Det betyder, at frygten for pletter ikke l\u00e6ngere skal holde dig tilbage for at opfylde din dr\u00f8m om et unikt plankebord.<\/p>\n","protected":false},"excerpt":{"rendered":"<p>Unikke og eksklusive rivertables og plankeborde Hos Olympia Design kan du f\u00e5 speciallavet et plankebord eller rivertable Olympia Design er en webshop, der specialiserer sig i h\u00e5ndlavede rivertables og plankeborde. Derudover kan du k\u00f8be en masse andet eksklusivt interi\u00f8r til dit hjem \u2013 heriblandt vint\u00f8nde-barskabe, naturskind og et flot udvalg af stole, der passer til <a class=\"moretag btn btn-primary\" href=\"https:\/\/niipit.dk\/olympiadesign\/\">L\u00e6s mere<\/a><\/p>\n","protected":false},"author":1,"featured_media":0,"parent":0,"menu_order":0,"comment_status":"closed","ping_status":"closed","template":"frontpagePremium.php","meta":{"_exactmetrics_skip_tracking":false,"_exactmetrics_sitenote_active":false,"_exactmetrics_sitenote_note":"","_exactmetrics_sitenote_category":0,"_monsterinsights_skip_tracking":false,"_monsterinsights_sitenote_active":false,"_monsterinsights_sitenote_note":"","_monsterinsights_sitenote_category":0,"footnotes":""},"class_list":["post-5064","page","type-page","status-publish","hentry"],"yoast_head":"<!-- This site is optimized with the Yoast SEO Premium plugin v16.3 (Yoast SEO v27.4) - https:\/\/yoast.com\/product\/yoast-seo-premium-wordpress\/ -->\n<title>F\u00e5 inspiration til en flot indretning i hjemmet her \u27a2\u27a2<\/title>\n<meta name=\"description\" content=\"Vi har det nyeste mode indenfor boliginteri\u00f8r | F\u00e5 mere sp\u00e6ndende inspiration p\u00e5 vores hjemmeside Olympiadesign.dk\" \/>\n<meta name=\"robots\" content=\"index, follow, max-snippet:-1, max-image-preview:large, max-video-preview:-1\" \/>\n<link rel=\"canonical\" href=\"https:\/\/niipit.dk\/olympiadesign\/\" \/>\n<meta property=\"og:locale\" content=\"da_DK\" \/>\n<meta property=\"og:type\" content=\"article\" \/>\n<meta property=\"og:title\" content=\"F\u00e5 inspiration til en flot indretning i hjemmet her \u27a2\u27a2\" \/>\n<meta property=\"og:description\" content=\"Vi har det nyeste mode indenfor boliginteri\u00f8r | F\u00e5 mere sp\u00e6ndende inspiration p\u00e5 vores hjemmeside Olympiadesign.dk\" \/>\n<meta property=\"og:url\" content=\"https:\/\/niipit.dk\/olympiadesign\/\" \/>\n<meta property=\"og:site_name\" content=\"Olympiadesign\" \/>\n<meta property=\"article:modified_time\" content=\"2021-03-30T10:25:56+00:00\" \/>\n<meta name=\"twitter:card\" content=\"summary_large_image\" \/>\n<meta name=\"twitter:label1\" content=\"Estimeret l\u00e6setid\" \/>\n\t<meta name=\"twitter:data1\" content=\"2 minutter\" \/>\n<script type=\"application\/ld+json\" class=\"yoast-schema-graph\">{\"@context\":\"https:\\\/\\\/schema.org\",\"@graph\":[{\"@type\":\"WebPage\",\"@id\":\"https:\\\/\\\/niipit.dk\\\/olympiadesign\\\/\",\"url\":\"https:\\\/\\\/niipit.dk\\\/olympiadesign\\\/\",\"name\":\"F\u00e5 inspiration til en flot indretning i hjemmet her \u27a2\u27a2\",\"isPartOf\":{\"@id\":\"https:\\\/\\\/niipit.dk\\\/olympiadesign\\\/#website\"},\"datePublished\":\"2020-04-10T20:29:34+00:00\",\"dateModified\":\"2021-03-30T10:25:56+00:00\",\"description\":\"Vi har det nyeste mode indenfor boliginteri\u00f8r | F\u00e5 mere sp\u00e6ndende inspiration p\u00e5 vores hjemmeside Olympiadesign.dk\",\"breadcrumb\":{\"@id\":\"https:\\\/\\\/niipit.dk\\\/olympiadesign\\\/#breadcrumb\"},\"inLanguage\":\"da-DK\",\"potentialAction\":[{\"@type\":\"ReadAction\",\"target\":[\"https:\\\/\\\/niipit.dk\\\/olympiadesign\\\/\"]}]},{\"@type\":\"BreadcrumbList\",\"@id\":\"https:\\\/\\\/niipit.dk\\\/olympiadesign\\\/#breadcrumb\",\"itemListElement\":[{\"@type\":\"ListItem\",\"position\":1,\"name\":\"Hjem\",\"item\":\"https:\\\/\\\/niipit.dk\\\/olympiadesign\\\/\"},{\"@type\":\"ListItem\",\"position\":2,\"name\":\"Forside\"}]},{\"@type\":\"WebSite\",\"@id\":\"https:\\\/\\\/niipit.dk\\\/olympiadesign\\\/#website\",\"url\":\"https:\\\/\\\/niipit.dk\\\/olympiadesign\\\/\",\"name\":\"Olympiadesign\",\"description\":\"| Interi\u00f8r til hjemmet\",\"potentialAction\":[{\"@type\":\"SearchAction\",\"target\":{\"@type\":\"EntryPoint\",\"urlTemplate\":\"https:\\\/\\\/niipit.dk\\\/olympiadesign\\\/?s={search_term_string}\"},\"query-input\":{\"@type\":\"PropertyValueSpecification\",\"valueRequired\":true,\"valueName\":\"search_term_string\"}}],\"inLanguage\":\"da-DK\"}]}<\/script>\n<!-- \/ Yoast SEO Premium plugin. -->","yoast_head_json":{"title":"F\u00e5 inspiration til en flot indretning i hjemmet her \u27a2\u27a2","description":"Vi har det nyeste mode indenfor boliginteri\u00f8r | F\u00e5 mere sp\u00e6ndende inspiration p\u00e5 vores hjemmeside Olympiadesign.dk","robots":{"index":"index","follow":"follow","max-snippet":"max-snippet:-1","max-image-preview":"max-image-preview:large","max-video-preview":"max-video-preview:-1"},"canonical":"https:\/\/niipit.dk\/olympiadesign\/","og_locale":"da_DK","og_type":"article","og_title":"F\u00e5 inspiration til en flot indretning i hjemmet her \u27a2\u27a2","og_description":"Vi har det nyeste mode indenfor boliginteri\u00f8r | F\u00e5 mere sp\u00e6ndende inspiration p\u00e5 vores hjemmeside Olympiadesign.dk","og_url":"https:\/\/niipit.dk\/olympiadesign\/","og_site_name":"Olympiadesign","article_modified_time":"2021-03-30T10:25:56+00:00","twitter_card":"summary_large_image","twitter_misc":{"Estimeret l\u00e6setid":"2 minutter"},"schema":{"@context":"https:\/\/schema.org","@graph":[{"@type":"WebPage","@id":"https:\/\/niipit.dk\/olympiadesign\/","url":"https:\/\/niipit.dk\/olympiadesign\/","name":"F\u00e5 inspiration til en flot indretning i hjemmet her \u27a2\u27a2","isPartOf":{"@id":"https:\/\/niipit.dk\/olympiadesign\/#website"},"datePublished":"2020-04-10T20:29:34+00:00","dateModified":"2021-03-30T10:25:56+00:00","description":"Vi har det nyeste mode indenfor boliginteri\u00f8r | F\u00e5 mere sp\u00e6ndende inspiration p\u00e5 vores hjemmeside Olympiadesign.dk","breadcrumb":{"@id":"https:\/\/niipit.dk\/olympiadesign\/#breadcrumb"},"inLanguage":"da-DK","potentialAction":[{"@type":"ReadAction","target":["https:\/\/niipit.dk\/olympiadesign\/"]}]},{"@type":"BreadcrumbList","@id":"https:\/\/niipit.dk\/olympiadesign\/#breadcrumb","itemListElement":[{"@type":"ListItem","position":1,"name":"Hjem","item":"https:\/\/niipit.dk\/olympiadesign\/"},{"@type":"ListItem","position":2,"name":"Forside"}]},{"@type":"WebSite","@id":"https:\/\/niipit.dk\/olympiadesign\/#website","url":"https:\/\/niipit.dk\/olympiadesign\/","name":"Olympiadesign","description":"| Interi\u00f8r til hjemmet","potentialAction":[{"@type":"SearchAction","target":{"@type":"EntryPoint","urlTemplate":"https:\/\/niipit.dk\/olympiadesign\/?s={search_term_string}"},"query-input":{"@type":"PropertyValueSpecification","valueRequired":true,"valueName":"search_term_string"}}],"inLanguage":"da-DK"}]}},"_links":{"self":[{"href":"https:\/\/niipit.dk\/olympiadesign\/wp-json\/wp\/v2\/pages\/5064","targetHints":{"allow":["GET"]}}],"collection":[{"href":"https:\/\/niipit.dk\/olympiadesign\/wp-json\/wp\/v2\/pages"}],"about":[{"href":"https:\/\/niipit.dk\/olympiadesign\/wp-json\/wp\/v2\/types\/page"}],"author":[{"embeddable":true,"href":"https:\/\/niipit.dk\/olympiadesign\/wp-json\/wp\/v2\/users\/1"}],"replies":[{"embeddable":true,"href":"https:\/\/niipit.dk\/olympiadesign\/wp-json\/wp\/v2\/comments?post=5064"}],"version-history":[{"count":3,"href":"https:\/\/niipit.dk\/olympiadesign\/wp-json\/wp\/v2\/pages\/5064\/revisions"}],"predecessor-version":[{"id":5990,"href":"https:\/\/niipit.dk\/olympiadesign\/wp-json\/wp\/v2\/pages\/5064\/revisions\/5990"}],"wp:attachment":[{"href":"https:\/\/niipit.dk\/olympiadesign\/wp-json\/wp\/v2\/media?parent=5064"}],"curies":[{"name":"wp","href":"https:\/\/api.w.org\/{rel}","templated":true}]}}