{"id":5133,"date":"2018-08-15T22:08:09","date_gmt":"2018-08-15T20:08:09","guid":{"rendered":"https:\/\/niipit.dk\/nv2-QogM\/?page_id=5133"},"modified":"2020-02-16T15:18:05","modified_gmt":"2020-02-16T14:18:05","slug":"kontakt","status":"publish","type":"page","link":"https:\/\/niipit.dk\/nyeste-artikler\/kontakt\/","title":{"rendered":"Kontakt"},"content":{"rendered":"<div class=\"row justify-content-md-center\">\n<div class=\"col-xs-12 col-sm-12 col-md-6 col-lg-4\">\n<p><strong>Nyeste artikler styres af Niipit.dk <\/strong><\/p>\n<p>E-mail: support@niipit.dk<br \/>Telefon: +45 25 21 61 99 ( sms gerne )<\/p>\n<p><strong>Online Support <\/strong><br \/>Hverdage ml.: 10:00 &#8211; 16:00<\/p>\n<\/div>\n<\/div>\n\n\n<hr class=\"wp-block-separator\"\/>\n\n\n\n<h2 class=\"wp-block-heading\">Nyeste artikler&#8230;<\/h2>\n\n\n\n<p>Har du en artikel du gerne vil have publiceret her i omr\u00e5det s\u00e5 bedes du kontakte vores support mail og i emnefeltet skrive Nyeste artikler.<br><br>Vi f\u00e5r hele tiden nye artikler ind som bliver offentliggjort her p\u00e5 siden.<\/p>\n\n\n\n<p>Alt efter hvilken artikel det er du \u00f8nsker online s\u00e5 er der forskellige priser. Prislisten kan sendes til dig hvis du kontakter os skriftligt.<\/p>\n","protected":false},"excerpt":{"rendered":"<p>Nyeste artikler styres af Niipit.dk E-mail: support@niipit.dkTelefon: +45 25 21 61 99 ( sms gerne ) Online Support Hverdage ml.: 10:00 &#8211; 16:00 Nyeste artikler&#8230; Har du en artikel du gerne vil have publiceret her i omr\u00e5det s\u00e5 bedes du kontakte vores support mail og i emnefeltet skrive Nyeste artikler. Vi f\u00e5r hele tiden nye <a class=\"moretag btn btn-primary\" href=\"https:\/\/niipit.dk\/nyeste-artikler\/kontakt\/\">L\u00e6s mere<\/a><\/p>\n","protected":false},"author":151,"featured_media":0,"parent":0,"menu_order":0,"comment_status":"closed","ping_status":"closed","template":"","meta":{"_exactmetrics_skip_tracking":false,"_exactmetrics_sitenote_active":false,"_exactmetrics_sitenote_note":"","_exactmetrics_sitenote_category":0,"_monsterinsights_skip_tracking":false,"_monsterinsights_sitenote_active":false,"_monsterinsights_sitenote_note":"","_monsterinsights_sitenote_category":0,"footnotes":""},"class_list":["post-5133","page","type-page","status-publish","hentry"],"yoast_head":"<!-- This site is optimized with the Yoast SEO plugin v27.2 - https:\/\/yoast.com\/product\/yoast-seo-wordpress\/ -->\n<title>Kontakt - Nyeste Artikler<\/title>\n<meta name=\"robots\" content=\"index, follow, max-snippet:-1, max-image-preview:large, max-video-preview:-1\" \/>\n<link rel=\"canonical\" href=\"https:\/\/niipit.dk\/nyeste-artikler\/kontakt\/\" \/>\n<meta property=\"og:locale\" content=\"da_DK\" \/>\n<meta property=\"og:type\" content=\"article\" \/>\n<meta property=\"og:title\" content=\"Kontakt - Nyeste Artikler\" \/>\n<meta property=\"og:description\" content=\"Nyeste artikler styres af Niipit.dk E-mail: support@niipit.dkTelefon: +45 25 21 61 99 ( sms gerne ) Online Support Hverdage ml.: 10:00 &#8211; 16:00 Nyeste artikler&#8230; Har du en artikel du gerne vil have publiceret her i omr\u00e5det s\u00e5 bedes du kontakte vores support mail og i emnefeltet skrive Nyeste artikler. Vi f\u00e5r hele tiden nye L\u00e6s mere\" \/>\n<meta property=\"og:url\" content=\"https:\/\/niipit.dk\/nyeste-artikler\/kontakt\/\" \/>\n<meta property=\"og:site_name\" content=\"Nyeste Artikler\" \/>\n<meta property=\"article:modified_time\" content=\"2020-02-16T14:18:05+00:00\" \/>\n<meta name=\"twitter:card\" content=\"summary_large_image\" \/>\n<script type=\"application\/ld+json\" class=\"yoast-schema-graph\">{\"@context\":\"https:\/\/schema.org\",\"@graph\":[{\"@type\":\"WebPage\",\"@id\":\"https:\/\/niipit.dk\/nyeste-artikler\/kontakt\/\",\"url\":\"https:\/\/niipit.dk\/nyeste-artikler\/kontakt\/\",\"name\":\"Kontakt - Nyeste Artikler\",\"isPartOf\":{\"@id\":\"https:\/\/niipit.dk\/nyeste-artikler\/#website\"},\"datePublished\":\"2018-08-15T20:08:09+00:00\",\"dateModified\":\"2020-02-16T14:18:05+00:00\",\"breadcrumb\":{\"@id\":\"https:\/\/niipit.dk\/nyeste-artikler\/kontakt\/#breadcrumb\"},\"inLanguage\":\"da-DK\",\"potentialAction\":[{\"@type\":\"ReadAction\",\"target\":[\"https:\/\/niipit.dk\/nyeste-artikler\/kontakt\/\"]}]},{\"@type\":\"BreadcrumbList\",\"@id\":\"https:\/\/niipit.dk\/nyeste-artikler\/kontakt\/#breadcrumb\",\"itemListElement\":[{\"@type\":\"ListItem\",\"position\":1,\"name\":\"Hjem\",\"item\":\"https:\/\/niipit.dk\/nyeste-artikler\/\"},{\"@type\":\"ListItem\",\"position\":2,\"name\":\"Kontakt\"}]},{\"@type\":\"WebSite\",\"@id\":\"https:\/\/niipit.dk\/nyeste-artikler\/#website\",\"url\":\"https:\/\/niipit.dk\/nyeste-artikler\/\",\"name\":\"Nyeste Artikler\",\"description\":\"L\u00e6s artikler p\u00e5 Niipit\",\"potentialAction\":[{\"@type\":\"SearchAction\",\"target\":{\"@type\":\"EntryPoint\",\"urlTemplate\":\"https:\/\/niipit.dk\/nyeste-artikler\/?s={search_term_string}\"},\"query-input\":{\"@type\":\"PropertyValueSpecification\",\"valueRequired\":true,\"valueName\":\"search_term_string\"}}],\"inLanguage\":\"da-DK\"}]}<\/script>\n<!-- \/ Yoast SEO plugin. -->","yoast_head_json":{"title":"Kontakt - Nyeste Artikler","robots":{"index":"index","follow":"follow","max-snippet":"max-snippet:-1","max-image-preview":"max-image-preview:large","max-video-preview":"max-video-preview:-1"},"canonical":"https:\/\/niipit.dk\/nyeste-artikler\/kontakt\/","og_locale":"da_DK","og_type":"article","og_title":"Kontakt - Nyeste Artikler","og_description":"Nyeste artikler styres af Niipit.dk E-mail: support@niipit.dkTelefon: +45 25 21 61 99 ( sms gerne ) Online Support Hverdage ml.: 10:00 &#8211; 16:00 Nyeste artikler&#8230; Har du en artikel du gerne vil have publiceret her i omr\u00e5det s\u00e5 bedes du kontakte vores support mail og i emnefeltet skrive Nyeste artikler. Vi f\u00e5r hele tiden nye L\u00e6s mere","og_url":"https:\/\/niipit.dk\/nyeste-artikler\/kontakt\/","og_site_name":"Nyeste Artikler","article_modified_time":"2020-02-16T14:18:05+00:00","twitter_card":"summary_large_image","schema":{"@context":"https:\/\/schema.org","@graph":[{"@type":"WebPage","@id":"https:\/\/niipit.dk\/nyeste-artikler\/kontakt\/","url":"https:\/\/niipit.dk\/nyeste-artikler\/kontakt\/","name":"Kontakt - Nyeste Artikler","isPartOf":{"@id":"https:\/\/niipit.dk\/nyeste-artikler\/#website"},"datePublished":"2018-08-15T20:08:09+00:00","dateModified":"2020-02-16T14:18:05+00:00","breadcrumb":{"@id":"https:\/\/niipit.dk\/nyeste-artikler\/kontakt\/#breadcrumb"},"inLanguage":"da-DK","potentialAction":[{"@type":"ReadAction","target":["https:\/\/niipit.dk\/nyeste-artikler\/kontakt\/"]}]},{"@type":"BreadcrumbList","@id":"https:\/\/niipit.dk\/nyeste-artikler\/kontakt\/#breadcrumb","itemListElement":[{"@type":"ListItem","position":1,"name":"Hjem","item":"https:\/\/niipit.dk\/nyeste-artikler\/"},{"@type":"ListItem","position":2,"name":"Kontakt"}]},{"@type":"WebSite","@id":"https:\/\/niipit.dk\/nyeste-artikler\/#website","url":"https:\/\/niipit.dk\/nyeste-artikler\/","name":"Nyeste Artikler","description":"L\u00e6s artikler p\u00e5 Niipit","potentialAction":[{"@type":"SearchAction","target":{"@type":"EntryPoint","urlTemplate":"https:\/\/niipit.dk\/nyeste-artikler\/?s={search_term_string}"},"query-input":{"@type":"PropertyValueSpecification","valueRequired":true,"valueName":"search_term_string"}}],"inLanguage":"da-DK"}]}},"_links":{"self":[{"href":"https:\/\/niipit.dk\/nyeste-artikler\/wp-json\/wp\/v2\/pages\/5133","targetHints":{"allow":["GET"]}}],"collection":[{"href":"https:\/\/niipit.dk\/nyeste-artikler\/wp-json\/wp\/v2\/pages"}],"about":[{"href":"https:\/\/niipit.dk\/nyeste-artikler\/wp-json\/wp\/v2\/types\/page"}],"author":[{"embeddable":true,"href":"https:\/\/niipit.dk\/nyeste-artikler\/wp-json\/wp\/v2\/users\/151"}],"replies":[{"embeddable":true,"href":"https:\/\/niipit.dk\/nyeste-artikler\/wp-json\/wp\/v2\/comments?post=5133"}],"version-history":[{"count":0,"href":"https:\/\/niipit.dk\/nyeste-artikler\/wp-json\/wp\/v2\/pages\/5133\/revisions"}],"wp:attachment":[{"href":"https:\/\/niipit.dk\/nyeste-artikler\/wp-json\/wp\/v2\/media?parent=5133"}],"curies":[{"name":"wp","href":"https:\/\/api.w.org\/{rel}","templated":true}]}}