{"id":5064,"date":"2019-10-10T22:29:00","date_gmt":"2019-10-10T20:29:00","guid":{"rendered":"https:\/\/niipit.dk\/norsminde-kro-shop\/?page_id=5064"},"modified":"2021-01-04T19:23:39","modified_gmt":"2021-01-04T18:23:39","slug":"frontpage","status":"publish","type":"page","link":"https:\/\/niipit.dk\/norsminde-kro\/","title":{"rendered":"Forside"},"content":{"rendered":"\n<hr class=\"wp-block-separator\"\/>\n\n\n\n<h1 class=\"wp-block-heading\"><a href=\"https:\/\/www.norsmindekro.dk\/gastronomi\" target=\"_blank\" rel=\"noreferrer noopener\">Gastronomi<\/a> med havudsigt<\/h1>\n\n\n\n<p>Kroen er i dag et yndet udflugtsm\u00e5l for omegnens beboere og turister. Mange mennesker forbinder Norsminde kro med stegte \u00e5l, men kroen har derudover et solidt og varieret menukort med noget for enhver smag.<\/p>\n","protected":false},"excerpt":{"rendered":"<p>Gastronomi med havudsigt Kroen er i dag et yndet udflugtsm\u00e5l for omegnens beboere og turister. Mange mennesker forbinder Norsminde kro med stegte \u00e5l, men kroen har derudover et solidt og varieret menukort med noget for enhver smag.<\/p>\n","protected":false},"author":1,"featured_media":0,"parent":0,"menu_order":0,"comment_status":"closed","ping_status":"closed","template":"frontpagePremium.php","meta":{"_exactmetrics_skip_tracking":false,"_exactmetrics_sitenote_active":false,"_exactmetrics_sitenote_note":"","_exactmetrics_sitenote_category":0,"_monsterinsights_skip_tracking":false,"_monsterinsights_sitenote_active":false,"_monsterinsights_sitenote_note":"","_monsterinsights_sitenote_category":0,"footnotes":""},"class_list":["post-5064","page","type-page","status-publish","hentry"],"yoast_head":"<!-- This site is optimized with the Yoast SEO Premium plugin v16.3 (Yoast SEO v27.2) - https:\/\/yoast.com\/product\/yoast-seo-premium-wordpress\/ -->\n<title>Gastronomi n\u00e6r Aarhus \u2502 Book Gourmetophold i dag \u27a4<\/title>\n<meta name=\"description\" content=\"Norsminde Kro i natursk\u00f8nne omgivelser n\u00e6r \u00c5rhus \u2502 Delikat menu med lokale r\u00e5varer \u2502 Smukke festlokaler med havudsigt \u2502 Book p\u00e5 \u260f 21 29 38 44\" \/>\n<meta name=\"robots\" content=\"index, follow, max-snippet:-1, max-image-preview:large, max-video-preview:-1\" \/>\n<link rel=\"canonical\" href=\"https:\/\/niipit.dk\/norsminde-kro\/\" \/>\n<meta property=\"og:locale\" content=\"da_DK\" \/>\n<meta property=\"og:type\" content=\"article\" \/>\n<meta property=\"og:title\" content=\"Gastronomi n\u00e6r Aarhus \u2502 Book Gourmetophold i dag \u27a4\" \/>\n<meta property=\"og:description\" content=\"Norsminde Kro i natursk\u00f8nne omgivelser n\u00e6r \u00c5rhus \u2502 Delikat menu med lokale r\u00e5varer \u2502 Smukke festlokaler med havudsigt \u2502 Book p\u00e5 \u260f 21 29 38 44\" \/>\n<meta property=\"og:url\" content=\"https:\/\/niipit.dk\/norsminde-kro\/\" \/>\n<meta property=\"og:site_name\" content=\"Norsminde Kro\" \/>\n<meta property=\"article:modified_time\" content=\"2021-01-04T18:23:39+00:00\" \/>\n<meta name=\"twitter:card\" content=\"summary_large_image\" \/>\n<script type=\"application\/ld+json\" class=\"yoast-schema-graph\">{\"@context\":\"https:\/\/schema.org\",\"@graph\":[{\"@type\":\"WebPage\",\"@id\":\"https:\/\/niipit.dk\/norsminde-kro\/\",\"url\":\"https:\/\/niipit.dk\/norsminde-kro\/\",\"name\":\"Gastronomi n\u00e6r Aarhus \u2502 Book Gourmetophold i dag \u27a4\",\"isPartOf\":{\"@id\":\"https:\/\/niipit.dk\/norsminde-kro\/#website\"},\"datePublished\":\"2019-10-10T20:29:00+00:00\",\"dateModified\":\"2021-01-04T18:23:39+00:00\",\"description\":\"Norsminde Kro i natursk\u00f8nne omgivelser n\u00e6r \u00c5rhus \u2502 Delikat menu med lokale r\u00e5varer \u2502 Smukke festlokaler med havudsigt \u2502 Book p\u00e5 \u260f 21 29 38 44\",\"breadcrumb\":{\"@id\":\"https:\/\/niipit.dk\/norsminde-kro\/#breadcrumb\"},\"inLanguage\":\"da-DK\",\"potentialAction\":[{\"@type\":\"ReadAction\",\"target\":[\"https:\/\/niipit.dk\/norsminde-kro\/\"]}]},{\"@type\":\"BreadcrumbList\",\"@id\":\"https:\/\/niipit.dk\/norsminde-kro\/#breadcrumb\",\"itemListElement\":[{\"@type\":\"ListItem\",\"position\":1,\"name\":\"Hjem\",\"item\":\"https:\/\/niipit.dk\/norsminde-kro\/\"},{\"@type\":\"ListItem\",\"position\":2,\"name\":\"Forside\"}]},{\"@type\":\"WebSite\",\"@id\":\"https:\/\/niipit.dk\/norsminde-kro\/#website\",\"url\":\"https:\/\/niipit.dk\/norsminde-kro\/\",\"name\":\"Norsminde Kro\",\"description\":\"Krophold og Gastronomi med havudsigt\",\"potentialAction\":[{\"@type\":\"SearchAction\",\"target\":{\"@type\":\"EntryPoint\",\"urlTemplate\":\"https:\/\/niipit.dk\/norsminde-kro\/?s={search_term_string}\"},\"query-input\":{\"@type\":\"PropertyValueSpecification\",\"valueRequired\":true,\"valueName\":\"search_term_string\"}}],\"inLanguage\":\"da-DK\"}]}<\/script>\n<!-- \/ Yoast SEO Premium plugin. -->","yoast_head_json":{"title":"Gastronomi n\u00e6r Aarhus \u2502 Book Gourmetophold i dag \u27a4","description":"Norsminde Kro i natursk\u00f8nne omgivelser n\u00e6r \u00c5rhus \u2502 Delikat menu med lokale r\u00e5varer \u2502 Smukke festlokaler med havudsigt \u2502 Book p\u00e5 \u260f 21 29 38 44","robots":{"index":"index","follow":"follow","max-snippet":"max-snippet:-1","max-image-preview":"max-image-preview:large","max-video-preview":"max-video-preview:-1"},"canonical":"https:\/\/niipit.dk\/norsminde-kro\/","og_locale":"da_DK","og_type":"article","og_title":"Gastronomi n\u00e6r Aarhus \u2502 Book Gourmetophold i dag \u27a4","og_description":"Norsminde Kro i natursk\u00f8nne omgivelser n\u00e6r \u00c5rhus \u2502 Delikat menu med lokale r\u00e5varer \u2502 Smukke festlokaler med havudsigt \u2502 Book p\u00e5 \u260f 21 29 38 44","og_url":"https:\/\/niipit.dk\/norsminde-kro\/","og_site_name":"Norsminde Kro","article_modified_time":"2021-01-04T18:23:39+00:00","twitter_card":"summary_large_image","schema":{"@context":"https:\/\/schema.org","@graph":[{"@type":"WebPage","@id":"https:\/\/niipit.dk\/norsminde-kro\/","url":"https:\/\/niipit.dk\/norsminde-kro\/","name":"Gastronomi n\u00e6r Aarhus \u2502 Book Gourmetophold i dag \u27a4","isPartOf":{"@id":"https:\/\/niipit.dk\/norsminde-kro\/#website"},"datePublished":"2019-10-10T20:29:00+00:00","dateModified":"2021-01-04T18:23:39+00:00","description":"Norsminde Kro i natursk\u00f8nne omgivelser n\u00e6r \u00c5rhus \u2502 Delikat menu med lokale r\u00e5varer \u2502 Smukke festlokaler med havudsigt \u2502 Book p\u00e5 \u260f 21 29 38 44","breadcrumb":{"@id":"https:\/\/niipit.dk\/norsminde-kro\/#breadcrumb"},"inLanguage":"da-DK","potentialAction":[{"@type":"ReadAction","target":["https:\/\/niipit.dk\/norsminde-kro\/"]}]},{"@type":"BreadcrumbList","@id":"https:\/\/niipit.dk\/norsminde-kro\/#breadcrumb","itemListElement":[{"@type":"ListItem","position":1,"name":"Hjem","item":"https:\/\/niipit.dk\/norsminde-kro\/"},{"@type":"ListItem","position":2,"name":"Forside"}]},{"@type":"WebSite","@id":"https:\/\/niipit.dk\/norsminde-kro\/#website","url":"https:\/\/niipit.dk\/norsminde-kro\/","name":"Norsminde Kro","description":"Krophold og Gastronomi med havudsigt","potentialAction":[{"@type":"SearchAction","target":{"@type":"EntryPoint","urlTemplate":"https:\/\/niipit.dk\/norsminde-kro\/?s={search_term_string}"},"query-input":{"@type":"PropertyValueSpecification","valueRequired":true,"valueName":"search_term_string"}}],"inLanguage":"da-DK"}]}},"_links":{"self":[{"href":"https:\/\/niipit.dk\/norsminde-kro\/wp-json\/wp\/v2\/pages\/5064","targetHints":{"allow":["GET"]}}],"collection":[{"href":"https:\/\/niipit.dk\/norsminde-kro\/wp-json\/wp\/v2\/pages"}],"about":[{"href":"https:\/\/niipit.dk\/norsminde-kro\/wp-json\/wp\/v2\/types\/page"}],"author":[{"embeddable":true,"href":"https:\/\/niipit.dk\/norsminde-kro\/wp-json\/wp\/v2\/users\/1"}],"replies":[{"embeddable":true,"href":"https:\/\/niipit.dk\/norsminde-kro\/wp-json\/wp\/v2\/comments?post=5064"}],"version-history":[{"count":1,"href":"https:\/\/niipit.dk\/norsminde-kro\/wp-json\/wp\/v2\/pages\/5064\/revisions"}],"predecessor-version":[{"id":5985,"href":"https:\/\/niipit.dk\/norsminde-kro\/wp-json\/wp\/v2\/pages\/5064\/revisions\/5985"}],"wp:attachment":[{"href":"https:\/\/niipit.dk\/norsminde-kro\/wp-json\/wp\/v2\/media?parent=5064"}],"curies":[{"name":"wp","href":"https:\/\/api.w.org\/{rel}","templated":true}]}}