{"id":6011,"date":"2020-06-19T11:38:13","date_gmt":"2020-06-19T09:38:13","guid":{"rendered":"https:\/\/niipit.dk\/norh-toemrer\/?post_type=product&#038;p=6011"},"modified":"2020-07-02T20:30:20","modified_gmt":"2020-07-02T18:30:20","slug":"guide-bye-et-legehus","status":"publish","type":"product","link":"https:\/\/niipit.dk\/norh-toemrer\/produkt\/guide-bye-et-legehus\/","title":{"rendered":"Guide &#8211; Bye et legehus"},"content":{"rendered":"<h1>Step By Step guide I at bygge et nyt legehus til de sm\u00e5<\/h1>\n<h2>Her f\u00e5r du en udf\u00f8rlig guide i hvordan du griber opgaven an og f\u00e5r bygget et nyt legehus.<\/h2>\n<p>F\u00f8lg guiden og giv b\u00f8rnene et legehus de vil bruge i mange \u00e5r.<\/p>\n","protected":false},"excerpt":{"rendered":"<p>Step By Step guide I at bygge et nyt legehus til de sm\u00e5 Her f\u00e5r du en udf\u00f8rlig guide i hvordan du griber opgaven an og f\u00e5r bygget et nyt legehus. F\u00f8lg guiden og giv b\u00f8rnene et legehus de vil bruge i mange \u00e5r.<\/p>\n","protected":false},"featured_media":6012,"template":"","meta":{"_exactmetrics_skip_tracking":false,"_exactmetrics_sitenote_active":false,"_exactmetrics_sitenote_note":"","_exactmetrics_sitenote_category":0,"_monsterinsights_skip_tracking":false,"_monsterinsights_sitenote_active":false,"_monsterinsights_sitenote_note":"","_monsterinsights_sitenote_category":0},"product_brand":[],"product_cat":[2169],"product_tag":[],"shoptype":[],"class_list":{"0":"post-6011","1":"product","2":"type-product","3":"status-publish","4":"has-post-thumbnail","6":"product_cat-freebee","8":"first","9":"instock","10":"shipping-taxable","11":"product-type-external"},"yoast_head":"<!-- This site is optimized with the Yoast SEO Premium plugin v16.3 (Yoast SEO v27.3) - https:\/\/yoast.com\/product\/yoast-seo-premium-wordpress\/ -->\n<title>Guide - Bye et legehus - Norh T\u00f8mrer<\/title>\n<meta name=\"robots\" content=\"index, follow, max-snippet:-1, max-image-preview:large, max-video-preview:-1\" \/>\n<link rel=\"canonical\" href=\"https:\/\/niipit.dk\/norh-toemrer\/produkt\/guide-bye-et-legehus\/\" \/>\n<meta property=\"og:locale\" content=\"da_DK\" \/>\n<meta property=\"og:type\" content=\"article\" \/>\n<meta property=\"og:title\" content=\"Guide - Bye et legehus - Norh T\u00f8mrer\" \/>\n<meta property=\"og:description\" content=\"Step By Step guide I at bygge et nyt legehus til de sm\u00e5 Her f\u00e5r du en udf\u00f8rlig guide i hvordan du griber opgaven an og f\u00e5r bygget et nyt legehus. F\u00f8lg guiden og giv b\u00f8rnene et legehus de vil bruge i mange \u00e5r.\" \/>\n<meta property=\"og:url\" content=\"https:\/\/niipit.dk\/norh-toemrer\/produkt\/guide-bye-et-legehus\/\" \/>\n<meta property=\"og:site_name\" content=\"Norh T\u00f8mrer\" \/>\n<meta property=\"article:modified_time\" content=\"2020-07-02T18:30:20+00:00\" \/>\n<meta property=\"og:image\" content=\"https:\/\/niipit.dk\/norh-toemrer\/wp-content\/uploads\/sites\/647\/2020\/06\/Norh-T\u00f8mrer-Guide-Byg-dit-eget-legehus.jpg\" \/>\n\t<meta property=\"og:image:width\" content=\"1280\" \/>\n\t<meta property=\"og:image:height\" content=\"854\" \/>\n\t<meta property=\"og:image:type\" content=\"image\/jpeg\" \/>\n<meta name=\"twitter:card\" content=\"summary_large_image\" \/>\n<script type=\"application\/ld+json\" class=\"yoast-schema-graph\">{\"@context\":\"https:\\\/\\\/schema.org\",\"@graph\":[{\"@type\":\"WebPage\",\"@id\":\"https:\\\/\\\/niipit.dk\\\/norh-toemrer\\\/produkt\\\/guide-bye-et-legehus\\\/\",\"url\":\"https:\\\/\\\/niipit.dk\\\/norh-toemrer\\\/produkt\\\/guide-bye-et-legehus\\\/\",\"name\":\"Guide - Bye et legehus - Norh T\u00f8mrer\",\"isPartOf\":{\"@id\":\"https:\\\/\\\/niipit.dk\\\/norh-toemrer\\\/#website\"},\"primaryImageOfPage\":{\"@id\":\"https:\\\/\\\/niipit.dk\\\/norh-toemrer\\\/produkt\\\/guide-bye-et-legehus\\\/#primaryimage\"},\"image\":{\"@id\":\"https:\\\/\\\/niipit.dk\\\/norh-toemrer\\\/produkt\\\/guide-bye-et-legehus\\\/#primaryimage\"},\"thumbnailUrl\":\"https:\\\/\\\/niipit.dk\\\/norh-toemrer\\\/wp-content\\\/uploads\\\/sites\\\/647\\\/2020\\\/06\\\/Norh-T\u00f8mrer-Guide-Byg-dit-eget-legehus.jpg\",\"datePublished\":\"2020-06-19T09:38:13+00:00\",\"dateModified\":\"2020-07-02T18:30:20+00:00\",\"breadcrumb\":{\"@id\":\"https:\\\/\\\/niipit.dk\\\/norh-toemrer\\\/produkt\\\/guide-bye-et-legehus\\\/#breadcrumb\"},\"inLanguage\":\"da-DK\",\"potentialAction\":[{\"@type\":\"ReadAction\",\"target\":[\"https:\\\/\\\/niipit.dk\\\/norh-toemrer\\\/produkt\\\/guide-bye-et-legehus\\\/\"]}]},{\"@type\":\"ImageObject\",\"inLanguage\":\"da-DK\",\"@id\":\"https:\\\/\\\/niipit.dk\\\/norh-toemrer\\\/produkt\\\/guide-bye-et-legehus\\\/#primaryimage\",\"url\":\"https:\\\/\\\/niipit.dk\\\/norh-toemrer\\\/wp-content\\\/uploads\\\/sites\\\/647\\\/2020\\\/06\\\/Norh-T\u00f8mrer-Guide-Byg-dit-eget-legehus.jpg\",\"contentUrl\":\"https:\\\/\\\/niipit.dk\\\/norh-toemrer\\\/wp-content\\\/uploads\\\/sites\\\/647\\\/2020\\\/06\\\/Norh-T\u00f8mrer-Guide-Byg-dit-eget-legehus.jpg\",\"width\":1280,\"height\":854,\"caption\":\"Norh T\u00f8mrer Guide Byg-dit-eget-legehus\"},{\"@type\":\"BreadcrumbList\",\"@id\":\"https:\\\/\\\/niipit.dk\\\/norh-toemrer\\\/produkt\\\/guide-bye-et-legehus\\\/#breadcrumb\",\"itemListElement\":[{\"@type\":\"ListItem\",\"position\":1,\"name\":\"Hjem\",\"item\":\"https:\\\/\\\/niipit.dk\\\/norh-toemrer\\\/\"},{\"@type\":\"ListItem\",\"position\":2,\"name\":\"Varer\",\"item\":\"https:\\\/\\\/niipit.dk\\\/norh-toemrer\\\/shop\\\/\"},{\"@type\":\"ListItem\",\"position\":3,\"name\":\"Guide &#8211; Bye et legehus\"}]},{\"@type\":\"WebSite\",\"@id\":\"https:\\\/\\\/niipit.dk\\\/norh-toemrer\\\/#website\",\"url\":\"https:\\\/\\\/niipit.dk\\\/norh-toemrer\\\/\",\"name\":\"Norh T\u00f8mrer\",\"description\":\"Din lokale h\u00e5ndv\u00e6rker i K\u00f8benhavn\",\"potentialAction\":[{\"@type\":\"SearchAction\",\"target\":{\"@type\":\"EntryPoint\",\"urlTemplate\":\"https:\\\/\\\/niipit.dk\\\/norh-toemrer\\\/?s={search_term_string}\"},\"query-input\":{\"@type\":\"PropertyValueSpecification\",\"valueRequired\":true,\"valueName\":\"search_term_string\"}}],\"inLanguage\":\"da-DK\"}]}<\/script>\n<!-- \/ Yoast SEO Premium plugin. -->","yoast_head_json":{"title":"Guide - Bye et legehus - Norh T\u00f8mrer","robots":{"index":"index","follow":"follow","max-snippet":"max-snippet:-1","max-image-preview":"max-image-preview:large","max-video-preview":"max-video-preview:-1"},"canonical":"https:\/\/niipit.dk\/norh-toemrer\/produkt\/guide-bye-et-legehus\/","og_locale":"da_DK","og_type":"article","og_title":"Guide - Bye et legehus - Norh T\u00f8mrer","og_description":"Step By Step guide I at bygge et nyt legehus til de sm\u00e5 Her f\u00e5r du en udf\u00f8rlig guide i hvordan du griber opgaven an og f\u00e5r bygget et nyt legehus. F\u00f8lg guiden og giv b\u00f8rnene et legehus de vil bruge i mange \u00e5r.","og_url":"https:\/\/niipit.dk\/norh-toemrer\/produkt\/guide-bye-et-legehus\/","og_site_name":"Norh T\u00f8mrer","article_modified_time":"2020-07-02T18:30:20+00:00","og_image":[{"width":1280,"height":854,"url":"https:\/\/niipit.dk\/norh-toemrer\/wp-content\/uploads\/sites\/647\/2020\/06\/Norh-T\u00f8mrer-Guide-Byg-dit-eget-legehus.jpg","type":"image\/jpeg"}],"twitter_card":"summary_large_image","schema":{"@context":"https:\/\/schema.org","@graph":[{"@type":"WebPage","@id":"https:\/\/niipit.dk\/norh-toemrer\/produkt\/guide-bye-et-legehus\/","url":"https:\/\/niipit.dk\/norh-toemrer\/produkt\/guide-bye-et-legehus\/","name":"Guide - Bye et legehus - Norh T\u00f8mrer","isPartOf":{"@id":"https:\/\/niipit.dk\/norh-toemrer\/#website"},"primaryImageOfPage":{"@id":"https:\/\/niipit.dk\/norh-toemrer\/produkt\/guide-bye-et-legehus\/#primaryimage"},"image":{"@id":"https:\/\/niipit.dk\/norh-toemrer\/produkt\/guide-bye-et-legehus\/#primaryimage"},"thumbnailUrl":"https:\/\/niipit.dk\/norh-toemrer\/wp-content\/uploads\/sites\/647\/2020\/06\/Norh-T\u00f8mrer-Guide-Byg-dit-eget-legehus.jpg","datePublished":"2020-06-19T09:38:13+00:00","dateModified":"2020-07-02T18:30:20+00:00","breadcrumb":{"@id":"https:\/\/niipit.dk\/norh-toemrer\/produkt\/guide-bye-et-legehus\/#breadcrumb"},"inLanguage":"da-DK","potentialAction":[{"@type":"ReadAction","target":["https:\/\/niipit.dk\/norh-toemrer\/produkt\/guide-bye-et-legehus\/"]}]},{"@type":"ImageObject","inLanguage":"da-DK","@id":"https:\/\/niipit.dk\/norh-toemrer\/produkt\/guide-bye-et-legehus\/#primaryimage","url":"https:\/\/niipit.dk\/norh-toemrer\/wp-content\/uploads\/sites\/647\/2020\/06\/Norh-T\u00f8mrer-Guide-Byg-dit-eget-legehus.jpg","contentUrl":"https:\/\/niipit.dk\/norh-toemrer\/wp-content\/uploads\/sites\/647\/2020\/06\/Norh-T\u00f8mrer-Guide-Byg-dit-eget-legehus.jpg","width":1280,"height":854,"caption":"Norh T\u00f8mrer Guide Byg-dit-eget-legehus"},{"@type":"BreadcrumbList","@id":"https:\/\/niipit.dk\/norh-toemrer\/produkt\/guide-bye-et-legehus\/#breadcrumb","itemListElement":[{"@type":"ListItem","position":1,"name":"Hjem","item":"https:\/\/niipit.dk\/norh-toemrer\/"},{"@type":"ListItem","position":2,"name":"Varer","item":"https:\/\/niipit.dk\/norh-toemrer\/shop\/"},{"@type":"ListItem","position":3,"name":"Guide &#8211; Bye et legehus"}]},{"@type":"WebSite","@id":"https:\/\/niipit.dk\/norh-toemrer\/#website","url":"https:\/\/niipit.dk\/norh-toemrer\/","name":"Norh T\u00f8mrer","description":"Din lokale h\u00e5ndv\u00e6rker i K\u00f8benhavn","potentialAction":[{"@type":"SearchAction","target":{"@type":"EntryPoint","urlTemplate":"https:\/\/niipit.dk\/norh-toemrer\/?s={search_term_string}"},"query-input":{"@type":"PropertyValueSpecification","valueRequired":true,"valueName":"search_term_string"}}],"inLanguage":"da-DK"}]}},"_links":{"self":[{"href":"https:\/\/niipit.dk\/norh-toemrer\/wp-json\/wp\/v2\/product\/6011","targetHints":{"allow":["GET"]}}],"collection":[{"href":"https:\/\/niipit.dk\/norh-toemrer\/wp-json\/wp\/v2\/product"}],"about":[{"href":"https:\/\/niipit.dk\/norh-toemrer\/wp-json\/wp\/v2\/types\/product"}],"wp:featuredmedia":[{"embeddable":true,"href":"https:\/\/niipit.dk\/norh-toemrer\/wp-json\/wp\/v2\/media\/6012"}],"wp:attachment":[{"href":"https:\/\/niipit.dk\/norh-toemrer\/wp-json\/wp\/v2\/media?parent=6011"}],"wp:term":[{"taxonomy":"product_brand","embeddable":true,"href":"https:\/\/niipit.dk\/norh-toemrer\/wp-json\/wp\/v2\/product_brand?post=6011"},{"taxonomy":"product_cat","embeddable":true,"href":"https:\/\/niipit.dk\/norh-toemrer\/wp-json\/wp\/v2\/product_cat?post=6011"},{"taxonomy":"product_tag","embeddable":true,"href":"https:\/\/niipit.dk\/norh-toemrer\/wp-json\/wp\/v2\/product_tag?post=6011"},{"taxonomy":"shoptype","embeddable":true,"href":"https:\/\/niipit.dk\/norh-toemrer\/wp-json\/wp\/v2\/shoptype?post=6011"}],"curies":[{"name":"wp","href":"https:\/\/api.w.org\/{rel}","templated":true}]}}