{"id":5064,"date":"2020-06-05T22:29:34","date_gmt":"2020-06-05T20:29:34","guid":{"rendered":"https:\/\/niipit.dk\/norh-toemmer-shop\/?page_id=5064"},"modified":"2020-06-19T11:27:49","modified_gmt":"2020-06-19T09:27:49","slug":"din-lokale-toemrer","status":"publish","type":"page","link":"https:\/\/niipit.dk\/norh-toemrer\/","title":{"rendered":"Norh T\u00f8mrer"},"content":{"rendered":"\n<hr class=\"wp-block-separator\"\/>\n\n\n\n<h2 class=\"wp-block-heading\">Norh T\u00f8mrer, et t\u00f8mrerfirma der udf\u00f8rer den meste indenfor t\u00f8mrerfaget<\/h2>\n\n\n\n<p>Norh t\u00f8mrer er en lille t\u00f8mrevirksomhed som udf\u00f8rer blandet opgaver i Stork\u00f8benhavn, indenfor t\u00f8mrerens fag. Vi tilbyder i dag vores kunder i Stork\u00f8benhavn f\u00f8lgende t\u00f8mrerarbejde:<\/p>\n\n\n\n<ul class=\"wp-block-list\"><li>Indend\u00f8rs renovering<\/li><li>Gipsv\u00e6gge og gipsloft<\/li><li>Terrasser<\/li><li>Snedkeropgaver<\/li><li>Hegn<\/li><li>Gulve, lofter og v\u00e6gge<\/li><li>Gavle og facader<\/li><li>Vinduer og d\u00f8re<\/li><li>Carporte og garager<\/li><li>Totalrenovering<\/li><li>K\u00f8kken renovering<\/li><\/ul>\n\n\n\n<p><\/p>\n\n\n\n<p>Hvis du gerne vil vide en pris f\u00f8r du beslutter dig for at f\u00e5 udf\u00f8rt en opgave, s\u00e5 kan du nemt og sikkert p\u00e5 vores hjemmeside indhente et tilbud, p\u00e5 t\u00f8mrer opgave. Drejer det sig om st\u00f8rre opgaver kan vi ogs\u00e5 aftale at vi kommer ud og tager et kig ganske gratis for dig.\u00a0<\/p>\n\n\n\n<h3 class=\"wp-block-heading\">Noah t\u00f8mrer arbejder prim\u00e6rt i Stork\u00f8benhavn, men kan ogs\u00e5 betjene kunder p\u00e5 hele Sj\u00e6lland.<\/h3>\n\n\n\n<p><\/p>\n\n\n\n<p>Du kan l\u00e6se mere om Norh <a rel=\"noreferrer noopener\" href=\"https:\/\/niipit.dk\/norh-toemrer\/\" target=\"_blank\">her<\/a><\/p>\n\n\n\n<p>Adresse: Sankt J\u00f8rgens all\u00e9 6 kl 1615 K\u00f8benhavn V Cvr. 40323279<\/p>\n\n\n\n<p>Mail: <a rel=\"noreferrer noopener\" href=\"mailto:kontakt@norhtoemrer.dk\" target=\"_blank\">kontakt@norhtoemrer.dk<\/a><\/p>\n\n\n\n<div class=\"wp-block-image\"><figure class=\"aligncenter size-large\"><img loading=\"lazy\" decoding=\"async\" width=\"964\" height=\"314\" src=\"https:\/\/niipit.dk\/norh-toemrer\/wp-content\/uploads\/sites\/647\/2020\/06\/Norh-t\u00f8mrer.png\" alt=\"Norh T\u00f8mrer Din lokale h\u00e5ndv\u00e6rker i k\u00f8benhavn\" class=\"wp-image-6008\" srcset=\"https:\/\/niipit.dk\/norh-toemrer\/wp-content\/uploads\/sites\/647\/2020\/06\/Norh-t\u00f8mrer.png 964w, https:\/\/niipit.dk\/norh-toemrer\/wp-content\/uploads\/sites\/647\/2020\/06\/Norh-t\u00f8mrer-300x98.png 300w, https:\/\/niipit.dk\/norh-toemrer\/wp-content\/uploads\/sites\/647\/2020\/06\/Norh-t\u00f8mrer-768x250.png 768w, https:\/\/niipit.dk\/norh-toemrer\/wp-content\/uploads\/sites\/647\/2020\/06\/Norh-t\u00f8mrer-600x195.png 600w\" sizes=\"auto, (max-width: 964px) 100vw, 964px\" \/><\/figure><\/div>\n","protected":false},"excerpt":{"rendered":"<p>Norh T\u00f8mrer, et t\u00f8mrerfirma der udf\u00f8rer den meste indenfor t\u00f8mrerfaget Norh t\u00f8mrer er en lille t\u00f8mrevirksomhed som udf\u00f8rer blandet opgaver i Stork\u00f8benhavn, indenfor t\u00f8mrerens fag. Vi tilbyder i dag vores kunder i Stork\u00f8benhavn f\u00f8lgende t\u00f8mrerarbejde: Indend\u00f8rs renovering Gipsv\u00e6gge og gipsloft Terrasser Snedkeropgaver Hegn Gulve, lofter og v\u00e6gge Gavle og facader Vinduer og d\u00f8re Carporte og <a class=\"moretag btn btn-primary\" href=\"https:\/\/niipit.dk\/norh-toemrer\/\">L\u00e6s mere<\/a><\/p>\n","protected":false},"author":1,"featured_media":0,"parent":0,"menu_order":0,"comment_status":"closed","ping_status":"closed","template":"frontpagePremium.php","meta":{"_exactmetrics_skip_tracking":false,"_exactmetrics_sitenote_active":false,"_exactmetrics_sitenote_note":"","_exactmetrics_sitenote_category":0,"_monsterinsights_skip_tracking":false,"_monsterinsights_sitenote_active":false,"_monsterinsights_sitenote_note":"","_monsterinsights_sitenote_category":0,"footnotes":""},"class_list":["post-5064","page","type-page","status-publish","hentry"],"yoast_head":"<!-- This site is optimized with the Yoast SEO Premium plugin v16.3 (Yoast SEO v27.3) - https:\/\/yoast.com\/product\/yoast-seo-premium-wordpress\/ -->\n<title>Norh T\u00f8mrer | Din lokale h\u00e5ndv\u00e6rker i k\u00f8benhavn \u270e<\/title>\n<meta name=\"description\" content=\"Norh T\u00f8mrer k\u00f8re til private og erhverv | Renovering | Ring \u260f +45 22 22 28 68 n\u00e5r du har brug for en en ordentlig t\u00f8mrer \u270e\u270e\u270e\" \/>\n<meta name=\"robots\" content=\"index, follow, max-snippet:-1, max-image-preview:large, max-video-preview:-1\" \/>\n<link rel=\"canonical\" href=\"https:\/\/niipit.dk\/norh-toemrer\/\" \/>\n<meta property=\"og:locale\" content=\"da_DK\" \/>\n<meta property=\"og:type\" content=\"article\" \/>\n<meta property=\"og:title\" content=\"Norh T\u00f8mrer | Din lokale h\u00e5ndv\u00e6rker i k\u00f8benhavn \u270e\" \/>\n<meta property=\"og:description\" content=\"Norh T\u00f8mrer k\u00f8re til private og erhverv | Renovering | Ring \u260f +45 22 22 28 68 n\u00e5r du har brug for en en ordentlig t\u00f8mrer \u270e\u270e\u270e\" \/>\n<meta property=\"og:url\" content=\"https:\/\/niipit.dk\/norh-toemrer\/\" \/>\n<meta property=\"og:site_name\" content=\"Norh T\u00f8mrer\" \/>\n<meta property=\"article:modified_time\" content=\"2020-06-19T09:27:49+00:00\" \/>\n<meta name=\"twitter:card\" content=\"summary_large_image\" \/>\n<meta name=\"twitter:label1\" content=\"Estimeret l\u00e6setid\" \/>\n\t<meta name=\"twitter:data1\" content=\"1 minut\" \/>\n<script type=\"application\/ld+json\" class=\"yoast-schema-graph\">{\"@context\":\"https:\\\/\\\/schema.org\",\"@graph\":[{\"@type\":\"WebPage\",\"@id\":\"https:\\\/\\\/niipit.dk\\\/norh-toemrer\\\/\",\"url\":\"https:\\\/\\\/niipit.dk\\\/norh-toemrer\\\/\",\"name\":\"Norh T\u00f8mrer | Din lokale h\u00e5ndv\u00e6rker i k\u00f8benhavn \u270e\",\"isPartOf\":{\"@id\":\"https:\\\/\\\/niipit.dk\\\/norh-toemrer\\\/#website\"},\"datePublished\":\"2020-06-05T20:29:34+00:00\",\"dateModified\":\"2020-06-19T09:27:49+00:00\",\"description\":\"Norh T\u00f8mrer k\u00f8re til private og erhverv | Renovering | Ring \u260f +45 22 22 28 68 n\u00e5r du har brug for en en ordentlig t\u00f8mrer \u270e\u270e\u270e\",\"breadcrumb\":{\"@id\":\"https:\\\/\\\/niipit.dk\\\/norh-toemrer\\\/#breadcrumb\"},\"inLanguage\":\"da-DK\",\"potentialAction\":[{\"@type\":\"ReadAction\",\"target\":[\"https:\\\/\\\/niipit.dk\\\/norh-toemrer\\\/\"]}]},{\"@type\":\"BreadcrumbList\",\"@id\":\"https:\\\/\\\/niipit.dk\\\/norh-toemrer\\\/#breadcrumb\",\"itemListElement\":[{\"@type\":\"ListItem\",\"position\":1,\"name\":\"Hjem\",\"item\":\"https:\\\/\\\/niipit.dk\\\/norh-toemrer\\\/\"},{\"@type\":\"ListItem\",\"position\":2,\"name\":\"Norh T\u00f8mrer\"}]},{\"@type\":\"WebSite\",\"@id\":\"https:\\\/\\\/niipit.dk\\\/norh-toemrer\\\/#website\",\"url\":\"https:\\\/\\\/niipit.dk\\\/norh-toemrer\\\/\",\"name\":\"Norh T\u00f8mrer\",\"description\":\"Din lokale h\u00e5ndv\u00e6rker i K\u00f8benhavn\",\"potentialAction\":[{\"@type\":\"SearchAction\",\"target\":{\"@type\":\"EntryPoint\",\"urlTemplate\":\"https:\\\/\\\/niipit.dk\\\/norh-toemrer\\\/?s={search_term_string}\"},\"query-input\":{\"@type\":\"PropertyValueSpecification\",\"valueRequired\":true,\"valueName\":\"search_term_string\"}}],\"inLanguage\":\"da-DK\"}]}<\/script>\n<!-- \/ Yoast SEO Premium plugin. -->","yoast_head_json":{"title":"Norh T\u00f8mrer | Din lokale h\u00e5ndv\u00e6rker i k\u00f8benhavn \u270e","description":"Norh T\u00f8mrer k\u00f8re til private og erhverv | Renovering | Ring \u260f +45 22 22 28 68 n\u00e5r du har brug for en en ordentlig t\u00f8mrer \u270e\u270e\u270e","robots":{"index":"index","follow":"follow","max-snippet":"max-snippet:-1","max-image-preview":"max-image-preview:large","max-video-preview":"max-video-preview:-1"},"canonical":"https:\/\/niipit.dk\/norh-toemrer\/","og_locale":"da_DK","og_type":"article","og_title":"Norh T\u00f8mrer | Din lokale h\u00e5ndv\u00e6rker i k\u00f8benhavn \u270e","og_description":"Norh T\u00f8mrer k\u00f8re til private og erhverv | Renovering | Ring \u260f +45 22 22 28 68 n\u00e5r du har brug for en en ordentlig t\u00f8mrer \u270e\u270e\u270e","og_url":"https:\/\/niipit.dk\/norh-toemrer\/","og_site_name":"Norh T\u00f8mrer","article_modified_time":"2020-06-19T09:27:49+00:00","twitter_card":"summary_large_image","twitter_misc":{"Estimeret l\u00e6setid":"1 minut"},"schema":{"@context":"https:\/\/schema.org","@graph":[{"@type":"WebPage","@id":"https:\/\/niipit.dk\/norh-toemrer\/","url":"https:\/\/niipit.dk\/norh-toemrer\/","name":"Norh T\u00f8mrer | Din lokale h\u00e5ndv\u00e6rker i k\u00f8benhavn \u270e","isPartOf":{"@id":"https:\/\/niipit.dk\/norh-toemrer\/#website"},"datePublished":"2020-06-05T20:29:34+00:00","dateModified":"2020-06-19T09:27:49+00:00","description":"Norh T\u00f8mrer k\u00f8re til private og erhverv | Renovering | Ring \u260f +45 22 22 28 68 n\u00e5r du har brug for en en ordentlig t\u00f8mrer \u270e\u270e\u270e","breadcrumb":{"@id":"https:\/\/niipit.dk\/norh-toemrer\/#breadcrumb"},"inLanguage":"da-DK","potentialAction":[{"@type":"ReadAction","target":["https:\/\/niipit.dk\/norh-toemrer\/"]}]},{"@type":"BreadcrumbList","@id":"https:\/\/niipit.dk\/norh-toemrer\/#breadcrumb","itemListElement":[{"@type":"ListItem","position":1,"name":"Hjem","item":"https:\/\/niipit.dk\/norh-toemrer\/"},{"@type":"ListItem","position":2,"name":"Norh T\u00f8mrer"}]},{"@type":"WebSite","@id":"https:\/\/niipit.dk\/norh-toemrer\/#website","url":"https:\/\/niipit.dk\/norh-toemrer\/","name":"Norh T\u00f8mrer","description":"Din lokale h\u00e5ndv\u00e6rker i K\u00f8benhavn","potentialAction":[{"@type":"SearchAction","target":{"@type":"EntryPoint","urlTemplate":"https:\/\/niipit.dk\/norh-toemrer\/?s={search_term_string}"},"query-input":{"@type":"PropertyValueSpecification","valueRequired":true,"valueName":"search_term_string"}}],"inLanguage":"da-DK"}]}},"_links":{"self":[{"href":"https:\/\/niipit.dk\/norh-toemrer\/wp-json\/wp\/v2\/pages\/5064","targetHints":{"allow":["GET"]}}],"collection":[{"href":"https:\/\/niipit.dk\/norh-toemrer\/wp-json\/wp\/v2\/pages"}],"about":[{"href":"https:\/\/niipit.dk\/norh-toemrer\/wp-json\/wp\/v2\/types\/page"}],"author":[{"embeddable":true,"href":"https:\/\/niipit.dk\/norh-toemrer\/wp-json\/wp\/v2\/users\/1"}],"replies":[{"embeddable":true,"href":"https:\/\/niipit.dk\/norh-toemrer\/wp-json\/wp\/v2\/comments?post=5064"}],"version-history":[{"count":0,"href":"https:\/\/niipit.dk\/norh-toemrer\/wp-json\/wp\/v2\/pages\/5064\/revisions"}],"wp:attachment":[{"href":"https:\/\/niipit.dk\/norh-toemrer\/wp-json\/wp\/v2\/media?parent=5064"}],"curies":[{"name":"wp","href":"https:\/\/api.w.org\/{rel}","templated":true}]}}