{"id":5064,"date":"2020-06-05T22:29:34","date_gmt":"2020-06-05T20:29:34","guid":{"rendered":"https:\/\/niipit.dk\/norh-malerfirma-shop\/?page_id=5064"},"modified":"2020-06-07T00:53:21","modified_gmt":"2020-06-06T22:53:21","slug":"frontpage","status":"publish","type":"page","link":"https:\/\/niipit.dk\/norh-malerfirma\/","title":{"rendered":"Dit malerfirma i Stork\u00f8benhavn"},"content":{"rendered":"\n<hr class=\"wp-block-separator\"\/>\n\n\n\n<h2 class=\"wp-block-heading\">Norh maler |\u00a0Dit malerfirma i Stork\u00f8benhavn for private og erhverv<\/h2>\n\n\n\n<p>Norh malerfirma, din professionelle maler i Stork\u00f8benhavn. Vi sover n\u00e6sten aldrig &#8211; Vi maler de fleste dage mellem kl 7 og 22. S\u00e5 n\u00e5r vi siger at vi maler n\u00e5r det passer dig s\u00e5 rammer vi som regel rigtigt<\/p>\n\n\n\n<p>Norh malerfirma kommer ud til dig uanset om du er privat eller erhverv. Vi h\u00f8re hjemme p\u00e5 Vesterbro, men uanset hvor i Stor K\u00f8benhavn du bor s\u00e5 k\u00f8rer vi ud til dig n\u00e5r du har brug for det. Hvis du har haft en vandskade og b\u00e5de lofter, v\u00e6gge, el og gulve er \u00f8delagt s\u00e5 klare vi det hele for dig. Hvis du har en indboforsikring s\u00e5 d\u00e6kker den b\u00e5de vores arbejde og alt det der er \u00f8delagt. Ring gerne til en uforpligtende snak om dine muligheder.<\/p>\n\n\n\n<h3 class=\"wp-block-heading\">Hvis du har brug for at vi kommer n\u00e5r du holder ferie eller er p\u00e5 arbejde s\u00e5 skal vi nok passe p\u00e5 dit hjem mens du er v\u00e6k<\/h3>\n\n\n\n<p>Vi g\u00e5r meget op i sikkerhed hod vores kunder. N\u00e5r vi maler s\u00e5 d\u00e6kker vi alt det af der er muligt. Vi \u00f8nsker ikke at du kan se vi har v\u00e6ret der n\u00e5r du kommer hjem. Vores folk er til at stole p\u00e5 og vi l\u00e5ser altid d\u00f8ren efter os, n\u00e5r vi har ryddet op. Hvis du gerne vil v\u00e6re hjemme n\u00e5r vi maler s\u00e5 finder vi sikkert ogs\u00e5 ud af det unden problemer <\/p>\n\n\n\n<h2 class=\"wp-block-heading\">Malerarbejde ude som inde n\u00e5r du bruger malerfirma i Stork\u00f8benhavn<\/h2>\n\n\n\n<p>Uanset om du vil have malet badev\u00e6relset eller loftet i stuen eller om du skal have malet facaden p\u00e5 huset s\u00e5 kan vi hj\u00e6lpe dig. Hvis du har tr\u00e6gulve og de har mistet deres gl\u00f8d s\u00e5 kan vi ogs\u00e5 f\u00e5 liv i dine gulve igen s\u00e5 de bliver smukke og livlige.<\/p>\n\n\n\n<h3 class=\"wp-block-heading\">Vi k\u00f8rer prim\u00e6rt i Stork\u00f8benhavn, men k\u00f8re ogs\u00e5 ud til kunder p\u00e5 hele Sj\u00e6lland.<\/h3>\n\n\n\n<figure class=\"wp-block-image size-full\"><a href=\"https:\/\/niipit.dk\/norh-sikring\/\"><img loading=\"lazy\" decoding=\"async\" width=\"964\" height=\"284\" src=\"https:\/\/niipit.dk\/norh-malerfirma\/wp-content\/uploads\/sites\/643\/2020\/06\/Norh-maler-i-stork\u00f8benhavn.png\" alt=\"Norh malerfirma i Stork\u00f8benhavn\" class=\"wp-image-6001\" srcset=\"https:\/\/niipit.dk\/norh-malerfirma\/wp-content\/uploads\/sites\/643\/2020\/06\/Norh-maler-i-stork\u00f8benhavn.png 964w, https:\/\/niipit.dk\/norh-malerfirma\/wp-content\/uploads\/sites\/643\/2020\/06\/Norh-maler-i-stork\u00f8benhavn-300x88.png 300w, https:\/\/niipit.dk\/norh-malerfirma\/wp-content\/uploads\/sites\/643\/2020\/06\/Norh-maler-i-stork\u00f8benhavn-768x226.png 768w, https:\/\/niipit.dk\/norh-malerfirma\/wp-content\/uploads\/sites\/643\/2020\/06\/Norh-maler-i-stork\u00f8benhavn-600x177.png 600w\" sizes=\"auto, (max-width: 964px) 100vw, 964px\" \/><\/a><\/figure>\n\n\n\n<p><\/p>\n","protected":false},"excerpt":{"rendered":"<p>Norh maler |\u00a0Dit malerfirma i Stork\u00f8benhavn for private og erhverv Norh malerfirma, din professionelle maler i Stork\u00f8benhavn. Vi sover n\u00e6sten aldrig &#8211; Vi maler de fleste dage mellem kl 7 og 22. S\u00e5 n\u00e5r vi siger at vi maler n\u00e5r det passer dig s\u00e5 rammer vi som regel rigtigt Norh malerfirma kommer ud til dig <a class=\"moretag btn btn-primary\" href=\"https:\/\/niipit.dk\/norh-malerfirma\/\">L\u00e6s mere<\/a><\/p>\n","protected":false},"author":1,"featured_media":0,"parent":0,"menu_order":0,"comment_status":"closed","ping_status":"closed","template":"frontpagePremium.php","meta":{"_exactmetrics_skip_tracking":false,"_exactmetrics_sitenote_active":false,"_exactmetrics_sitenote_note":"","_exactmetrics_sitenote_category":0,"_monsterinsights_skip_tracking":false,"_monsterinsights_sitenote_active":false,"_monsterinsights_sitenote_note":"","_monsterinsights_sitenote_category":0,"footnotes":""},"class_list":["post-5064","page","type-page","status-publish","hentry"],"yoast_head":"<!-- This site is optimized with the Yoast SEO Premium plugin v16.3 (Yoast SEO v27.4) - https:\/\/yoast.com\/product\/yoast-seo-premium-wordpress\/ -->\n<title>Norh Malerfirma K\u00f8benhavn | D\u00e6kker hele k\u00f8benhavn | +45 22 22 28 68<\/title>\n<meta name=\"description\" content=\"Norh Malerfirma K\u00f8benhavn k\u00f8re til private og erhverv | Vores biler er altid i dit n\u00e6romr\u00e5de | Ring \u260f +45 22 22 28 68 n\u00e5r du har brug for en maler \u27a2\u27a2\" \/>\n<meta name=\"robots\" content=\"index, follow, max-snippet:-1, max-image-preview:large, max-video-preview:-1\" \/>\n<link rel=\"canonical\" href=\"https:\/\/niipit.dk\/norh-malerfirma\/\" \/>\n<meta property=\"og:locale\" content=\"da_DK\" \/>\n<meta property=\"og:type\" content=\"article\" \/>\n<meta property=\"og:title\" content=\"Norh Malerfirma K\u00f8benhavn | D\u00e6kker hele k\u00f8benhavn | +45 22 22 28 68\" \/>\n<meta property=\"og:description\" content=\"Norh Malerfirma K\u00f8benhavn k\u00f8re til private og erhverv | Vores biler er altid i dit n\u00e6romr\u00e5de | Ring \u260f +45 22 22 28 68 n\u00e5r du har brug for en maler \u27a2\u27a2\" \/>\n<meta property=\"og:url\" content=\"https:\/\/niipit.dk\/norh-malerfirma\/\" \/>\n<meta property=\"og:site_name\" content=\"Norh Malerfirma K\u00f8benhavn\" \/>\n<meta property=\"article:modified_time\" content=\"2020-06-06T22:53:21+00:00\" \/>\n<meta name=\"twitter:card\" content=\"summary_large_image\" \/>\n<meta name=\"twitter:label1\" content=\"Estimeret l\u00e6setid\" \/>\n\t<meta name=\"twitter:data1\" content=\"2 minutter\" \/>\n<script type=\"application\/ld+json\" class=\"yoast-schema-graph\">{\"@context\":\"https:\\\/\\\/schema.org\",\"@graph\":[{\"@type\":\"WebPage\",\"@id\":\"https:\\\/\\\/niipit.dk\\\/norh-malerfirma\\\/\",\"url\":\"https:\\\/\\\/niipit.dk\\\/norh-malerfirma\\\/\",\"name\":\"Norh Malerfirma K\u00f8benhavn | D\u00e6kker hele k\u00f8benhavn | +45 22 22 28 68\",\"isPartOf\":{\"@id\":\"https:\\\/\\\/niipit.dk\\\/norh-malerfirma\\\/#website\"},\"datePublished\":\"2020-06-05T20:29:34+00:00\",\"dateModified\":\"2020-06-06T22:53:21+00:00\",\"description\":\"Norh Malerfirma K\u00f8benhavn k\u00f8re til private og erhverv | Vores biler er altid i dit n\u00e6romr\u00e5de | Ring \u260f +45 22 22 28 68 n\u00e5r du har brug for en maler \u27a2\u27a2\",\"breadcrumb\":{\"@id\":\"https:\\\/\\\/niipit.dk\\\/norh-malerfirma\\\/#breadcrumb\"},\"inLanguage\":\"da-DK\",\"potentialAction\":[{\"@type\":\"ReadAction\",\"target\":[\"https:\\\/\\\/niipit.dk\\\/norh-malerfirma\\\/\"]}]},{\"@type\":\"BreadcrumbList\",\"@id\":\"https:\\\/\\\/niipit.dk\\\/norh-malerfirma\\\/#breadcrumb\",\"itemListElement\":[{\"@type\":\"ListItem\",\"position\":1,\"name\":\"Hjem\",\"item\":\"https:\\\/\\\/niipit.dk\\\/norh-malerfirma\\\/\"},{\"@type\":\"ListItem\",\"position\":2,\"name\":\"Dit malerfirma i Stork\u00f8benhavn\"}]},{\"@type\":\"WebSite\",\"@id\":\"https:\\\/\\\/niipit.dk\\\/norh-malerfirma\\\/#website\",\"url\":\"https:\\\/\\\/niipit.dk\\\/norh-malerfirma\\\/\",\"name\":\"Norh Malerfirma K\u00f8benhavn\",\"description\":\"Kvalitet f\u00f8r alt andet\",\"potentialAction\":[{\"@type\":\"SearchAction\",\"target\":{\"@type\":\"EntryPoint\",\"urlTemplate\":\"https:\\\/\\\/niipit.dk\\\/norh-malerfirma\\\/?s={search_term_string}\"},\"query-input\":{\"@type\":\"PropertyValueSpecification\",\"valueRequired\":true,\"valueName\":\"search_term_string\"}}],\"inLanguage\":\"da-DK\"}]}<\/script>\n<!-- \/ Yoast SEO Premium plugin. -->","yoast_head_json":{"title":"Norh Malerfirma K\u00f8benhavn | D\u00e6kker hele k\u00f8benhavn | +45 22 22 28 68","description":"Norh Malerfirma K\u00f8benhavn k\u00f8re til private og erhverv | Vores biler er altid i dit n\u00e6romr\u00e5de | Ring \u260f +45 22 22 28 68 n\u00e5r du har brug for en maler \u27a2\u27a2","robots":{"index":"index","follow":"follow","max-snippet":"max-snippet:-1","max-image-preview":"max-image-preview:large","max-video-preview":"max-video-preview:-1"},"canonical":"https:\/\/niipit.dk\/norh-malerfirma\/","og_locale":"da_DK","og_type":"article","og_title":"Norh Malerfirma K\u00f8benhavn | D\u00e6kker hele k\u00f8benhavn | +45 22 22 28 68","og_description":"Norh Malerfirma K\u00f8benhavn k\u00f8re til private og erhverv | Vores biler er altid i dit n\u00e6romr\u00e5de | Ring \u260f +45 22 22 28 68 n\u00e5r du har brug for en maler \u27a2\u27a2","og_url":"https:\/\/niipit.dk\/norh-malerfirma\/","og_site_name":"Norh Malerfirma K\u00f8benhavn","article_modified_time":"2020-06-06T22:53:21+00:00","twitter_card":"summary_large_image","twitter_misc":{"Estimeret l\u00e6setid":"2 minutter"},"schema":{"@context":"https:\/\/schema.org","@graph":[{"@type":"WebPage","@id":"https:\/\/niipit.dk\/norh-malerfirma\/","url":"https:\/\/niipit.dk\/norh-malerfirma\/","name":"Norh Malerfirma K\u00f8benhavn | D\u00e6kker hele k\u00f8benhavn | +45 22 22 28 68","isPartOf":{"@id":"https:\/\/niipit.dk\/norh-malerfirma\/#website"},"datePublished":"2020-06-05T20:29:34+00:00","dateModified":"2020-06-06T22:53:21+00:00","description":"Norh Malerfirma K\u00f8benhavn k\u00f8re til private og erhverv | Vores biler er altid i dit n\u00e6romr\u00e5de | Ring \u260f +45 22 22 28 68 n\u00e5r du har brug for en maler \u27a2\u27a2","breadcrumb":{"@id":"https:\/\/niipit.dk\/norh-malerfirma\/#breadcrumb"},"inLanguage":"da-DK","potentialAction":[{"@type":"ReadAction","target":["https:\/\/niipit.dk\/norh-malerfirma\/"]}]},{"@type":"BreadcrumbList","@id":"https:\/\/niipit.dk\/norh-malerfirma\/#breadcrumb","itemListElement":[{"@type":"ListItem","position":1,"name":"Hjem","item":"https:\/\/niipit.dk\/norh-malerfirma\/"},{"@type":"ListItem","position":2,"name":"Dit malerfirma i Stork\u00f8benhavn"}]},{"@type":"WebSite","@id":"https:\/\/niipit.dk\/norh-malerfirma\/#website","url":"https:\/\/niipit.dk\/norh-malerfirma\/","name":"Norh Malerfirma K\u00f8benhavn","description":"Kvalitet f\u00f8r alt andet","potentialAction":[{"@type":"SearchAction","target":{"@type":"EntryPoint","urlTemplate":"https:\/\/niipit.dk\/norh-malerfirma\/?s={search_term_string}"},"query-input":{"@type":"PropertyValueSpecification","valueRequired":true,"valueName":"search_term_string"}}],"inLanguage":"da-DK"}]}},"_links":{"self":[{"href":"https:\/\/niipit.dk\/norh-malerfirma\/wp-json\/wp\/v2\/pages\/5064","targetHints":{"allow":["GET"]}}],"collection":[{"href":"https:\/\/niipit.dk\/norh-malerfirma\/wp-json\/wp\/v2\/pages"}],"about":[{"href":"https:\/\/niipit.dk\/norh-malerfirma\/wp-json\/wp\/v2\/types\/page"}],"author":[{"embeddable":true,"href":"https:\/\/niipit.dk\/norh-malerfirma\/wp-json\/wp\/v2\/users\/1"}],"replies":[{"embeddable":true,"href":"https:\/\/niipit.dk\/norh-malerfirma\/wp-json\/wp\/v2\/comments?post=5064"}],"version-history":[{"count":0,"href":"https:\/\/niipit.dk\/norh-malerfirma\/wp-json\/wp\/v2\/pages\/5064\/revisions"}],"wp:attachment":[{"href":"https:\/\/niipit.dk\/norh-malerfirma\/wp-json\/wp\/v2\/media?parent=5064"}],"curies":[{"name":"wp","href":"https:\/\/api.w.org\/{rel}","templated":true}]}}