{"id":5064,"date":"2020-03-26T06:29:00","date_gmt":"2020-03-26T05:29:00","guid":{"rendered":"https:\/\/niipit.dk\/nordisknhl-shop\/?page_id=5064"},"modified":"2020-03-26T07:28:19","modified_gmt":"2020-03-26T06:28:19","slug":"frontpage","status":"publish","type":"page","link":"https:\/\/niipit.dk\/nordisknhl\/","title":{"rendered":"Forside"},"content":{"rendered":"\n<hr class=\"wp-block-separator\"\/>\n\n\n\n<h2 class=\"wp-block-heading\">Kvaliteten af r\u00e5materialerne er altafg\u00f8rende for et godt resultat.<\/h2>\n\n\n\n<p>Nordisk NHLs v\u00e6rdier er grundf\u00e6stet i h\u00f8je krav til kvalitet og milj\u00f8venlighed.<\/p>\n\n\n\n<p>Gennem distributionen af rene og <a href=\"https:\/\/nordisknhl.dk\/naturlige-kalkprodukter\/\">naturlige kalkprodukter<\/a> fra St. Astier arbejder Nordisk NHL p\u00e5 at genoprette kendskabet til hydraulisk kalk som det ideelle materiale til restaurering, konservering og nybyggeri.<\/p>\n\n\n\n<p>Med eneret for Skandinavien importerer vi de traditionsrige kalkprodukter fra St. Astier, der opfylder \u2013 og ofte overg\u00e5r de h\u00f8je europ\u00e6iske normer for fremstilling af bygningskalk.<\/p>\n","protected":false},"excerpt":{"rendered":"<p>Kvaliteten af r\u00e5materialerne er altafg\u00f8rende for et godt resultat. Nordisk NHLs v\u00e6rdier er grundf\u00e6stet i h\u00f8je krav til kvalitet og milj\u00f8venlighed. Gennem distributionen af rene og naturlige kalkprodukter fra St. Astier arbejder Nordisk NHL p\u00e5 at genoprette kendskabet til hydraulisk kalk som det ideelle materiale til restaurering, konservering og nybyggeri. Med eneret for Skandinavien importerer <a class=\"moretag btn btn-primary\" href=\"https:\/\/niipit.dk\/nordisknhl\/\">L\u00e6s mere<\/a><\/p>\n","protected":false},"author":1,"featured_media":0,"parent":0,"menu_order":0,"comment_status":"closed","ping_status":"closed","template":"frontpagePremium.php","meta":{"_exactmetrics_skip_tracking":false,"_exactmetrics_sitenote_active":false,"_exactmetrics_sitenote_note":"","_exactmetrics_sitenote_category":0,"_monsterinsights_skip_tracking":false,"_monsterinsights_sitenote_active":false,"_monsterinsights_sitenote_note":"","_monsterinsights_sitenote_category":0,"footnotes":""},"class_list":["post-5064","page","type-page","status-publish","hentry"],"yoast_head":"<!-- This site is optimized with the Yoast SEO Premium plugin v16.3 (Yoast SEO v27.3) - https:\/\/yoast.com\/product\/yoast-seo-premium-wordpress\/ -->\n<title>Naturlig Hydraulisk Kalkm\u00f8rtel fra St. Astier \u2502 Kontakt Nordisk NHL<\/title>\n<meta name=\"description\" content=\"Nordisk NHL er dansk levand\u00f8r af Naturlige Kalkprodukter til Nybyggeri og Facaderenovering \u2502 Find Information om \u00c5ndbar Kalkm\u00f8rtel fra St. Astier her \u25ba\" \/>\n<meta name=\"robots\" content=\"index, follow, max-snippet:-1, max-image-preview:large, max-video-preview:-1\" \/>\n<link rel=\"canonical\" href=\"https:\/\/niipit.dk\/nordisknhl\/\" \/>\n<meta property=\"og:locale\" content=\"da_DK\" \/>\n<meta property=\"og:type\" content=\"article\" \/>\n<meta property=\"og:title\" content=\"Naturlig Hydraulisk Kalkm\u00f8rtel fra St. Astier \u2502 Kontakt Nordisk NHL\" \/>\n<meta property=\"og:description\" content=\"Nordisk NHL er dansk levand\u00f8r af Naturlige Kalkprodukter til Nybyggeri og Facaderenovering \u2502 Find Information om \u00c5ndbar Kalkm\u00f8rtel fra St. Astier her \u25ba\" \/>\n<meta property=\"og:url\" content=\"https:\/\/niipit.dk\/nordisknhl\/\" \/>\n<meta property=\"og:site_name\" content=\"Nordisk NHL\" \/>\n<meta property=\"article:modified_time\" content=\"2020-03-26T06:28:19+00:00\" \/>\n<meta name=\"twitter:card\" content=\"summary_large_image\" \/>\n<script type=\"application\/ld+json\" class=\"yoast-schema-graph\">{\"@context\":\"https:\\\/\\\/schema.org\",\"@graph\":[{\"@type\":\"WebPage\",\"@id\":\"https:\\\/\\\/niipit.dk\\\/nordisknhl\\\/\",\"url\":\"https:\\\/\\\/niipit.dk\\\/nordisknhl\\\/\",\"name\":\"Naturlig Hydraulisk Kalkm\u00f8rtel fra St. Astier \u2502 Kontakt Nordisk NHL\",\"isPartOf\":{\"@id\":\"https:\\\/\\\/niipit.dk\\\/nordisknhl\\\/#website\"},\"datePublished\":\"2020-03-26T05:29:00+00:00\",\"dateModified\":\"2020-03-26T06:28:19+00:00\",\"description\":\"Nordisk NHL er dansk levand\u00f8r af Naturlige Kalkprodukter til Nybyggeri og Facaderenovering \u2502 Find Information om \u00c5ndbar Kalkm\u00f8rtel fra St. Astier her \u25ba\",\"breadcrumb\":{\"@id\":\"https:\\\/\\\/niipit.dk\\\/nordisknhl\\\/#breadcrumb\"},\"inLanguage\":\"da-DK\",\"potentialAction\":[{\"@type\":\"ReadAction\",\"target\":[\"https:\\\/\\\/niipit.dk\\\/nordisknhl\\\/\"]}]},{\"@type\":\"BreadcrumbList\",\"@id\":\"https:\\\/\\\/niipit.dk\\\/nordisknhl\\\/#breadcrumb\",\"itemListElement\":[{\"@type\":\"ListItem\",\"position\":1,\"name\":\"Hjem\",\"item\":\"https:\\\/\\\/niipit.dk\\\/nordisknhl\\\/\"},{\"@type\":\"ListItem\",\"position\":2,\"name\":\"Forside\"}]},{\"@type\":\"WebSite\",\"@id\":\"https:\\\/\\\/niipit.dk\\\/nordisknhl\\\/#website\",\"url\":\"https:\\\/\\\/niipit.dk\\\/nordisknhl\\\/\",\"name\":\"Nordisk NHL\",\"description\":\"F\u00e5 din virksomhed p\u00e5 niipit\",\"potentialAction\":[{\"@type\":\"SearchAction\",\"target\":{\"@type\":\"EntryPoint\",\"urlTemplate\":\"https:\\\/\\\/niipit.dk\\\/nordisknhl\\\/?s={search_term_string}\"},\"query-input\":{\"@type\":\"PropertyValueSpecification\",\"valueRequired\":true,\"valueName\":\"search_term_string\"}}],\"inLanguage\":\"da-DK\"}]}<\/script>\n<!-- \/ Yoast SEO Premium plugin. -->","yoast_head_json":{"title":"Naturlig Hydraulisk Kalkm\u00f8rtel fra St. Astier \u2502 Kontakt Nordisk NHL","description":"Nordisk NHL er dansk levand\u00f8r af Naturlige Kalkprodukter til Nybyggeri og Facaderenovering \u2502 Find Information om \u00c5ndbar Kalkm\u00f8rtel fra St. Astier her \u25ba","robots":{"index":"index","follow":"follow","max-snippet":"max-snippet:-1","max-image-preview":"max-image-preview:large","max-video-preview":"max-video-preview:-1"},"canonical":"https:\/\/niipit.dk\/nordisknhl\/","og_locale":"da_DK","og_type":"article","og_title":"Naturlig Hydraulisk Kalkm\u00f8rtel fra St. Astier \u2502 Kontakt Nordisk NHL","og_description":"Nordisk NHL er dansk levand\u00f8r af Naturlige Kalkprodukter til Nybyggeri og Facaderenovering \u2502 Find Information om \u00c5ndbar Kalkm\u00f8rtel fra St. Astier her \u25ba","og_url":"https:\/\/niipit.dk\/nordisknhl\/","og_site_name":"Nordisk NHL","article_modified_time":"2020-03-26T06:28:19+00:00","twitter_card":"summary_large_image","schema":{"@context":"https:\/\/schema.org","@graph":[{"@type":"WebPage","@id":"https:\/\/niipit.dk\/nordisknhl\/","url":"https:\/\/niipit.dk\/nordisknhl\/","name":"Naturlig Hydraulisk Kalkm\u00f8rtel fra St. Astier \u2502 Kontakt Nordisk NHL","isPartOf":{"@id":"https:\/\/niipit.dk\/nordisknhl\/#website"},"datePublished":"2020-03-26T05:29:00+00:00","dateModified":"2020-03-26T06:28:19+00:00","description":"Nordisk NHL er dansk levand\u00f8r af Naturlige Kalkprodukter til Nybyggeri og Facaderenovering \u2502 Find Information om \u00c5ndbar Kalkm\u00f8rtel fra St. Astier her \u25ba","breadcrumb":{"@id":"https:\/\/niipit.dk\/nordisknhl\/#breadcrumb"},"inLanguage":"da-DK","potentialAction":[{"@type":"ReadAction","target":["https:\/\/niipit.dk\/nordisknhl\/"]}]},{"@type":"BreadcrumbList","@id":"https:\/\/niipit.dk\/nordisknhl\/#breadcrumb","itemListElement":[{"@type":"ListItem","position":1,"name":"Hjem","item":"https:\/\/niipit.dk\/nordisknhl\/"},{"@type":"ListItem","position":2,"name":"Forside"}]},{"@type":"WebSite","@id":"https:\/\/niipit.dk\/nordisknhl\/#website","url":"https:\/\/niipit.dk\/nordisknhl\/","name":"Nordisk NHL","description":"F\u00e5 din virksomhed p\u00e5 niipit","potentialAction":[{"@type":"SearchAction","target":{"@type":"EntryPoint","urlTemplate":"https:\/\/niipit.dk\/nordisknhl\/?s={search_term_string}"},"query-input":{"@type":"PropertyValueSpecification","valueRequired":true,"valueName":"search_term_string"}}],"inLanguage":"da-DK"}]}},"_links":{"self":[{"href":"https:\/\/niipit.dk\/nordisknhl\/wp-json\/wp\/v2\/pages\/5064","targetHints":{"allow":["GET"]}}],"collection":[{"href":"https:\/\/niipit.dk\/nordisknhl\/wp-json\/wp\/v2\/pages"}],"about":[{"href":"https:\/\/niipit.dk\/nordisknhl\/wp-json\/wp\/v2\/types\/page"}],"author":[{"embeddable":true,"href":"https:\/\/niipit.dk\/nordisknhl\/wp-json\/wp\/v2\/users\/1"}],"replies":[{"embeddable":true,"href":"https:\/\/niipit.dk\/nordisknhl\/wp-json\/wp\/v2\/comments?post=5064"}],"version-history":[{"count":0,"href":"https:\/\/niipit.dk\/nordisknhl\/wp-json\/wp\/v2\/pages\/5064\/revisions"}],"wp:attachment":[{"href":"https:\/\/niipit.dk\/nordisknhl\/wp-json\/wp\/v2\/media?parent=5064"}],"curies":[{"name":"wp","href":"https:\/\/api.w.org\/{rel}","templated":true}]}}