{"id":5064,"date":"2020-04-10T22:29:34","date_gmt":"2020-04-10T20:29:34","guid":{"rendered":"https:\/\/niipit.dk\/nordicgulv-shop\/?page_id=5064"},"modified":"2021-01-29T19:17:07","modified_gmt":"2021-01-29T18:17:07","slug":"frontpage","status":"publish","type":"page","link":"https:\/\/niipit.dk\/nordicgulv\/","title":{"rendered":"Forside"},"content":{"rendered":"\n<hr class=\"wp-block-separator\"\/>\n\n\n\n<h1 class=\"wp-block-heading\" id=\"h-kvalitetsbevidst-gulvarbejde-i-roskilde-k-benhavn-og-omegn\">Kvalitetsbevidst gulvarbejde i Roskilde, K\u00f8benhavn og omegn<\/h1>\n\n\n\n<h2 class=\"wp-block-heading\" id=\"h-v-lg-nordic-gulvservice-og-f-hj-lp-af-en-erfaren-gulvmand\">V\u00e6lg Nordic Gulvservice, og f\u00e5 hj\u00e6lp af en erfaren gulvmand<\/h2>\n\n\n\n<p>Hos Nordic Gulvservice har de v\u00e6ret i branchen i over 18 \u00e5r, og de har derfor masser af erfaring. De er eksperter i <a href=\"https:\/\/nordicgulv.dk\/gulvafslibning-gulvafhoevling\/\" target=\"_blank\" rel=\"noreferrer noopener\">gulvafslibning\/gulvafh\u00f8vling<\/a>, men kan ogs\u00e5 hj\u00e6lpe dig med gulvreparationer, skift af gulv og mange andre former for gulvarbejde. De har base i Roskilde og har masser af tilfredse kunder i Roskilde, K\u00f8benhavn og mange andre steder p\u00e5 Sj\u00e6lland \u2013 heriblandt b\u00e5de private boligejere, ejer- og andelsboligforeninger, almennyttige boligselskaber og private virksomheder.<\/p>\n\n\n\n<h3 class=\"wp-block-heading\" id=\"h-nordic-gulvservice-kan-pifte-dit-gamle-gulv-op\">Nordic Gulvservice kan pifte dit gamle gulv op<\/h3>\n\n\n\n<p>Tr\u00e6nger dit gamle gulv til en k\u00e6rlig h\u00e5nd? M\u00e5ske har du k\u00f8bt en \u00e6ldre bolig med et originalt tr\u00e6gulv, der har set bedre tider \u2013 eller m\u00e5ske har du boet i det samme hus i mange \u00e5r og kan se, hvordan \u00e5rene med sm\u00e5b\u00f8rn har sat sit pr\u00e6g p\u00e5 husets tr\u00e6gulv. Uanset din situation kan Nordic Gulvservice hj\u00e6lpe med at pifte dit gamle tr\u00e6gulv op, s\u00e5 det ligner et helt nyt og l\u00e6kkert gulv. De tilbyder b\u00e5de gulvafslibning (ogs\u00e5 kaldet gulvafh\u00f8vling), gulvreparationer, gulvbehandlinger og andre former for gulvservice.<\/p>\n\n\n\n<h3 class=\"wp-block-heading\" id=\"h-v-lg-en-kvalitetsbevidst-gulvmand-til-at-skifte-dit-gulv\">V\u00e6lg en kvalitetsbevidst gulvmand til at skifte dit gulv<\/h3>\n\n\n\n<p>Hvis et gulv har v\u00e6ret h\u00f8vlet mange gange, n\u00e5r det et punkt, hvor det er for tyndt til, at det \u00f8verste, grimme lag kan slibes eller h\u00f8vles af. S\u00e5 er det p\u00e5 tide at skifte gulvet \u2013 og det kan Nordic Gulvservice naturligvis ogs\u00e5 hj\u00e6lpe dig med. De har mange \u00e5rs erfaring i at skifte gulve. De fjerner det gamle gulv og l\u00e6gger det nye, s\u00e5 du blot skal l\u00e6ne dig tilbage og gl\u00e6de dig til dit helt nye tr\u00e6gulv, som du kan f\u00e5 gl\u00e6de af i mange \u00e5r fremover.<\/p>\n","protected":false},"excerpt":{"rendered":"<p>Kvalitetsbevidst gulvarbejde i Roskilde, K\u00f8benhavn og omegn V\u00e6lg Nordic Gulvservice, og f\u00e5 hj\u00e6lp af en erfaren gulvmand Hos Nordic Gulvservice har de v\u00e6ret i branchen i over 18 \u00e5r, og de har derfor masser af erfaring. De er eksperter i gulvafslibning\/gulvafh\u00f8vling, men kan ogs\u00e5 hj\u00e6lpe dig med gulvreparationer, skift af gulv og mange andre former <a class=\"moretag btn btn-primary\" href=\"https:\/\/niipit.dk\/nordicgulv\/\">L\u00e6s mere<\/a><\/p>\n","protected":false},"author":1,"featured_media":0,"parent":0,"menu_order":0,"comment_status":"closed","ping_status":"closed","template":"frontpagePremium.php","meta":{"_exactmetrics_skip_tracking":false,"_exactmetrics_sitenote_active":false,"_exactmetrics_sitenote_note":"","_exactmetrics_sitenote_category":0,"_monsterinsights_skip_tracking":false,"_monsterinsights_sitenote_active":false,"_monsterinsights_sitenote_note":"","_monsterinsights_sitenote_category":0,"footnotes":""},"class_list":["post-5064","page","type-page","status-publish","hentry"],"yoast_head":"<!-- This site is optimized with the Yoast SEO Premium plugin v16.3 (Yoast SEO v27.3) - https:\/\/yoast.com\/product\/yoast-seo-premium-wordpress\/ -->\n<title>Nordic Gulvservice | Gulve foretaget af professionelt firma<\/title>\n<meta name=\"description\" content=\"Hos Nordic Gulvservice i Roskilde f\u00e5r du altid en billig pris og god kvalitet | Med 18 \u00e5rs erfaring i gulvbranchen\" \/>\n<meta name=\"robots\" content=\"index, follow, max-snippet:-1, max-image-preview:large, max-video-preview:-1\" \/>\n<link rel=\"canonical\" href=\"https:\/\/niipit.dk\/nordicgulv\/\" \/>\n<meta property=\"og:locale\" content=\"da_DK\" \/>\n<meta property=\"og:type\" content=\"article\" \/>\n<meta property=\"og:title\" content=\"Nordic Gulvservice | Gulve foretaget af professionelt firma\" \/>\n<meta property=\"og:description\" content=\"Hos Nordic Gulvservice i Roskilde f\u00e5r du altid en billig pris og god kvalitet | Med 18 \u00e5rs erfaring i gulvbranchen\" \/>\n<meta property=\"og:url\" content=\"https:\/\/niipit.dk\/nordicgulv\/\" \/>\n<meta property=\"og:site_name\" content=\"Nordicgulv\" \/>\n<meta property=\"article:modified_time\" content=\"2021-01-29T18:17:07+00:00\" \/>\n<meta name=\"twitter:card\" content=\"summary_large_image\" \/>\n<meta name=\"twitter:label1\" content=\"Estimeret l\u00e6setid\" \/>\n\t<meta name=\"twitter:data1\" content=\"2 minutter\" \/>\n<script type=\"application\/ld+json\" class=\"yoast-schema-graph\">{\"@context\":\"https:\\\/\\\/schema.org\",\"@graph\":[{\"@type\":\"WebPage\",\"@id\":\"https:\\\/\\\/niipit.dk\\\/nordicgulv\\\/\",\"url\":\"https:\\\/\\\/niipit.dk\\\/nordicgulv\\\/\",\"name\":\"Nordic Gulvservice | Gulve foretaget af professionelt firma\",\"isPartOf\":{\"@id\":\"https:\\\/\\\/niipit.dk\\\/nordicgulv\\\/#website\"},\"datePublished\":\"2020-04-10T20:29:34+00:00\",\"dateModified\":\"2021-01-29T18:17:07+00:00\",\"description\":\"Hos Nordic Gulvservice i Roskilde f\u00e5r du altid en billig pris og god kvalitet | Med 18 \u00e5rs erfaring i gulvbranchen\",\"breadcrumb\":{\"@id\":\"https:\\\/\\\/niipit.dk\\\/nordicgulv\\\/#breadcrumb\"},\"inLanguage\":\"da-DK\",\"potentialAction\":[{\"@type\":\"ReadAction\",\"target\":[\"https:\\\/\\\/niipit.dk\\\/nordicgulv\\\/\"]}]},{\"@type\":\"BreadcrumbList\",\"@id\":\"https:\\\/\\\/niipit.dk\\\/nordicgulv\\\/#breadcrumb\",\"itemListElement\":[{\"@type\":\"ListItem\",\"position\":1,\"name\":\"Hjem\",\"item\":\"https:\\\/\\\/niipit.dk\\\/nordicgulv\\\/\"},{\"@type\":\"ListItem\",\"position\":2,\"name\":\"Forside\"}]},{\"@type\":\"WebSite\",\"@id\":\"https:\\\/\\\/niipit.dk\\\/nordicgulv\\\/#website\",\"url\":\"https:\\\/\\\/niipit.dk\\\/nordicgulv\\\/\",\"name\":\"Nordicgulv\",\"description\":\"Gulvarbejde til en fair pris\",\"potentialAction\":[{\"@type\":\"SearchAction\",\"target\":{\"@type\":\"EntryPoint\",\"urlTemplate\":\"https:\\\/\\\/niipit.dk\\\/nordicgulv\\\/?s={search_term_string}\"},\"query-input\":{\"@type\":\"PropertyValueSpecification\",\"valueRequired\":true,\"valueName\":\"search_term_string\"}}],\"inLanguage\":\"da-DK\"}]}<\/script>\n<!-- \/ Yoast SEO Premium plugin. -->","yoast_head_json":{"title":"Nordic Gulvservice | Gulve foretaget af professionelt firma","description":"Hos Nordic Gulvservice i Roskilde f\u00e5r du altid en billig pris og god kvalitet | Med 18 \u00e5rs erfaring i gulvbranchen","robots":{"index":"index","follow":"follow","max-snippet":"max-snippet:-1","max-image-preview":"max-image-preview:large","max-video-preview":"max-video-preview:-1"},"canonical":"https:\/\/niipit.dk\/nordicgulv\/","og_locale":"da_DK","og_type":"article","og_title":"Nordic Gulvservice | Gulve foretaget af professionelt firma","og_description":"Hos Nordic Gulvservice i Roskilde f\u00e5r du altid en billig pris og god kvalitet | Med 18 \u00e5rs erfaring i gulvbranchen","og_url":"https:\/\/niipit.dk\/nordicgulv\/","og_site_name":"Nordicgulv","article_modified_time":"2021-01-29T18:17:07+00:00","twitter_card":"summary_large_image","twitter_misc":{"Estimeret l\u00e6setid":"2 minutter"},"schema":{"@context":"https:\/\/schema.org","@graph":[{"@type":"WebPage","@id":"https:\/\/niipit.dk\/nordicgulv\/","url":"https:\/\/niipit.dk\/nordicgulv\/","name":"Nordic Gulvservice | Gulve foretaget af professionelt firma","isPartOf":{"@id":"https:\/\/niipit.dk\/nordicgulv\/#website"},"datePublished":"2020-04-10T20:29:34+00:00","dateModified":"2021-01-29T18:17:07+00:00","description":"Hos Nordic Gulvservice i Roskilde f\u00e5r du altid en billig pris og god kvalitet | Med 18 \u00e5rs erfaring i gulvbranchen","breadcrumb":{"@id":"https:\/\/niipit.dk\/nordicgulv\/#breadcrumb"},"inLanguage":"da-DK","potentialAction":[{"@type":"ReadAction","target":["https:\/\/niipit.dk\/nordicgulv\/"]}]},{"@type":"BreadcrumbList","@id":"https:\/\/niipit.dk\/nordicgulv\/#breadcrumb","itemListElement":[{"@type":"ListItem","position":1,"name":"Hjem","item":"https:\/\/niipit.dk\/nordicgulv\/"},{"@type":"ListItem","position":2,"name":"Forside"}]},{"@type":"WebSite","@id":"https:\/\/niipit.dk\/nordicgulv\/#website","url":"https:\/\/niipit.dk\/nordicgulv\/","name":"Nordicgulv","description":"Gulvarbejde til en fair pris","potentialAction":[{"@type":"SearchAction","target":{"@type":"EntryPoint","urlTemplate":"https:\/\/niipit.dk\/nordicgulv\/?s={search_term_string}"},"query-input":{"@type":"PropertyValueSpecification","valueRequired":true,"valueName":"search_term_string"}}],"inLanguage":"da-DK"}]}},"_links":{"self":[{"href":"https:\/\/niipit.dk\/nordicgulv\/wp-json\/wp\/v2\/pages\/5064","targetHints":{"allow":["GET"]}}],"collection":[{"href":"https:\/\/niipit.dk\/nordicgulv\/wp-json\/wp\/v2\/pages"}],"about":[{"href":"https:\/\/niipit.dk\/nordicgulv\/wp-json\/wp\/v2\/types\/page"}],"author":[{"embeddable":true,"href":"https:\/\/niipit.dk\/nordicgulv\/wp-json\/wp\/v2\/users\/1"}],"replies":[{"embeddable":true,"href":"https:\/\/niipit.dk\/nordicgulv\/wp-json\/wp\/v2\/comments?post=5064"}],"version-history":[{"count":1,"href":"https:\/\/niipit.dk\/nordicgulv\/wp-json\/wp\/v2\/pages\/5064\/revisions"}],"predecessor-version":[{"id":5985,"href":"https:\/\/niipit.dk\/nordicgulv\/wp-json\/wp\/v2\/pages\/5064\/revisions\/5985"}],"wp:attachment":[{"href":"https:\/\/niipit.dk\/nordicgulv\/wp-json\/wp\/v2\/media?parent=5064"}],"curies":[{"name":"wp","href":"https:\/\/api.w.org\/{rel}","templated":true}]}}