{"id":5064,"date":"2020-03-25T22:29:34","date_gmt":"2020-03-25T21:29:34","guid":{"rendered":"https:\/\/niipit.dk\/nord-digital-shop\/?page_id=5064"},"modified":"2020-11-12T09:13:20","modified_gmt":"2020-11-12T08:13:20","slug":"frontpage","status":"publish","type":"page","link":"https:\/\/niipit.dk\/nord-digital\/","title":{"rendered":"Forside"},"content":{"rendered":"\n<h2 class=\"wp-block-heading\" id=\"1603855445\">Digital markedsf\u00f8ring hos Nord Digital<\/h2>\n\n\n\n<p><strong>Start din digitale rejse&nbsp;<\/strong>i samarbejde med webbureauet Nord Digital. <\/p>\n\n\n\n<p>Har du brug for en samarbejdspartner, der taler samme sprog som dig, og som kan l\u00f8fte din forretning uden at t\u00f8mme din spareb\u00f8sse? <\/p>\n\n\n\n<p>Uanset om du vil ses p\u00e5 de sociale medier, s\u00f8ger hj\u00e6lp til s\u00f8geordsoptimering eller Ads annoncering, s\u00e5 st\u00e5r vi klar til at hj\u00e6lpe dig og din virksomhed. Vi har mange \u00e5rs erfaring med hjemmesideudvikling og digital markedsf\u00f8ring, og kan hj\u00e6lpe dig med at v\u00e6kste gennem st\u00f8rre online synlighed.<\/p>\n\n\n\n<h4 class=\"wp-block-heading\"><a rel=\"noreferrer noopener\" href=\"https:\/\/niipit.dk\/nord-digital\/produkt-kategori\/b4b-tilbud\/\" target=\"_blank\">Bestil en gratis s\u00f8geordsanalyse i dag<\/a><\/h4>\n","protected":false},"excerpt":{"rendered":"<p>Digital markedsf\u00f8ring hos Nord Digital Start din digitale rejse&nbsp;i samarbejde med webbureauet Nord Digital. Har du brug for en samarbejdspartner, der taler samme sprog som dig, og som kan l\u00f8fte din forretning uden at t\u00f8mme din spareb\u00f8sse? Uanset om du vil ses p\u00e5 de sociale medier, s\u00f8ger hj\u00e6lp til s\u00f8geordsoptimering eller Ads annoncering, s\u00e5 st\u00e5r <a class=\"moretag btn btn-primary\" href=\"https:\/\/niipit.dk\/nord-digital\/\">L\u00e6s mere<\/a><\/p>\n","protected":false},"author":1134,"featured_media":0,"parent":0,"menu_order":0,"comment_status":"closed","ping_status":"closed","template":"frontpagePremium.php","meta":{"_exactmetrics_skip_tracking":false,"_exactmetrics_sitenote_active":false,"_exactmetrics_sitenote_note":"","_exactmetrics_sitenote_category":0,"_monsterinsights_skip_tracking":false,"_monsterinsights_sitenote_active":false,"_monsterinsights_sitenote_note":"","_monsterinsights_sitenote_category":0,"footnotes":""},"class_list":["post-5064","page","type-page","status-publish","hentry"],"yoast_head":"<!-- This site is optimized with the Yoast SEO Premium plugin v16.3 (Yoast SEO v27.4) - https:\/\/yoast.com\/product\/yoast-seo-premium-wordpress\/ -->\n<title>Nord Digital - N\u00e5r markedsf\u00f8ring skal give v\u00e6rdi for dig<\/title>\n<meta name=\"description\" content=\"Nord Digital - vi arbejder m\u00e5lrettet for at din virksomhed kan tjene penge og f\u00e5 penge ned p\u00e5 bundlinjen. Se hvad vi kan hj\u00e6lpe dig med\" \/>\n<meta name=\"robots\" content=\"index, follow, max-snippet:-1, max-image-preview:large, max-video-preview:-1\" \/>\n<link rel=\"canonical\" href=\"http:\/\/niipit.dk\/nord-digital\/\" \/>\n<meta property=\"og:locale\" content=\"da_DK\" \/>\n<meta property=\"og:type\" content=\"article\" \/>\n<meta property=\"og:title\" content=\"Nord Digital - N\u00e5r markedsf\u00f8ring skal give v\u00e6rdi for dig\" \/>\n<meta property=\"og:description\" content=\"Nord Digital - vi arbejder m\u00e5lrettet for at din virksomhed kan tjene penge og f\u00e5 penge ned p\u00e5 bundlinjen. Se hvad vi kan hj\u00e6lpe dig med\" \/>\n<meta property=\"og:url\" content=\"http:\/\/niipit.dk\/nord-digital\/\" \/>\n<meta property=\"og:site_name\" content=\"Nord Digital\" \/>\n<meta property=\"article:modified_time\" content=\"2020-11-12T08:13:20+00:00\" \/>\n<meta property=\"og:image\" content=\"http:\/\/niipit.dk\/nord-digital\/wp-content\/uploads\/sites\/431\/2020\/03\/Nord-digital-logo.png\" \/>\n\t<meta property=\"og:image:width\" content=\"640\" \/>\n\t<meta property=\"og:image:height\" content=\"640\" \/>\n\t<meta property=\"og:image:type\" content=\"image\/png\" \/>\n<meta name=\"twitter:card\" content=\"summary_large_image\" \/>\n<meta name=\"twitter:label1\" content=\"Estimeret l\u00e6setid\" \/>\n\t<meta name=\"twitter:data1\" content=\"1 minut\" \/>\n<script type=\"application\/ld+json\" class=\"yoast-schema-graph\">{\"@context\":\"https:\\\/\\\/schema.org\",\"@graph\":[{\"@type\":\"WebPage\",\"@id\":\"http:\\\/\\\/niipit.dk\\\/nord-digital\\\/\",\"url\":\"http:\\\/\\\/niipit.dk\\\/nord-digital\\\/\",\"name\":\"Nord Digital - N\u00e5r markedsf\u00f8ring skal give v\u00e6rdi for dig\",\"isPartOf\":{\"@id\":\"https:\\\/\\\/niipit.dk\\\/nord-digital\\\/#website\"},\"datePublished\":\"2020-03-25T21:29:34+00:00\",\"dateModified\":\"2020-11-12T08:13:20+00:00\",\"description\":\"Nord Digital - vi arbejder m\u00e5lrettet for at din virksomhed kan tjene penge og f\u00e5 penge ned p\u00e5 bundlinjen. Se hvad vi kan hj\u00e6lpe dig med\",\"breadcrumb\":{\"@id\":\"http:\\\/\\\/niipit.dk\\\/nord-digital\\\/#breadcrumb\"},\"inLanguage\":\"da-DK\",\"potentialAction\":[{\"@type\":\"ReadAction\",\"target\":[\"http:\\\/\\\/niipit.dk\\\/nord-digital\\\/\"]}]},{\"@type\":\"BreadcrumbList\",\"@id\":\"http:\\\/\\\/niipit.dk\\\/nord-digital\\\/#breadcrumb\",\"itemListElement\":[{\"@type\":\"ListItem\",\"position\":1,\"name\":\"Hjem\",\"item\":\"http:\\\/\\\/niipit.dk\\\/nord-digital\\\/\"},{\"@type\":\"ListItem\",\"position\":2,\"name\":\"Forside\"}]},{\"@type\":\"WebSite\",\"@id\":\"https:\\\/\\\/niipit.dk\\\/nord-digital\\\/#website\",\"url\":\"https:\\\/\\\/niipit.dk\\\/nord-digital\\\/\",\"name\":\"Nord Digital\",\"description\":\"Din markedsf\u00f8rings specialist\",\"potentialAction\":[{\"@type\":\"SearchAction\",\"target\":{\"@type\":\"EntryPoint\",\"urlTemplate\":\"https:\\\/\\\/niipit.dk\\\/nord-digital\\\/?s={search_term_string}\"},\"query-input\":{\"@type\":\"PropertyValueSpecification\",\"valueRequired\":true,\"valueName\":\"search_term_string\"}}],\"inLanguage\":\"da-DK\"}]}<\/script>\n<!-- \/ Yoast SEO Premium plugin. -->","yoast_head_json":{"title":"Nord Digital - N\u00e5r markedsf\u00f8ring skal give v\u00e6rdi for dig","description":"Nord Digital - vi arbejder m\u00e5lrettet for at din virksomhed kan tjene penge og f\u00e5 penge ned p\u00e5 bundlinjen. Se hvad vi kan hj\u00e6lpe dig med","robots":{"index":"index","follow":"follow","max-snippet":"max-snippet:-1","max-image-preview":"max-image-preview:large","max-video-preview":"max-video-preview:-1"},"canonical":"http:\/\/niipit.dk\/nord-digital\/","og_locale":"da_DK","og_type":"article","og_title":"Nord Digital - N\u00e5r markedsf\u00f8ring skal give v\u00e6rdi for dig","og_description":"Nord Digital - vi arbejder m\u00e5lrettet for at din virksomhed kan tjene penge og f\u00e5 penge ned p\u00e5 bundlinjen. Se hvad vi kan hj\u00e6lpe dig med","og_url":"http:\/\/niipit.dk\/nord-digital\/","og_site_name":"Nord Digital","article_modified_time":"2020-11-12T08:13:20+00:00","og_image":[{"width":640,"height":640,"url":"http:\/\/niipit.dk\/nord-digital\/wp-content\/uploads\/sites\/431\/2020\/03\/Nord-digital-logo.png","type":"image\/png"}],"twitter_card":"summary_large_image","twitter_misc":{"Estimeret l\u00e6setid":"1 minut"},"schema":{"@context":"https:\/\/schema.org","@graph":[{"@type":"WebPage","@id":"http:\/\/niipit.dk\/nord-digital\/","url":"http:\/\/niipit.dk\/nord-digital\/","name":"Nord Digital - N\u00e5r markedsf\u00f8ring skal give v\u00e6rdi for dig","isPartOf":{"@id":"https:\/\/niipit.dk\/nord-digital\/#website"},"datePublished":"2020-03-25T21:29:34+00:00","dateModified":"2020-11-12T08:13:20+00:00","description":"Nord Digital - vi arbejder m\u00e5lrettet for at din virksomhed kan tjene penge og f\u00e5 penge ned p\u00e5 bundlinjen. Se hvad vi kan hj\u00e6lpe dig med","breadcrumb":{"@id":"http:\/\/niipit.dk\/nord-digital\/#breadcrumb"},"inLanguage":"da-DK","potentialAction":[{"@type":"ReadAction","target":["http:\/\/niipit.dk\/nord-digital\/"]}]},{"@type":"BreadcrumbList","@id":"http:\/\/niipit.dk\/nord-digital\/#breadcrumb","itemListElement":[{"@type":"ListItem","position":1,"name":"Hjem","item":"http:\/\/niipit.dk\/nord-digital\/"},{"@type":"ListItem","position":2,"name":"Forside"}]},{"@type":"WebSite","@id":"https:\/\/niipit.dk\/nord-digital\/#website","url":"https:\/\/niipit.dk\/nord-digital\/","name":"Nord Digital","description":"Din markedsf\u00f8rings specialist","potentialAction":[{"@type":"SearchAction","target":{"@type":"EntryPoint","urlTemplate":"https:\/\/niipit.dk\/nord-digital\/?s={search_term_string}"},"query-input":{"@type":"PropertyValueSpecification","valueRequired":true,"valueName":"search_term_string"}}],"inLanguage":"da-DK"}]}},"_links":{"self":[{"href":"https:\/\/niipit.dk\/nord-digital\/wp-json\/wp\/v2\/pages\/5064","targetHints":{"allow":["GET"]}}],"collection":[{"href":"https:\/\/niipit.dk\/nord-digital\/wp-json\/wp\/v2\/pages"}],"about":[{"href":"https:\/\/niipit.dk\/nord-digital\/wp-json\/wp\/v2\/types\/page"}],"author":[{"embeddable":true,"href":"https:\/\/niipit.dk\/nord-digital\/wp-json\/wp\/v2\/users\/1134"}],"replies":[{"embeddable":true,"href":"https:\/\/niipit.dk\/nord-digital\/wp-json\/wp\/v2\/comments?post=5064"}],"version-history":[{"count":0,"href":"https:\/\/niipit.dk\/nord-digital\/wp-json\/wp\/v2\/pages\/5064\/revisions"}],"wp:attachment":[{"href":"https:\/\/niipit.dk\/nord-digital\/wp-json\/wp\/v2\/media?parent=5064"}],"curies":[{"name":"wp","href":"https:\/\/api.w.org\/{rel}","templated":true}]}}