{"id":5064,"date":"2018-08-10T22:29:34","date_gmt":"2018-08-10T20:29:34","guid":{"rendered":"https:\/\/niipit.dk\/nois-thaimassage-shop\/?page_id=5064"},"modified":"2019-10-24T15:15:40","modified_gmt":"2019-10-24T13:15:40","slug":"frontpage","status":"publish","type":"page","link":"https:\/\/niipit.dk\/nois-thaimassage\/","title":{"rendered":"Forside"},"content":{"rendered":"\n<h2 class=\"wp-block-heading\">Noi`s Thaimassage Vojens<\/h2>\n\n\n\n<p>Noi`s Thaimassage i Vojens.<br>Jeg hedder Pornthip men kaldes Noi.<br>I 2008 blev jeg uddannet Thaimass\u00f8r i Bangkok, Thailand . Jeg har boet i Danmark siden 1993 er gift med Egon og har 2 dejlige b\u00f8rn.<br><br>Jeg startede min private massageklinik i mit eget hjem i 2015 p\u00e5 deltid. I 2016 masserede jeg p\u00e5 fuldtid, og flyttede min klinik til kolding under navnet Sawadee Og Siam Massage. Efter 2 \u00e5r solgte jeg butikken. Nu er jeg s\u00e5 startet i Vojens, og her f\u00f8ler jeg at jeg er faldet godt til.<br><br>Traditionel Thai Massage<br><br>Jeg tilbyder traditionel Thai massage til kvinder og m\u00e6nd. Du kan v\u00e6lge om det skal v\u00e6re en afslappende, oliekropsmassage eller fodmassage.\u00a0<br>Thaimassage har en afsp\u00e6ndende og stressreducerende effekt.<br>Oliemassage er kropsmassage, hvor der hovedsageligt anvendes tryk, og olie p\u00e5f\u00f8res for at g\u00f8re det muligt at massere kroppens muskler i dybden.<br>Jeg kombinerer oliemassage med fod-og let thai massage, og du f\u00e5r en afslappende og beroligende behandling.<br>En oliekropsmassage f\u00e5r en til at f\u00f8le sig frisk, r\u00f8rig og fyldt af energi og er samtidig med til at vedligeholde kroppens sundhed og muskulatur.<br><br>\u00c5bningstider<br>Mandag 9.00 til 18.00<br>Tirsdag 9.00 til 18.00<br>Onsdag 9.00 til 18.00<br>Torsdag 9.00 til 18.00<br>Fredag 9.00 til 18.00<br>L\u00f8rdag 9.00 til 16.00<br>S\u00f8ndag Efter aftale<br><br>\u00c5bningstider kan \u00e6ndres efter aftale.<br><br>Der er parkeringspladser foran butikken med 2 timers parkering, og bagved butikken med fri parkering.<\/p>\n","protected":false},"excerpt":{"rendered":"<p>Noi`s Thaimassage Vojens Noi`s Thaimassage i Vojens.Jeg hedder Pornthip men kaldes Noi.I 2008 blev jeg uddannet Thaimass\u00f8r i Bangkok, Thailand . Jeg har boet i Danmark siden 1993 er gift med Egon og har 2 dejlige b\u00f8rn. Jeg startede min private massageklinik i mit eget hjem i 2015 p\u00e5 deltid. I 2016 masserede jeg p\u00e5 <a class=\"moretag btn btn-primary\" href=\"https:\/\/niipit.dk\/nois-thaimassage\/\">L\u00e6s mere<\/a><\/p>\n","protected":false},"author":1065,"featured_media":0,"parent":0,"menu_order":0,"comment_status":"closed","ping_status":"closed","template":"frontpagePremium.php","meta":{"_exactmetrics_skip_tracking":false,"_exactmetrics_sitenote_active":false,"_exactmetrics_sitenote_note":"","_exactmetrics_sitenote_category":0,"_monsterinsights_skip_tracking":false,"_monsterinsights_sitenote_active":false,"_monsterinsights_sitenote_note":"","_monsterinsights_sitenote_category":0,"footnotes":""},"class_list":["post-5064","page","type-page","status-publish","hentry"],"yoast_head":"<!-- This site is optimized with the Yoast SEO Premium plugin v16.3 (Yoast SEO v27.3) - https:\/\/yoast.com\/product\/yoast-seo-premium-wordpress\/ -->\n<title>Noi`s Thaimassage - S\u00f8nderjylland - Niipit find lokale butikker<\/title>\n<meta name=\"description\" content=\"Noi`s Thaimassage i Vojens er ikke kun velv\u00e6re for kroppen men for hele sj\u00e6len. Thaimassage har en afsp\u00e6ndende og stressreducerende effekt. Bestil tid her\" \/>\n<meta name=\"robots\" content=\"index, follow, max-snippet:-1, max-image-preview:large, max-video-preview:-1\" \/>\n<link rel=\"canonical\" href=\"https:\/\/niipit.dk\/nois-thaimassage\/\" \/>\n<meta property=\"og:locale\" content=\"da_DK\" \/>\n<meta property=\"og:type\" content=\"article\" \/>\n<meta property=\"og:title\" content=\"Noi`s Thaimassage - S\u00f8nderjylland - Niipit find lokale butikker\" \/>\n<meta property=\"og:description\" content=\"Noi`s Thaimassage i Vojens er ikke kun velv\u00e6re for kroppen men for hele sj\u00e6len. Thaimassage har en afsp\u00e6ndende og stressreducerende effekt. Bestil tid her\" \/>\n<meta property=\"og:url\" content=\"https:\/\/niipit.dk\/nois-thaimassage\/\" \/>\n<meta property=\"og:site_name\" content=\"Noi`s Thaimassage\" \/>\n<meta property=\"article:modified_time\" content=\"2019-10-24T13:15:40+00:00\" \/>\n<meta name=\"twitter:card\" content=\"summary_large_image\" \/>\n<meta name=\"twitter:label1\" content=\"Estimeret l\u00e6setid\" \/>\n\t<meta name=\"twitter:data1\" content=\"1 minut\" \/>\n<script type=\"application\/ld+json\" class=\"yoast-schema-graph\">{\"@context\":\"https:\\\/\\\/schema.org\",\"@graph\":[{\"@type\":\"WebPage\",\"@id\":\"https:\\\/\\\/niipit.dk\\\/nois-thaimassage\\\/\",\"url\":\"https:\\\/\\\/niipit.dk\\\/nois-thaimassage\\\/\",\"name\":\"Noi`s Thaimassage - S\u00f8nderjylland - Niipit find lokale butikker\",\"isPartOf\":{\"@id\":\"https:\\\/\\\/niipit.dk\\\/nois-thaimassage\\\/#website\"},\"datePublished\":\"2018-08-10T20:29:34+00:00\",\"dateModified\":\"2019-10-24T13:15:40+00:00\",\"description\":\"Noi`s Thaimassage i Vojens er ikke kun velv\u00e6re for kroppen men for hele sj\u00e6len. Thaimassage har en afsp\u00e6ndende og stressreducerende effekt. Bestil tid her\",\"breadcrumb\":{\"@id\":\"https:\\\/\\\/niipit.dk\\\/nois-thaimassage\\\/#breadcrumb\"},\"inLanguage\":\"da-DK\",\"potentialAction\":[{\"@type\":\"ReadAction\",\"target\":[\"https:\\\/\\\/niipit.dk\\\/nois-thaimassage\\\/\"]}]},{\"@type\":\"BreadcrumbList\",\"@id\":\"https:\\\/\\\/niipit.dk\\\/nois-thaimassage\\\/#breadcrumb\",\"itemListElement\":[{\"@type\":\"ListItem\",\"position\":1,\"name\":\"Hjem\",\"item\":\"https:\\\/\\\/niipit.dk\\\/nois-thaimassage\\\/\"},{\"@type\":\"ListItem\",\"position\":2,\"name\":\"Forside\"}]},{\"@type\":\"WebSite\",\"@id\":\"https:\\\/\\\/niipit.dk\\\/nois-thaimassage\\\/#website\",\"url\":\"https:\\\/\\\/niipit.dk\\\/nois-thaimassage\\\/\",\"name\":\"Noi`s Thaimassage\",\"description\":\"Thaimassage har en afsp\u00e6ndende og stressreducerende effekt.\",\"potentialAction\":[{\"@type\":\"SearchAction\",\"target\":{\"@type\":\"EntryPoint\",\"urlTemplate\":\"https:\\\/\\\/niipit.dk\\\/nois-thaimassage\\\/?s={search_term_string}\"},\"query-input\":{\"@type\":\"PropertyValueSpecification\",\"valueRequired\":true,\"valueName\":\"search_term_string\"}}],\"inLanguage\":\"da-DK\"}]}<\/script>\n<!-- \/ Yoast SEO Premium plugin. -->","yoast_head_json":{"title":"Noi`s Thaimassage - S\u00f8nderjylland - Niipit find lokale butikker","description":"Noi`s Thaimassage i Vojens er ikke kun velv\u00e6re for kroppen men for hele sj\u00e6len. Thaimassage har en afsp\u00e6ndende og stressreducerende effekt. Bestil tid her","robots":{"index":"index","follow":"follow","max-snippet":"max-snippet:-1","max-image-preview":"max-image-preview:large","max-video-preview":"max-video-preview:-1"},"canonical":"https:\/\/niipit.dk\/nois-thaimassage\/","og_locale":"da_DK","og_type":"article","og_title":"Noi`s Thaimassage - S\u00f8nderjylland - Niipit find lokale butikker","og_description":"Noi`s Thaimassage i Vojens er ikke kun velv\u00e6re for kroppen men for hele sj\u00e6len. Thaimassage har en afsp\u00e6ndende og stressreducerende effekt. Bestil tid her","og_url":"https:\/\/niipit.dk\/nois-thaimassage\/","og_site_name":"Noi`s Thaimassage","article_modified_time":"2019-10-24T13:15:40+00:00","twitter_card":"summary_large_image","twitter_misc":{"Estimeret l\u00e6setid":"1 minut"},"schema":{"@context":"https:\/\/schema.org","@graph":[{"@type":"WebPage","@id":"https:\/\/niipit.dk\/nois-thaimassage\/","url":"https:\/\/niipit.dk\/nois-thaimassage\/","name":"Noi`s Thaimassage - S\u00f8nderjylland - Niipit find lokale butikker","isPartOf":{"@id":"https:\/\/niipit.dk\/nois-thaimassage\/#website"},"datePublished":"2018-08-10T20:29:34+00:00","dateModified":"2019-10-24T13:15:40+00:00","description":"Noi`s Thaimassage i Vojens er ikke kun velv\u00e6re for kroppen men for hele sj\u00e6len. Thaimassage har en afsp\u00e6ndende og stressreducerende effekt. Bestil tid her","breadcrumb":{"@id":"https:\/\/niipit.dk\/nois-thaimassage\/#breadcrumb"},"inLanguage":"da-DK","potentialAction":[{"@type":"ReadAction","target":["https:\/\/niipit.dk\/nois-thaimassage\/"]}]},{"@type":"BreadcrumbList","@id":"https:\/\/niipit.dk\/nois-thaimassage\/#breadcrumb","itemListElement":[{"@type":"ListItem","position":1,"name":"Hjem","item":"https:\/\/niipit.dk\/nois-thaimassage\/"},{"@type":"ListItem","position":2,"name":"Forside"}]},{"@type":"WebSite","@id":"https:\/\/niipit.dk\/nois-thaimassage\/#website","url":"https:\/\/niipit.dk\/nois-thaimassage\/","name":"Noi`s Thaimassage","description":"Thaimassage har en afsp\u00e6ndende og stressreducerende effekt.","potentialAction":[{"@type":"SearchAction","target":{"@type":"EntryPoint","urlTemplate":"https:\/\/niipit.dk\/nois-thaimassage\/?s={search_term_string}"},"query-input":{"@type":"PropertyValueSpecification","valueRequired":true,"valueName":"search_term_string"}}],"inLanguage":"da-DK"}]}},"_links":{"self":[{"href":"https:\/\/niipit.dk\/nois-thaimassage\/wp-json\/wp\/v2\/pages\/5064","targetHints":{"allow":["GET"]}}],"collection":[{"href":"https:\/\/niipit.dk\/nois-thaimassage\/wp-json\/wp\/v2\/pages"}],"about":[{"href":"https:\/\/niipit.dk\/nois-thaimassage\/wp-json\/wp\/v2\/types\/page"}],"author":[{"embeddable":true,"href":"https:\/\/niipit.dk\/nois-thaimassage\/wp-json\/wp\/v2\/users\/1065"}],"replies":[{"embeddable":true,"href":"https:\/\/niipit.dk\/nois-thaimassage\/wp-json\/wp\/v2\/comments?post=5064"}],"version-history":[{"count":0,"href":"https:\/\/niipit.dk\/nois-thaimassage\/wp-json\/wp\/v2\/pages\/5064\/revisions"}],"wp:attachment":[{"href":"https:\/\/niipit.dk\/nois-thaimassage\/wp-json\/wp\/v2\/media?parent=5064"}],"curies":[{"name":"wp","href":"https:\/\/api.w.org\/{rel}","templated":true}]}}