{"id":5064,"date":"2020-04-10T22:29:34","date_gmt":"2020-04-10T20:29:34","guid":{"rendered":"https:\/\/niipit.dk\/nk-care-shop\/?page_id=5064"},"modified":"2021-06-25T10:45:34","modified_gmt":"2021-06-25T08:45:34","slug":"frontpage","status":"publish","type":"page","link":"https:\/\/niipit.dk\/nk-care\/","title":{"rendered":"Forside"},"content":{"rendered":"<hr class=\"wp-block-separator\" \/>\r\n\r\n\r\n<h1>F\u00e5 altid den bedste hjemmepleje hos NK Care<\/h1>\r\n<p>Hos <a href=\"https:\/\/nk-care.dk\/\" target=\"_blank\" rel=\"noopener\">NK Care<\/a> har de altid hjertet med og arbejder til dagligt med mennesker for at \u00f8ge kvaliteten en \u00f8get kvalitet i hverdagen. De leverer personlig pleje til privathjem og kan altid tilbyde 100% vikard\u00e6kning, s\u00e5ledes at der altid er en til stede hvis ens tilknyttede hj\u00e6lper er forhindret i at komme. I dette tilf\u00e6lde sendes en vikar som har kendskab til borgeren og personens behov.<\/p>\r\n<p>Noget af det vigtigste er det n\u00e6re forhold til borgeren for at skabe tryghed og sammenhold, s\u00e5ledes at alle parter kan f\u00f8le sig tilpas i eget hjem. Det betyder ogs\u00e5 at der tilknyttes en hj\u00e6lper som kan d\u00e6kke pr\u00e6cis dine behov, s\u00e5ledes at der ikke er noget mangelfuldt. Heriblandt kan det v\u00e6re hvor ofte man vil have bes\u00f8g, hvor lang tid ad gangen og hvilke opgaver man gerne vil have hj\u00e6lp til.<\/p>\r\n<p>Hvis du gerne vil have hjemmepleje, s\u00e5 skal du kontakte visitationen i den kommune du bor i. Herefter skal du fort\u00e6lle dem at du s\u00f8ger hjemmehj\u00e6lp, s\u00e5 de kan begynde vurderingsprocessen.<\/p>\r\n<p>Baseret p\u00e5 deres vurdering af din situation vil de fort\u00e6lle dig hvad du kan f\u00e5 hj\u00e6lp til og hvor lang periode du kan f\u00e5 hj\u00e6lp. Herefter kan du gratis f\u00e5 hj\u00e6lp af NK Care, hvis du har f\u00e5et en visitation og godkendt hjemmehj\u00e6lp, emmer en plejeordning.<\/p>\r\n<p>Som tidligere n\u00e6vnt s\u00e5 tilbyder NK Care hj\u00e6lp til borgere med forskellige opgaver og behov. De har ekspertise indenfor mange forskellige former for sygepleje, s\u00e5 de vil i n\u00e6sten alle tilf\u00e6lde kunne hj\u00e6lpe borgeren uden nogle problemer eftersom, at de har ekspertise og erfaring med disse former for sygepleje. Dette kunne blandt andet v\u00e6re respiratorbrugere, ALS patienter eller pasning af multihandicappede personer.<\/p>\r\n<p>Hvis du gerne vil h\u00f8re mere om NK Care, s\u00e5 kan du bes\u00f8ge hjemmesiden for at finde endnu mere information og kontaktoplysninger, s\u00e5 du kan komme i gang med at fremskaffe den bedste hj\u00e6lp til borgeren.<\/p>\r\n","protected":false},"excerpt":{"rendered":"<p>F\u00e5 altid den bedste hjemmepleje hos NK Care Hos NK Care har de altid hjertet med og arbejder til dagligt med mennesker for at \u00f8ge kvaliteten en \u00f8get kvalitet i hverdagen. De leverer personlig pleje til privathjem og kan altid tilbyde 100% vikard\u00e6kning, s\u00e5ledes at der altid er en til stede hvis ens tilknyttede hj\u00e6lper <a class=\"moretag btn btn-primary\" href=\"https:\/\/niipit.dk\/nk-care\/\">L\u00e6s mere<\/a><\/p>\n","protected":false},"author":1,"featured_media":0,"parent":0,"menu_order":0,"comment_status":"closed","ping_status":"closed","template":"frontpagePremium.php","meta":{"_exactmetrics_skip_tracking":false,"_exactmetrics_sitenote_active":false,"_exactmetrics_sitenote_note":"","_exactmetrics_sitenote_category":0,"_monsterinsights_skip_tracking":false,"_monsterinsights_sitenote_active":false,"_monsterinsights_sitenote_note":"","_monsterinsights_sitenote_category":0,"footnotes":""},"class_list":["post-5064","page","type-page","status-publish","hentry"],"yoast_head":"<!-- This site is optimized with the Yoast SEO Premium plugin v16.3 (Yoast SEO v27.4) - https:\/\/yoast.com\/product\/yoast-seo-premium-wordpress\/ -->\n<title>F\u00e5 altid den bedste hjemmepleje n\u00e5r du v\u00e6lger NK Care<\/title>\n<meta name=\"description\" content=\"Hjemmepleje er en tillidssag og handler om omsorg. V\u00e6lg NK Care, s\u00e5 v\u00e6lger du omsorg med hjertet. Lad os tage os af dig eller dine k\u00e6re\" \/>\n<meta name=\"robots\" content=\"index, follow, max-snippet:-1, max-image-preview:large, max-video-preview:-1\" \/>\n<link rel=\"canonical\" href=\"https:\/\/niipit.dk\/nk-care\/\" \/>\n<meta property=\"og:locale\" content=\"da_DK\" \/>\n<meta property=\"og:type\" content=\"article\" \/>\n<meta property=\"og:title\" content=\"F\u00e5 altid den bedste hjemmepleje n\u00e5r du v\u00e6lger NK Care\" \/>\n<meta property=\"og:description\" content=\"Hjemmepleje er en tillidssag og handler om omsorg. V\u00e6lg NK Care, s\u00e5 v\u00e6lger du omsorg med hjertet. Lad os tage os af dig eller dine k\u00e6re\" \/>\n<meta property=\"og:url\" content=\"https:\/\/niipit.dk\/nk-care\/\" \/>\n<meta property=\"og:site_name\" content=\"NK Care\" \/>\n<meta property=\"article:modified_time\" content=\"2021-06-25T08:45:34+00:00\" \/>\n<meta name=\"twitter:card\" content=\"summary_large_image\" \/>\n<meta name=\"twitter:label1\" content=\"Estimeret l\u00e6setid\" \/>\n\t<meta name=\"twitter:data1\" content=\"2 minutter\" \/>\n<script type=\"application\/ld+json\" class=\"yoast-schema-graph\">{\"@context\":\"https:\\\/\\\/schema.org\",\"@graph\":[{\"@type\":\"WebPage\",\"@id\":\"https:\\\/\\\/niipit.dk\\\/nk-care\\\/\",\"url\":\"https:\\\/\\\/niipit.dk\\\/nk-care\\\/\",\"name\":\"F\u00e5 altid den bedste hjemmepleje n\u00e5r du v\u00e6lger NK Care\",\"isPartOf\":{\"@id\":\"https:\\\/\\\/niipit.dk\\\/nk-care\\\/#website\"},\"datePublished\":\"2020-04-10T20:29:34+00:00\",\"dateModified\":\"2021-06-25T08:45:34+00:00\",\"description\":\"Hjemmepleje er en tillidssag og handler om omsorg. V\u00e6lg NK Care, s\u00e5 v\u00e6lger du omsorg med hjertet. Lad os tage os af dig eller dine k\u00e6re\",\"breadcrumb\":{\"@id\":\"https:\\\/\\\/niipit.dk\\\/nk-care\\\/#breadcrumb\"},\"inLanguage\":\"da-DK\",\"potentialAction\":[{\"@type\":\"ReadAction\",\"target\":[\"https:\\\/\\\/niipit.dk\\\/nk-care\\\/\"]}]},{\"@type\":\"BreadcrumbList\",\"@id\":\"https:\\\/\\\/niipit.dk\\\/nk-care\\\/#breadcrumb\",\"itemListElement\":[{\"@type\":\"ListItem\",\"position\":1,\"name\":\"Hjem\",\"item\":\"https:\\\/\\\/niipit.dk\\\/nk-care\\\/\"},{\"@type\":\"ListItem\",\"position\":2,\"name\":\"Forside\"}]},{\"@type\":\"WebSite\",\"@id\":\"https:\\\/\\\/niipit.dk\\\/nk-care\\\/#website\",\"url\":\"https:\\\/\\\/niipit.dk\\\/nk-care\\\/\",\"name\":\"NK Care\",\"description\":\"Omsorg for alle\",\"potentialAction\":[{\"@type\":\"SearchAction\",\"target\":{\"@type\":\"EntryPoint\",\"urlTemplate\":\"https:\\\/\\\/niipit.dk\\\/nk-care\\\/?s={search_term_string}\"},\"query-input\":{\"@type\":\"PropertyValueSpecification\",\"valueRequired\":true,\"valueName\":\"search_term_string\"}}],\"inLanguage\":\"da-DK\"}]}<\/script>\n<!-- \/ Yoast SEO Premium plugin. -->","yoast_head_json":{"title":"F\u00e5 altid den bedste hjemmepleje n\u00e5r du v\u00e6lger NK Care","description":"Hjemmepleje er en tillidssag og handler om omsorg. V\u00e6lg NK Care, s\u00e5 v\u00e6lger du omsorg med hjertet. Lad os tage os af dig eller dine k\u00e6re","robots":{"index":"index","follow":"follow","max-snippet":"max-snippet:-1","max-image-preview":"max-image-preview:large","max-video-preview":"max-video-preview:-1"},"canonical":"https:\/\/niipit.dk\/nk-care\/","og_locale":"da_DK","og_type":"article","og_title":"F\u00e5 altid den bedste hjemmepleje n\u00e5r du v\u00e6lger NK Care","og_description":"Hjemmepleje er en tillidssag og handler om omsorg. V\u00e6lg NK Care, s\u00e5 v\u00e6lger du omsorg med hjertet. Lad os tage os af dig eller dine k\u00e6re","og_url":"https:\/\/niipit.dk\/nk-care\/","og_site_name":"NK Care","article_modified_time":"2021-06-25T08:45:34+00:00","twitter_card":"summary_large_image","twitter_misc":{"Estimeret l\u00e6setid":"2 minutter"},"schema":{"@context":"https:\/\/schema.org","@graph":[{"@type":"WebPage","@id":"https:\/\/niipit.dk\/nk-care\/","url":"https:\/\/niipit.dk\/nk-care\/","name":"F\u00e5 altid den bedste hjemmepleje n\u00e5r du v\u00e6lger NK Care","isPartOf":{"@id":"https:\/\/niipit.dk\/nk-care\/#website"},"datePublished":"2020-04-10T20:29:34+00:00","dateModified":"2021-06-25T08:45:34+00:00","description":"Hjemmepleje er en tillidssag og handler om omsorg. V\u00e6lg NK Care, s\u00e5 v\u00e6lger du omsorg med hjertet. Lad os tage os af dig eller dine k\u00e6re","breadcrumb":{"@id":"https:\/\/niipit.dk\/nk-care\/#breadcrumb"},"inLanguage":"da-DK","potentialAction":[{"@type":"ReadAction","target":["https:\/\/niipit.dk\/nk-care\/"]}]},{"@type":"BreadcrumbList","@id":"https:\/\/niipit.dk\/nk-care\/#breadcrumb","itemListElement":[{"@type":"ListItem","position":1,"name":"Hjem","item":"https:\/\/niipit.dk\/nk-care\/"},{"@type":"ListItem","position":2,"name":"Forside"}]},{"@type":"WebSite","@id":"https:\/\/niipit.dk\/nk-care\/#website","url":"https:\/\/niipit.dk\/nk-care\/","name":"NK Care","description":"Omsorg for alle","potentialAction":[{"@type":"SearchAction","target":{"@type":"EntryPoint","urlTemplate":"https:\/\/niipit.dk\/nk-care\/?s={search_term_string}"},"query-input":{"@type":"PropertyValueSpecification","valueRequired":true,"valueName":"search_term_string"}}],"inLanguage":"da-DK"}]}},"_links":{"self":[{"href":"https:\/\/niipit.dk\/nk-care\/wp-json\/wp\/v2\/pages\/5064","targetHints":{"allow":["GET"]}}],"collection":[{"href":"https:\/\/niipit.dk\/nk-care\/wp-json\/wp\/v2\/pages"}],"about":[{"href":"https:\/\/niipit.dk\/nk-care\/wp-json\/wp\/v2\/types\/page"}],"author":[{"embeddable":true,"href":"https:\/\/niipit.dk\/nk-care\/wp-json\/wp\/v2\/users\/1"}],"replies":[{"embeddable":true,"href":"https:\/\/niipit.dk\/nk-care\/wp-json\/wp\/v2\/comments?post=5064"}],"version-history":[{"count":3,"href":"https:\/\/niipit.dk\/nk-care\/wp-json\/wp\/v2\/pages\/5064\/revisions"}],"predecessor-version":[{"id":5989,"href":"https:\/\/niipit.dk\/nk-care\/wp-json\/wp\/v2\/pages\/5064\/revisions\/5989"}],"wp:attachment":[{"href":"https:\/\/niipit.dk\/nk-care\/wp-json\/wp\/v2\/media?parent=5064"}],"curies":[{"name":"wp","href":"https:\/\/api.w.org\/{rel}","templated":true}]}}