{"id":6911,"date":"2019-10-25T14:14:17","date_gmt":"2019-10-25T12:14:17","guid":{"rendered":"https:\/\/niipit.dk\/niipit-b4b-shop\/?post_type=product&#038;p=6911"},"modified":"2019-12-25T17:43:56","modified_gmt":"2019-12-25T16:43:56","slug":"step-by-step-maxi-kursus","status":"publish","type":"product","link":"https:\/\/niipit.dk\/niipit-b4b-shop\/produkt\/step-by-step-maxi-kursus\/","title":{"rendered":"Step By Step Maxi &#8211; Kursus"},"content":{"rendered":"<h1>Step By Step Maxi &#8211; Kursus<\/h1>\n<p>Step By Step Maxi &#8211; Kursus er for dig der vil seri\u00f8st i gang med din virksomhed.<\/p>\n<p>Her l\u00e6re du hvordan du kan f\u00e5 din virksomhed i gang online s\u00e5 du vil blive set<\/p>\n","protected":false},"excerpt":{"rendered":"<p>Step By Step Maxi &#8211; Kursus Step By Step Maxi &#8211; Kursus er for dig der vil seri\u00f8st i gang med din virksomhed. Her l\u00e6re du hvordan du kan f\u00e5 din virksomhed i gang online s\u00e5 du vil blive set<\/p>\n","protected":false},"featured_media":6912,"template":"","meta":{"_exactmetrics_skip_tracking":false,"_exactmetrics_sitenote_active":false,"_exactmetrics_sitenote_note":"","_exactmetrics_sitenote_category":0,"_monsterinsights_skip_tracking":false,"_monsterinsights_sitenote_active":false,"_monsterinsights_sitenote_note":"","_monsterinsights_sitenote_category":0},"product_brand":[],"product_cat":[2180],"product_tag":[],"shoptype":[],"class_list":{"0":"post-6911","1":"product","2":"type-product","3":"status-publish","4":"has-post-thumbnail","6":"product_cat-kurser","8":"first","9":"instock","10":"shipping-taxable","11":"product-type-external"},"yoast_head":"<!-- This site is optimized with the Yoast SEO Premium plugin v16.3 (Yoast SEO v27.4) - https:\/\/yoast.com\/product\/yoast-seo-premium-wordpress\/ -->\n<title>Step By Step Maxi - Kursus - 26 uger - F\u00e5 din virksomhed i luften<\/title>\n<meta name=\"description\" content=\"Step By Step Maxi er et intens online forl\u00f8b for dig der vil have din virksomhed i gang. Du f\u00e5r en til en hj\u00e6lp der er skr\u00e6ddersyet til dig. Bestil nu\" \/>\n<meta name=\"robots\" content=\"index, follow, max-snippet:-1, max-image-preview:large, max-video-preview:-1\" \/>\n<link rel=\"canonical\" href=\"http:\/\/niipit.dk\/niipit-b4b-shop\/produkt\/step-by-step-maxi-kursus\/\" \/>\n<meta property=\"og:locale\" content=\"da_DK\" \/>\n<meta property=\"og:type\" content=\"article\" \/>\n<meta property=\"og:title\" content=\"Step By Step Maxi - Kursus - 26 uger - F\u00e5 din virksomhed i luften\" \/>\n<meta property=\"og:description\" content=\"Step By Step Maxi er et intens online forl\u00f8b for dig der vil have din virksomhed i gang. Du f\u00e5r en til en hj\u00e6lp der er skr\u00e6ddersyet til dig. Bestil nu\" \/>\n<meta property=\"og:url\" content=\"http:\/\/niipit.dk\/niipit-b4b-shop\/produkt\/step-by-step-maxi-kursus\/\" \/>\n<meta property=\"og:site_name\" content=\"Niipit B4B Shop\" \/>\n<meta property=\"article:modified_time\" content=\"2019-12-25T16:43:56+00:00\" \/>\n<meta property=\"og:image\" content=\"http:\/\/niipit.dk\/niipit-b4b-shop\/wp-content\/uploads\/sites\/316\/2019\/12\/Niipit-Step-By-Step-26-uger.png\" \/>\n\t<meta property=\"og:image:width\" content=\"626\" \/>\n\t<meta property=\"og:image:height\" content=\"417\" \/>\n\t<meta property=\"og:image:type\" content=\"image\/png\" \/>\n<meta name=\"twitter:card\" content=\"summary_large_image\" \/>\n<script type=\"application\/ld+json\" class=\"yoast-schema-graph\">{\"@context\":\"https:\\\/\\\/schema.org\",\"@graph\":[{\"@type\":\"WebPage\",\"@id\":\"http:\\\/\\\/niipit.dk\\\/niipit-b4b-shop\\\/produkt\\\/step-by-step-maxi-kursus\\\/\",\"url\":\"http:\\\/\\\/niipit.dk\\\/niipit-b4b-shop\\\/produkt\\\/step-by-step-maxi-kursus\\\/\",\"name\":\"Step By Step Maxi - Kursus - 26 uger - F\u00e5 din virksomhed i luften\",\"isPartOf\":{\"@id\":\"http:\\\/\\\/niipit.dk\\\/niipit-b4b-shop\\\/#website\"},\"primaryImageOfPage\":{\"@id\":\"http:\\\/\\\/niipit.dk\\\/niipit-b4b-shop\\\/produkt\\\/step-by-step-maxi-kursus\\\/#primaryimage\"},\"image\":{\"@id\":\"http:\\\/\\\/niipit.dk\\\/niipit-b4b-shop\\\/produkt\\\/step-by-step-maxi-kursus\\\/#primaryimage\"},\"thumbnailUrl\":\"https:\\\/\\\/niipit.dk\\\/niipit-b4b-shop\\\/wp-content\\\/uploads\\\/sites\\\/316\\\/2019\\\/12\\\/Niipit-Step-By-Step-26-uger.png\",\"datePublished\":\"2019-10-25T12:14:17+00:00\",\"dateModified\":\"2019-12-25T16:43:56+00:00\",\"description\":\"Step By Step Maxi er et intens online forl\u00f8b for dig der vil have din virksomhed i gang. Du f\u00e5r en til en hj\u00e6lp der er skr\u00e6ddersyet til dig. Bestil nu\",\"breadcrumb\":{\"@id\":\"http:\\\/\\\/niipit.dk\\\/niipit-b4b-shop\\\/produkt\\\/step-by-step-maxi-kursus\\\/#breadcrumb\"},\"inLanguage\":\"da-DK\",\"potentialAction\":[{\"@type\":\"ReadAction\",\"target\":[\"http:\\\/\\\/niipit.dk\\\/niipit-b4b-shop\\\/produkt\\\/step-by-step-maxi-kursus\\\/\"]}]},{\"@type\":\"ImageObject\",\"inLanguage\":\"da-DK\",\"@id\":\"http:\\\/\\\/niipit.dk\\\/niipit-b4b-shop\\\/produkt\\\/step-by-step-maxi-kursus\\\/#primaryimage\",\"url\":\"https:\\\/\\\/niipit.dk\\\/niipit-b4b-shop\\\/wp-content\\\/uploads\\\/sites\\\/316\\\/2019\\\/12\\\/Niipit-Step-By-Step-26-uger.png\",\"contentUrl\":\"https:\\\/\\\/niipit.dk\\\/niipit-b4b-shop\\\/wp-content\\\/uploads\\\/sites\\\/316\\\/2019\\\/12\\\/Niipit-Step-By-Step-26-uger.png\",\"width\":626,\"height\":417,\"caption\":\"Niipit Step By Step maxi 26 uger\"},{\"@type\":\"BreadcrumbList\",\"@id\":\"http:\\\/\\\/niipit.dk\\\/niipit-b4b-shop\\\/produkt\\\/step-by-step-maxi-kursus\\\/#breadcrumb\",\"itemListElement\":[{\"@type\":\"ListItem\",\"position\":1,\"name\":\"Hjem\",\"item\":\"https:\\\/\\\/niipit.dk\\\/niipit-b4b-shop\\\/\"},{\"@type\":\"ListItem\",\"position\":2,\"name\":\"Shop\",\"item\":\"https:\\\/\\\/niipit.dk\\\/niipit-b4b-shop\\\/shop\\\/\"},{\"@type\":\"ListItem\",\"position\":3,\"name\":\"Step By Step Maxi &#8211; Kursus\"}]},{\"@type\":\"WebSite\",\"@id\":\"http:\\\/\\\/niipit.dk\\\/niipit-b4b-shop\\\/#website\",\"url\":\"http:\\\/\\\/niipit.dk\\\/niipit-b4b-shop\\\/\",\"name\":\"Niipit B4B Shop\",\"description\":\"F\u00e5 din virksomhed p\u00e5 niipit\",\"potentialAction\":[{\"@type\":\"SearchAction\",\"target\":{\"@type\":\"EntryPoint\",\"urlTemplate\":\"http:\\\/\\\/niipit.dk\\\/niipit-b4b-shop\\\/?s={search_term_string}\"},\"query-input\":{\"@type\":\"PropertyValueSpecification\",\"valueRequired\":true,\"valueName\":\"search_term_string\"}}],\"inLanguage\":\"da-DK\"}]}<\/script>\n<!-- \/ Yoast SEO Premium plugin. -->","yoast_head_json":{"title":"Step By Step Maxi - Kursus - 26 uger - F\u00e5 din virksomhed i luften","description":"Step By Step Maxi er et intens online forl\u00f8b for dig der vil have din virksomhed i gang. Du f\u00e5r en til en hj\u00e6lp der er skr\u00e6ddersyet til dig. Bestil nu","robots":{"index":"index","follow":"follow","max-snippet":"max-snippet:-1","max-image-preview":"max-image-preview:large","max-video-preview":"max-video-preview:-1"},"canonical":"http:\/\/niipit.dk\/niipit-b4b-shop\/produkt\/step-by-step-maxi-kursus\/","og_locale":"da_DK","og_type":"article","og_title":"Step By Step Maxi - Kursus - 26 uger - F\u00e5 din virksomhed i luften","og_description":"Step By Step Maxi er et intens online forl\u00f8b for dig der vil have din virksomhed i gang. Du f\u00e5r en til en hj\u00e6lp der er skr\u00e6ddersyet til dig. Bestil nu","og_url":"http:\/\/niipit.dk\/niipit-b4b-shop\/produkt\/step-by-step-maxi-kursus\/","og_site_name":"Niipit B4B Shop","article_modified_time":"2019-12-25T16:43:56+00:00","og_image":[{"width":626,"height":417,"url":"http:\/\/niipit.dk\/niipit-b4b-shop\/wp-content\/uploads\/sites\/316\/2019\/12\/Niipit-Step-By-Step-26-uger.png","type":"image\/png"}],"twitter_card":"summary_large_image","schema":{"@context":"https:\/\/schema.org","@graph":[{"@type":"WebPage","@id":"http:\/\/niipit.dk\/niipit-b4b-shop\/produkt\/step-by-step-maxi-kursus\/","url":"http:\/\/niipit.dk\/niipit-b4b-shop\/produkt\/step-by-step-maxi-kursus\/","name":"Step By Step Maxi - Kursus - 26 uger - F\u00e5 din virksomhed i luften","isPartOf":{"@id":"http:\/\/niipit.dk\/niipit-b4b-shop\/#website"},"primaryImageOfPage":{"@id":"http:\/\/niipit.dk\/niipit-b4b-shop\/produkt\/step-by-step-maxi-kursus\/#primaryimage"},"image":{"@id":"http:\/\/niipit.dk\/niipit-b4b-shop\/produkt\/step-by-step-maxi-kursus\/#primaryimage"},"thumbnailUrl":"https:\/\/niipit.dk\/niipit-b4b-shop\/wp-content\/uploads\/sites\/316\/2019\/12\/Niipit-Step-By-Step-26-uger.png","datePublished":"2019-10-25T12:14:17+00:00","dateModified":"2019-12-25T16:43:56+00:00","description":"Step By Step Maxi er et intens online forl\u00f8b for dig der vil have din virksomhed i gang. Du f\u00e5r en til en hj\u00e6lp der er skr\u00e6ddersyet til dig. Bestil nu","breadcrumb":{"@id":"http:\/\/niipit.dk\/niipit-b4b-shop\/produkt\/step-by-step-maxi-kursus\/#breadcrumb"},"inLanguage":"da-DK","potentialAction":[{"@type":"ReadAction","target":["http:\/\/niipit.dk\/niipit-b4b-shop\/produkt\/step-by-step-maxi-kursus\/"]}]},{"@type":"ImageObject","inLanguage":"da-DK","@id":"http:\/\/niipit.dk\/niipit-b4b-shop\/produkt\/step-by-step-maxi-kursus\/#primaryimage","url":"https:\/\/niipit.dk\/niipit-b4b-shop\/wp-content\/uploads\/sites\/316\/2019\/12\/Niipit-Step-By-Step-26-uger.png","contentUrl":"https:\/\/niipit.dk\/niipit-b4b-shop\/wp-content\/uploads\/sites\/316\/2019\/12\/Niipit-Step-By-Step-26-uger.png","width":626,"height":417,"caption":"Niipit Step By Step maxi 26 uger"},{"@type":"BreadcrumbList","@id":"http:\/\/niipit.dk\/niipit-b4b-shop\/produkt\/step-by-step-maxi-kursus\/#breadcrumb","itemListElement":[{"@type":"ListItem","position":1,"name":"Hjem","item":"https:\/\/niipit.dk\/niipit-b4b-shop\/"},{"@type":"ListItem","position":2,"name":"Shop","item":"https:\/\/niipit.dk\/niipit-b4b-shop\/shop\/"},{"@type":"ListItem","position":3,"name":"Step By Step Maxi &#8211; Kursus"}]},{"@type":"WebSite","@id":"http:\/\/niipit.dk\/niipit-b4b-shop\/#website","url":"http:\/\/niipit.dk\/niipit-b4b-shop\/","name":"Niipit B4B Shop","description":"F\u00e5 din virksomhed p\u00e5 niipit","potentialAction":[{"@type":"SearchAction","target":{"@type":"EntryPoint","urlTemplate":"http:\/\/niipit.dk\/niipit-b4b-shop\/?s={search_term_string}"},"query-input":{"@type":"PropertyValueSpecification","valueRequired":true,"valueName":"search_term_string"}}],"inLanguage":"da-DK"}]}},"_links":{"self":[{"href":"https:\/\/niipit.dk\/niipit-b4b-shop\/wp-json\/wp\/v2\/product\/6911","targetHints":{"allow":["GET"]}}],"collection":[{"href":"https:\/\/niipit.dk\/niipit-b4b-shop\/wp-json\/wp\/v2\/product"}],"about":[{"href":"https:\/\/niipit.dk\/niipit-b4b-shop\/wp-json\/wp\/v2\/types\/product"}],"wp:featuredmedia":[{"embeddable":true,"href":"https:\/\/niipit.dk\/niipit-b4b-shop\/wp-json\/wp\/v2\/media\/6912"}],"wp:attachment":[{"href":"https:\/\/niipit.dk\/niipit-b4b-shop\/wp-json\/wp\/v2\/media?parent=6911"}],"wp:term":[{"taxonomy":"product_brand","embeddable":true,"href":"https:\/\/niipit.dk\/niipit-b4b-shop\/wp-json\/wp\/v2\/product_brand?post=6911"},{"taxonomy":"product_cat","embeddable":true,"href":"https:\/\/niipit.dk\/niipit-b4b-shop\/wp-json\/wp\/v2\/product_cat?post=6911"},{"taxonomy":"product_tag","embeddable":true,"href":"https:\/\/niipit.dk\/niipit-b4b-shop\/wp-json\/wp\/v2\/product_tag?post=6911"},{"taxonomy":"shoptype","embeddable":true,"href":"https:\/\/niipit.dk\/niipit-b4b-shop\/wp-json\/wp\/v2\/shoptype?post=6911"}],"curies":[{"name":"wp","href":"https:\/\/api.w.org\/{rel}","templated":true}]}}