{"id":6910,"date":"2019-11-25T10:14:51","date_gmt":"2019-11-25T09:14:51","guid":{"rendered":"https:\/\/niipit.dk\/niipit-b4b-shop\/?post_type=product&#038;p=6910"},"modified":"2020-06-18T11:29:03","modified_gmt":"2020-06-18T09:29:03","slug":"nem-mad-premium-virksomhedsprofil","status":"publish","type":"product","link":"https:\/\/niipit.dk\/niipit-b4b-shop\/produkt\/nem-mad-premium-virksomhedsprofil\/","title":{"rendered":"Nem Mad Premium virksomhedsprofil"},"content":{"rendered":"<h1>Premium virksomhedsprofil Nem Mad<\/h1>\n<h2>Her f\u00e5r du det samme som i\u00a0Premium virksomhedsprofil 1 + adgang til Nem Mad<\/h2>\n<p>I omr\u00e5det Nem Mad kan kunderne finde dig og udfylde din formular og sende foresp\u00f8rgsels p\u00e5 selskabs mad eller mad ud af huset, direkte til dig.<br \/>\nHer er ingen mellemstation der tager % eller faste gebyr for at sende foresp\u00f8rgsler til dig.<br \/>\nHer er du I direkte dialog med kunden.<\/p>\n<h3>Men der er mere endnu.<\/h3>\n<p>Du kan f\u00e5 din helt egen Nem Mad formular. Den bliver bygget ud fra hvilke informationer du vil have kunden skal sende ind til dig for at du kan give dem din pris. Her er ingen standart formular her er det lavet ud fra dine \u00f8nsker.<\/p>\n<h3>Der er mange fordele ved at v\u00e6re med i Niipit netv\u00e6rk<\/h3>\n<p>N\u00e5r du er med i netv\u00e6rket hvor der er andre virksomheder der annoncerer s\u00e5 vil du have mulighed for at blive set af flere kunder. Niipit er god til at tr\u00e6kke brugere ind til omr\u00e5derne s\u00e5 er det op til dig om din varer eller ydelse skal ses i det omr\u00e5de.<\/p>\n<p>Denne pakke har ikke en Webshop hvor du kan s\u00e6lge varer og modtage betalinger.<br \/>\nDen er udelukkende til Nem Mad omr\u00e5det.<\/p>\n<p><strong>Tilk\u00f8b en webshop del med betalingsl\u00f8sning og mod tag betalinger online.<\/strong><\/p>\n<h4>Pris 6243,75 kr inkl moms<\/h4>\n","protected":false},"excerpt":{"rendered":"<p>Premium virksomhedsprofil Nem Mad Her f\u00e5r du det samme som i\u00a0Premium virksomhedsprofil 1 + adgang til Nem Mad I omr\u00e5det Nem Mad kan kunderne finde dig og udfylde din formular og sende foresp\u00f8rgsels p\u00e5 selskabs mad eller mad ud af huset, direkte til dig. Her er ingen mellemstation der tager % eller faste gebyr for <a class=\"moretag btn btn-primary\" href=\"https:\/\/niipit.dk\/niipit-b4b-shop\/produkt\/nem-mad-premium-virksomhedsprofil\/\">L\u00e6s mere<\/a><\/p>\n","protected":false},"featured_media":6165,"template":"","meta":{"_exactmetrics_skip_tracking":false,"_exactmetrics_sitenote_active":false,"_exactmetrics_sitenote_note":"","_exactmetrics_sitenote_category":0,"_monsterinsights_skip_tracking":false,"_monsterinsights_sitenote_active":false,"_monsterinsights_sitenote_note":"","_monsterinsights_sitenote_category":0},"product_brand":[],"product_cat":[2177],"product_tag":[],"shoptype":[],"class_list":{"0":"post-6910","1":"product","2":"type-product","3":"status-publish","4":"has-post-thumbnail","6":"product_cat-premium-profil","8":"first","9":"instock","10":"shipping-taxable","11":"product-type-external"},"yoast_head":"<!-- This site is optimized with the Yoast SEO Premium plugin v16.3 (Yoast SEO v27.3) - https:\/\/yoast.com\/product\/yoast-seo-premium-wordpress\/ -->\n<title>Nem Mad Premium virksomhedsprofil - direkte fra kunder<\/title>\n<meta name=\"description\" content=\"Nem Mad Premium virksomhedsprofil - Er for dig der gerne vil have flere kunder og ikke betale en formue for at f\u00e5 nye kunder. Bliv set med Niipit\" \/>\n<meta name=\"robots\" content=\"index, follow, max-snippet:-1, max-image-preview:large, max-video-preview:-1\" \/>\n<link rel=\"canonical\" href=\"http:\/\/niipit.dk\/niipit-b4b-shop\/produkt\/nem-mad-premium-virksomhedsprofil\/\" \/>\n<meta property=\"og:locale\" content=\"da_DK\" \/>\n<meta property=\"og:type\" content=\"article\" \/>\n<meta property=\"og:title\" content=\"Nem Mad Premium virksomhedsprofil - direkte fra kunder\" \/>\n<meta property=\"og:description\" content=\"Nem Mad Premium virksomhedsprofil - Er for dig der gerne vil have flere kunder og ikke betale en formue for at f\u00e5 nye kunder. Bliv set med Niipit\" \/>\n<meta property=\"og:url\" content=\"http:\/\/niipit.dk\/niipit-b4b-shop\/produkt\/nem-mad-premium-virksomhedsprofil\/\" \/>\n<meta property=\"og:site_name\" content=\"Niipit B4B Shop\" \/>\n<meta property=\"article:modified_time\" content=\"2020-06-18T09:29:03+00:00\" \/>\n<meta property=\"og:image\" content=\"http:\/\/niipit.dk\/niipit-b4b-shop\/wp-content\/uploads\/sites\/316\/2019\/10\/Stor-Premium-Pakke-Niipit.dk_.jpg\" \/>\n\t<meta property=\"og:image:width\" content=\"626\" \/>\n\t<meta property=\"og:image:height\" content=\"626\" \/>\n\t<meta property=\"og:image:type\" content=\"image\/jpeg\" \/>\n<meta name=\"twitter:card\" content=\"summary_large_image\" \/>\n<meta name=\"twitter:label1\" content=\"Estimeret l\u00e6setid\" \/>\n\t<meta name=\"twitter:data1\" content=\"1 minut\" \/>\n<script type=\"application\/ld+json\" class=\"yoast-schema-graph\">{\"@context\":\"https:\\\/\\\/schema.org\",\"@graph\":[{\"@type\":\"WebPage\",\"@id\":\"http:\\\/\\\/niipit.dk\\\/niipit-b4b-shop\\\/produkt\\\/nem-mad-premium-virksomhedsprofil\\\/\",\"url\":\"http:\\\/\\\/niipit.dk\\\/niipit-b4b-shop\\\/produkt\\\/nem-mad-premium-virksomhedsprofil\\\/\",\"name\":\"Nem Mad Premium virksomhedsprofil - direkte fra kunder\",\"isPartOf\":{\"@id\":\"http:\\\/\\\/niipit.dk\\\/niipit-b4b-shop\\\/#website\"},\"primaryImageOfPage\":{\"@id\":\"http:\\\/\\\/niipit.dk\\\/niipit-b4b-shop\\\/produkt\\\/nem-mad-premium-virksomhedsprofil\\\/#primaryimage\"},\"image\":{\"@id\":\"http:\\\/\\\/niipit.dk\\\/niipit-b4b-shop\\\/produkt\\\/nem-mad-premium-virksomhedsprofil\\\/#primaryimage\"},\"thumbnailUrl\":\"https:\\\/\\\/niipit.dk\\\/niipit-b4b-shop\\\/wp-content\\\/uploads\\\/sites\\\/316\\\/2019\\\/10\\\/Stor-Premium-Pakke-Niipit.dk_.jpg\",\"datePublished\":\"2019-11-25T09:14:51+00:00\",\"dateModified\":\"2020-06-18T09:29:03+00:00\",\"description\":\"Nem Mad Premium virksomhedsprofil - Er for dig der gerne vil have flere kunder og ikke betale en formue for at f\u00e5 nye kunder. Bliv set med Niipit\",\"breadcrumb\":{\"@id\":\"http:\\\/\\\/niipit.dk\\\/niipit-b4b-shop\\\/produkt\\\/nem-mad-premium-virksomhedsprofil\\\/#breadcrumb\"},\"inLanguage\":\"da-DK\",\"potentialAction\":[{\"@type\":\"ReadAction\",\"target\":[\"http:\\\/\\\/niipit.dk\\\/niipit-b4b-shop\\\/produkt\\\/nem-mad-premium-virksomhedsprofil\\\/\"]}]},{\"@type\":\"ImageObject\",\"inLanguage\":\"da-DK\",\"@id\":\"http:\\\/\\\/niipit.dk\\\/niipit-b4b-shop\\\/produkt\\\/nem-mad-premium-virksomhedsprofil\\\/#primaryimage\",\"url\":\"https:\\\/\\\/niipit.dk\\\/niipit-b4b-shop\\\/wp-content\\\/uploads\\\/sites\\\/316\\\/2019\\\/10\\\/Stor-Premium-Pakke-Niipit.dk_.jpg\",\"contentUrl\":\"https:\\\/\\\/niipit.dk\\\/niipit-b4b-shop\\\/wp-content\\\/uploads\\\/sites\\\/316\\\/2019\\\/10\\\/Stor-Premium-Pakke-Niipit.dk_.jpg\",\"width\":626,\"height\":626,\"caption\":\"Niipit Premium Virksomhedsprofil\"},{\"@type\":\"BreadcrumbList\",\"@id\":\"http:\\\/\\\/niipit.dk\\\/niipit-b4b-shop\\\/produkt\\\/nem-mad-premium-virksomhedsprofil\\\/#breadcrumb\",\"itemListElement\":[{\"@type\":\"ListItem\",\"position\":1,\"name\":\"Hjem\",\"item\":\"https:\\\/\\\/niipit.dk\\\/niipit-b4b-shop\\\/\"},{\"@type\":\"ListItem\",\"position\":2,\"name\":\"Shop\",\"item\":\"https:\\\/\\\/niipit.dk\\\/niipit-b4b-shop\\\/shop\\\/\"},{\"@type\":\"ListItem\",\"position\":3,\"name\":\"Nem Mad Premium virksomhedsprofil\"}]},{\"@type\":\"WebSite\",\"@id\":\"http:\\\/\\\/niipit.dk\\\/niipit-b4b-shop\\\/#website\",\"url\":\"http:\\\/\\\/niipit.dk\\\/niipit-b4b-shop\\\/\",\"name\":\"Niipit B4B Shop\",\"description\":\"F\u00e5 din virksomhed p\u00e5 niipit\",\"potentialAction\":[{\"@type\":\"SearchAction\",\"target\":{\"@type\":\"EntryPoint\",\"urlTemplate\":\"http:\\\/\\\/niipit.dk\\\/niipit-b4b-shop\\\/?s={search_term_string}\"},\"query-input\":{\"@type\":\"PropertyValueSpecification\",\"valueRequired\":true,\"valueName\":\"search_term_string\"}}],\"inLanguage\":\"da-DK\"}]}<\/script>\n<!-- \/ Yoast SEO Premium plugin. -->","yoast_head_json":{"title":"Nem Mad Premium virksomhedsprofil - direkte fra kunder","description":"Nem Mad Premium virksomhedsprofil - Er for dig der gerne vil have flere kunder og ikke betale en formue for at f\u00e5 nye kunder. Bliv set med Niipit","robots":{"index":"index","follow":"follow","max-snippet":"max-snippet:-1","max-image-preview":"max-image-preview:large","max-video-preview":"max-video-preview:-1"},"canonical":"http:\/\/niipit.dk\/niipit-b4b-shop\/produkt\/nem-mad-premium-virksomhedsprofil\/","og_locale":"da_DK","og_type":"article","og_title":"Nem Mad Premium virksomhedsprofil - direkte fra kunder","og_description":"Nem Mad Premium virksomhedsprofil - Er for dig der gerne vil have flere kunder og ikke betale en formue for at f\u00e5 nye kunder. Bliv set med Niipit","og_url":"http:\/\/niipit.dk\/niipit-b4b-shop\/produkt\/nem-mad-premium-virksomhedsprofil\/","og_site_name":"Niipit B4B Shop","article_modified_time":"2020-06-18T09:29:03+00:00","og_image":[{"width":626,"height":626,"url":"http:\/\/niipit.dk\/niipit-b4b-shop\/wp-content\/uploads\/sites\/316\/2019\/10\/Stor-Premium-Pakke-Niipit.dk_.jpg","type":"image\/jpeg"}],"twitter_card":"summary_large_image","twitter_misc":{"Estimeret l\u00e6setid":"1 minut"},"schema":{"@context":"https:\/\/schema.org","@graph":[{"@type":"WebPage","@id":"http:\/\/niipit.dk\/niipit-b4b-shop\/produkt\/nem-mad-premium-virksomhedsprofil\/","url":"http:\/\/niipit.dk\/niipit-b4b-shop\/produkt\/nem-mad-premium-virksomhedsprofil\/","name":"Nem Mad Premium virksomhedsprofil - direkte fra kunder","isPartOf":{"@id":"http:\/\/niipit.dk\/niipit-b4b-shop\/#website"},"primaryImageOfPage":{"@id":"http:\/\/niipit.dk\/niipit-b4b-shop\/produkt\/nem-mad-premium-virksomhedsprofil\/#primaryimage"},"image":{"@id":"http:\/\/niipit.dk\/niipit-b4b-shop\/produkt\/nem-mad-premium-virksomhedsprofil\/#primaryimage"},"thumbnailUrl":"https:\/\/niipit.dk\/niipit-b4b-shop\/wp-content\/uploads\/sites\/316\/2019\/10\/Stor-Premium-Pakke-Niipit.dk_.jpg","datePublished":"2019-11-25T09:14:51+00:00","dateModified":"2020-06-18T09:29:03+00:00","description":"Nem Mad Premium virksomhedsprofil - Er for dig der gerne vil have flere kunder og ikke betale en formue for at f\u00e5 nye kunder. Bliv set med Niipit","breadcrumb":{"@id":"http:\/\/niipit.dk\/niipit-b4b-shop\/produkt\/nem-mad-premium-virksomhedsprofil\/#breadcrumb"},"inLanguage":"da-DK","potentialAction":[{"@type":"ReadAction","target":["http:\/\/niipit.dk\/niipit-b4b-shop\/produkt\/nem-mad-premium-virksomhedsprofil\/"]}]},{"@type":"ImageObject","inLanguage":"da-DK","@id":"http:\/\/niipit.dk\/niipit-b4b-shop\/produkt\/nem-mad-premium-virksomhedsprofil\/#primaryimage","url":"https:\/\/niipit.dk\/niipit-b4b-shop\/wp-content\/uploads\/sites\/316\/2019\/10\/Stor-Premium-Pakke-Niipit.dk_.jpg","contentUrl":"https:\/\/niipit.dk\/niipit-b4b-shop\/wp-content\/uploads\/sites\/316\/2019\/10\/Stor-Premium-Pakke-Niipit.dk_.jpg","width":626,"height":626,"caption":"Niipit Premium Virksomhedsprofil"},{"@type":"BreadcrumbList","@id":"http:\/\/niipit.dk\/niipit-b4b-shop\/produkt\/nem-mad-premium-virksomhedsprofil\/#breadcrumb","itemListElement":[{"@type":"ListItem","position":1,"name":"Hjem","item":"https:\/\/niipit.dk\/niipit-b4b-shop\/"},{"@type":"ListItem","position":2,"name":"Shop","item":"https:\/\/niipit.dk\/niipit-b4b-shop\/shop\/"},{"@type":"ListItem","position":3,"name":"Nem Mad Premium virksomhedsprofil"}]},{"@type":"WebSite","@id":"http:\/\/niipit.dk\/niipit-b4b-shop\/#website","url":"http:\/\/niipit.dk\/niipit-b4b-shop\/","name":"Niipit B4B Shop","description":"F\u00e5 din virksomhed p\u00e5 niipit","potentialAction":[{"@type":"SearchAction","target":{"@type":"EntryPoint","urlTemplate":"http:\/\/niipit.dk\/niipit-b4b-shop\/?s={search_term_string}"},"query-input":{"@type":"PropertyValueSpecification","valueRequired":true,"valueName":"search_term_string"}}],"inLanguage":"da-DK"}]}},"_links":{"self":[{"href":"https:\/\/niipit.dk\/niipit-b4b-shop\/wp-json\/wp\/v2\/product\/6910","targetHints":{"allow":["GET"]}}],"collection":[{"href":"https:\/\/niipit.dk\/niipit-b4b-shop\/wp-json\/wp\/v2\/product"}],"about":[{"href":"https:\/\/niipit.dk\/niipit-b4b-shop\/wp-json\/wp\/v2\/types\/product"}],"wp:featuredmedia":[{"embeddable":true,"href":"https:\/\/niipit.dk\/niipit-b4b-shop\/wp-json\/wp\/v2\/media\/6165"}],"wp:attachment":[{"href":"https:\/\/niipit.dk\/niipit-b4b-shop\/wp-json\/wp\/v2\/media?parent=6910"}],"wp:term":[{"taxonomy":"product_brand","embeddable":true,"href":"https:\/\/niipit.dk\/niipit-b4b-shop\/wp-json\/wp\/v2\/product_brand?post=6910"},{"taxonomy":"product_cat","embeddable":true,"href":"https:\/\/niipit.dk\/niipit-b4b-shop\/wp-json\/wp\/v2\/product_cat?post=6910"},{"taxonomy":"product_tag","embeddable":true,"href":"https:\/\/niipit.dk\/niipit-b4b-shop\/wp-json\/wp\/v2\/product_tag?post=6910"},{"taxonomy":"shoptype","embeddable":true,"href":"https:\/\/niipit.dk\/niipit-b4b-shop\/wp-json\/wp\/v2\/shoptype?post=6910"}],"curies":[{"name":"wp","href":"https:\/\/api.w.org\/{rel}","templated":true}]}}