{"id":6774,"date":"2019-12-15T17:04:07","date_gmt":"2019-12-15T16:04:07","guid":{"rendered":"https:\/\/niipit.dk\/niipit-b4b-shop\/?post_type=product&#038;p=6774"},"modified":"2020-01-19T09:38:24","modified_gmt":"2020-01-19T08:38:24","slug":"tilbud-omraade-12-maaneder","status":"publish","type":"product","link":"https:\/\/niipit.dk\/niipit-b4b-shop\/produkt\/tilbud-omraade-12-maaneder\/","title":{"rendered":"Tilbud omr\u00e5de 12 m\u00e5neder"},"content":{"rendered":"<h1>TILBUD omr\u00e5de i 12 m\u00e5neder<\/h1>\n<p>N\u00e5r du har en Premium virksomhedsprofil s\u00e5 kan du tilk\u00f8be adgang til TILBUD omr\u00e5det i 12 m\u00e5neder.<\/p>\n<p>I dette omr\u00e5de giver du dine kunder prisgaranti. (fra de har k\u00f8bt og i 40 dage efter)<\/p>\n<p>I TILBUD omr\u00e5det kan du vise de varer \/ ydelser som du har p\u00e5 Tilbud.<br \/>\nEn varer m\u00e5 kun ligge her i 2 uger for s\u00e5 at v\u00e6re til normal pris i 6 uger. Dette er lovgivningen og den overholder vi her.<\/p>\n","protected":false},"excerpt":{"rendered":"<p>TILBUD omr\u00e5de i 12 m\u00e5neder N\u00e5r du har en Premium virksomhedsprofil s\u00e5 kan du tilk\u00f8be adgang til TILBUD omr\u00e5det i 12 m\u00e5neder. I dette omr\u00e5de giver du dine kunder prisgaranti. (fra de har k\u00f8bt og i 40 dage efter) I TILBUD omr\u00e5det kan du vise de varer \/ ydelser som du har p\u00e5 Tilbud. En <a class=\"moretag btn btn-primary\" href=\"https:\/\/niipit.dk\/niipit-b4b-shop\/produkt\/tilbud-omraade-12-maaneder\/\">L\u00e6s mere<\/a><\/p>\n","protected":false},"featured_media":6776,"template":"","meta":{"_exactmetrics_skip_tracking":false,"_exactmetrics_sitenote_active":false,"_exactmetrics_sitenote_note":"","_exactmetrics_sitenote_category":0,"_monsterinsights_skip_tracking":false,"_monsterinsights_sitenote_active":false,"_monsterinsights_sitenote_note":"","_monsterinsights_sitenote_category":0},"product_brand":[],"product_cat":[2178],"product_tag":[],"shoptype":[],"class_list":{"0":"post-6774","1":"product","2":"type-product","3":"status-publish","4":"has-post-thumbnail","6":"product_cat-tilkoeb","8":"first","9":"instock","10":"shipping-taxable","11":"product-type-external"},"yoast_head":"<!-- This site is optimized with the Yoast SEO Premium plugin v16.3 (Yoast SEO v27.4) - https:\/\/yoast.com\/product\/yoast-seo-premium-wordpress\/ -->\n<title>Tilbud - T\u00f8r du give kunderne PRISGARANTI? - S\u00e5 er du velkommen her.<\/title>\n<meta name=\"description\" content=\"Tilbud omr\u00e5det er for dig der er tr\u00e6t af at lave gode priser til kunderne og afleverer en stor del af salget til en markedsf\u00f8ringskanal. L\u00e6s mere her\" \/>\n<meta name=\"robots\" content=\"index, follow, max-snippet:-1, max-image-preview:large, max-video-preview:-1\" \/>\n<link rel=\"canonical\" href=\"https:\/\/niipit.dk\/niipit-b4b-shop\/produkt\/tilbud-omraade-12-maaneder\/\" \/>\n<meta property=\"og:locale\" content=\"da_DK\" \/>\n<meta property=\"og:type\" content=\"article\" \/>\n<meta property=\"og:title\" content=\"Tilbud - T\u00f8r du give kunderne PRISGARANTI? - S\u00e5 er du velkommen her.\" \/>\n<meta property=\"og:description\" content=\"Tilbud omr\u00e5det er for dig der er tr\u00e6t af at lave gode priser til kunderne og afleverer en stor del af salget til en markedsf\u00f8ringskanal. L\u00e6s mere her\" \/>\n<meta property=\"og:url\" content=\"https:\/\/niipit.dk\/niipit-b4b-shop\/produkt\/tilbud-omraade-12-maaneder\/\" \/>\n<meta property=\"og:site_name\" content=\"Niipit B4B Shop\" \/>\n<meta property=\"article:modified_time\" content=\"2020-01-19T08:38:24+00:00\" \/>\n<meta property=\"og:image\" content=\"https:\/\/niipit.dk\/niipit-b4b-shop\/wp-content\/uploads\/sites\/316\/2019\/12\/Niipit-Tilbud-med-Prisgaranti.png\" \/>\n\t<meta property=\"og:image:width\" content=\"500\" \/>\n\t<meta property=\"og:image:height\" content=\"418\" \/>\n\t<meta property=\"og:image:type\" content=\"image\/png\" \/>\n<meta name=\"twitter:card\" content=\"summary_large_image\" \/>\n<script type=\"application\/ld+json\" class=\"yoast-schema-graph\">{\"@context\":\"https:\\\/\\\/schema.org\",\"@graph\":[{\"@type\":\"WebPage\",\"@id\":\"https:\\\/\\\/niipit.dk\\\/niipit-b4b-shop\\\/produkt\\\/tilbud-omraade-12-maaneder\\\/\",\"url\":\"https:\\\/\\\/niipit.dk\\\/niipit-b4b-shop\\\/produkt\\\/tilbud-omraade-12-maaneder\\\/\",\"name\":\"Tilbud - T\u00f8r du give kunderne PRISGARANTI? - S\u00e5 er du velkommen her.\",\"isPartOf\":{\"@id\":\"http:\\\/\\\/niipit.dk\\\/niipit-b4b-shop\\\/#website\"},\"primaryImageOfPage\":{\"@id\":\"https:\\\/\\\/niipit.dk\\\/niipit-b4b-shop\\\/produkt\\\/tilbud-omraade-12-maaneder\\\/#primaryimage\"},\"image\":{\"@id\":\"https:\\\/\\\/niipit.dk\\\/niipit-b4b-shop\\\/produkt\\\/tilbud-omraade-12-maaneder\\\/#primaryimage\"},\"thumbnailUrl\":\"https:\\\/\\\/niipit.dk\\\/niipit-b4b-shop\\\/wp-content\\\/uploads\\\/sites\\\/316\\\/2019\\\/12\\\/Niipit-Tilbud-med-Prisgaranti.png\",\"datePublished\":\"2019-12-15T16:04:07+00:00\",\"dateModified\":\"2020-01-19T08:38:24+00:00\",\"description\":\"Tilbud omr\u00e5det er for dig der er tr\u00e6t af at lave gode priser til kunderne og afleverer en stor del af salget til en markedsf\u00f8ringskanal. L\u00e6s mere her\",\"breadcrumb\":{\"@id\":\"https:\\\/\\\/niipit.dk\\\/niipit-b4b-shop\\\/produkt\\\/tilbud-omraade-12-maaneder\\\/#breadcrumb\"},\"inLanguage\":\"da-DK\",\"potentialAction\":[{\"@type\":\"ReadAction\",\"target\":[\"https:\\\/\\\/niipit.dk\\\/niipit-b4b-shop\\\/produkt\\\/tilbud-omraade-12-maaneder\\\/\"]}]},{\"@type\":\"ImageObject\",\"inLanguage\":\"da-DK\",\"@id\":\"https:\\\/\\\/niipit.dk\\\/niipit-b4b-shop\\\/produkt\\\/tilbud-omraade-12-maaneder\\\/#primaryimage\",\"url\":\"https:\\\/\\\/niipit.dk\\\/niipit-b4b-shop\\\/wp-content\\\/uploads\\\/sites\\\/316\\\/2019\\\/12\\\/Niipit-Tilbud-med-Prisgaranti.png\",\"contentUrl\":\"https:\\\/\\\/niipit.dk\\\/niipit-b4b-shop\\\/wp-content\\\/uploads\\\/sites\\\/316\\\/2019\\\/12\\\/Niipit-Tilbud-med-Prisgaranti.png\",\"width\":500,\"height\":418,\"caption\":\"Niipit Tilbud med Prisgaranti\"},{\"@type\":\"BreadcrumbList\",\"@id\":\"https:\\\/\\\/niipit.dk\\\/niipit-b4b-shop\\\/produkt\\\/tilbud-omraade-12-maaneder\\\/#breadcrumb\",\"itemListElement\":[{\"@type\":\"ListItem\",\"position\":1,\"name\":\"Hjem\",\"item\":\"https:\\\/\\\/niipit.dk\\\/niipit-b4b-shop\\\/\"},{\"@type\":\"ListItem\",\"position\":2,\"name\":\"Shop\",\"item\":\"https:\\\/\\\/niipit.dk\\\/niipit-b4b-shop\\\/shop\\\/\"},{\"@type\":\"ListItem\",\"position\":3,\"name\":\"Tilbud omr\u00e5de 12 m\u00e5neder\"}]},{\"@type\":\"WebSite\",\"@id\":\"http:\\\/\\\/niipit.dk\\\/niipit-b4b-shop\\\/#website\",\"url\":\"http:\\\/\\\/niipit.dk\\\/niipit-b4b-shop\\\/\",\"name\":\"Niipit B4B Shop\",\"description\":\"F\u00e5 din virksomhed p\u00e5 niipit\",\"potentialAction\":[{\"@type\":\"SearchAction\",\"target\":{\"@type\":\"EntryPoint\",\"urlTemplate\":\"http:\\\/\\\/niipit.dk\\\/niipit-b4b-shop\\\/?s={search_term_string}\"},\"query-input\":{\"@type\":\"PropertyValueSpecification\",\"valueRequired\":true,\"valueName\":\"search_term_string\"}}],\"inLanguage\":\"da-DK\"}]}<\/script>\n<!-- \/ Yoast SEO Premium plugin. -->","yoast_head_json":{"title":"Tilbud - T\u00f8r du give kunderne PRISGARANTI? - S\u00e5 er du velkommen her.","description":"Tilbud omr\u00e5det er for dig der er tr\u00e6t af at lave gode priser til kunderne og afleverer en stor del af salget til en markedsf\u00f8ringskanal. L\u00e6s mere her","robots":{"index":"index","follow":"follow","max-snippet":"max-snippet:-1","max-image-preview":"max-image-preview:large","max-video-preview":"max-video-preview:-1"},"canonical":"https:\/\/niipit.dk\/niipit-b4b-shop\/produkt\/tilbud-omraade-12-maaneder\/","og_locale":"da_DK","og_type":"article","og_title":"Tilbud - T\u00f8r du give kunderne PRISGARANTI? - S\u00e5 er du velkommen her.","og_description":"Tilbud omr\u00e5det er for dig der er tr\u00e6t af at lave gode priser til kunderne og afleverer en stor del af salget til en markedsf\u00f8ringskanal. L\u00e6s mere her","og_url":"https:\/\/niipit.dk\/niipit-b4b-shop\/produkt\/tilbud-omraade-12-maaneder\/","og_site_name":"Niipit B4B Shop","article_modified_time":"2020-01-19T08:38:24+00:00","og_image":[{"width":500,"height":418,"url":"https:\/\/niipit.dk\/niipit-b4b-shop\/wp-content\/uploads\/sites\/316\/2019\/12\/Niipit-Tilbud-med-Prisgaranti.png","type":"image\/png"}],"twitter_card":"summary_large_image","schema":{"@context":"https:\/\/schema.org","@graph":[{"@type":"WebPage","@id":"https:\/\/niipit.dk\/niipit-b4b-shop\/produkt\/tilbud-omraade-12-maaneder\/","url":"https:\/\/niipit.dk\/niipit-b4b-shop\/produkt\/tilbud-omraade-12-maaneder\/","name":"Tilbud - T\u00f8r du give kunderne PRISGARANTI? - S\u00e5 er du velkommen her.","isPartOf":{"@id":"http:\/\/niipit.dk\/niipit-b4b-shop\/#website"},"primaryImageOfPage":{"@id":"https:\/\/niipit.dk\/niipit-b4b-shop\/produkt\/tilbud-omraade-12-maaneder\/#primaryimage"},"image":{"@id":"https:\/\/niipit.dk\/niipit-b4b-shop\/produkt\/tilbud-omraade-12-maaneder\/#primaryimage"},"thumbnailUrl":"https:\/\/niipit.dk\/niipit-b4b-shop\/wp-content\/uploads\/sites\/316\/2019\/12\/Niipit-Tilbud-med-Prisgaranti.png","datePublished":"2019-12-15T16:04:07+00:00","dateModified":"2020-01-19T08:38:24+00:00","description":"Tilbud omr\u00e5det er for dig der er tr\u00e6t af at lave gode priser til kunderne og afleverer en stor del af salget til en markedsf\u00f8ringskanal. L\u00e6s mere her","breadcrumb":{"@id":"https:\/\/niipit.dk\/niipit-b4b-shop\/produkt\/tilbud-omraade-12-maaneder\/#breadcrumb"},"inLanguage":"da-DK","potentialAction":[{"@type":"ReadAction","target":["https:\/\/niipit.dk\/niipit-b4b-shop\/produkt\/tilbud-omraade-12-maaneder\/"]}]},{"@type":"ImageObject","inLanguage":"da-DK","@id":"https:\/\/niipit.dk\/niipit-b4b-shop\/produkt\/tilbud-omraade-12-maaneder\/#primaryimage","url":"https:\/\/niipit.dk\/niipit-b4b-shop\/wp-content\/uploads\/sites\/316\/2019\/12\/Niipit-Tilbud-med-Prisgaranti.png","contentUrl":"https:\/\/niipit.dk\/niipit-b4b-shop\/wp-content\/uploads\/sites\/316\/2019\/12\/Niipit-Tilbud-med-Prisgaranti.png","width":500,"height":418,"caption":"Niipit Tilbud med Prisgaranti"},{"@type":"BreadcrumbList","@id":"https:\/\/niipit.dk\/niipit-b4b-shop\/produkt\/tilbud-omraade-12-maaneder\/#breadcrumb","itemListElement":[{"@type":"ListItem","position":1,"name":"Hjem","item":"https:\/\/niipit.dk\/niipit-b4b-shop\/"},{"@type":"ListItem","position":2,"name":"Shop","item":"https:\/\/niipit.dk\/niipit-b4b-shop\/shop\/"},{"@type":"ListItem","position":3,"name":"Tilbud omr\u00e5de 12 m\u00e5neder"}]},{"@type":"WebSite","@id":"http:\/\/niipit.dk\/niipit-b4b-shop\/#website","url":"http:\/\/niipit.dk\/niipit-b4b-shop\/","name":"Niipit B4B Shop","description":"F\u00e5 din virksomhed p\u00e5 niipit","potentialAction":[{"@type":"SearchAction","target":{"@type":"EntryPoint","urlTemplate":"http:\/\/niipit.dk\/niipit-b4b-shop\/?s={search_term_string}"},"query-input":{"@type":"PropertyValueSpecification","valueRequired":true,"valueName":"search_term_string"}}],"inLanguage":"da-DK"}]}},"_links":{"self":[{"href":"https:\/\/niipit.dk\/niipit-b4b-shop\/wp-json\/wp\/v2\/product\/6774","targetHints":{"allow":["GET"]}}],"collection":[{"href":"https:\/\/niipit.dk\/niipit-b4b-shop\/wp-json\/wp\/v2\/product"}],"about":[{"href":"https:\/\/niipit.dk\/niipit-b4b-shop\/wp-json\/wp\/v2\/types\/product"}],"wp:featuredmedia":[{"embeddable":true,"href":"https:\/\/niipit.dk\/niipit-b4b-shop\/wp-json\/wp\/v2\/media\/6776"}],"wp:attachment":[{"href":"https:\/\/niipit.dk\/niipit-b4b-shop\/wp-json\/wp\/v2\/media?parent=6774"}],"wp:term":[{"taxonomy":"product_brand","embeddable":true,"href":"https:\/\/niipit.dk\/niipit-b4b-shop\/wp-json\/wp\/v2\/product_brand?post=6774"},{"taxonomy":"product_cat","embeddable":true,"href":"https:\/\/niipit.dk\/niipit-b4b-shop\/wp-json\/wp\/v2\/product_cat?post=6774"},{"taxonomy":"product_tag","embeddable":true,"href":"https:\/\/niipit.dk\/niipit-b4b-shop\/wp-json\/wp\/v2\/product_tag?post=6774"},{"taxonomy":"shoptype","embeddable":true,"href":"https:\/\/niipit.dk\/niipit-b4b-shop\/wp-json\/wp\/v2\/shoptype?post=6774"}],"curies":[{"name":"wp","href":"https:\/\/api.w.org\/{rel}","templated":true}]}}