{"id":6765,"date":"2019-12-15T12:38:14","date_gmt":"2019-12-15T11:38:14","guid":{"rendered":"https:\/\/niipit.dk\/niipit-b4b-shop\/?post_type=product&#038;p=6765"},"modified":"2020-01-19T09:38:38","modified_gmt":"2020-01-19T08:38:38","slug":"b4b-freebee-omraade-12-maaneder","status":"publish","type":"product","link":"https:\/\/niipit.dk\/niipit-b4b-shop\/produkt\/b4b-freebee-omraade-12-maaneder\/","title":{"rendered":"B4B Freebee omr\u00e5de 12 m\u00e5neder"},"content":{"rendered":"<h1>B4B Freebee omr\u00e5de 12 m\u00e5neder<\/h1>\n<h2>F\u00e5 fri adgang til at vise alle dine Freebee til mulige B4B kunder<\/h2>\n<p>Det er en god m\u00e5de at vise sine kommende kunder hvad du kan tilbyde dem og hj\u00e6lpe dem med.<\/p>\n<p>Du f\u00e5r deres email og hvis de giver tilladelse til det s\u00e5 kan du sende dem nyhedsbreve bagefter.<\/p>\n<p>&nbsp;<\/p>\n","protected":false},"excerpt":{"rendered":"<p>B4B Freebee omr\u00e5de 12 m\u00e5neder F\u00e5 fri adgang til at vise alle dine Freebee til mulige B4B kunder Det er en god m\u00e5de at vise sine kommende kunder hvad du kan tilbyde dem og hj\u00e6lpe dem med. Du f\u00e5r deres email og hvis de giver tilladelse til det s\u00e5 kan du sende dem nyhedsbreve bagefter. <a class=\"moretag btn btn-primary\" href=\"https:\/\/niipit.dk\/niipit-b4b-shop\/produkt\/b4b-freebee-omraade-12-maaneder\/\">L\u00e6s mere<\/a><\/p>\n","protected":false},"featured_media":6766,"template":"","meta":{"_exactmetrics_skip_tracking":false,"_exactmetrics_sitenote_active":false,"_exactmetrics_sitenote_note":"","_exactmetrics_sitenote_category":0,"_monsterinsights_skip_tracking":false,"_monsterinsights_sitenote_active":false,"_monsterinsights_sitenote_note":"","_monsterinsights_sitenote_category":0},"product_brand":[],"product_cat":[2178],"product_tag":[],"shoptype":[],"class_list":{"0":"post-6765","1":"product","2":"type-product","3":"status-publish","4":"has-post-thumbnail","6":"product_cat-tilkoeb","8":"first","9":"instock","10":"shipping-taxable","11":"product-type-external"},"yoast_head":"<!-- This site is optimized with the Yoast SEO Premium plugin v16.3 (Yoast SEO v27.4) - https:\/\/yoast.com\/product\/yoast-seo-premium-wordpress\/ -->\n<title>B4B Freebee omr\u00e5de 12 m\u00e5neder - Niipit - bliv set<\/title>\n<meta name=\"description\" content=\"B4B Freebee omr\u00e5de 12 m\u00e5neder - Bliv set og lad kunderne komme til dig - Her finder kunderne din Freebee og du f\u00e5r leads fra Niipit uden at betale ekstra.\" \/>\n<meta name=\"robots\" content=\"index, follow, max-snippet:-1, max-image-preview:large, max-video-preview:-1\" \/>\n<link rel=\"canonical\" href=\"https:\/\/niipit.dk\/niipit-b4b-shop\/produkt\/b4b-freebee-omraade-12-maaneder\/\" \/>\n<meta property=\"og:locale\" content=\"da_DK\" \/>\n<meta property=\"og:type\" content=\"article\" \/>\n<meta property=\"og:title\" content=\"B4B Freebee omr\u00e5de 12 m\u00e5neder - Niipit - bliv set\" \/>\n<meta property=\"og:description\" content=\"B4B Freebee omr\u00e5de 12 m\u00e5neder - Bliv set og lad kunderne komme til dig - Her finder kunderne din Freebee og du f\u00e5r leads fra Niipit uden at betale ekstra.\" \/>\n<meta property=\"og:url\" content=\"https:\/\/niipit.dk\/niipit-b4b-shop\/produkt\/b4b-freebee-omraade-12-maaneder\/\" \/>\n<meta property=\"og:site_name\" content=\"Niipit B4B Shop\" \/>\n<meta property=\"article:modified_time\" content=\"2020-01-19T08:38:38+00:00\" \/>\n<meta property=\"og:image\" content=\"https:\/\/niipit.dk\/niipit-b4b-shop\/wp-content\/uploads\/sites\/316\/2019\/12\/Niipit-B4B-Freebee.png\" \/>\n\t<meta property=\"og:image:width\" content=\"512\" \/>\n\t<meta property=\"og:image:height\" content=\"416\" \/>\n\t<meta property=\"og:image:type\" content=\"image\/png\" \/>\n<meta name=\"twitter:card\" content=\"summary_large_image\" \/>\n<script type=\"application\/ld+json\" class=\"yoast-schema-graph\">{\"@context\":\"https:\\\/\\\/schema.org\",\"@graph\":[{\"@type\":\"WebPage\",\"@id\":\"https:\\\/\\\/niipit.dk\\\/niipit-b4b-shop\\\/produkt\\\/b4b-freebee-omraade-12-maaneder\\\/\",\"url\":\"https:\\\/\\\/niipit.dk\\\/niipit-b4b-shop\\\/produkt\\\/b4b-freebee-omraade-12-maaneder\\\/\",\"name\":\"B4B Freebee omr\u00e5de 12 m\u00e5neder - Niipit - bliv set\",\"isPartOf\":{\"@id\":\"http:\\\/\\\/niipit.dk\\\/niipit-b4b-shop\\\/#website\"},\"primaryImageOfPage\":{\"@id\":\"https:\\\/\\\/niipit.dk\\\/niipit-b4b-shop\\\/produkt\\\/b4b-freebee-omraade-12-maaneder\\\/#primaryimage\"},\"image\":{\"@id\":\"https:\\\/\\\/niipit.dk\\\/niipit-b4b-shop\\\/produkt\\\/b4b-freebee-omraade-12-maaneder\\\/#primaryimage\"},\"thumbnailUrl\":\"https:\\\/\\\/niipit.dk\\\/niipit-b4b-shop\\\/wp-content\\\/uploads\\\/sites\\\/316\\\/2019\\\/12\\\/Niipit-B4B-Freebee.png\",\"datePublished\":\"2019-12-15T11:38:14+00:00\",\"dateModified\":\"2020-01-19T08:38:38+00:00\",\"description\":\"B4B Freebee omr\u00e5de 12 m\u00e5neder - Bliv set og lad kunderne komme til dig - Her finder kunderne din Freebee og du f\u00e5r leads fra Niipit uden at betale ekstra.\",\"breadcrumb\":{\"@id\":\"https:\\\/\\\/niipit.dk\\\/niipit-b4b-shop\\\/produkt\\\/b4b-freebee-omraade-12-maaneder\\\/#breadcrumb\"},\"inLanguage\":\"da-DK\",\"potentialAction\":[{\"@type\":\"ReadAction\",\"target\":[\"https:\\\/\\\/niipit.dk\\\/niipit-b4b-shop\\\/produkt\\\/b4b-freebee-omraade-12-maaneder\\\/\"]}]},{\"@type\":\"ImageObject\",\"inLanguage\":\"da-DK\",\"@id\":\"https:\\\/\\\/niipit.dk\\\/niipit-b4b-shop\\\/produkt\\\/b4b-freebee-omraade-12-maaneder\\\/#primaryimage\",\"url\":\"https:\\\/\\\/niipit.dk\\\/niipit-b4b-shop\\\/wp-content\\\/uploads\\\/sites\\\/316\\\/2019\\\/12\\\/Niipit-B4B-Freebee.png\",\"contentUrl\":\"https:\\\/\\\/niipit.dk\\\/niipit-b4b-shop\\\/wp-content\\\/uploads\\\/sites\\\/316\\\/2019\\\/12\\\/Niipit-B4B-Freebee.png\",\"width\":512,\"height\":416,\"caption\":\"Niipit B4B Freebee\"},{\"@type\":\"BreadcrumbList\",\"@id\":\"https:\\\/\\\/niipit.dk\\\/niipit-b4b-shop\\\/produkt\\\/b4b-freebee-omraade-12-maaneder\\\/#breadcrumb\",\"itemListElement\":[{\"@type\":\"ListItem\",\"position\":1,\"name\":\"Hjem\",\"item\":\"https:\\\/\\\/niipit.dk\\\/niipit-b4b-shop\\\/\"},{\"@type\":\"ListItem\",\"position\":2,\"name\":\"Shop\",\"item\":\"https:\\\/\\\/niipit.dk\\\/niipit-b4b-shop\\\/shop\\\/\"},{\"@type\":\"ListItem\",\"position\":3,\"name\":\"B4B Freebee omr\u00e5de 12 m\u00e5neder\"}]},{\"@type\":\"WebSite\",\"@id\":\"http:\\\/\\\/niipit.dk\\\/niipit-b4b-shop\\\/#website\",\"url\":\"http:\\\/\\\/niipit.dk\\\/niipit-b4b-shop\\\/\",\"name\":\"Niipit B4B Shop\",\"description\":\"F\u00e5 din virksomhed p\u00e5 niipit\",\"potentialAction\":[{\"@type\":\"SearchAction\",\"target\":{\"@type\":\"EntryPoint\",\"urlTemplate\":\"http:\\\/\\\/niipit.dk\\\/niipit-b4b-shop\\\/?s={search_term_string}\"},\"query-input\":{\"@type\":\"PropertyValueSpecification\",\"valueRequired\":true,\"valueName\":\"search_term_string\"}}],\"inLanguage\":\"da-DK\"}]}<\/script>\n<!-- \/ Yoast SEO Premium plugin. -->","yoast_head_json":{"title":"B4B Freebee omr\u00e5de 12 m\u00e5neder - Niipit - bliv set","description":"B4B Freebee omr\u00e5de 12 m\u00e5neder - Bliv set og lad kunderne komme til dig - Her finder kunderne din Freebee og du f\u00e5r leads fra Niipit uden at betale ekstra.","robots":{"index":"index","follow":"follow","max-snippet":"max-snippet:-1","max-image-preview":"max-image-preview:large","max-video-preview":"max-video-preview:-1"},"canonical":"https:\/\/niipit.dk\/niipit-b4b-shop\/produkt\/b4b-freebee-omraade-12-maaneder\/","og_locale":"da_DK","og_type":"article","og_title":"B4B Freebee omr\u00e5de 12 m\u00e5neder - Niipit - bliv set","og_description":"B4B Freebee omr\u00e5de 12 m\u00e5neder - Bliv set og lad kunderne komme til dig - Her finder kunderne din Freebee og du f\u00e5r leads fra Niipit uden at betale ekstra.","og_url":"https:\/\/niipit.dk\/niipit-b4b-shop\/produkt\/b4b-freebee-omraade-12-maaneder\/","og_site_name":"Niipit B4B Shop","article_modified_time":"2020-01-19T08:38:38+00:00","og_image":[{"width":512,"height":416,"url":"https:\/\/niipit.dk\/niipit-b4b-shop\/wp-content\/uploads\/sites\/316\/2019\/12\/Niipit-B4B-Freebee.png","type":"image\/png"}],"twitter_card":"summary_large_image","schema":{"@context":"https:\/\/schema.org","@graph":[{"@type":"WebPage","@id":"https:\/\/niipit.dk\/niipit-b4b-shop\/produkt\/b4b-freebee-omraade-12-maaneder\/","url":"https:\/\/niipit.dk\/niipit-b4b-shop\/produkt\/b4b-freebee-omraade-12-maaneder\/","name":"B4B Freebee omr\u00e5de 12 m\u00e5neder - Niipit - bliv set","isPartOf":{"@id":"http:\/\/niipit.dk\/niipit-b4b-shop\/#website"},"primaryImageOfPage":{"@id":"https:\/\/niipit.dk\/niipit-b4b-shop\/produkt\/b4b-freebee-omraade-12-maaneder\/#primaryimage"},"image":{"@id":"https:\/\/niipit.dk\/niipit-b4b-shop\/produkt\/b4b-freebee-omraade-12-maaneder\/#primaryimage"},"thumbnailUrl":"https:\/\/niipit.dk\/niipit-b4b-shop\/wp-content\/uploads\/sites\/316\/2019\/12\/Niipit-B4B-Freebee.png","datePublished":"2019-12-15T11:38:14+00:00","dateModified":"2020-01-19T08:38:38+00:00","description":"B4B Freebee omr\u00e5de 12 m\u00e5neder - Bliv set og lad kunderne komme til dig - Her finder kunderne din Freebee og du f\u00e5r leads fra Niipit uden at betale ekstra.","breadcrumb":{"@id":"https:\/\/niipit.dk\/niipit-b4b-shop\/produkt\/b4b-freebee-omraade-12-maaneder\/#breadcrumb"},"inLanguage":"da-DK","potentialAction":[{"@type":"ReadAction","target":["https:\/\/niipit.dk\/niipit-b4b-shop\/produkt\/b4b-freebee-omraade-12-maaneder\/"]}]},{"@type":"ImageObject","inLanguage":"da-DK","@id":"https:\/\/niipit.dk\/niipit-b4b-shop\/produkt\/b4b-freebee-omraade-12-maaneder\/#primaryimage","url":"https:\/\/niipit.dk\/niipit-b4b-shop\/wp-content\/uploads\/sites\/316\/2019\/12\/Niipit-B4B-Freebee.png","contentUrl":"https:\/\/niipit.dk\/niipit-b4b-shop\/wp-content\/uploads\/sites\/316\/2019\/12\/Niipit-B4B-Freebee.png","width":512,"height":416,"caption":"Niipit B4B Freebee"},{"@type":"BreadcrumbList","@id":"https:\/\/niipit.dk\/niipit-b4b-shop\/produkt\/b4b-freebee-omraade-12-maaneder\/#breadcrumb","itemListElement":[{"@type":"ListItem","position":1,"name":"Hjem","item":"https:\/\/niipit.dk\/niipit-b4b-shop\/"},{"@type":"ListItem","position":2,"name":"Shop","item":"https:\/\/niipit.dk\/niipit-b4b-shop\/shop\/"},{"@type":"ListItem","position":3,"name":"B4B Freebee omr\u00e5de 12 m\u00e5neder"}]},{"@type":"WebSite","@id":"http:\/\/niipit.dk\/niipit-b4b-shop\/#website","url":"http:\/\/niipit.dk\/niipit-b4b-shop\/","name":"Niipit B4B Shop","description":"F\u00e5 din virksomhed p\u00e5 niipit","potentialAction":[{"@type":"SearchAction","target":{"@type":"EntryPoint","urlTemplate":"http:\/\/niipit.dk\/niipit-b4b-shop\/?s={search_term_string}"},"query-input":{"@type":"PropertyValueSpecification","valueRequired":true,"valueName":"search_term_string"}}],"inLanguage":"da-DK"}]}},"_links":{"self":[{"href":"https:\/\/niipit.dk\/niipit-b4b-shop\/wp-json\/wp\/v2\/product\/6765","targetHints":{"allow":["GET"]}}],"collection":[{"href":"https:\/\/niipit.dk\/niipit-b4b-shop\/wp-json\/wp\/v2\/product"}],"about":[{"href":"https:\/\/niipit.dk\/niipit-b4b-shop\/wp-json\/wp\/v2\/types\/product"}],"wp:featuredmedia":[{"embeddable":true,"href":"https:\/\/niipit.dk\/niipit-b4b-shop\/wp-json\/wp\/v2\/media\/6766"}],"wp:attachment":[{"href":"https:\/\/niipit.dk\/niipit-b4b-shop\/wp-json\/wp\/v2\/media?parent=6765"}],"wp:term":[{"taxonomy":"product_brand","embeddable":true,"href":"https:\/\/niipit.dk\/niipit-b4b-shop\/wp-json\/wp\/v2\/product_brand?post=6765"},{"taxonomy":"product_cat","embeddable":true,"href":"https:\/\/niipit.dk\/niipit-b4b-shop\/wp-json\/wp\/v2\/product_cat?post=6765"},{"taxonomy":"product_tag","embeddable":true,"href":"https:\/\/niipit.dk\/niipit-b4b-shop\/wp-json\/wp\/v2\/product_tag?post=6765"},{"taxonomy":"shoptype","embeddable":true,"href":"https:\/\/niipit.dk\/niipit-b4b-shop\/wp-json\/wp\/v2\/shoptype?post=6765"}],"curies":[{"name":"wp","href":"https:\/\/api.w.org\/{rel}","templated":true}]}}