{"id":6762,"date":"2019-11-25T10:15:27","date_gmt":"2019-11-25T09:15:27","guid":{"rendered":"https:\/\/niipit.dk\/niipit-b4b-shop\/?post_type=product&#038;p=6762"},"modified":"2020-09-21T07:57:44","modified_gmt":"2020-09-21T05:57:44","slug":"premium-virksomhedsprofil-3","status":"publish","type":"product","link":"https:\/\/niipit.dk\/niipit-b4b-shop\/produkt\/premium-virksomhedsprofil-3\/","title":{"rendered":"BEDST TIL PRISEN Premium virksomhedsprofil 3"},"content":{"rendered":"<h1>Premium virksomhedsprofil 3<\/h1>\n<h2>Her f\u00e5r du det samme som i\u00a0<a href=\"https:\/\/niipit.dk\/niipit-b4b-shop\/produkt\/premium-virksomhedsprofil-1\/\">Premium virksomhedsprofil 1<\/a> + Webshop l\u00f8sning med en indl\u00f8sningsaftale hos <a href=\"https:\/\/pensopay.com\/niipit\/\">PensoPay<\/a><\/h2>\n<p>S\u00e5 vil du kunne s\u00e6lge dine egne varer \/ Ydelser gennem Niipit og f\u00e5 betalingen direkte ind p\u00e5 din egen bank konto uden Niipit tager en del af din oms\u00e6tning.<\/p>\n<hr \/>\n<h2>+ adgang til 1 af f\u00f8lgende omr\u00e5der<br \/>\n&#8211; <a href=\"https:\/\/niipit.dk\/freebee\/\">Freebee<\/a><br \/>\n&#8211; <a href=\"https:\/\/niipit.dk\/markedsplads\/b4b-freebee\/\">B4B freebee<\/a><br \/>\n&#8211; <a href=\"https:\/\/niipit.dk\/markedsplads\/oplevelser\/\">Oplevelser<\/a><br \/>\n&#8211; <a href=\"https:\/\/niipit.dk\/markedsplads\/fritid-forside\/\">Fritid<\/a><br \/>\n&#8211; <a href=\"https:\/\/niipit.dk\/markedsplads\/ud-i-det-fri-forside\/\">Ud i det fri<\/a><br \/>\n&#8211; <a href=\"https:\/\/niipit.dk\/markedsplads\/kultur-forside\/\">Kultur<\/a><\/h2>\n<p>I disse omr\u00e5der kan du vise dine varer eller hente forsp\u00f8rgsler alt efter hvilke omr\u00e5de det er.<br \/>\nHer kan du alts\u00e5 f\u00e5 kunderne til at komme til dig og foresp\u00f8rge p\u00e5 dine vare \/ ydelser<br \/>\nDu kan ogs\u00e5 bruge nogle af omr\u00e5derne til at vise dit n\u00e6ste arrangement.<\/p>\n<hr \/>\n<h2>+ Adgang til 1 af f\u00f8lgende omr\u00e5der<br \/>\n&#8211; <a href=\"https:\/\/niipit.dk\/markedsplads\/tilbud-forside\/\">Tilbud<\/a><br \/>\n&#8211; <a href=\"https:\/\/niipit.dk\/markedsplads\/b4b-tilbud\/\">B4B Tilbud<\/a><br \/>\n&#8211; <a href=\"https:\/\/niipit.dk\/plakater\/\">Plakater<\/a><br \/>\n&#8211; <a href=\"https:\/\/niipit.dk\/markedsplads\/find-en-bog-forside\/\">Find en bog<\/a><br \/>\n&#8211; <a href=\"https:\/\/niipit.dk\/markedsplads\/nem-mad\/\">Nem mad<\/a><br \/>\n&#8211; <a href=\"https:\/\/niipit.dk\/markedsplads\/kursus\/\">Kurser<\/a><\/h2>\n<p>Her kan du lave Tilbud til brugerne hos Niipit.<\/p>\n<p><strong><a href=\"https:\/\/niipit.dk\/markedsplads\/tilbud-forside\/\">L\u00e6s mere om Tilbud her.<\/a><\/strong><\/p>\n<hr \/>\n<h3>Der er mange fordele ved at v\u00e6re med i et netv\u00e6rk<\/h3>\n<p>N\u00e5r du er med i et netv\u00e6rk hvor der er andre virksomheder der annoncerer s\u00e5 vil du have mulighed for at blive set af flere kunder. Niipit er god til at tr\u00e6kke brugere ind til omr\u00e5derne s\u00e5 er det op til dig om din varer eller ydelse skal ses i det omr\u00e5de.<\/p>\n<p>Denne pakke <strong>HAR<\/strong> en Webshop hvor du kan s\u00e6lge varer og modtage betalinger. (PensoPay m\u00e5nedsgebyr, er betalt i 12 m\u00e5neder med denne aftale)<\/p>\n","protected":false},"excerpt":{"rendered":"<p>Premium virksomhedsprofil 3 Her f\u00e5r du det samme som i\u00a0Premium virksomhedsprofil 1 + Webshop l\u00f8sning med en indl\u00f8sningsaftale hos PensoPay S\u00e5 vil du kunne s\u00e6lge dine egne varer \/ Ydelser gennem Niipit og f\u00e5 betalingen direkte ind p\u00e5 din egen bank konto uden Niipit tager en del af din oms\u00e6tning. + adgang til 1 af <a class=\"moretag btn btn-primary\" href=\"https:\/\/niipit.dk\/niipit-b4b-shop\/produkt\/premium-virksomhedsprofil-3\/\">L\u00e6s mere<\/a><\/p>\n","protected":false},"featured_media":6165,"template":"","meta":{"_exactmetrics_skip_tracking":false,"_exactmetrics_sitenote_active":false,"_exactmetrics_sitenote_note":"","_exactmetrics_sitenote_category":0,"_monsterinsights_skip_tracking":false,"_monsterinsights_sitenote_active":false,"_monsterinsights_sitenote_note":"","_monsterinsights_sitenote_category":0},"product_brand":[],"product_cat":[2177,2164],"product_tag":[],"shoptype":[],"class_list":{"0":"post-6762","1":"product","2":"type-product","3":"status-publish","4":"has-post-thumbnail","6":"product_cat-premium-profil","7":"product_cat-vi-anbefaler","9":"first","10":"instock","11":"shipping-taxable","12":"product-type-external"},"yoast_head":"<!-- This site is optimized with the Yoast SEO Premium plugin v16.3 (Yoast SEO v27.4) - https:\/\/yoast.com\/product\/yoast-seo-premium-wordpress\/ -->\n<title>BEDST TIL PRISEN Premium virksomhedsprofil 3 - Niipit B4B Shop<\/title>\n<meta name=\"description\" content=\"BEDST TIL PRISEN Premium virksomhedsprofil 3 - For dig der vil have flere kunder og ikke betale en formue. Bliv set p\u00e5 Google med Niipit\" \/>\n<meta name=\"robots\" content=\"index, follow, max-snippet:-1, max-image-preview:large, max-video-preview:-1\" \/>\n<link rel=\"canonical\" href=\"http:\/\/niipit.dk\/niipit-b4b-shop\/produkt\/premium-virksomhedsprofil-3\/\" \/>\n<meta property=\"og:locale\" content=\"da_DK\" \/>\n<meta property=\"og:type\" content=\"article\" \/>\n<meta property=\"og:title\" content=\"BEDST TIL PRISEN Premium virksomhedsprofil 3 - Niipit B4B Shop\" \/>\n<meta property=\"og:description\" content=\"BEDST TIL PRISEN Premium virksomhedsprofil 3 - For dig der vil have flere kunder og ikke betale en formue. Bliv set p\u00e5 Google med Niipit\" \/>\n<meta property=\"og:url\" content=\"http:\/\/niipit.dk\/niipit-b4b-shop\/produkt\/premium-virksomhedsprofil-3\/\" \/>\n<meta property=\"og:site_name\" content=\"Niipit B4B Shop\" \/>\n<meta property=\"article:modified_time\" content=\"2020-09-21T05:57:44+00:00\" \/>\n<meta property=\"og:image\" content=\"http:\/\/niipit.dk\/niipit-b4b-shop\/wp-content\/uploads\/sites\/316\/2019\/10\/Stor-Premium-Pakke-Niipit.dk_.jpg\" \/>\n\t<meta property=\"og:image:width\" content=\"626\" \/>\n\t<meta property=\"og:image:height\" content=\"626\" \/>\n\t<meta property=\"og:image:type\" content=\"image\/jpeg\" \/>\n<meta name=\"twitter:card\" content=\"summary_large_image\" \/>\n<meta name=\"twitter:label1\" content=\"Estimeret l\u00e6setid\" \/>\n\t<meta name=\"twitter:data1\" content=\"1 minut\" \/>\n<script type=\"application\/ld+json\" class=\"yoast-schema-graph\">{\"@context\":\"https:\\\/\\\/schema.org\",\"@graph\":[{\"@type\":\"WebPage\",\"@id\":\"http:\\\/\\\/niipit.dk\\\/niipit-b4b-shop\\\/produkt\\\/premium-virksomhedsprofil-3\\\/\",\"url\":\"http:\\\/\\\/niipit.dk\\\/niipit-b4b-shop\\\/produkt\\\/premium-virksomhedsprofil-3\\\/\",\"name\":\"BEDST TIL PRISEN Premium virksomhedsprofil 3 - Niipit B4B Shop\",\"isPartOf\":{\"@id\":\"http:\\\/\\\/niipit.dk\\\/niipit-b4b-shop\\\/#website\"},\"primaryImageOfPage\":{\"@id\":\"http:\\\/\\\/niipit.dk\\\/niipit-b4b-shop\\\/produkt\\\/premium-virksomhedsprofil-3\\\/#primaryimage\"},\"image\":{\"@id\":\"http:\\\/\\\/niipit.dk\\\/niipit-b4b-shop\\\/produkt\\\/premium-virksomhedsprofil-3\\\/#primaryimage\"},\"thumbnailUrl\":\"https:\\\/\\\/niipit.dk\\\/niipit-b4b-shop\\\/wp-content\\\/uploads\\\/sites\\\/316\\\/2019\\\/10\\\/Stor-Premium-Pakke-Niipit.dk_.jpg\",\"datePublished\":\"2019-11-25T09:15:27+00:00\",\"dateModified\":\"2020-09-21T05:57:44+00:00\",\"description\":\"BEDST TIL PRISEN Premium virksomhedsprofil 3 - For dig der vil have flere kunder og ikke betale en formue. Bliv set p\u00e5 Google med Niipit\",\"breadcrumb\":{\"@id\":\"http:\\\/\\\/niipit.dk\\\/niipit-b4b-shop\\\/produkt\\\/premium-virksomhedsprofil-3\\\/#breadcrumb\"},\"inLanguage\":\"da-DK\",\"potentialAction\":[{\"@type\":\"ReadAction\",\"target\":[\"http:\\\/\\\/niipit.dk\\\/niipit-b4b-shop\\\/produkt\\\/premium-virksomhedsprofil-3\\\/\"]}]},{\"@type\":\"ImageObject\",\"inLanguage\":\"da-DK\",\"@id\":\"http:\\\/\\\/niipit.dk\\\/niipit-b4b-shop\\\/produkt\\\/premium-virksomhedsprofil-3\\\/#primaryimage\",\"url\":\"https:\\\/\\\/niipit.dk\\\/niipit-b4b-shop\\\/wp-content\\\/uploads\\\/sites\\\/316\\\/2019\\\/10\\\/Stor-Premium-Pakke-Niipit.dk_.jpg\",\"contentUrl\":\"https:\\\/\\\/niipit.dk\\\/niipit-b4b-shop\\\/wp-content\\\/uploads\\\/sites\\\/316\\\/2019\\\/10\\\/Stor-Premium-Pakke-Niipit.dk_.jpg\",\"width\":626,\"height\":626,\"caption\":\"Niipit Premium Virksomhedsprofil\"},{\"@type\":\"BreadcrumbList\",\"@id\":\"http:\\\/\\\/niipit.dk\\\/niipit-b4b-shop\\\/produkt\\\/premium-virksomhedsprofil-3\\\/#breadcrumb\",\"itemListElement\":[{\"@type\":\"ListItem\",\"position\":1,\"name\":\"Hjem\",\"item\":\"https:\\\/\\\/niipit.dk\\\/niipit-b4b-shop\\\/\"},{\"@type\":\"ListItem\",\"position\":2,\"name\":\"Shop\",\"item\":\"https:\\\/\\\/niipit.dk\\\/niipit-b4b-shop\\\/shop\\\/\"},{\"@type\":\"ListItem\",\"position\":3,\"name\":\"BEDST TIL PRISEN Premium virksomhedsprofil 3\"}]},{\"@type\":\"WebSite\",\"@id\":\"http:\\\/\\\/niipit.dk\\\/niipit-b4b-shop\\\/#website\",\"url\":\"http:\\\/\\\/niipit.dk\\\/niipit-b4b-shop\\\/\",\"name\":\"Niipit B4B Shop\",\"description\":\"F\u00e5 din virksomhed p\u00e5 niipit\",\"potentialAction\":[{\"@type\":\"SearchAction\",\"target\":{\"@type\":\"EntryPoint\",\"urlTemplate\":\"http:\\\/\\\/niipit.dk\\\/niipit-b4b-shop\\\/?s={search_term_string}\"},\"query-input\":{\"@type\":\"PropertyValueSpecification\",\"valueRequired\":true,\"valueName\":\"search_term_string\"}}],\"inLanguage\":\"da-DK\"}]}<\/script>\n<!-- \/ Yoast SEO Premium plugin. -->","yoast_head_json":{"title":"BEDST TIL PRISEN Premium virksomhedsprofil 3 - Niipit B4B Shop","description":"BEDST TIL PRISEN Premium virksomhedsprofil 3 - For dig der vil have flere kunder og ikke betale en formue. Bliv set p\u00e5 Google med Niipit","robots":{"index":"index","follow":"follow","max-snippet":"max-snippet:-1","max-image-preview":"max-image-preview:large","max-video-preview":"max-video-preview:-1"},"canonical":"http:\/\/niipit.dk\/niipit-b4b-shop\/produkt\/premium-virksomhedsprofil-3\/","og_locale":"da_DK","og_type":"article","og_title":"BEDST TIL PRISEN Premium virksomhedsprofil 3 - Niipit B4B Shop","og_description":"BEDST TIL PRISEN Premium virksomhedsprofil 3 - For dig der vil have flere kunder og ikke betale en formue. Bliv set p\u00e5 Google med Niipit","og_url":"http:\/\/niipit.dk\/niipit-b4b-shop\/produkt\/premium-virksomhedsprofil-3\/","og_site_name":"Niipit B4B Shop","article_modified_time":"2020-09-21T05:57:44+00:00","og_image":[{"width":626,"height":626,"url":"http:\/\/niipit.dk\/niipit-b4b-shop\/wp-content\/uploads\/sites\/316\/2019\/10\/Stor-Premium-Pakke-Niipit.dk_.jpg","type":"image\/jpeg"}],"twitter_card":"summary_large_image","twitter_misc":{"Estimeret l\u00e6setid":"1 minut"},"schema":{"@context":"https:\/\/schema.org","@graph":[{"@type":"WebPage","@id":"http:\/\/niipit.dk\/niipit-b4b-shop\/produkt\/premium-virksomhedsprofil-3\/","url":"http:\/\/niipit.dk\/niipit-b4b-shop\/produkt\/premium-virksomhedsprofil-3\/","name":"BEDST TIL PRISEN Premium virksomhedsprofil 3 - Niipit B4B Shop","isPartOf":{"@id":"http:\/\/niipit.dk\/niipit-b4b-shop\/#website"},"primaryImageOfPage":{"@id":"http:\/\/niipit.dk\/niipit-b4b-shop\/produkt\/premium-virksomhedsprofil-3\/#primaryimage"},"image":{"@id":"http:\/\/niipit.dk\/niipit-b4b-shop\/produkt\/premium-virksomhedsprofil-3\/#primaryimage"},"thumbnailUrl":"https:\/\/niipit.dk\/niipit-b4b-shop\/wp-content\/uploads\/sites\/316\/2019\/10\/Stor-Premium-Pakke-Niipit.dk_.jpg","datePublished":"2019-11-25T09:15:27+00:00","dateModified":"2020-09-21T05:57:44+00:00","description":"BEDST TIL PRISEN Premium virksomhedsprofil 3 - For dig der vil have flere kunder og ikke betale en formue. Bliv set p\u00e5 Google med Niipit","breadcrumb":{"@id":"http:\/\/niipit.dk\/niipit-b4b-shop\/produkt\/premium-virksomhedsprofil-3\/#breadcrumb"},"inLanguage":"da-DK","potentialAction":[{"@type":"ReadAction","target":["http:\/\/niipit.dk\/niipit-b4b-shop\/produkt\/premium-virksomhedsprofil-3\/"]}]},{"@type":"ImageObject","inLanguage":"da-DK","@id":"http:\/\/niipit.dk\/niipit-b4b-shop\/produkt\/premium-virksomhedsprofil-3\/#primaryimage","url":"https:\/\/niipit.dk\/niipit-b4b-shop\/wp-content\/uploads\/sites\/316\/2019\/10\/Stor-Premium-Pakke-Niipit.dk_.jpg","contentUrl":"https:\/\/niipit.dk\/niipit-b4b-shop\/wp-content\/uploads\/sites\/316\/2019\/10\/Stor-Premium-Pakke-Niipit.dk_.jpg","width":626,"height":626,"caption":"Niipit Premium Virksomhedsprofil"},{"@type":"BreadcrumbList","@id":"http:\/\/niipit.dk\/niipit-b4b-shop\/produkt\/premium-virksomhedsprofil-3\/#breadcrumb","itemListElement":[{"@type":"ListItem","position":1,"name":"Hjem","item":"https:\/\/niipit.dk\/niipit-b4b-shop\/"},{"@type":"ListItem","position":2,"name":"Shop","item":"https:\/\/niipit.dk\/niipit-b4b-shop\/shop\/"},{"@type":"ListItem","position":3,"name":"BEDST TIL PRISEN Premium virksomhedsprofil 3"}]},{"@type":"WebSite","@id":"http:\/\/niipit.dk\/niipit-b4b-shop\/#website","url":"http:\/\/niipit.dk\/niipit-b4b-shop\/","name":"Niipit B4B Shop","description":"F\u00e5 din virksomhed p\u00e5 niipit","potentialAction":[{"@type":"SearchAction","target":{"@type":"EntryPoint","urlTemplate":"http:\/\/niipit.dk\/niipit-b4b-shop\/?s={search_term_string}"},"query-input":{"@type":"PropertyValueSpecification","valueRequired":true,"valueName":"search_term_string"}}],"inLanguage":"da-DK"}]}},"_links":{"self":[{"href":"https:\/\/niipit.dk\/niipit-b4b-shop\/wp-json\/wp\/v2\/product\/6762","targetHints":{"allow":["GET"]}}],"collection":[{"href":"https:\/\/niipit.dk\/niipit-b4b-shop\/wp-json\/wp\/v2\/product"}],"about":[{"href":"https:\/\/niipit.dk\/niipit-b4b-shop\/wp-json\/wp\/v2\/types\/product"}],"wp:featuredmedia":[{"embeddable":true,"href":"https:\/\/niipit.dk\/niipit-b4b-shop\/wp-json\/wp\/v2\/media\/6165"}],"wp:attachment":[{"href":"https:\/\/niipit.dk\/niipit-b4b-shop\/wp-json\/wp\/v2\/media?parent=6762"}],"wp:term":[{"taxonomy":"product_brand","embeddable":true,"href":"https:\/\/niipit.dk\/niipit-b4b-shop\/wp-json\/wp\/v2\/product_brand?post=6762"},{"taxonomy":"product_cat","embeddable":true,"href":"https:\/\/niipit.dk\/niipit-b4b-shop\/wp-json\/wp\/v2\/product_cat?post=6762"},{"taxonomy":"product_tag","embeddable":true,"href":"https:\/\/niipit.dk\/niipit-b4b-shop\/wp-json\/wp\/v2\/product_tag?post=6762"},{"taxonomy":"shoptype","embeddable":true,"href":"https:\/\/niipit.dk\/niipit-b4b-shop\/wp-json\/wp\/v2\/shoptype?post=6762"}],"curies":[{"name":"wp","href":"https:\/\/api.w.org\/{rel}","templated":true}]}}