{"id":6759,"date":"2019-12-15T12:39:44","date_gmt":"2019-12-15T11:39:44","guid":{"rendered":"https:\/\/niipit.dk\/niipit-b4b-shop\/?post_type=product&#038;p=6759"},"modified":"2020-01-19T09:38:31","modified_gmt":"2020-01-19T08:38:31","slug":"freebee-omraade-12-maaneder","status":"publish","type":"product","link":"https:\/\/niipit.dk\/niipit-b4b-shop\/produkt\/freebee-omraade-12-maaneder\/","title":{"rendered":"Freebee omr\u00e5de 12 m\u00e5neder"},"content":{"rendered":"<h1>Freebee omr\u00e5de 12 m\u00e5neder<\/h1>\n<h2>F\u00e5 fri adgang til at vise alle dine Freebee til mulige kunder<\/h2>\n<p>Det er en god m\u00e5de at vise sine kommende kunder hvad du kan tilbyde dem og hj\u00e6lpe dem med.<\/p>\n<p>Du f\u00e5r deres email og hvis de giver tilladelse til det s\u00e5 kan du sende dem nyhedsbreve bagefter.<\/p>\n","protected":false},"excerpt":{"rendered":"<p>Freebee omr\u00e5de 12 m\u00e5neder F\u00e5 fri adgang til at vise alle dine Freebee til mulige kunder Det er en god m\u00e5de at vise sine kommende kunder hvad du kan tilbyde dem og hj\u00e6lpe dem med. Du f\u00e5r deres email og hvis de giver tilladelse til det s\u00e5 kan du sende dem nyhedsbreve bagefter.<\/p>\n","protected":false},"featured_media":6760,"template":"","meta":{"_exactmetrics_skip_tracking":false,"_exactmetrics_sitenote_active":false,"_exactmetrics_sitenote_note":"","_exactmetrics_sitenote_category":0,"_monsterinsights_skip_tracking":false,"_monsterinsights_sitenote_active":false,"_monsterinsights_sitenote_note":"","_monsterinsights_sitenote_category":0},"product_brand":[],"product_cat":[2178],"product_tag":[],"shoptype":[],"class_list":{"0":"post-6759","1":"product","2":"type-product","3":"status-publish","4":"has-post-thumbnail","6":"product_cat-tilkoeb","8":"first","9":"instock","10":"shipping-taxable","11":"product-type-external"},"yoast_head":"<!-- This site is optimized with the Yoast SEO Premium plugin v16.3 (Yoast SEO v27.4) - https:\/\/yoast.com\/product\/yoast-seo-premium-wordpress\/ -->\n<title>Freebee omr\u00e5de 12 m\u00e5neder - Niipit B4B Shop n\u00e5r du vil ses<\/title>\n<meta name=\"description\" content=\"Freebee omr\u00e5de 12 m\u00e5neder - Bliv set og lad kunderne komme til dig - Her finder kunderne din Freebee og du f\u00e5r private lead, uden at betale ekstra.\" \/>\n<meta name=\"robots\" content=\"index, follow, max-snippet:-1, max-image-preview:large, max-video-preview:-1\" \/>\n<link rel=\"canonical\" href=\"https:\/\/niipit.dk\/niipit-b4b-shop\/produkt\/freebee-omraade-12-maaneder\/\" \/>\n<meta property=\"og:locale\" content=\"da_DK\" \/>\n<meta property=\"og:type\" content=\"article\" \/>\n<meta property=\"og:title\" content=\"Freebee omr\u00e5de 12 m\u00e5neder - Niipit B4B Shop n\u00e5r du vil ses\" \/>\n<meta property=\"og:description\" content=\"Freebee omr\u00e5de 12 m\u00e5neder - Bliv set og lad kunderne komme til dig - Her finder kunderne din Freebee og du f\u00e5r private lead, uden at betale ekstra.\" \/>\n<meta property=\"og:url\" content=\"https:\/\/niipit.dk\/niipit-b4b-shop\/produkt\/freebee-omraade-12-maaneder\/\" \/>\n<meta property=\"og:site_name\" content=\"Niipit B4B Shop\" \/>\n<meta property=\"article:modified_time\" content=\"2020-01-19T08:38:31+00:00\" \/>\n<meta property=\"og:image\" content=\"https:\/\/niipit.dk\/niipit-b4b-shop\/wp-content\/uploads\/sites\/316\/2019\/12\/Niipit-Freebee.png\" \/>\n\t<meta property=\"og:image:width\" content=\"452\" \/>\n\t<meta property=\"og:image:height\" content=\"378\" \/>\n\t<meta property=\"og:image:type\" content=\"image\/png\" \/>\n<meta name=\"twitter:card\" content=\"summary_large_image\" \/>\n<script type=\"application\/ld+json\" class=\"yoast-schema-graph\">{\"@context\":\"https:\\\/\\\/schema.org\",\"@graph\":[{\"@type\":\"WebPage\",\"@id\":\"https:\\\/\\\/niipit.dk\\\/niipit-b4b-shop\\\/produkt\\\/freebee-omraade-12-maaneder\\\/\",\"url\":\"https:\\\/\\\/niipit.dk\\\/niipit-b4b-shop\\\/produkt\\\/freebee-omraade-12-maaneder\\\/\",\"name\":\"Freebee omr\u00e5de 12 m\u00e5neder - Niipit B4B Shop n\u00e5r du vil ses\",\"isPartOf\":{\"@id\":\"http:\\\/\\\/niipit.dk\\\/niipit-b4b-shop\\\/#website\"},\"primaryImageOfPage\":{\"@id\":\"https:\\\/\\\/niipit.dk\\\/niipit-b4b-shop\\\/produkt\\\/freebee-omraade-12-maaneder\\\/#primaryimage\"},\"image\":{\"@id\":\"https:\\\/\\\/niipit.dk\\\/niipit-b4b-shop\\\/produkt\\\/freebee-omraade-12-maaneder\\\/#primaryimage\"},\"thumbnailUrl\":\"https:\\\/\\\/niipit.dk\\\/niipit-b4b-shop\\\/wp-content\\\/uploads\\\/sites\\\/316\\\/2019\\\/12\\\/Niipit-Freebee.png\",\"datePublished\":\"2019-12-15T11:39:44+00:00\",\"dateModified\":\"2020-01-19T08:38:31+00:00\",\"description\":\"Freebee omr\u00e5de 12 m\u00e5neder - Bliv set og lad kunderne komme til dig - Her finder kunderne din Freebee og du f\u00e5r private lead, uden at betale ekstra.\",\"breadcrumb\":{\"@id\":\"https:\\\/\\\/niipit.dk\\\/niipit-b4b-shop\\\/produkt\\\/freebee-omraade-12-maaneder\\\/#breadcrumb\"},\"inLanguage\":\"da-DK\",\"potentialAction\":[{\"@type\":\"ReadAction\",\"target\":[\"https:\\\/\\\/niipit.dk\\\/niipit-b4b-shop\\\/produkt\\\/freebee-omraade-12-maaneder\\\/\"]}]},{\"@type\":\"ImageObject\",\"inLanguage\":\"da-DK\",\"@id\":\"https:\\\/\\\/niipit.dk\\\/niipit-b4b-shop\\\/produkt\\\/freebee-omraade-12-maaneder\\\/#primaryimage\",\"url\":\"https:\\\/\\\/niipit.dk\\\/niipit-b4b-shop\\\/wp-content\\\/uploads\\\/sites\\\/316\\\/2019\\\/12\\\/Niipit-Freebee.png\",\"contentUrl\":\"https:\\\/\\\/niipit.dk\\\/niipit-b4b-shop\\\/wp-content\\\/uploads\\\/sites\\\/316\\\/2019\\\/12\\\/Niipit-Freebee.png\",\"width\":452,\"height\":378,\"caption\":\"Niipit Freebee\"},{\"@type\":\"BreadcrumbList\",\"@id\":\"https:\\\/\\\/niipit.dk\\\/niipit-b4b-shop\\\/produkt\\\/freebee-omraade-12-maaneder\\\/#breadcrumb\",\"itemListElement\":[{\"@type\":\"ListItem\",\"position\":1,\"name\":\"Hjem\",\"item\":\"https:\\\/\\\/niipit.dk\\\/niipit-b4b-shop\\\/\"},{\"@type\":\"ListItem\",\"position\":2,\"name\":\"Shop\",\"item\":\"https:\\\/\\\/niipit.dk\\\/niipit-b4b-shop\\\/shop\\\/\"},{\"@type\":\"ListItem\",\"position\":3,\"name\":\"Freebee omr\u00e5de 12 m\u00e5neder\"}]},{\"@type\":\"WebSite\",\"@id\":\"http:\\\/\\\/niipit.dk\\\/niipit-b4b-shop\\\/#website\",\"url\":\"http:\\\/\\\/niipit.dk\\\/niipit-b4b-shop\\\/\",\"name\":\"Niipit B4B Shop\",\"description\":\"F\u00e5 din virksomhed p\u00e5 niipit\",\"potentialAction\":[{\"@type\":\"SearchAction\",\"target\":{\"@type\":\"EntryPoint\",\"urlTemplate\":\"http:\\\/\\\/niipit.dk\\\/niipit-b4b-shop\\\/?s={search_term_string}\"},\"query-input\":{\"@type\":\"PropertyValueSpecification\",\"valueRequired\":true,\"valueName\":\"search_term_string\"}}],\"inLanguage\":\"da-DK\"}]}<\/script>\n<!-- \/ Yoast SEO Premium plugin. -->","yoast_head_json":{"title":"Freebee omr\u00e5de 12 m\u00e5neder - Niipit B4B Shop n\u00e5r du vil ses","description":"Freebee omr\u00e5de 12 m\u00e5neder - Bliv set og lad kunderne komme til dig - Her finder kunderne din Freebee og du f\u00e5r private lead, uden at betale ekstra.","robots":{"index":"index","follow":"follow","max-snippet":"max-snippet:-1","max-image-preview":"max-image-preview:large","max-video-preview":"max-video-preview:-1"},"canonical":"https:\/\/niipit.dk\/niipit-b4b-shop\/produkt\/freebee-omraade-12-maaneder\/","og_locale":"da_DK","og_type":"article","og_title":"Freebee omr\u00e5de 12 m\u00e5neder - Niipit B4B Shop n\u00e5r du vil ses","og_description":"Freebee omr\u00e5de 12 m\u00e5neder - Bliv set og lad kunderne komme til dig - Her finder kunderne din Freebee og du f\u00e5r private lead, uden at betale ekstra.","og_url":"https:\/\/niipit.dk\/niipit-b4b-shop\/produkt\/freebee-omraade-12-maaneder\/","og_site_name":"Niipit B4B Shop","article_modified_time":"2020-01-19T08:38:31+00:00","og_image":[{"width":452,"height":378,"url":"https:\/\/niipit.dk\/niipit-b4b-shop\/wp-content\/uploads\/sites\/316\/2019\/12\/Niipit-Freebee.png","type":"image\/png"}],"twitter_card":"summary_large_image","schema":{"@context":"https:\/\/schema.org","@graph":[{"@type":"WebPage","@id":"https:\/\/niipit.dk\/niipit-b4b-shop\/produkt\/freebee-omraade-12-maaneder\/","url":"https:\/\/niipit.dk\/niipit-b4b-shop\/produkt\/freebee-omraade-12-maaneder\/","name":"Freebee omr\u00e5de 12 m\u00e5neder - Niipit B4B Shop n\u00e5r du vil ses","isPartOf":{"@id":"http:\/\/niipit.dk\/niipit-b4b-shop\/#website"},"primaryImageOfPage":{"@id":"https:\/\/niipit.dk\/niipit-b4b-shop\/produkt\/freebee-omraade-12-maaneder\/#primaryimage"},"image":{"@id":"https:\/\/niipit.dk\/niipit-b4b-shop\/produkt\/freebee-omraade-12-maaneder\/#primaryimage"},"thumbnailUrl":"https:\/\/niipit.dk\/niipit-b4b-shop\/wp-content\/uploads\/sites\/316\/2019\/12\/Niipit-Freebee.png","datePublished":"2019-12-15T11:39:44+00:00","dateModified":"2020-01-19T08:38:31+00:00","description":"Freebee omr\u00e5de 12 m\u00e5neder - Bliv set og lad kunderne komme til dig - Her finder kunderne din Freebee og du f\u00e5r private lead, uden at betale ekstra.","breadcrumb":{"@id":"https:\/\/niipit.dk\/niipit-b4b-shop\/produkt\/freebee-omraade-12-maaneder\/#breadcrumb"},"inLanguage":"da-DK","potentialAction":[{"@type":"ReadAction","target":["https:\/\/niipit.dk\/niipit-b4b-shop\/produkt\/freebee-omraade-12-maaneder\/"]}]},{"@type":"ImageObject","inLanguage":"da-DK","@id":"https:\/\/niipit.dk\/niipit-b4b-shop\/produkt\/freebee-omraade-12-maaneder\/#primaryimage","url":"https:\/\/niipit.dk\/niipit-b4b-shop\/wp-content\/uploads\/sites\/316\/2019\/12\/Niipit-Freebee.png","contentUrl":"https:\/\/niipit.dk\/niipit-b4b-shop\/wp-content\/uploads\/sites\/316\/2019\/12\/Niipit-Freebee.png","width":452,"height":378,"caption":"Niipit Freebee"},{"@type":"BreadcrumbList","@id":"https:\/\/niipit.dk\/niipit-b4b-shop\/produkt\/freebee-omraade-12-maaneder\/#breadcrumb","itemListElement":[{"@type":"ListItem","position":1,"name":"Hjem","item":"https:\/\/niipit.dk\/niipit-b4b-shop\/"},{"@type":"ListItem","position":2,"name":"Shop","item":"https:\/\/niipit.dk\/niipit-b4b-shop\/shop\/"},{"@type":"ListItem","position":3,"name":"Freebee omr\u00e5de 12 m\u00e5neder"}]},{"@type":"WebSite","@id":"http:\/\/niipit.dk\/niipit-b4b-shop\/#website","url":"http:\/\/niipit.dk\/niipit-b4b-shop\/","name":"Niipit B4B Shop","description":"F\u00e5 din virksomhed p\u00e5 niipit","potentialAction":[{"@type":"SearchAction","target":{"@type":"EntryPoint","urlTemplate":"http:\/\/niipit.dk\/niipit-b4b-shop\/?s={search_term_string}"},"query-input":{"@type":"PropertyValueSpecification","valueRequired":true,"valueName":"search_term_string"}}],"inLanguage":"da-DK"}]}},"_links":{"self":[{"href":"https:\/\/niipit.dk\/niipit-b4b-shop\/wp-json\/wp\/v2\/product\/6759","targetHints":{"allow":["GET"]}}],"collection":[{"href":"https:\/\/niipit.dk\/niipit-b4b-shop\/wp-json\/wp\/v2\/product"}],"about":[{"href":"https:\/\/niipit.dk\/niipit-b4b-shop\/wp-json\/wp\/v2\/types\/product"}],"wp:featuredmedia":[{"embeddable":true,"href":"https:\/\/niipit.dk\/niipit-b4b-shop\/wp-json\/wp\/v2\/media\/6760"}],"wp:attachment":[{"href":"https:\/\/niipit.dk\/niipit-b4b-shop\/wp-json\/wp\/v2\/media?parent=6759"}],"wp:term":[{"taxonomy":"product_brand","embeddable":true,"href":"https:\/\/niipit.dk\/niipit-b4b-shop\/wp-json\/wp\/v2\/product_brand?post=6759"},{"taxonomy":"product_cat","embeddable":true,"href":"https:\/\/niipit.dk\/niipit-b4b-shop\/wp-json\/wp\/v2\/product_cat?post=6759"},{"taxonomy":"product_tag","embeddable":true,"href":"https:\/\/niipit.dk\/niipit-b4b-shop\/wp-json\/wp\/v2\/product_tag?post=6759"},{"taxonomy":"shoptype","embeddable":true,"href":"https:\/\/niipit.dk\/niipit-b4b-shop\/wp-json\/wp\/v2\/shoptype?post=6759"}],"curies":[{"name":"wp","href":"https:\/\/api.w.org\/{rel}","templated":true}]}}