{"id":6757,"date":"2019-11-25T10:16:58","date_gmt":"2019-11-25T09:16:58","guid":{"rendered":"https:\/\/niipit.dk\/niipit-b4b-shop\/?post_type=product&#038;p=6757"},"modified":"2020-09-21T08:03:29","modified_gmt":"2020-09-21T06:03:29","slug":"premium-virksomhedsprofil-2","status":"publish","type":"product","link":"https:\/\/niipit.dk\/niipit-b4b-shop\/produkt\/premium-virksomhedsprofil-2\/","title":{"rendered":"Premium virksomhedsprofil 2"},"content":{"rendered":"<h1>Premium virksomhedsprofil 2<\/h1>\n<h2>Her f\u00e5r du det samme som i\u00a0Premium virksomhedsprofil 1 + Webshop l\u00f8sning med adgang til et af f\u00f8lgende omr\u00e5der<br \/>\n&#8211; <a href=\"https:\/\/niipit.dk\/freebee\/\">Freebee<\/a><br \/>\n&#8211; <a href=\"https:\/\/niipit.dk\/markedsplads\/b4b-freebee\/\">B4B freebee<\/a><br \/>\n&#8211; <a href=\"https:\/\/niipit.dk\/oplevelser\/\">Oplevelser<\/a><br \/>\n&#8211;\u00a0<a href=\"https:\/\/niipit.dk\/markedsplads\/fritid-forside\/\">Fritid<\/a><br \/>\n&#8211; <a href=\"https:\/\/niipit.dk\/markedsplads\/ud-i-det-fri-forside\/\">Ud i det fri<\/a><br \/>\n&#8211; <a href=\"https:\/\/niipit.dk\/markedsplads\/kultur-forside\/\">Kultur<\/a><\/h2>\n<p>I disse omr\u00e5der kan du vise dine varer eller arrangementer alt efter hvilke omr\u00e5de det er.<\/p>\n<h3>Der er mange fordele ved at v\u00e6re med i et netv\u00e6rk<\/h3>\n<p>N\u00e5r du er med i et netv\u00e6rk hvor der er andre virksomheder der annoncerer s\u00e5 vil du have mulighed for at blive set af flere kunder. Niipit er god til at tr\u00e6kke brugere ind til omr\u00e5derne s\u00e5 er det op til dig om din varer eller ydelse skal ses i det omr\u00e5de.<\/p>\n<p>Denne pakke har ikke en Betalingsl\u00f8sning hvor du kan modtage betalinger. Den er udelukkende til de Gratis info omr\u00e5der der findes.<\/p>\n<p><a href=\"https:\/\/niipit.dk\/produkt\/1-md-premium-virksomhedsprofil-2\/\"><strong>K\u00f8b og betal i flere rater KLIK HER<\/strong><\/a><\/p>\n<p><strong>Tilk\u00f8b en \u00a0betalingsl\u00f8sning og modtag betalinger for dine vare med det samme. Pris fra 79,20 kr pr m\u00e5ned.<\/strong><\/p>\n<h4>Pris 5.480,00 inkl moms<\/h4>\n","protected":false},"excerpt":{"rendered":"<p>Premium virksomhedsprofil 2 Her f\u00e5r du det samme som i\u00a0Premium virksomhedsprofil 1 + Webshop l\u00f8sning med adgang til et af f\u00f8lgende omr\u00e5der &#8211; Freebee &#8211; B4B freebee &#8211; Oplevelser &#8211;\u00a0Fritid &#8211; Ud i det fri &#8211; Kultur I disse omr\u00e5der kan du vise dine varer eller arrangementer alt efter hvilke omr\u00e5de det er. Der er <a class=\"moretag btn btn-primary\" href=\"https:\/\/niipit.dk\/niipit-b4b-shop\/produkt\/premium-virksomhedsprofil-2\/\">L\u00e6s mere<\/a><\/p>\n","protected":false},"featured_media":6165,"template":"","meta":{"_exactmetrics_skip_tracking":false,"_exactmetrics_sitenote_active":false,"_exactmetrics_sitenote_note":"","_exactmetrics_sitenote_category":0,"_monsterinsights_skip_tracking":false,"_monsterinsights_sitenote_active":false,"_monsterinsights_sitenote_note":"","_monsterinsights_sitenote_category":0},"product_brand":[],"product_cat":[2177],"product_tag":[],"shoptype":[],"class_list":{"0":"post-6757","1":"product","2":"type-product","3":"status-publish","4":"has-post-thumbnail","6":"product_cat-premium-profil","8":"first","9":"instock","10":"shipping-taxable","11":"product-type-external"},"yoast_head":"<!-- This site is optimized with the Yoast SEO Premium plugin v16.3 (Yoast SEO v27.4) - https:\/\/yoast.com\/product\/yoast-seo-premium-wordpress\/ -->\n<title>Premium virksomhedsprofil 2 - Niipit B4B Shop - Se fordelene<\/title>\n<meta name=\"description\" content=\"Premium virksomhedsprofil 2 - Er for dig der gerne vil have flere kunder og ikke betale en formue for at f\u00e5 nye kunder. Bliv set p\u00e5 Google med Niipit\" \/>\n<meta name=\"robots\" content=\"index, follow, max-snippet:-1, max-image-preview:large, max-video-preview:-1\" \/>\n<link rel=\"canonical\" href=\"http:\/\/niipit.dk\/niipit-b4b-shop\/produkt\/premium-virksomhedsprofil-2\/\" \/>\n<meta property=\"og:locale\" content=\"da_DK\" \/>\n<meta property=\"og:type\" content=\"article\" \/>\n<meta property=\"og:title\" content=\"Premium virksomhedsprofil 2 - Niipit B4B Shop - Se fordelene\" \/>\n<meta property=\"og:description\" content=\"Premium virksomhedsprofil 2 - Er for dig der gerne vil have flere kunder og ikke betale en formue for at f\u00e5 nye kunder. Bliv set p\u00e5 Google med Niipit\" \/>\n<meta property=\"og:url\" content=\"http:\/\/niipit.dk\/niipit-b4b-shop\/produkt\/premium-virksomhedsprofil-2\/\" \/>\n<meta property=\"og:site_name\" content=\"Niipit B4B Shop\" \/>\n<meta property=\"article:modified_time\" content=\"2020-09-21T06:03:29+00:00\" \/>\n<meta property=\"og:image\" content=\"http:\/\/niipit.dk\/niipit-b4b-shop\/wp-content\/uploads\/sites\/316\/2019\/10\/Stor-Premium-Pakke-Niipit.dk_.jpg\" \/>\n\t<meta property=\"og:image:width\" content=\"626\" \/>\n\t<meta property=\"og:image:height\" content=\"626\" \/>\n\t<meta property=\"og:image:type\" content=\"image\/jpeg\" \/>\n<meta name=\"twitter:card\" content=\"summary_large_image\" \/>\n<meta name=\"twitter:label1\" content=\"Estimeret l\u00e6setid\" \/>\n\t<meta name=\"twitter:data1\" content=\"1 minut\" \/>\n<script type=\"application\/ld+json\" class=\"yoast-schema-graph\">{\"@context\":\"https:\\\/\\\/schema.org\",\"@graph\":[{\"@type\":\"WebPage\",\"@id\":\"http:\\\/\\\/niipit.dk\\\/niipit-b4b-shop\\\/produkt\\\/premium-virksomhedsprofil-2\\\/\",\"url\":\"http:\\\/\\\/niipit.dk\\\/niipit-b4b-shop\\\/produkt\\\/premium-virksomhedsprofil-2\\\/\",\"name\":\"Premium virksomhedsprofil 2 - Niipit B4B Shop - Se fordelene\",\"isPartOf\":{\"@id\":\"http:\\\/\\\/niipit.dk\\\/niipit-b4b-shop\\\/#website\"},\"primaryImageOfPage\":{\"@id\":\"http:\\\/\\\/niipit.dk\\\/niipit-b4b-shop\\\/produkt\\\/premium-virksomhedsprofil-2\\\/#primaryimage\"},\"image\":{\"@id\":\"http:\\\/\\\/niipit.dk\\\/niipit-b4b-shop\\\/produkt\\\/premium-virksomhedsprofil-2\\\/#primaryimage\"},\"thumbnailUrl\":\"https:\\\/\\\/niipit.dk\\\/niipit-b4b-shop\\\/wp-content\\\/uploads\\\/sites\\\/316\\\/2019\\\/10\\\/Stor-Premium-Pakke-Niipit.dk_.jpg\",\"datePublished\":\"2019-11-25T09:16:58+00:00\",\"dateModified\":\"2020-09-21T06:03:29+00:00\",\"description\":\"Premium virksomhedsprofil 2 - Er for dig der gerne vil have flere kunder og ikke betale en formue for at f\u00e5 nye kunder. Bliv set p\u00e5 Google med Niipit\",\"breadcrumb\":{\"@id\":\"http:\\\/\\\/niipit.dk\\\/niipit-b4b-shop\\\/produkt\\\/premium-virksomhedsprofil-2\\\/#breadcrumb\"},\"inLanguage\":\"da-DK\",\"potentialAction\":[{\"@type\":\"ReadAction\",\"target\":[\"http:\\\/\\\/niipit.dk\\\/niipit-b4b-shop\\\/produkt\\\/premium-virksomhedsprofil-2\\\/\"]}]},{\"@type\":\"ImageObject\",\"inLanguage\":\"da-DK\",\"@id\":\"http:\\\/\\\/niipit.dk\\\/niipit-b4b-shop\\\/produkt\\\/premium-virksomhedsprofil-2\\\/#primaryimage\",\"url\":\"https:\\\/\\\/niipit.dk\\\/niipit-b4b-shop\\\/wp-content\\\/uploads\\\/sites\\\/316\\\/2019\\\/10\\\/Stor-Premium-Pakke-Niipit.dk_.jpg\",\"contentUrl\":\"https:\\\/\\\/niipit.dk\\\/niipit-b4b-shop\\\/wp-content\\\/uploads\\\/sites\\\/316\\\/2019\\\/10\\\/Stor-Premium-Pakke-Niipit.dk_.jpg\",\"width\":626,\"height\":626,\"caption\":\"Niipit Premium Virksomhedsprofil\"},{\"@type\":\"BreadcrumbList\",\"@id\":\"http:\\\/\\\/niipit.dk\\\/niipit-b4b-shop\\\/produkt\\\/premium-virksomhedsprofil-2\\\/#breadcrumb\",\"itemListElement\":[{\"@type\":\"ListItem\",\"position\":1,\"name\":\"Hjem\",\"item\":\"https:\\\/\\\/niipit.dk\\\/niipit-b4b-shop\\\/\"},{\"@type\":\"ListItem\",\"position\":2,\"name\":\"Shop\",\"item\":\"https:\\\/\\\/niipit.dk\\\/niipit-b4b-shop\\\/shop\\\/\"},{\"@type\":\"ListItem\",\"position\":3,\"name\":\"Premium virksomhedsprofil 2\"}]},{\"@type\":\"WebSite\",\"@id\":\"http:\\\/\\\/niipit.dk\\\/niipit-b4b-shop\\\/#website\",\"url\":\"http:\\\/\\\/niipit.dk\\\/niipit-b4b-shop\\\/\",\"name\":\"Niipit B4B Shop\",\"description\":\"F\u00e5 din virksomhed p\u00e5 niipit\",\"potentialAction\":[{\"@type\":\"SearchAction\",\"target\":{\"@type\":\"EntryPoint\",\"urlTemplate\":\"http:\\\/\\\/niipit.dk\\\/niipit-b4b-shop\\\/?s={search_term_string}\"},\"query-input\":{\"@type\":\"PropertyValueSpecification\",\"valueRequired\":true,\"valueName\":\"search_term_string\"}}],\"inLanguage\":\"da-DK\"}]}<\/script>\n<!-- \/ Yoast SEO Premium plugin. -->","yoast_head_json":{"title":"Premium virksomhedsprofil 2 - Niipit B4B Shop - Se fordelene","description":"Premium virksomhedsprofil 2 - Er for dig der gerne vil have flere kunder og ikke betale en formue for at f\u00e5 nye kunder. Bliv set p\u00e5 Google med Niipit","robots":{"index":"index","follow":"follow","max-snippet":"max-snippet:-1","max-image-preview":"max-image-preview:large","max-video-preview":"max-video-preview:-1"},"canonical":"http:\/\/niipit.dk\/niipit-b4b-shop\/produkt\/premium-virksomhedsprofil-2\/","og_locale":"da_DK","og_type":"article","og_title":"Premium virksomhedsprofil 2 - Niipit B4B Shop - Se fordelene","og_description":"Premium virksomhedsprofil 2 - Er for dig der gerne vil have flere kunder og ikke betale en formue for at f\u00e5 nye kunder. Bliv set p\u00e5 Google med Niipit","og_url":"http:\/\/niipit.dk\/niipit-b4b-shop\/produkt\/premium-virksomhedsprofil-2\/","og_site_name":"Niipit B4B Shop","article_modified_time":"2020-09-21T06:03:29+00:00","og_image":[{"width":626,"height":626,"url":"http:\/\/niipit.dk\/niipit-b4b-shop\/wp-content\/uploads\/sites\/316\/2019\/10\/Stor-Premium-Pakke-Niipit.dk_.jpg","type":"image\/jpeg"}],"twitter_card":"summary_large_image","twitter_misc":{"Estimeret l\u00e6setid":"1 minut"},"schema":{"@context":"https:\/\/schema.org","@graph":[{"@type":"WebPage","@id":"http:\/\/niipit.dk\/niipit-b4b-shop\/produkt\/premium-virksomhedsprofil-2\/","url":"http:\/\/niipit.dk\/niipit-b4b-shop\/produkt\/premium-virksomhedsprofil-2\/","name":"Premium virksomhedsprofil 2 - Niipit B4B Shop - Se fordelene","isPartOf":{"@id":"http:\/\/niipit.dk\/niipit-b4b-shop\/#website"},"primaryImageOfPage":{"@id":"http:\/\/niipit.dk\/niipit-b4b-shop\/produkt\/premium-virksomhedsprofil-2\/#primaryimage"},"image":{"@id":"http:\/\/niipit.dk\/niipit-b4b-shop\/produkt\/premium-virksomhedsprofil-2\/#primaryimage"},"thumbnailUrl":"https:\/\/niipit.dk\/niipit-b4b-shop\/wp-content\/uploads\/sites\/316\/2019\/10\/Stor-Premium-Pakke-Niipit.dk_.jpg","datePublished":"2019-11-25T09:16:58+00:00","dateModified":"2020-09-21T06:03:29+00:00","description":"Premium virksomhedsprofil 2 - Er for dig der gerne vil have flere kunder og ikke betale en formue for at f\u00e5 nye kunder. Bliv set p\u00e5 Google med Niipit","breadcrumb":{"@id":"http:\/\/niipit.dk\/niipit-b4b-shop\/produkt\/premium-virksomhedsprofil-2\/#breadcrumb"},"inLanguage":"da-DK","potentialAction":[{"@type":"ReadAction","target":["http:\/\/niipit.dk\/niipit-b4b-shop\/produkt\/premium-virksomhedsprofil-2\/"]}]},{"@type":"ImageObject","inLanguage":"da-DK","@id":"http:\/\/niipit.dk\/niipit-b4b-shop\/produkt\/premium-virksomhedsprofil-2\/#primaryimage","url":"https:\/\/niipit.dk\/niipit-b4b-shop\/wp-content\/uploads\/sites\/316\/2019\/10\/Stor-Premium-Pakke-Niipit.dk_.jpg","contentUrl":"https:\/\/niipit.dk\/niipit-b4b-shop\/wp-content\/uploads\/sites\/316\/2019\/10\/Stor-Premium-Pakke-Niipit.dk_.jpg","width":626,"height":626,"caption":"Niipit Premium Virksomhedsprofil"},{"@type":"BreadcrumbList","@id":"http:\/\/niipit.dk\/niipit-b4b-shop\/produkt\/premium-virksomhedsprofil-2\/#breadcrumb","itemListElement":[{"@type":"ListItem","position":1,"name":"Hjem","item":"https:\/\/niipit.dk\/niipit-b4b-shop\/"},{"@type":"ListItem","position":2,"name":"Shop","item":"https:\/\/niipit.dk\/niipit-b4b-shop\/shop\/"},{"@type":"ListItem","position":3,"name":"Premium virksomhedsprofil 2"}]},{"@type":"WebSite","@id":"http:\/\/niipit.dk\/niipit-b4b-shop\/#website","url":"http:\/\/niipit.dk\/niipit-b4b-shop\/","name":"Niipit B4B Shop","description":"F\u00e5 din virksomhed p\u00e5 niipit","potentialAction":[{"@type":"SearchAction","target":{"@type":"EntryPoint","urlTemplate":"http:\/\/niipit.dk\/niipit-b4b-shop\/?s={search_term_string}"},"query-input":{"@type":"PropertyValueSpecification","valueRequired":true,"valueName":"search_term_string"}}],"inLanguage":"da-DK"}]}},"_links":{"self":[{"href":"https:\/\/niipit.dk\/niipit-b4b-shop\/wp-json\/wp\/v2\/product\/6757","targetHints":{"allow":["GET"]}}],"collection":[{"href":"https:\/\/niipit.dk\/niipit-b4b-shop\/wp-json\/wp\/v2\/product"}],"about":[{"href":"https:\/\/niipit.dk\/niipit-b4b-shop\/wp-json\/wp\/v2\/types\/product"}],"wp:featuredmedia":[{"embeddable":true,"href":"https:\/\/niipit.dk\/niipit-b4b-shop\/wp-json\/wp\/v2\/media\/6165"}],"wp:attachment":[{"href":"https:\/\/niipit.dk\/niipit-b4b-shop\/wp-json\/wp\/v2\/media?parent=6757"}],"wp:term":[{"taxonomy":"product_brand","embeddable":true,"href":"https:\/\/niipit.dk\/niipit-b4b-shop\/wp-json\/wp\/v2\/product_brand?post=6757"},{"taxonomy":"product_cat","embeddable":true,"href":"https:\/\/niipit.dk\/niipit-b4b-shop\/wp-json\/wp\/v2\/product_cat?post=6757"},{"taxonomy":"product_tag","embeddable":true,"href":"https:\/\/niipit.dk\/niipit-b4b-shop\/wp-json\/wp\/v2\/product_tag?post=6757"},{"taxonomy":"shoptype","embeddable":true,"href":"https:\/\/niipit.dk\/niipit-b4b-shop\/wp-json\/wp\/v2\/shoptype?post=6757"}],"curies":[{"name":"wp","href":"https:\/\/api.w.org\/{rel}","templated":true}]}}