{"id":6625,"date":"2019-12-04T10:10:23","date_gmt":"2019-12-04T09:10:23","guid":{"rendered":"https:\/\/niipit.dk\/niipit-b4b-shop\/?post_type=product&#038;p=6625"},"modified":"2021-01-01T01:54:52","modified_gmt":"2021-01-01T00:54:52","slug":"facebook-kursus-selvstudie","status":"publish","type":"product","link":"https:\/\/niipit.dk\/niipit-b4b-shop\/produkt\/facebook-kursus-selvstudie\/","title":{"rendered":"Facebook Kursus Selvstudie"},"content":{"rendered":"<h1>Facebook Kursus Selvstudie<\/h1>\n<p>Facebook kursus hvor du kan l\u00e6re n\u00e5r du vil. Du vil f\u00e5 indblik i hvordan du kan lave et piv godt opslag der f\u00e5r folk til at reagerer.<br \/>\nDu vil f\u00e5 indblik i hvordan du f\u00e5r dine FB opslag ud i oml\u00f8b med det samme.<br \/>\nDu vil l\u00e6re om Facebook pixel<br \/>\nDu vil l\u00e6re om FB sider og grupper.<br \/>\nDu vil f\u00e5 indblik i hvordan du f\u00e5r trafik fra din FB side \/ Gruppe og ud p\u00e5 din hjemmeside eller Niipit<\/p>\n<p>Du kan se det n\u00e5r det passer dig da det er video og tekster du f\u00e5r adgang til.<\/p>\n<h3>Kurset er sat sammen af erfarring i brugen af Facebook gennem de sidste 4-5 \u00e5r.<\/h3>\n<p>Kurset kan bruges uanset om du har en profil p\u00e5 Niipit eller ej. Men nogle ting p\u00e5 kurset handler om Niipit \/ WordPress funktioner s\u00e5 det er ikke helt spildt.<\/p>\n<p>Kurset vil blive opdateret l\u00f8bende som vi f\u00e5r ny viden vi mener vil have v\u00e6rdi for dig.<br \/>\nKurset ligger p\u00e5 Niipit s\u00e5 n\u00e5r du f\u00e5r din ordrebekr\u00e6ftelse s\u00e5 vil du modtage et link og en kode som du skal taste for at f\u00e5 adgang til kurset.<\/p>\n<h3>Flere har allerede v\u00e6ret inde og teste og give kritik af kurset s\u00e5 du kan godt gl\u00e6de dig til du f\u00e5r adgang til Facebook kurset.<\/h3>\n<p>Flere bruger allerde disse tips og f\u00e5r kunder ud af det.<\/p>\n<h2>Spar penge p\u00e5 Facebook kursus<\/h2>\n<p>Til og med 31.12.2020 f\u00e5r du kurset til under 500 kr. Det er over halvpris. Vil du snyde dig selv for opskriften p\u00e5 hvordan du f\u00e5r bes\u00f8gende uden at betale Facebook?<\/p>\n<p>Vil du spare penge p\u00e5 Facebook ads og n\u00e5 ud til mange flere via organisk trafik s\u00e5 skal du skynde dig og f\u00e5 finger i kurset f\u00f8r dine konkurrenter suser forbi dig og snupper dine kunder.<\/p>\n<p>Snup kurset idag og spar penge p\u00e5 din ads allerede i morgen.<\/p>\n","protected":false},"excerpt":{"rendered":"<p>Facebook Kursus Selvstudie Facebook kursus hvor du kan l\u00e6re n\u00e5r du vil. Du vil f\u00e5 indblik i hvordan du kan lave et piv godt opslag der f\u00e5r folk til at reagerer. Du vil f\u00e5 indblik i hvordan du f\u00e5r dine FB opslag ud i oml\u00f8b med det samme. Du vil l\u00e6re om Facebook pixel Du <a class=\"moretag btn btn-primary\" href=\"https:\/\/niipit.dk\/niipit-b4b-shop\/produkt\/facebook-kursus-selvstudie\/\">L\u00e6s mere<\/a><\/p>\n","protected":false},"featured_media":6626,"template":"","meta":{"_exactmetrics_skip_tracking":false,"_exactmetrics_sitenote_active":false,"_exactmetrics_sitenote_note":"","_exactmetrics_sitenote_category":0,"_monsterinsights_skip_tracking":false,"_monsterinsights_sitenote_active":false,"_monsterinsights_sitenote_note":"","_monsterinsights_sitenote_category":0},"product_brand":[],"product_cat":[2180,2164],"product_tag":[],"shoptype":[],"class_list":{"0":"post-6625","1":"product","2":"type-product","3":"status-publish","4":"has-post-thumbnail","6":"product_cat-kurser","7":"product_cat-vi-anbefaler","9":"first","10":"instock","11":"shipping-taxable","12":"product-type-external"},"yoast_head":"<!-- This site is optimized with the Yoast SEO Premium plugin v16.3 (Yoast SEO v27.4) - https:\/\/yoast.com\/product\/yoast-seo-premium-wordpress\/ -->\n<title>Facebook Kursus Selvstudie - Niipit B4B Shop - Pris 995 kr<\/title>\n<meta name=\"description\" content=\"Facebook Kursus Selvstudie - Vil du vide hvordan du driller Facebooks algoritme og dine opslag f\u00e5r succes? Snup kurset nu og spar penge \u261e\" \/>\n<meta name=\"robots\" content=\"index, follow, max-snippet:-1, max-image-preview:large, max-video-preview:-1\" \/>\n<link rel=\"canonical\" href=\"http:\/\/niipit.dk\/niipit-b4b-shop\/produkt\/facebook-kursus-selvstudie\/\" \/>\n<meta property=\"og:locale\" content=\"da_DK\" \/>\n<meta property=\"og:type\" content=\"article\" \/>\n<meta property=\"og:title\" content=\"Facebook Kursus Selvstudie - Niipit B4B Shop - Pris 995 kr\" \/>\n<meta property=\"og:description\" content=\"Facebook Kursus Selvstudie - Vil du vide hvordan du driller Facebooks algoritme og dine opslag f\u00e5r succes? Snup kurset nu og spar penge \u261e\" \/>\n<meta property=\"og:url\" content=\"http:\/\/niipit.dk\/niipit-b4b-shop\/produkt\/facebook-kursus-selvstudie\/\" \/>\n<meta property=\"og:site_name\" content=\"Niipit B4B Shop\" \/>\n<meta property=\"article:modified_time\" content=\"2021-01-01T00:54:52+00:00\" \/>\n<meta property=\"og:image\" content=\"http:\/\/niipit.dk\/niipit-b4b-shop\/wp-content\/uploads\/sites\/316\/2019\/12\/Fb-kursus-i-freebee-vs-konkurrencer.jpg\" \/>\n\t<meta property=\"og:image:width\" content=\"626\" \/>\n\t<meta property=\"og:image:height\" content=\"417\" \/>\n\t<meta property=\"og:image:type\" content=\"image\/jpeg\" \/>\n<meta name=\"twitter:card\" content=\"summary_large_image\" \/>\n<meta name=\"twitter:label1\" content=\"Estimeret l\u00e6setid\" \/>\n\t<meta name=\"twitter:data1\" content=\"2 minutter\" \/>\n<script type=\"application\/ld+json\" class=\"yoast-schema-graph\">{\"@context\":\"https:\\\/\\\/schema.org\",\"@graph\":[{\"@type\":\"WebPage\",\"@id\":\"http:\\\/\\\/niipit.dk\\\/niipit-b4b-shop\\\/produkt\\\/facebook-kursus-selvstudie\\\/\",\"url\":\"http:\\\/\\\/niipit.dk\\\/niipit-b4b-shop\\\/produkt\\\/facebook-kursus-selvstudie\\\/\",\"name\":\"Facebook Kursus Selvstudie - Niipit B4B Shop - Pris 995 kr\",\"isPartOf\":{\"@id\":\"http:\\\/\\\/niipit.dk\\\/niipit-b4b-shop\\\/#website\"},\"primaryImageOfPage\":{\"@id\":\"http:\\\/\\\/niipit.dk\\\/niipit-b4b-shop\\\/produkt\\\/facebook-kursus-selvstudie\\\/#primaryimage\"},\"image\":{\"@id\":\"http:\\\/\\\/niipit.dk\\\/niipit-b4b-shop\\\/produkt\\\/facebook-kursus-selvstudie\\\/#primaryimage\"},\"thumbnailUrl\":\"https:\\\/\\\/niipit.dk\\\/niipit-b4b-shop\\\/wp-content\\\/uploads\\\/sites\\\/316\\\/2019\\\/12\\\/Fb-kursus-i-freebee-vs-konkurrencer.jpg\",\"datePublished\":\"2019-12-04T09:10:23+00:00\",\"dateModified\":\"2021-01-01T00:54:52+00:00\",\"description\":\"Facebook Kursus Selvstudie - Vil du vide hvordan du driller Facebooks algoritme og dine opslag f\u00e5r succes? Snup kurset nu og spar penge \u261e\",\"breadcrumb\":{\"@id\":\"http:\\\/\\\/niipit.dk\\\/niipit-b4b-shop\\\/produkt\\\/facebook-kursus-selvstudie\\\/#breadcrumb\"},\"inLanguage\":\"da-DK\",\"potentialAction\":[{\"@type\":\"ReadAction\",\"target\":[\"http:\\\/\\\/niipit.dk\\\/niipit-b4b-shop\\\/produkt\\\/facebook-kursus-selvstudie\\\/\"]}]},{\"@type\":\"ImageObject\",\"inLanguage\":\"da-DK\",\"@id\":\"http:\\\/\\\/niipit.dk\\\/niipit-b4b-shop\\\/produkt\\\/facebook-kursus-selvstudie\\\/#primaryimage\",\"url\":\"https:\\\/\\\/niipit.dk\\\/niipit-b4b-shop\\\/wp-content\\\/uploads\\\/sites\\\/316\\\/2019\\\/12\\\/Fb-kursus-i-freebee-vs-konkurrencer.jpg\",\"contentUrl\":\"https:\\\/\\\/niipit.dk\\\/niipit-b4b-shop\\\/wp-content\\\/uploads\\\/sites\\\/316\\\/2019\\\/12\\\/Fb-kursus-i-freebee-vs-konkurrencer.jpg\",\"width\":626,\"height\":417,\"caption\":\"Fb kursus i freebee vs konkurrencer\"},{\"@type\":\"BreadcrumbList\",\"@id\":\"http:\\\/\\\/niipit.dk\\\/niipit-b4b-shop\\\/produkt\\\/facebook-kursus-selvstudie\\\/#breadcrumb\",\"itemListElement\":[{\"@type\":\"ListItem\",\"position\":1,\"name\":\"Hjem\",\"item\":\"https:\\\/\\\/niipit.dk\\\/niipit-b4b-shop\\\/\"},{\"@type\":\"ListItem\",\"position\":2,\"name\":\"Shop\",\"item\":\"https:\\\/\\\/niipit.dk\\\/niipit-b4b-shop\\\/shop\\\/\"},{\"@type\":\"ListItem\",\"position\":3,\"name\":\"Facebook Kursus Selvstudie\"}]},{\"@type\":\"WebSite\",\"@id\":\"http:\\\/\\\/niipit.dk\\\/niipit-b4b-shop\\\/#website\",\"url\":\"http:\\\/\\\/niipit.dk\\\/niipit-b4b-shop\\\/\",\"name\":\"Niipit B4B Shop\",\"description\":\"F\u00e5 din virksomhed p\u00e5 niipit\",\"potentialAction\":[{\"@type\":\"SearchAction\",\"target\":{\"@type\":\"EntryPoint\",\"urlTemplate\":\"http:\\\/\\\/niipit.dk\\\/niipit-b4b-shop\\\/?s={search_term_string}\"},\"query-input\":{\"@type\":\"PropertyValueSpecification\",\"valueRequired\":true,\"valueName\":\"search_term_string\"}}],\"inLanguage\":\"da-DK\"}]}<\/script>\n<!-- \/ Yoast SEO Premium plugin. -->","yoast_head_json":{"title":"Facebook Kursus Selvstudie - Niipit B4B Shop - Pris 995 kr","description":"Facebook Kursus Selvstudie - Vil du vide hvordan du driller Facebooks algoritme og dine opslag f\u00e5r succes? Snup kurset nu og spar penge \u261e","robots":{"index":"index","follow":"follow","max-snippet":"max-snippet:-1","max-image-preview":"max-image-preview:large","max-video-preview":"max-video-preview:-1"},"canonical":"http:\/\/niipit.dk\/niipit-b4b-shop\/produkt\/facebook-kursus-selvstudie\/","og_locale":"da_DK","og_type":"article","og_title":"Facebook Kursus Selvstudie - Niipit B4B Shop - Pris 995 kr","og_description":"Facebook Kursus Selvstudie - Vil du vide hvordan du driller Facebooks algoritme og dine opslag f\u00e5r succes? Snup kurset nu og spar penge \u261e","og_url":"http:\/\/niipit.dk\/niipit-b4b-shop\/produkt\/facebook-kursus-selvstudie\/","og_site_name":"Niipit B4B Shop","article_modified_time":"2021-01-01T00:54:52+00:00","og_image":[{"width":626,"height":417,"url":"http:\/\/niipit.dk\/niipit-b4b-shop\/wp-content\/uploads\/sites\/316\/2019\/12\/Fb-kursus-i-freebee-vs-konkurrencer.jpg","type":"image\/jpeg"}],"twitter_card":"summary_large_image","twitter_misc":{"Estimeret l\u00e6setid":"2 minutter"},"schema":{"@context":"https:\/\/schema.org","@graph":[{"@type":"WebPage","@id":"http:\/\/niipit.dk\/niipit-b4b-shop\/produkt\/facebook-kursus-selvstudie\/","url":"http:\/\/niipit.dk\/niipit-b4b-shop\/produkt\/facebook-kursus-selvstudie\/","name":"Facebook Kursus Selvstudie - Niipit B4B Shop - Pris 995 kr","isPartOf":{"@id":"http:\/\/niipit.dk\/niipit-b4b-shop\/#website"},"primaryImageOfPage":{"@id":"http:\/\/niipit.dk\/niipit-b4b-shop\/produkt\/facebook-kursus-selvstudie\/#primaryimage"},"image":{"@id":"http:\/\/niipit.dk\/niipit-b4b-shop\/produkt\/facebook-kursus-selvstudie\/#primaryimage"},"thumbnailUrl":"https:\/\/niipit.dk\/niipit-b4b-shop\/wp-content\/uploads\/sites\/316\/2019\/12\/Fb-kursus-i-freebee-vs-konkurrencer.jpg","datePublished":"2019-12-04T09:10:23+00:00","dateModified":"2021-01-01T00:54:52+00:00","description":"Facebook Kursus Selvstudie - Vil du vide hvordan du driller Facebooks algoritme og dine opslag f\u00e5r succes? Snup kurset nu og spar penge \u261e","breadcrumb":{"@id":"http:\/\/niipit.dk\/niipit-b4b-shop\/produkt\/facebook-kursus-selvstudie\/#breadcrumb"},"inLanguage":"da-DK","potentialAction":[{"@type":"ReadAction","target":["http:\/\/niipit.dk\/niipit-b4b-shop\/produkt\/facebook-kursus-selvstudie\/"]}]},{"@type":"ImageObject","inLanguage":"da-DK","@id":"http:\/\/niipit.dk\/niipit-b4b-shop\/produkt\/facebook-kursus-selvstudie\/#primaryimage","url":"https:\/\/niipit.dk\/niipit-b4b-shop\/wp-content\/uploads\/sites\/316\/2019\/12\/Fb-kursus-i-freebee-vs-konkurrencer.jpg","contentUrl":"https:\/\/niipit.dk\/niipit-b4b-shop\/wp-content\/uploads\/sites\/316\/2019\/12\/Fb-kursus-i-freebee-vs-konkurrencer.jpg","width":626,"height":417,"caption":"Fb kursus i freebee vs konkurrencer"},{"@type":"BreadcrumbList","@id":"http:\/\/niipit.dk\/niipit-b4b-shop\/produkt\/facebook-kursus-selvstudie\/#breadcrumb","itemListElement":[{"@type":"ListItem","position":1,"name":"Hjem","item":"https:\/\/niipit.dk\/niipit-b4b-shop\/"},{"@type":"ListItem","position":2,"name":"Shop","item":"https:\/\/niipit.dk\/niipit-b4b-shop\/shop\/"},{"@type":"ListItem","position":3,"name":"Facebook Kursus Selvstudie"}]},{"@type":"WebSite","@id":"http:\/\/niipit.dk\/niipit-b4b-shop\/#website","url":"http:\/\/niipit.dk\/niipit-b4b-shop\/","name":"Niipit B4B Shop","description":"F\u00e5 din virksomhed p\u00e5 niipit","potentialAction":[{"@type":"SearchAction","target":{"@type":"EntryPoint","urlTemplate":"http:\/\/niipit.dk\/niipit-b4b-shop\/?s={search_term_string}"},"query-input":{"@type":"PropertyValueSpecification","valueRequired":true,"valueName":"search_term_string"}}],"inLanguage":"da-DK"}]}},"_links":{"self":[{"href":"https:\/\/niipit.dk\/niipit-b4b-shop\/wp-json\/wp\/v2\/product\/6625","targetHints":{"allow":["GET"]}}],"collection":[{"href":"https:\/\/niipit.dk\/niipit-b4b-shop\/wp-json\/wp\/v2\/product"}],"about":[{"href":"https:\/\/niipit.dk\/niipit-b4b-shop\/wp-json\/wp\/v2\/types\/product"}],"wp:featuredmedia":[{"embeddable":true,"href":"https:\/\/niipit.dk\/niipit-b4b-shop\/wp-json\/wp\/v2\/media\/6626"}],"wp:attachment":[{"href":"https:\/\/niipit.dk\/niipit-b4b-shop\/wp-json\/wp\/v2\/media?parent=6625"}],"wp:term":[{"taxonomy":"product_brand","embeddable":true,"href":"https:\/\/niipit.dk\/niipit-b4b-shop\/wp-json\/wp\/v2\/product_brand?post=6625"},{"taxonomy":"product_cat","embeddable":true,"href":"https:\/\/niipit.dk\/niipit-b4b-shop\/wp-json\/wp\/v2\/product_cat?post=6625"},{"taxonomy":"product_tag","embeddable":true,"href":"https:\/\/niipit.dk\/niipit-b4b-shop\/wp-json\/wp\/v2\/product_tag?post=6625"},{"taxonomy":"shoptype","embeddable":true,"href":"https:\/\/niipit.dk\/niipit-b4b-shop\/wp-json\/wp\/v2\/shoptype?post=6625"}],"curies":[{"name":"wp","href":"https:\/\/api.w.org\/{rel}","templated":true}]}}