{"id":6189,"date":"2019-10-30T14:21:13","date_gmt":"2019-10-30T13:21:13","guid":{"rendered":"https:\/\/niipit.dk\/niipit-b4b-shop\/?post_type=product&#038;p=6189"},"modified":"2020-02-24T11:17:20","modified_gmt":"2020-02-24T10:17:20","slug":"facebook-opslag","status":"publish","type":"product","link":"https:\/\/niipit.dk\/niipit-b4b-shop\/produkt\/facebook-opslag\/","title":{"rendered":"Facebook opslag"},"content":{"rendered":"<h1>Facebook opslag<\/h1>\n<h2>Har du sv\u00e6rt ved at n\u00e5 ud til nye kunder og blive set s\u00e5 kan det v\u00e6re en ide at lade os lave noget larm<\/h2>\n<p>Hvis du vil ses noget mere uden at betale en formue s\u00e5 er dette m\u00e5ske l\u00f8sningen.<\/p>\n<p>Niipit bruger organisk trafik og betaler ikke Facebook for denne ydelse.<\/p>\n<p>Du kan v\u00e6lge hvad ca tid p\u00e5 dagen hvor du vil have det online og du kan v\u00e6lge hvilken dag.<br \/>\nHvis du vil have dit opslag rundt flere dage s\u00e5 skal du k\u00f8be ydelsen flere gange.<br \/>\nDu kan kun f\u00e5 1 opslag op pr dag.<\/p>\n","protected":false},"excerpt":{"rendered":"<p>Facebook opslag Har du sv\u00e6rt ved at n\u00e5 ud til nye kunder og blive set s\u00e5 kan det v\u00e6re en ide at lade os lave noget larm Hvis du vil ses noget mere uden at betale en formue s\u00e5 er dette m\u00e5ske l\u00f8sningen. Niipit bruger organisk trafik og betaler ikke Facebook for denne ydelse. Du <a class=\"moretag btn btn-primary\" href=\"https:\/\/niipit.dk\/niipit-b4b-shop\/produkt\/facebook-opslag\/\">L\u00e6s mere<\/a><\/p>\n","protected":false},"featured_media":6194,"template":"","meta":{"_exactmetrics_skip_tracking":false,"_exactmetrics_sitenote_active":false,"_exactmetrics_sitenote_note":"","_exactmetrics_sitenote_category":0,"_monsterinsights_skip_tracking":false,"_monsterinsights_sitenote_active":false,"_monsterinsights_sitenote_note":"","_monsterinsights_sitenote_category":0},"product_brand":[],"product_cat":[2178,2164],"product_tag":[],"shoptype":[],"class_list":{"0":"post-6189","1":"product","2":"type-product","3":"status-publish","4":"has-post-thumbnail","6":"product_cat-tilkoeb","7":"product_cat-vi-anbefaler","9":"first","10":"instock","11":"shipping-taxable","12":"product-type-external"},"yoast_head":"<!-- This site is optimized with the Yoast SEO Premium plugin v16.3 (Yoast SEO v27.4) - https:\/\/yoast.com\/product\/yoast-seo-premium-wordpress\/ -->\n<title>Facebook opslag - Bliv set af Niipits Facebook f\u00f8lgere<\/title>\n<meta name=\"description\" content=\"Facebook opslag Vil du have ekstra exponering gennem Niipits FB side s\u00e5 er det denne varer du skal investerer i. Bliv set organisk, f\u00e5 relevant opm\u00e6rksomhed\" \/>\n<meta name=\"robots\" content=\"index, follow, max-snippet:-1, max-image-preview:large, max-video-preview:-1\" \/>\n<link rel=\"canonical\" href=\"http:\/\/niipit.dk\/niipit-b4b-shop\/produkt\/facebook-opslag\/\" \/>\n<meta property=\"og:locale\" content=\"da_DK\" \/>\n<meta property=\"og:type\" content=\"article\" \/>\n<meta property=\"og:title\" content=\"Facebook opslag - Bliv set af Niipits Facebook f\u00f8lgere\" \/>\n<meta property=\"og:description\" content=\"Facebook opslag Vil du have ekstra exponering gennem Niipits FB side s\u00e5 er det denne varer du skal investerer i. Bliv set organisk, f\u00e5 relevant opm\u00e6rksomhed\" \/>\n<meta property=\"og:url\" content=\"http:\/\/niipit.dk\/niipit-b4b-shop\/produkt\/facebook-opslag\/\" \/>\n<meta property=\"og:site_name\" content=\"Niipit B4B Shop\" \/>\n<meta property=\"article:modified_time\" content=\"2020-02-24T10:17:20+00:00\" \/>\n<meta property=\"og:image\" content=\"http:\/\/niipit.dk\/niipit-b4b-shop\/wp-content\/uploads\/sites\/316\/2019\/10\/Facebook-billede.jpg\" \/>\n\t<meta property=\"og:image:width\" content=\"626\" \/>\n\t<meta property=\"og:image:height\" content=\"417\" \/>\n\t<meta property=\"og:image:type\" content=\"image\/jpeg\" \/>\n<meta name=\"twitter:card\" content=\"summary_large_image\" \/>\n<meta name=\"twitter:label1\" content=\"Estimeret l\u00e6setid\" \/>\n\t<meta name=\"twitter:data1\" content=\"1 minut\" \/>\n<script type=\"application\/ld+json\" class=\"yoast-schema-graph\">{\"@context\":\"https:\\\/\\\/schema.org\",\"@graph\":[{\"@type\":\"WebPage\",\"@id\":\"http:\\\/\\\/niipit.dk\\\/niipit-b4b-shop\\\/produkt\\\/facebook-opslag\\\/\",\"url\":\"http:\\\/\\\/niipit.dk\\\/niipit-b4b-shop\\\/produkt\\\/facebook-opslag\\\/\",\"name\":\"Facebook opslag - Bliv set af Niipits Facebook f\u00f8lgere\",\"isPartOf\":{\"@id\":\"http:\\\/\\\/niipit.dk\\\/niipit-b4b-shop\\\/#website\"},\"primaryImageOfPage\":{\"@id\":\"http:\\\/\\\/niipit.dk\\\/niipit-b4b-shop\\\/produkt\\\/facebook-opslag\\\/#primaryimage\"},\"image\":{\"@id\":\"http:\\\/\\\/niipit.dk\\\/niipit-b4b-shop\\\/produkt\\\/facebook-opslag\\\/#primaryimage\"},\"thumbnailUrl\":\"https:\\\/\\\/niipit.dk\\\/niipit-b4b-shop\\\/wp-content\\\/uploads\\\/sites\\\/316\\\/2019\\\/10\\\/Facebook-billede.jpg\",\"datePublished\":\"2019-10-30T13:21:13+00:00\",\"dateModified\":\"2020-02-24T10:17:20+00:00\",\"description\":\"Facebook opslag Vil du have ekstra exponering gennem Niipits FB side s\u00e5 er det denne varer du skal investerer i. Bliv set organisk, f\u00e5 relevant opm\u00e6rksomhed\",\"breadcrumb\":{\"@id\":\"http:\\\/\\\/niipit.dk\\\/niipit-b4b-shop\\\/produkt\\\/facebook-opslag\\\/#breadcrumb\"},\"inLanguage\":\"da-DK\",\"potentialAction\":[{\"@type\":\"ReadAction\",\"target\":[\"http:\\\/\\\/niipit.dk\\\/niipit-b4b-shop\\\/produkt\\\/facebook-opslag\\\/\"]}]},{\"@type\":\"ImageObject\",\"inLanguage\":\"da-DK\",\"@id\":\"http:\\\/\\\/niipit.dk\\\/niipit-b4b-shop\\\/produkt\\\/facebook-opslag\\\/#primaryimage\",\"url\":\"https:\\\/\\\/niipit.dk\\\/niipit-b4b-shop\\\/wp-content\\\/uploads\\\/sites\\\/316\\\/2019\\\/10\\\/Facebook-billede.jpg\",\"contentUrl\":\"https:\\\/\\\/niipit.dk\\\/niipit-b4b-shop\\\/wp-content\\\/uploads\\\/sites\\\/316\\\/2019\\\/10\\\/Facebook-billede.jpg\",\"width\":626,\"height\":417,\"caption\":\"Facebook billede\"},{\"@type\":\"BreadcrumbList\",\"@id\":\"http:\\\/\\\/niipit.dk\\\/niipit-b4b-shop\\\/produkt\\\/facebook-opslag\\\/#breadcrumb\",\"itemListElement\":[{\"@type\":\"ListItem\",\"position\":1,\"name\":\"Hjem\",\"item\":\"https:\\\/\\\/niipit.dk\\\/niipit-b4b-shop\\\/\"},{\"@type\":\"ListItem\",\"position\":2,\"name\":\"Shop\",\"item\":\"https:\\\/\\\/niipit.dk\\\/niipit-b4b-shop\\\/shop\\\/\"},{\"@type\":\"ListItem\",\"position\":3,\"name\":\"Facebook opslag\"}]},{\"@type\":\"WebSite\",\"@id\":\"http:\\\/\\\/niipit.dk\\\/niipit-b4b-shop\\\/#website\",\"url\":\"http:\\\/\\\/niipit.dk\\\/niipit-b4b-shop\\\/\",\"name\":\"Niipit B4B Shop\",\"description\":\"F\u00e5 din virksomhed p\u00e5 niipit\",\"potentialAction\":[{\"@type\":\"SearchAction\",\"target\":{\"@type\":\"EntryPoint\",\"urlTemplate\":\"http:\\\/\\\/niipit.dk\\\/niipit-b4b-shop\\\/?s={search_term_string}\"},\"query-input\":{\"@type\":\"PropertyValueSpecification\",\"valueRequired\":true,\"valueName\":\"search_term_string\"}}],\"inLanguage\":\"da-DK\"}]}<\/script>\n<!-- \/ Yoast SEO Premium plugin. -->","yoast_head_json":{"title":"Facebook opslag - Bliv set af Niipits Facebook f\u00f8lgere","description":"Facebook opslag Vil du have ekstra exponering gennem Niipits FB side s\u00e5 er det denne varer du skal investerer i. Bliv set organisk, f\u00e5 relevant opm\u00e6rksomhed","robots":{"index":"index","follow":"follow","max-snippet":"max-snippet:-1","max-image-preview":"max-image-preview:large","max-video-preview":"max-video-preview:-1"},"canonical":"http:\/\/niipit.dk\/niipit-b4b-shop\/produkt\/facebook-opslag\/","og_locale":"da_DK","og_type":"article","og_title":"Facebook opslag - Bliv set af Niipits Facebook f\u00f8lgere","og_description":"Facebook opslag Vil du have ekstra exponering gennem Niipits FB side s\u00e5 er det denne varer du skal investerer i. Bliv set organisk, f\u00e5 relevant opm\u00e6rksomhed","og_url":"http:\/\/niipit.dk\/niipit-b4b-shop\/produkt\/facebook-opslag\/","og_site_name":"Niipit B4B Shop","article_modified_time":"2020-02-24T10:17:20+00:00","og_image":[{"width":626,"height":417,"url":"http:\/\/niipit.dk\/niipit-b4b-shop\/wp-content\/uploads\/sites\/316\/2019\/10\/Facebook-billede.jpg","type":"image\/jpeg"}],"twitter_card":"summary_large_image","twitter_misc":{"Estimeret l\u00e6setid":"1 minut"},"schema":{"@context":"https:\/\/schema.org","@graph":[{"@type":"WebPage","@id":"http:\/\/niipit.dk\/niipit-b4b-shop\/produkt\/facebook-opslag\/","url":"http:\/\/niipit.dk\/niipit-b4b-shop\/produkt\/facebook-opslag\/","name":"Facebook opslag - Bliv set af Niipits Facebook f\u00f8lgere","isPartOf":{"@id":"http:\/\/niipit.dk\/niipit-b4b-shop\/#website"},"primaryImageOfPage":{"@id":"http:\/\/niipit.dk\/niipit-b4b-shop\/produkt\/facebook-opslag\/#primaryimage"},"image":{"@id":"http:\/\/niipit.dk\/niipit-b4b-shop\/produkt\/facebook-opslag\/#primaryimage"},"thumbnailUrl":"https:\/\/niipit.dk\/niipit-b4b-shop\/wp-content\/uploads\/sites\/316\/2019\/10\/Facebook-billede.jpg","datePublished":"2019-10-30T13:21:13+00:00","dateModified":"2020-02-24T10:17:20+00:00","description":"Facebook opslag Vil du have ekstra exponering gennem Niipits FB side s\u00e5 er det denne varer du skal investerer i. Bliv set organisk, f\u00e5 relevant opm\u00e6rksomhed","breadcrumb":{"@id":"http:\/\/niipit.dk\/niipit-b4b-shop\/produkt\/facebook-opslag\/#breadcrumb"},"inLanguage":"da-DK","potentialAction":[{"@type":"ReadAction","target":["http:\/\/niipit.dk\/niipit-b4b-shop\/produkt\/facebook-opslag\/"]}]},{"@type":"ImageObject","inLanguage":"da-DK","@id":"http:\/\/niipit.dk\/niipit-b4b-shop\/produkt\/facebook-opslag\/#primaryimage","url":"https:\/\/niipit.dk\/niipit-b4b-shop\/wp-content\/uploads\/sites\/316\/2019\/10\/Facebook-billede.jpg","contentUrl":"https:\/\/niipit.dk\/niipit-b4b-shop\/wp-content\/uploads\/sites\/316\/2019\/10\/Facebook-billede.jpg","width":626,"height":417,"caption":"Facebook billede"},{"@type":"BreadcrumbList","@id":"http:\/\/niipit.dk\/niipit-b4b-shop\/produkt\/facebook-opslag\/#breadcrumb","itemListElement":[{"@type":"ListItem","position":1,"name":"Hjem","item":"https:\/\/niipit.dk\/niipit-b4b-shop\/"},{"@type":"ListItem","position":2,"name":"Shop","item":"https:\/\/niipit.dk\/niipit-b4b-shop\/shop\/"},{"@type":"ListItem","position":3,"name":"Facebook opslag"}]},{"@type":"WebSite","@id":"http:\/\/niipit.dk\/niipit-b4b-shop\/#website","url":"http:\/\/niipit.dk\/niipit-b4b-shop\/","name":"Niipit B4B Shop","description":"F\u00e5 din virksomhed p\u00e5 niipit","potentialAction":[{"@type":"SearchAction","target":{"@type":"EntryPoint","urlTemplate":"http:\/\/niipit.dk\/niipit-b4b-shop\/?s={search_term_string}"},"query-input":{"@type":"PropertyValueSpecification","valueRequired":true,"valueName":"search_term_string"}}],"inLanguage":"da-DK"}]}},"_links":{"self":[{"href":"https:\/\/niipit.dk\/niipit-b4b-shop\/wp-json\/wp\/v2\/product\/6189","targetHints":{"allow":["GET"]}}],"collection":[{"href":"https:\/\/niipit.dk\/niipit-b4b-shop\/wp-json\/wp\/v2\/product"}],"about":[{"href":"https:\/\/niipit.dk\/niipit-b4b-shop\/wp-json\/wp\/v2\/types\/product"}],"wp:featuredmedia":[{"embeddable":true,"href":"https:\/\/niipit.dk\/niipit-b4b-shop\/wp-json\/wp\/v2\/media\/6194"}],"wp:attachment":[{"href":"https:\/\/niipit.dk\/niipit-b4b-shop\/wp-json\/wp\/v2\/media?parent=6189"}],"wp:term":[{"taxonomy":"product_brand","embeddable":true,"href":"https:\/\/niipit.dk\/niipit-b4b-shop\/wp-json\/wp\/v2\/product_brand?post=6189"},{"taxonomy":"product_cat","embeddable":true,"href":"https:\/\/niipit.dk\/niipit-b4b-shop\/wp-json\/wp\/v2\/product_cat?post=6189"},{"taxonomy":"product_tag","embeddable":true,"href":"https:\/\/niipit.dk\/niipit-b4b-shop\/wp-json\/wp\/v2\/product_tag?post=6189"},{"taxonomy":"shoptype","embeddable":true,"href":"https:\/\/niipit.dk\/niipit-b4b-shop\/wp-json\/wp\/v2\/shoptype?post=6189"}],"curies":[{"name":"wp","href":"https:\/\/api.w.org\/{rel}","templated":true}]}}