{"id":6100,"date":"2019-10-22T15:00:59","date_gmt":"2019-10-22T13:00:59","guid":{"rendered":"https:\/\/niipit.dk\/niipit-b4b-shop\/?post_type=product&#038;p=6100"},"modified":"2020-02-24T11:14:06","modified_gmt":"2020-02-24T10:14:06","slug":"faa-flere-kunder","status":"publish","type":"product","link":"https:\/\/niipit.dk\/niipit-b4b-shop\/produkt\/faa-flere-kunder\/","title":{"rendered":"F\u00e5 Kunder gennem Niipit"},"content":{"rendered":"<h1>F\u00e5 Kunder gennem Niipit<\/h1>\n<h2>Kunne du t\u00e6nke dig at h\u00f8re hvordan Niipit kan hj\u00e6lpe dig med at f\u00e5 flere kunder s\u00e5 lad so f\u00e5 en snak.<\/h2>\n<p>Bestil tid til hvorn\u00e5r vi skal ringe dig op.<\/p>\n<p>Husk at oplyse hvilket telefon nummer vi skal ringe p\u00e5.<\/p>\n<p>Opkaldet er 100% uforpligtende.<\/p>\n","protected":false},"excerpt":{"rendered":"<p>F\u00e5 Kunder gennem Niipit Kunne du t\u00e6nke dig at h\u00f8re hvordan Niipit kan hj\u00e6lpe dig med at f\u00e5 flere kunder s\u00e5 lad so f\u00e5 en snak. Bestil tid til hvorn\u00e5r vi skal ringe dig op. Husk at oplyse hvilket telefon nummer vi skal ringe p\u00e5. Opkaldet er 100% uforpligtende.<\/p>\n","protected":false},"featured_media":6161,"template":"","meta":{"_exactmetrics_skip_tracking":false,"_exactmetrics_sitenote_active":false,"_exactmetrics_sitenote_note":"","_exactmetrics_sitenote_category":0,"_monsterinsights_skip_tracking":false,"_monsterinsights_sitenote_active":false,"_monsterinsights_sitenote_note":"","_monsterinsights_sitenote_category":0},"product_brand":[],"product_cat":[2172,2178,2164],"product_tag":[],"shoptype":[],"class_list":{"0":"post-6100","1":"product","2":"type-product","3":"status-publish","4":"has-post-thumbnail","6":"product_cat-b4b-freebee","7":"product_cat-tilkoeb","8":"product_cat-vi-anbefaler","10":"first","11":"instock","12":"sale","13":"shipping-taxable","14":"product-type-external"},"yoast_head":"<!-- This site is optimized with the Yoast SEO Premium plugin v16.3 (Yoast SEO v27.4) - https:\/\/yoast.com\/product\/yoast-seo-premium-wordpress\/ -->\n<title>F\u00e5 Kunder gennem Niipit - Bestil 30 min snak med Niipit<\/title>\n<meta name=\"description\" content=\"F\u00e5 flere kunder online - Dr\u00f8mmer du om at kunderne kommer til dig uden du altid skal jagte rundt efter flere nye kunder. F\u00e5 en snak med os i 30 min for 0 kr\" \/>\n<meta name=\"robots\" content=\"index, follow, max-snippet:-1, max-image-preview:large, max-video-preview:-1\" \/>\n<link rel=\"canonical\" href=\"http:\/\/niipit.dk\/niipit-b4b-shop\/produkt\/faa-flere-kunder\/\" \/>\n<meta property=\"og:locale\" content=\"da_DK\" \/>\n<meta property=\"og:type\" content=\"article\" \/>\n<meta property=\"og:title\" content=\"F\u00e5 Kunder gennem Niipit - Bestil 30 min snak med Niipit\" \/>\n<meta property=\"og:description\" content=\"F\u00e5 flere kunder online - Dr\u00f8mmer du om at kunderne kommer til dig uden du altid skal jagte rundt efter flere nye kunder. F\u00e5 en snak med os i 30 min for 0 kr\" \/>\n<meta property=\"og:url\" content=\"http:\/\/niipit.dk\/niipit-b4b-shop\/produkt\/faa-flere-kunder\/\" \/>\n<meta property=\"og:site_name\" content=\"Niipit B4B Shop\" \/>\n<meta property=\"article:modified_time\" content=\"2020-02-24T10:14:06+00:00\" \/>\n<meta property=\"og:image\" content=\"http:\/\/niipit.dk\/niipit-b4b-shop\/wp-content\/uploads\/sites\/316\/2019\/10\/Bestil-en-samtale-med-Niipit.png\" \/>\n\t<meta property=\"og:image:width\" content=\"1034\" \/>\n\t<meta property=\"og:image:height\" content=\"806\" \/>\n\t<meta property=\"og:image:type\" content=\"image\/png\" \/>\n<meta name=\"twitter:card\" content=\"summary_large_image\" \/>\n<script type=\"application\/ld+json\" class=\"yoast-schema-graph\">{\"@context\":\"https:\\\/\\\/schema.org\",\"@graph\":[{\"@type\":\"WebPage\",\"@id\":\"http:\\\/\\\/niipit.dk\\\/niipit-b4b-shop\\\/produkt\\\/faa-flere-kunder\\\/\",\"url\":\"http:\\\/\\\/niipit.dk\\\/niipit-b4b-shop\\\/produkt\\\/faa-flere-kunder\\\/\",\"name\":\"F\u00e5 Kunder gennem Niipit - Bestil 30 min snak med Niipit\",\"isPartOf\":{\"@id\":\"http:\\\/\\\/niipit.dk\\\/niipit-b4b-shop\\\/#website\"},\"primaryImageOfPage\":{\"@id\":\"http:\\\/\\\/niipit.dk\\\/niipit-b4b-shop\\\/produkt\\\/faa-flere-kunder\\\/#primaryimage\"},\"image\":{\"@id\":\"http:\\\/\\\/niipit.dk\\\/niipit-b4b-shop\\\/produkt\\\/faa-flere-kunder\\\/#primaryimage\"},\"thumbnailUrl\":\"https:\\\/\\\/niipit.dk\\\/niipit-b4b-shop\\\/wp-content\\\/uploads\\\/sites\\\/316\\\/2019\\\/10\\\/Bestil-en-samtale-med-Niipit.png\",\"datePublished\":\"2019-10-22T13:00:59+00:00\",\"dateModified\":\"2020-02-24T10:14:06+00:00\",\"description\":\"F\u00e5 flere kunder online - Dr\u00f8mmer du om at kunderne kommer til dig uden du altid skal jagte rundt efter flere nye kunder. F\u00e5 en snak med os i 30 min for 0 kr\",\"breadcrumb\":{\"@id\":\"http:\\\/\\\/niipit.dk\\\/niipit-b4b-shop\\\/produkt\\\/faa-flere-kunder\\\/#breadcrumb\"},\"inLanguage\":\"da-DK\",\"potentialAction\":[{\"@type\":\"ReadAction\",\"target\":[\"http:\\\/\\\/niipit.dk\\\/niipit-b4b-shop\\\/produkt\\\/faa-flere-kunder\\\/\"]}]},{\"@type\":\"ImageObject\",\"inLanguage\":\"da-DK\",\"@id\":\"http:\\\/\\\/niipit.dk\\\/niipit-b4b-shop\\\/produkt\\\/faa-flere-kunder\\\/#primaryimage\",\"url\":\"https:\\\/\\\/niipit.dk\\\/niipit-b4b-shop\\\/wp-content\\\/uploads\\\/sites\\\/316\\\/2019\\\/10\\\/Bestil-en-samtale-med-Niipit.png\",\"contentUrl\":\"https:\\\/\\\/niipit.dk\\\/niipit-b4b-shop\\\/wp-content\\\/uploads\\\/sites\\\/316\\\/2019\\\/10\\\/Bestil-en-samtale-med-Niipit.png\",\"width\":1034,\"height\":806,\"caption\":\"Bestil en samtale med Niipit\"},{\"@type\":\"BreadcrumbList\",\"@id\":\"http:\\\/\\\/niipit.dk\\\/niipit-b4b-shop\\\/produkt\\\/faa-flere-kunder\\\/#breadcrumb\",\"itemListElement\":[{\"@type\":\"ListItem\",\"position\":1,\"name\":\"Hjem\",\"item\":\"https:\\\/\\\/niipit.dk\\\/niipit-b4b-shop\\\/\"},{\"@type\":\"ListItem\",\"position\":2,\"name\":\"Shop\",\"item\":\"https:\\\/\\\/niipit.dk\\\/niipit-b4b-shop\\\/shop\\\/\"},{\"@type\":\"ListItem\",\"position\":3,\"name\":\"F\u00e5 Kunder gennem Niipit\"}]},{\"@type\":\"WebSite\",\"@id\":\"http:\\\/\\\/niipit.dk\\\/niipit-b4b-shop\\\/#website\",\"url\":\"http:\\\/\\\/niipit.dk\\\/niipit-b4b-shop\\\/\",\"name\":\"Niipit B4B Shop\",\"description\":\"F\u00e5 din virksomhed p\u00e5 niipit\",\"potentialAction\":[{\"@type\":\"SearchAction\",\"target\":{\"@type\":\"EntryPoint\",\"urlTemplate\":\"http:\\\/\\\/niipit.dk\\\/niipit-b4b-shop\\\/?s={search_term_string}\"},\"query-input\":{\"@type\":\"PropertyValueSpecification\",\"valueRequired\":true,\"valueName\":\"search_term_string\"}}],\"inLanguage\":\"da-DK\"}]}<\/script>\n<!-- \/ Yoast SEO Premium plugin. -->","yoast_head_json":{"title":"F\u00e5 Kunder gennem Niipit - Bestil 30 min snak med Niipit","description":"F\u00e5 flere kunder online - Dr\u00f8mmer du om at kunderne kommer til dig uden du altid skal jagte rundt efter flere nye kunder. F\u00e5 en snak med os i 30 min for 0 kr","robots":{"index":"index","follow":"follow","max-snippet":"max-snippet:-1","max-image-preview":"max-image-preview:large","max-video-preview":"max-video-preview:-1"},"canonical":"http:\/\/niipit.dk\/niipit-b4b-shop\/produkt\/faa-flere-kunder\/","og_locale":"da_DK","og_type":"article","og_title":"F\u00e5 Kunder gennem Niipit - Bestil 30 min snak med Niipit","og_description":"F\u00e5 flere kunder online - Dr\u00f8mmer du om at kunderne kommer til dig uden du altid skal jagte rundt efter flere nye kunder. F\u00e5 en snak med os i 30 min for 0 kr","og_url":"http:\/\/niipit.dk\/niipit-b4b-shop\/produkt\/faa-flere-kunder\/","og_site_name":"Niipit B4B Shop","article_modified_time":"2020-02-24T10:14:06+00:00","og_image":[{"width":1034,"height":806,"url":"http:\/\/niipit.dk\/niipit-b4b-shop\/wp-content\/uploads\/sites\/316\/2019\/10\/Bestil-en-samtale-med-Niipit.png","type":"image\/png"}],"twitter_card":"summary_large_image","schema":{"@context":"https:\/\/schema.org","@graph":[{"@type":"WebPage","@id":"http:\/\/niipit.dk\/niipit-b4b-shop\/produkt\/faa-flere-kunder\/","url":"http:\/\/niipit.dk\/niipit-b4b-shop\/produkt\/faa-flere-kunder\/","name":"F\u00e5 Kunder gennem Niipit - Bestil 30 min snak med Niipit","isPartOf":{"@id":"http:\/\/niipit.dk\/niipit-b4b-shop\/#website"},"primaryImageOfPage":{"@id":"http:\/\/niipit.dk\/niipit-b4b-shop\/produkt\/faa-flere-kunder\/#primaryimage"},"image":{"@id":"http:\/\/niipit.dk\/niipit-b4b-shop\/produkt\/faa-flere-kunder\/#primaryimage"},"thumbnailUrl":"https:\/\/niipit.dk\/niipit-b4b-shop\/wp-content\/uploads\/sites\/316\/2019\/10\/Bestil-en-samtale-med-Niipit.png","datePublished":"2019-10-22T13:00:59+00:00","dateModified":"2020-02-24T10:14:06+00:00","description":"F\u00e5 flere kunder online - Dr\u00f8mmer du om at kunderne kommer til dig uden du altid skal jagte rundt efter flere nye kunder. F\u00e5 en snak med os i 30 min for 0 kr","breadcrumb":{"@id":"http:\/\/niipit.dk\/niipit-b4b-shop\/produkt\/faa-flere-kunder\/#breadcrumb"},"inLanguage":"da-DK","potentialAction":[{"@type":"ReadAction","target":["http:\/\/niipit.dk\/niipit-b4b-shop\/produkt\/faa-flere-kunder\/"]}]},{"@type":"ImageObject","inLanguage":"da-DK","@id":"http:\/\/niipit.dk\/niipit-b4b-shop\/produkt\/faa-flere-kunder\/#primaryimage","url":"https:\/\/niipit.dk\/niipit-b4b-shop\/wp-content\/uploads\/sites\/316\/2019\/10\/Bestil-en-samtale-med-Niipit.png","contentUrl":"https:\/\/niipit.dk\/niipit-b4b-shop\/wp-content\/uploads\/sites\/316\/2019\/10\/Bestil-en-samtale-med-Niipit.png","width":1034,"height":806,"caption":"Bestil en samtale med Niipit"},{"@type":"BreadcrumbList","@id":"http:\/\/niipit.dk\/niipit-b4b-shop\/produkt\/faa-flere-kunder\/#breadcrumb","itemListElement":[{"@type":"ListItem","position":1,"name":"Hjem","item":"https:\/\/niipit.dk\/niipit-b4b-shop\/"},{"@type":"ListItem","position":2,"name":"Shop","item":"https:\/\/niipit.dk\/niipit-b4b-shop\/shop\/"},{"@type":"ListItem","position":3,"name":"F\u00e5 Kunder gennem Niipit"}]},{"@type":"WebSite","@id":"http:\/\/niipit.dk\/niipit-b4b-shop\/#website","url":"http:\/\/niipit.dk\/niipit-b4b-shop\/","name":"Niipit B4B Shop","description":"F\u00e5 din virksomhed p\u00e5 niipit","potentialAction":[{"@type":"SearchAction","target":{"@type":"EntryPoint","urlTemplate":"http:\/\/niipit.dk\/niipit-b4b-shop\/?s={search_term_string}"},"query-input":{"@type":"PropertyValueSpecification","valueRequired":true,"valueName":"search_term_string"}}],"inLanguage":"da-DK"}]}},"_links":{"self":[{"href":"https:\/\/niipit.dk\/niipit-b4b-shop\/wp-json\/wp\/v2\/product\/6100","targetHints":{"allow":["GET"]}}],"collection":[{"href":"https:\/\/niipit.dk\/niipit-b4b-shop\/wp-json\/wp\/v2\/product"}],"about":[{"href":"https:\/\/niipit.dk\/niipit-b4b-shop\/wp-json\/wp\/v2\/types\/product"}],"wp:featuredmedia":[{"embeddable":true,"href":"https:\/\/niipit.dk\/niipit-b4b-shop\/wp-json\/wp\/v2\/media\/6161"}],"wp:attachment":[{"href":"https:\/\/niipit.dk\/niipit-b4b-shop\/wp-json\/wp\/v2\/media?parent=6100"}],"wp:term":[{"taxonomy":"product_brand","embeddable":true,"href":"https:\/\/niipit.dk\/niipit-b4b-shop\/wp-json\/wp\/v2\/product_brand?post=6100"},{"taxonomy":"product_cat","embeddable":true,"href":"https:\/\/niipit.dk\/niipit-b4b-shop\/wp-json\/wp\/v2\/product_cat?post=6100"},{"taxonomy":"product_tag","embeddable":true,"href":"https:\/\/niipit.dk\/niipit-b4b-shop\/wp-json\/wp\/v2\/product_tag?post=6100"},{"taxonomy":"shoptype","embeddable":true,"href":"https:\/\/niipit.dk\/niipit-b4b-shop\/wp-json\/wp\/v2\/shoptype?post=6100"}],"curies":[{"name":"wp","href":"https:\/\/api.w.org\/{rel}","templated":true}]}}