{"id":5997,"date":"2019-11-25T10:17:57","date_gmt":"2019-11-25T09:17:57","guid":{"rendered":"https:\/\/niipit.dk\/niipit-b4b-shop\/?post_type=product&#038;p=5997"},"modified":"2020-11-17T19:10:22","modified_gmt":"2020-11-17T18:10:22","slug":"premium-virksomhedsprofil-1","status":"publish","type":"product","link":"https:\/\/niipit.dk\/niipit-b4b-shop\/produkt\/premium-virksomhedsprofil-1\/","title":{"rendered":"Premium virksomhedsprofil 1"},"content":{"rendered":"<h2>Premium virksomhedsprofil 1<\/h2>\n<p>Vil du have en plads p\u00e5 Niipit og blive set af mange flere?<\/p>\n<p>Denne profil er for dig der vil g\u00f8re mere for din virksomhed<br \/>\nDen er for dig som gerne vil findes p\u00e5 Google<br \/>\nDen er for dig der vil have din virksomhed frem i lyset.<\/p>\n<h1>Premium virksomhedsprofil<br \/>\ngiver dig et hav af fordele<\/h1>\n<p>&#8211; Vis dit logo<br \/>\n&#8211; Vis kontakt informationer<br \/>\n&#8211; Vis \u00e5bningstider<br \/>\n&#8211; Tilknyt Google Analytics<br \/>\n&#8211; Tilknyt Facebook Pixel<br \/>\n&#8211; SEO optimer dine sider, indl\u00e6g og billeder.<br \/>\n&#8211; Lav Meta Descriptions<br \/>\n&#8211; Skriv blog indl\u00e6g lige s\u00e5 tit du vil<br \/>\n&#8211; Vis dine <a href=\"https:\/\/www.youtube.com\/channel\/UCbqqwqRN5o1Zz-u9qMRBlMQ\/featured\">Youtube<\/a> videoer<br \/>\n&#8211; Vis alle de billeder du vil<br \/>\n&#8211; Link til din egen hjemmeside<br \/>\n&#8211; Eller brug dette som din hjemmeside<br \/>\n&#8211; F\u00e5 banner p\u00e5 din forside<br \/>\n&#8211; F\u00e5 anmeldelser af brugerne<br \/>\n&#8211; Bliv vist i relevante omr\u00e5der<br \/>\n&#8211; Tilk\u00f8b webshop,<br \/>\n&#8211; Tilk\u00f8b adgang i Freebee \/ Tilbud \/ Plakater \/ \u00a0B4B Tilbud \/ B4B Freebee \/ og flere andre omr\u00e5der<\/p>\n<p>&nbsp;<\/p>\n<p><iframe loading=\"lazy\" title=\"Har du virksomhed i Danmark?\" width=\"1170\" height=\"658\" src=\"https:\/\/www.youtube.com\/embed\/BJq8i_NzHwI?feature=oembed\" frameborder=\"0\" allow=\"accelerometer; autoplay; clipboard-write; encrypted-media; gyroscope; picture-in-picture\" allowfullscreen><\/iframe><\/p>\n<h4>Pris 3995,00 kr inkl moms<\/h4>\n","protected":false},"excerpt":{"rendered":"<p>Premium virksomhedsprofil 1 Vil du have en plads p\u00e5 Niipit og blive set af mange flere? Denne profil er for dig der vil g\u00f8re mere for din virksomhed Den er for dig som gerne vil findes p\u00e5 Google Den er for dig der vil have din virksomhed frem i lyset. Premium virksomhedsprofil giver dig et <a class=\"moretag btn btn-primary\" href=\"https:\/\/niipit.dk\/niipit-b4b-shop\/produkt\/premium-virksomhedsprofil-1\/\">L\u00e6s mere<\/a><\/p>\n","protected":false},"featured_media":6165,"template":"","meta":{"_exactmetrics_skip_tracking":false,"_exactmetrics_sitenote_active":false,"_exactmetrics_sitenote_note":"","_exactmetrics_sitenote_category":0,"_monsterinsights_skip_tracking":false,"_monsterinsights_sitenote_active":false,"_monsterinsights_sitenote_note":"","_monsterinsights_sitenote_category":0},"product_brand":[],"product_cat":[2177],"product_tag":[],"shoptype":[],"class_list":{"0":"post-5997","1":"product","2":"type-product","3":"status-publish","4":"has-post-thumbnail","6":"product_cat-premium-profil","8":"first","9":"instock","10":"shipping-taxable","11":"product-type-external"},"yoast_head":"<!-- This site is optimized with the Yoast SEO Premium plugin v16.3 (Yoast SEO v27.4) - https:\/\/yoast.com\/product\/yoast-seo-premium-wordpress\/ -->\n<title>Premium virksomhedsprofil 1 - Niipit B4B Shop - Se fordelene<\/title>\n<meta name=\"description\" content=\"Premium virksomhedsprofil 1 - Er for dig der gerne vil have flere kunder og ikke betale en formue for at f\u00e5 nye kunder. Bliv set p\u00e5 Google med Niipit\" \/>\n<meta name=\"robots\" content=\"index, follow, max-snippet:-1, max-image-preview:large, max-video-preview:-1\" \/>\n<link rel=\"canonical\" href=\"http:\/\/niipit.dk\/niipit-b4b-shop\/produkt\/premium-virksomhedsprofil-1\/\" \/>\n<meta property=\"og:locale\" content=\"da_DK\" \/>\n<meta property=\"og:type\" content=\"article\" \/>\n<meta property=\"og:title\" content=\"Premium virksomhedsprofil 1 - Niipit B4B Shop - Se fordelene\" \/>\n<meta property=\"og:description\" content=\"Premium virksomhedsprofil 1 - Er for dig der gerne vil have flere kunder og ikke betale en formue for at f\u00e5 nye kunder. Bliv set p\u00e5 Google med Niipit\" \/>\n<meta property=\"og:url\" content=\"http:\/\/niipit.dk\/niipit-b4b-shop\/produkt\/premium-virksomhedsprofil-1\/\" \/>\n<meta property=\"og:site_name\" content=\"Niipit B4B Shop\" \/>\n<meta property=\"article:modified_time\" content=\"2020-11-17T18:10:22+00:00\" \/>\n<meta property=\"og:image\" content=\"http:\/\/niipit.dk\/niipit-b4b-shop\/wp-content\/uploads\/sites\/316\/2019\/10\/Stor-Premium-Pakke-Niipit.dk_.jpg\" \/>\n\t<meta property=\"og:image:width\" content=\"626\" \/>\n\t<meta property=\"og:image:height\" content=\"626\" \/>\n\t<meta property=\"og:image:type\" content=\"image\/jpeg\" \/>\n<meta name=\"twitter:card\" content=\"summary_large_image\" \/>\n<meta name=\"twitter:label1\" content=\"Estimeret l\u00e6setid\" \/>\n\t<meta name=\"twitter:data1\" content=\"1 minut\" \/>\n<script type=\"application\/ld+json\" class=\"yoast-schema-graph\">{\"@context\":\"https:\\\/\\\/schema.org\",\"@graph\":[{\"@type\":\"WebPage\",\"@id\":\"http:\\\/\\\/niipit.dk\\\/niipit-b4b-shop\\\/produkt\\\/premium-virksomhedsprofil-1\\\/\",\"url\":\"http:\\\/\\\/niipit.dk\\\/niipit-b4b-shop\\\/produkt\\\/premium-virksomhedsprofil-1\\\/\",\"name\":\"Premium virksomhedsprofil 1 - Niipit B4B Shop - Se fordelene\",\"isPartOf\":{\"@id\":\"http:\\\/\\\/niipit.dk\\\/niipit-b4b-shop\\\/#website\"},\"primaryImageOfPage\":{\"@id\":\"http:\\\/\\\/niipit.dk\\\/niipit-b4b-shop\\\/produkt\\\/premium-virksomhedsprofil-1\\\/#primaryimage\"},\"image\":{\"@id\":\"http:\\\/\\\/niipit.dk\\\/niipit-b4b-shop\\\/produkt\\\/premium-virksomhedsprofil-1\\\/#primaryimage\"},\"thumbnailUrl\":\"https:\\\/\\\/niipit.dk\\\/niipit-b4b-shop\\\/wp-content\\\/uploads\\\/sites\\\/316\\\/2019\\\/10\\\/Stor-Premium-Pakke-Niipit.dk_.jpg\",\"datePublished\":\"2019-11-25T09:17:57+00:00\",\"dateModified\":\"2020-11-17T18:10:22+00:00\",\"description\":\"Premium virksomhedsprofil 1 - Er for dig der gerne vil have flere kunder og ikke betale en formue for at f\u00e5 nye kunder. Bliv set p\u00e5 Google med Niipit\",\"breadcrumb\":{\"@id\":\"http:\\\/\\\/niipit.dk\\\/niipit-b4b-shop\\\/produkt\\\/premium-virksomhedsprofil-1\\\/#breadcrumb\"},\"inLanguage\":\"da-DK\",\"potentialAction\":[{\"@type\":\"ReadAction\",\"target\":[\"http:\\\/\\\/niipit.dk\\\/niipit-b4b-shop\\\/produkt\\\/premium-virksomhedsprofil-1\\\/\"]}]},{\"@type\":\"ImageObject\",\"inLanguage\":\"da-DK\",\"@id\":\"http:\\\/\\\/niipit.dk\\\/niipit-b4b-shop\\\/produkt\\\/premium-virksomhedsprofil-1\\\/#primaryimage\",\"url\":\"https:\\\/\\\/niipit.dk\\\/niipit-b4b-shop\\\/wp-content\\\/uploads\\\/sites\\\/316\\\/2019\\\/10\\\/Stor-Premium-Pakke-Niipit.dk_.jpg\",\"contentUrl\":\"https:\\\/\\\/niipit.dk\\\/niipit-b4b-shop\\\/wp-content\\\/uploads\\\/sites\\\/316\\\/2019\\\/10\\\/Stor-Premium-Pakke-Niipit.dk_.jpg\",\"width\":626,\"height\":626,\"caption\":\"Niipit Premium Virksomhedsprofil\"},{\"@type\":\"BreadcrumbList\",\"@id\":\"http:\\\/\\\/niipit.dk\\\/niipit-b4b-shop\\\/produkt\\\/premium-virksomhedsprofil-1\\\/#breadcrumb\",\"itemListElement\":[{\"@type\":\"ListItem\",\"position\":1,\"name\":\"Hjem\",\"item\":\"https:\\\/\\\/niipit.dk\\\/niipit-b4b-shop\\\/\"},{\"@type\":\"ListItem\",\"position\":2,\"name\":\"Shop\",\"item\":\"https:\\\/\\\/niipit.dk\\\/niipit-b4b-shop\\\/shop\\\/\"},{\"@type\":\"ListItem\",\"position\":3,\"name\":\"Premium virksomhedsprofil 1\"}]},{\"@type\":\"WebSite\",\"@id\":\"http:\\\/\\\/niipit.dk\\\/niipit-b4b-shop\\\/#website\",\"url\":\"http:\\\/\\\/niipit.dk\\\/niipit-b4b-shop\\\/\",\"name\":\"Niipit B4B Shop\",\"description\":\"F\u00e5 din virksomhed p\u00e5 niipit\",\"potentialAction\":[{\"@type\":\"SearchAction\",\"target\":{\"@type\":\"EntryPoint\",\"urlTemplate\":\"http:\\\/\\\/niipit.dk\\\/niipit-b4b-shop\\\/?s={search_term_string}\"},\"query-input\":{\"@type\":\"PropertyValueSpecification\",\"valueRequired\":true,\"valueName\":\"search_term_string\"}}],\"inLanguage\":\"da-DK\"}]}<\/script>\n<!-- \/ Yoast SEO Premium plugin. -->","yoast_head_json":{"title":"Premium virksomhedsprofil 1 - Niipit B4B Shop - Se fordelene","description":"Premium virksomhedsprofil 1 - Er for dig der gerne vil have flere kunder og ikke betale en formue for at f\u00e5 nye kunder. Bliv set p\u00e5 Google med Niipit","robots":{"index":"index","follow":"follow","max-snippet":"max-snippet:-1","max-image-preview":"max-image-preview:large","max-video-preview":"max-video-preview:-1"},"canonical":"http:\/\/niipit.dk\/niipit-b4b-shop\/produkt\/premium-virksomhedsprofil-1\/","og_locale":"da_DK","og_type":"article","og_title":"Premium virksomhedsprofil 1 - Niipit B4B Shop - Se fordelene","og_description":"Premium virksomhedsprofil 1 - Er for dig der gerne vil have flere kunder og ikke betale en formue for at f\u00e5 nye kunder. Bliv set p\u00e5 Google med Niipit","og_url":"http:\/\/niipit.dk\/niipit-b4b-shop\/produkt\/premium-virksomhedsprofil-1\/","og_site_name":"Niipit B4B Shop","article_modified_time":"2020-11-17T18:10:22+00:00","og_image":[{"width":626,"height":626,"url":"http:\/\/niipit.dk\/niipit-b4b-shop\/wp-content\/uploads\/sites\/316\/2019\/10\/Stor-Premium-Pakke-Niipit.dk_.jpg","type":"image\/jpeg"}],"twitter_card":"summary_large_image","twitter_misc":{"Estimeret l\u00e6setid":"1 minut"},"schema":{"@context":"https:\/\/schema.org","@graph":[{"@type":"WebPage","@id":"http:\/\/niipit.dk\/niipit-b4b-shop\/produkt\/premium-virksomhedsprofil-1\/","url":"http:\/\/niipit.dk\/niipit-b4b-shop\/produkt\/premium-virksomhedsprofil-1\/","name":"Premium virksomhedsprofil 1 - Niipit B4B Shop - Se fordelene","isPartOf":{"@id":"http:\/\/niipit.dk\/niipit-b4b-shop\/#website"},"primaryImageOfPage":{"@id":"http:\/\/niipit.dk\/niipit-b4b-shop\/produkt\/premium-virksomhedsprofil-1\/#primaryimage"},"image":{"@id":"http:\/\/niipit.dk\/niipit-b4b-shop\/produkt\/premium-virksomhedsprofil-1\/#primaryimage"},"thumbnailUrl":"https:\/\/niipit.dk\/niipit-b4b-shop\/wp-content\/uploads\/sites\/316\/2019\/10\/Stor-Premium-Pakke-Niipit.dk_.jpg","datePublished":"2019-11-25T09:17:57+00:00","dateModified":"2020-11-17T18:10:22+00:00","description":"Premium virksomhedsprofil 1 - Er for dig der gerne vil have flere kunder og ikke betale en formue for at f\u00e5 nye kunder. Bliv set p\u00e5 Google med Niipit","breadcrumb":{"@id":"http:\/\/niipit.dk\/niipit-b4b-shop\/produkt\/premium-virksomhedsprofil-1\/#breadcrumb"},"inLanguage":"da-DK","potentialAction":[{"@type":"ReadAction","target":["http:\/\/niipit.dk\/niipit-b4b-shop\/produkt\/premium-virksomhedsprofil-1\/"]}]},{"@type":"ImageObject","inLanguage":"da-DK","@id":"http:\/\/niipit.dk\/niipit-b4b-shop\/produkt\/premium-virksomhedsprofil-1\/#primaryimage","url":"https:\/\/niipit.dk\/niipit-b4b-shop\/wp-content\/uploads\/sites\/316\/2019\/10\/Stor-Premium-Pakke-Niipit.dk_.jpg","contentUrl":"https:\/\/niipit.dk\/niipit-b4b-shop\/wp-content\/uploads\/sites\/316\/2019\/10\/Stor-Premium-Pakke-Niipit.dk_.jpg","width":626,"height":626,"caption":"Niipit Premium Virksomhedsprofil"},{"@type":"BreadcrumbList","@id":"http:\/\/niipit.dk\/niipit-b4b-shop\/produkt\/premium-virksomhedsprofil-1\/#breadcrumb","itemListElement":[{"@type":"ListItem","position":1,"name":"Hjem","item":"https:\/\/niipit.dk\/niipit-b4b-shop\/"},{"@type":"ListItem","position":2,"name":"Shop","item":"https:\/\/niipit.dk\/niipit-b4b-shop\/shop\/"},{"@type":"ListItem","position":3,"name":"Premium virksomhedsprofil 1"}]},{"@type":"WebSite","@id":"http:\/\/niipit.dk\/niipit-b4b-shop\/#website","url":"http:\/\/niipit.dk\/niipit-b4b-shop\/","name":"Niipit B4B Shop","description":"F\u00e5 din virksomhed p\u00e5 niipit","potentialAction":[{"@type":"SearchAction","target":{"@type":"EntryPoint","urlTemplate":"http:\/\/niipit.dk\/niipit-b4b-shop\/?s={search_term_string}"},"query-input":{"@type":"PropertyValueSpecification","valueRequired":true,"valueName":"search_term_string"}}],"inLanguage":"da-DK"}]}},"_links":{"self":[{"href":"https:\/\/niipit.dk\/niipit-b4b-shop\/wp-json\/wp\/v2\/product\/5997","targetHints":{"allow":["GET"]}}],"collection":[{"href":"https:\/\/niipit.dk\/niipit-b4b-shop\/wp-json\/wp\/v2\/product"}],"about":[{"href":"https:\/\/niipit.dk\/niipit-b4b-shop\/wp-json\/wp\/v2\/types\/product"}],"wp:featuredmedia":[{"embeddable":true,"href":"https:\/\/niipit.dk\/niipit-b4b-shop\/wp-json\/wp\/v2\/media\/6165"}],"wp:attachment":[{"href":"https:\/\/niipit.dk\/niipit-b4b-shop\/wp-json\/wp\/v2\/media?parent=5997"}],"wp:term":[{"taxonomy":"product_brand","embeddable":true,"href":"https:\/\/niipit.dk\/niipit-b4b-shop\/wp-json\/wp\/v2\/product_brand?post=5997"},{"taxonomy":"product_cat","embeddable":true,"href":"https:\/\/niipit.dk\/niipit-b4b-shop\/wp-json\/wp\/v2\/product_cat?post=5997"},{"taxonomy":"product_tag","embeddable":true,"href":"https:\/\/niipit.dk\/niipit-b4b-shop\/wp-json\/wp\/v2\/product_tag?post=5997"},{"taxonomy":"shoptype","embeddable":true,"href":"https:\/\/niipit.dk\/niipit-b4b-shop\/wp-json\/wp\/v2\/shoptype?post=5997"}],"curies":[{"name":"wp","href":"https:\/\/api.w.org\/{rel}","templated":true}]}}