{"id":5105,"date":"2018-08-15T22:02:47","date_gmt":"2018-08-15T20:02:47","guid":{"rendered":"https:\/\/niipit.dk\/nv2-QogM\/?page_id=5105"},"modified":"2020-07-04T22:47:46","modified_gmt":"2020-07-04T20:47:46","slug":"om-b4b-shop","status":"publish","type":"page","link":"https:\/\/niipit.dk\/niipit-b4b-shop\/om-b4b-shop\/","title":{"rendered":"Om B4B Shop"},"content":{"rendered":"<div class=\"thrv_wrapper thrv_heading\" data-tag=\"h1\" data-css=\"tve-u-163a601a1f4\">\n<h1 style=\"text-align: center;\" data-css=\"tve-u-163a60192ea\">Om B4B Shop Niipit<\/h1>\n<p style=\"text-align: center;\">Om B4B Shoppen er her hvor du kan l\u00e6se om hvem vi er, om vores blog og finde links til der hvor du kan k\u00f8be alle Niipit produkter.<\/p>\n<p>Shoppen er styret 100 % af Niipit og alle betalinger g\u00e5r til Niipit IVS.<\/p>\n<p style=\"text-align: center;\">Shoppen er lavet for at du som kunde kan finde rundt i alle vores ydelser og du kan l\u00e6se om hver enkelt ydelse inden du k\u00f8ber det du har brug for.<\/p>\n<p style=\"text-align: center;\">Alle virksomheder er forskellige og har forskellige kompetencer og det er vi meget bevidste om her. Niipit er netop bygget for at en virksomhed kan n\u00f8jes med at betale for det de har brug for og det de ikke selv kan vil de kunne finde hj\u00e6lp til.<\/p>\n<p style=\"text-align: center;\">Niipit tilbyder faktisk rigtig mange forskellige ydelser til b\u00e5de store og sm\u00e5 virksomheder.<\/p>\n<h3 style=\"text-align: center;\">Om B4B Shop Blog<\/h3>\n<p style=\"text-align: center;\">I vores blog omr\u00e5de vil du kunne l\u00e6se om de forskellige ting vil tilbyder. Hvert blog opslag er der et link til hvor du kan k\u00f8be de vare som vi tilbyder s\u00e5 du ikke skal lede rundt efter det n\u00e5r du har l\u00e6st et blog opslag. Du kan l\u00e6se Bloggen <a href=\"https:\/\/niipit.dk\/niipit-b4b-shop\/category\/alle\/\">her<\/a><\/p>\n<\/div>\n<div class=\"thrv_wrapper thrv_text_element tve_empty_dropzone\" data-css=\"tve-u-163a60acbcb\">\n<div class=\"thrv_wrapper thrv_text_element tve_empty_dropzone\" data-css=\"tve-u-163a3bcdd15\">\n<h3 style=\"text-align: center;\" data-css=\"tve-u-163a3bcdd13\">Om B4B Shop varer<\/h3>\n<p style=\"text-align: center;\">Efterh\u00e5nden som vore shop bliver fyldt op s\u00e5 kan du finde alle vare <a href=\"https:\/\/niipit.dk\/niipit-b4b-shop\/produkt-kategori\/alle-vare\/\">her<\/a><\/p>\n<\/div>\n<\/div>\n<h3 style=\"text-align: center;\">B4B Shop hvem er vi<\/h3>\n<p style=\"text-align: center;\">Vi er en blanding af mange mennesker der alle har haft eller stadig har arbejde ude p\u00e5 det almindelige arbejdsmarked. Vi har praktikanter og freelancer tilknyttet, samt frivillige og ildsj\u00e6le der alle ser at Niipit vil lykkedes til fordel for Danske virksomheder.<\/p>\n<p>\u00a0<\/p>\n\n\n<div class=\"wp-block-image\"><figure class=\"aligncenter\"><img loading=\"lazy\" decoding=\"async\" width=\"544\" height=\"330\" src=\"https:\/\/niipit.dk\/niipit-b4b-shop\/wp-content\/uploads\/sites\/316\/2019\/10\/Niipit-B4B-Network.png\" alt=\"Om B4B Shop Niipit\" class=\"wp-image-5988\" srcset=\"https:\/\/niipit.dk\/niipit-b4b-shop\/wp-content\/uploads\/sites\/316\/2019\/10\/Niipit-B4B-Network.png 544w, https:\/\/niipit.dk\/niipit-b4b-shop\/wp-content\/uploads\/sites\/316\/2019\/10\/Niipit-B4B-Network-300x182.png 300w\" sizes=\"auto, (max-width: 544px) 100vw, 544px\" \/><\/figure><\/div>\n\n\n\n<p>B4B Shoppen er din genvej og dit overblik over alle vores produkter.<br>Du kan b\u00e5de k\u00f8be top placeringer, Premium virksomhedsprofiler, webshop moduler, adgang til de forskellige omr\u00e5der. <br>Du kan finde links og k\u00f8be plads i vores julekalender 2019<br>Du kan k\u00f8be hj\u00e6lp til at vedligeholde din virksomhedsprofil  hos Niipit. <br>Du kan k\u00f8be blogopslag, tekster, seo optimering af sider, biller og lignende.<\/p>\n","protected":false},"excerpt":{"rendered":"<p>Om B4B Shop Niipit Om B4B Shoppen er her hvor du kan l\u00e6se om hvem vi er, om vores blog og finde links til der hvor du kan k\u00f8be alle Niipit produkter. Shoppen er styret 100 % af Niipit og alle betalinger g\u00e5r til Niipit IVS. Shoppen er lavet for at du som kunde kan <a class=\"moretag btn btn-primary\" href=\"https:\/\/niipit.dk\/niipit-b4b-shop\/om-b4b-shop\/\">L\u00e6s mere<\/a><\/p>\n","protected":false},"author":151,"featured_media":0,"parent":0,"menu_order":0,"comment_status":"closed","ping_status":"closed","template":"","meta":{"_exactmetrics_skip_tracking":false,"_exactmetrics_sitenote_active":false,"_exactmetrics_sitenote_note":"","_exactmetrics_sitenote_category":0,"_monsterinsights_skip_tracking":false,"_monsterinsights_sitenote_active":false,"_monsterinsights_sitenote_note":"","_monsterinsights_sitenote_category":0,"footnotes":""},"class_list":["post-5105","page","type-page","status-publish","hentry"],"yoast_head":"<!-- This site is optimized with the Yoast SEO Premium plugin v16.3 (Yoast SEO v27.2) - https:\/\/yoast.com\/product\/yoast-seo-premium-wordpress\/ -->\n<title>Om B4B Shop Niipit - Hvem er vi og hvad er vores shop fyldt med<\/title>\n<meta name=\"description\" content=\"Om B4B Shop Niipit kan du l\u00e6se en masse om hvad shoppen byder p\u00e5. Du kan finde relevante links og viden du m\u00e5ske ikke vidste du manglede.\" \/>\n<meta name=\"robots\" content=\"index, follow, max-snippet:-1, max-image-preview:large, max-video-preview:-1\" \/>\n<link rel=\"canonical\" href=\"https:\/\/niipit.dk\/niipit-b4b-shop\/om-b4b-shop\/\" \/>\n<meta property=\"og:locale\" content=\"da_DK\" \/>\n<meta property=\"og:type\" content=\"article\" \/>\n<meta property=\"og:title\" content=\"Om B4B Shop Niipit - Hvem er vi og hvad er vores shop fyldt med\" \/>\n<meta property=\"og:description\" content=\"Om B4B Shop Niipit kan du l\u00e6se en masse om hvad shoppen byder p\u00e5. Du kan finde relevante links og viden du m\u00e5ske ikke vidste du manglede.\" \/>\n<meta property=\"og:url\" content=\"https:\/\/niipit.dk\/niipit-b4b-shop\/om-b4b-shop\/\" \/>\n<meta property=\"og:site_name\" content=\"Niipit B4B Shop\" \/>\n<meta property=\"article:modified_time\" content=\"2020-07-04T20:47:46+00:00\" \/>\n<meta property=\"og:image\" content=\"https:\/\/niipit.dk\/niipit-b4b-shop\/wp-content\/uploads\/sites\/316\/2019\/10\/Niipit-B4B-Network.png\" \/>\n<meta name=\"twitter:card\" content=\"summary_large_image\" \/>\n<meta name=\"twitter:label1\" content=\"Estimeret l\u00e6setid\" \/>\n\t<meta name=\"twitter:data1\" content=\"2 minutter\" \/>\n<script type=\"application\/ld+json\" class=\"yoast-schema-graph\">{\"@context\":\"https:\/\/schema.org\",\"@graph\":[{\"@type\":\"WebPage\",\"@id\":\"https:\/\/niipit.dk\/niipit-b4b-shop\/om-b4b-shop\/\",\"url\":\"https:\/\/niipit.dk\/niipit-b4b-shop\/om-b4b-shop\/\",\"name\":\"Om B4B Shop Niipit - Hvem er vi og hvad er vores shop fyldt med\",\"isPartOf\":{\"@id\":\"https:\/\/niipit.dk\/niipit-b4b-shop\/#website\"},\"primaryImageOfPage\":{\"@id\":\"https:\/\/niipit.dk\/niipit-b4b-shop\/om-b4b-shop\/#primaryimage\"},\"image\":{\"@id\":\"https:\/\/niipit.dk\/niipit-b4b-shop\/om-b4b-shop\/#primaryimage\"},\"thumbnailUrl\":\"https:\/\/niipit.dk\/niipit-b4b-shop\/wp-content\/uploads\/sites\/316\/2019\/10\/Niipit-B4B-Network.png\",\"datePublished\":\"2018-08-15T20:02:47+00:00\",\"dateModified\":\"2020-07-04T20:47:46+00:00\",\"description\":\"Om B4B Shop Niipit kan du l\u00e6se en masse om hvad shoppen byder p\u00e5. Du kan finde relevante links og viden du m\u00e5ske ikke vidste du manglede.\",\"breadcrumb\":{\"@id\":\"https:\/\/niipit.dk\/niipit-b4b-shop\/om-b4b-shop\/#breadcrumb\"},\"inLanguage\":\"da-DK\",\"potentialAction\":[{\"@type\":\"ReadAction\",\"target\":[\"https:\/\/niipit.dk\/niipit-b4b-shop\/om-b4b-shop\/\"]}]},{\"@type\":\"ImageObject\",\"inLanguage\":\"da-DK\",\"@id\":\"https:\/\/niipit.dk\/niipit-b4b-shop\/om-b4b-shop\/#primaryimage\",\"url\":\"https:\/\/niipit.dk\/niipit-b4b-shop\/wp-content\/uploads\/sites\/316\/2019\/10\/Niipit-B4B-Network.png\",\"contentUrl\":\"https:\/\/niipit.dk\/niipit-b4b-shop\/wp-content\/uploads\/sites\/316\/2019\/10\/Niipit-B4B-Network.png\"},{\"@type\":\"BreadcrumbList\",\"@id\":\"https:\/\/niipit.dk\/niipit-b4b-shop\/om-b4b-shop\/#breadcrumb\",\"itemListElement\":[{\"@type\":\"ListItem\",\"position\":1,\"name\":\"Hjem\",\"item\":\"https:\/\/niipit.dk\/niipit-b4b-shop\/\"},{\"@type\":\"ListItem\",\"position\":2,\"name\":\"Om B4B Shop\"}]},{\"@type\":\"WebSite\",\"@id\":\"https:\/\/niipit.dk\/niipit-b4b-shop\/#website\",\"url\":\"https:\/\/niipit.dk\/niipit-b4b-shop\/\",\"name\":\"Niipit B4B Shop\",\"description\":\"F\u00e5 din virksomhed p\u00e5 niipit\",\"potentialAction\":[{\"@type\":\"SearchAction\",\"target\":{\"@type\":\"EntryPoint\",\"urlTemplate\":\"https:\/\/niipit.dk\/niipit-b4b-shop\/?s={search_term_string}\"},\"query-input\":{\"@type\":\"PropertyValueSpecification\",\"valueRequired\":true,\"valueName\":\"search_term_string\"}}],\"inLanguage\":\"da-DK\"}]}<\/script>\n<!-- \/ Yoast SEO Premium plugin. -->","yoast_head_json":{"title":"Om B4B Shop Niipit - Hvem er vi og hvad er vores shop fyldt med","description":"Om B4B Shop Niipit kan du l\u00e6se en masse om hvad shoppen byder p\u00e5. Du kan finde relevante links og viden du m\u00e5ske ikke vidste du manglede.","robots":{"index":"index","follow":"follow","max-snippet":"max-snippet:-1","max-image-preview":"max-image-preview:large","max-video-preview":"max-video-preview:-1"},"canonical":"https:\/\/niipit.dk\/niipit-b4b-shop\/om-b4b-shop\/","og_locale":"da_DK","og_type":"article","og_title":"Om B4B Shop Niipit - Hvem er vi og hvad er vores shop fyldt med","og_description":"Om B4B Shop Niipit kan du l\u00e6se en masse om hvad shoppen byder p\u00e5. Du kan finde relevante links og viden du m\u00e5ske ikke vidste du manglede.","og_url":"https:\/\/niipit.dk\/niipit-b4b-shop\/om-b4b-shop\/","og_site_name":"Niipit B4B Shop","article_modified_time":"2020-07-04T20:47:46+00:00","og_image":[{"url":"https:\/\/niipit.dk\/niipit-b4b-shop\/wp-content\/uploads\/sites\/316\/2019\/10\/Niipit-B4B-Network.png","type":"","width":"","height":""}],"twitter_card":"summary_large_image","twitter_misc":{"Estimeret l\u00e6setid":"2 minutter"},"schema":{"@context":"https:\/\/schema.org","@graph":[{"@type":"WebPage","@id":"https:\/\/niipit.dk\/niipit-b4b-shop\/om-b4b-shop\/","url":"https:\/\/niipit.dk\/niipit-b4b-shop\/om-b4b-shop\/","name":"Om B4B Shop Niipit - Hvem er vi og hvad er vores shop fyldt med","isPartOf":{"@id":"https:\/\/niipit.dk\/niipit-b4b-shop\/#website"},"primaryImageOfPage":{"@id":"https:\/\/niipit.dk\/niipit-b4b-shop\/om-b4b-shop\/#primaryimage"},"image":{"@id":"https:\/\/niipit.dk\/niipit-b4b-shop\/om-b4b-shop\/#primaryimage"},"thumbnailUrl":"https:\/\/niipit.dk\/niipit-b4b-shop\/wp-content\/uploads\/sites\/316\/2019\/10\/Niipit-B4B-Network.png","datePublished":"2018-08-15T20:02:47+00:00","dateModified":"2020-07-04T20:47:46+00:00","description":"Om B4B Shop Niipit kan du l\u00e6se en masse om hvad shoppen byder p\u00e5. Du kan finde relevante links og viden du m\u00e5ske ikke vidste du manglede.","breadcrumb":{"@id":"https:\/\/niipit.dk\/niipit-b4b-shop\/om-b4b-shop\/#breadcrumb"},"inLanguage":"da-DK","potentialAction":[{"@type":"ReadAction","target":["https:\/\/niipit.dk\/niipit-b4b-shop\/om-b4b-shop\/"]}]},{"@type":"ImageObject","inLanguage":"da-DK","@id":"https:\/\/niipit.dk\/niipit-b4b-shop\/om-b4b-shop\/#primaryimage","url":"https:\/\/niipit.dk\/niipit-b4b-shop\/wp-content\/uploads\/sites\/316\/2019\/10\/Niipit-B4B-Network.png","contentUrl":"https:\/\/niipit.dk\/niipit-b4b-shop\/wp-content\/uploads\/sites\/316\/2019\/10\/Niipit-B4B-Network.png"},{"@type":"BreadcrumbList","@id":"https:\/\/niipit.dk\/niipit-b4b-shop\/om-b4b-shop\/#breadcrumb","itemListElement":[{"@type":"ListItem","position":1,"name":"Hjem","item":"https:\/\/niipit.dk\/niipit-b4b-shop\/"},{"@type":"ListItem","position":2,"name":"Om B4B Shop"}]},{"@type":"WebSite","@id":"https:\/\/niipit.dk\/niipit-b4b-shop\/#website","url":"https:\/\/niipit.dk\/niipit-b4b-shop\/","name":"Niipit B4B Shop","description":"F\u00e5 din virksomhed p\u00e5 niipit","potentialAction":[{"@type":"SearchAction","target":{"@type":"EntryPoint","urlTemplate":"https:\/\/niipit.dk\/niipit-b4b-shop\/?s={search_term_string}"},"query-input":{"@type":"PropertyValueSpecification","valueRequired":true,"valueName":"search_term_string"}}],"inLanguage":"da-DK"}]}},"_links":{"self":[{"href":"https:\/\/niipit.dk\/niipit-b4b-shop\/wp-json\/wp\/v2\/pages\/5105","targetHints":{"allow":["GET"]}}],"collection":[{"href":"https:\/\/niipit.dk\/niipit-b4b-shop\/wp-json\/wp\/v2\/pages"}],"about":[{"href":"https:\/\/niipit.dk\/niipit-b4b-shop\/wp-json\/wp\/v2\/types\/page"}],"author":[{"embeddable":true,"href":"https:\/\/niipit.dk\/niipit-b4b-shop\/wp-json\/wp\/v2\/users\/151"}],"replies":[{"embeddable":true,"href":"https:\/\/niipit.dk\/niipit-b4b-shop\/wp-json\/wp\/v2\/comments?post=5105"}],"version-history":[{"count":0,"href":"https:\/\/niipit.dk\/niipit-b4b-shop\/wp-json\/wp\/v2\/pages\/5105\/revisions"}],"wp:attachment":[{"href":"https:\/\/niipit.dk\/niipit-b4b-shop\/wp-json\/wp\/v2\/media?parent=5105"}],"curies":[{"name":"wp","href":"https:\/\/api.w.org\/{rel}","templated":true}]}}