{"id":5064,"date":"2018-08-10T22:29:34","date_gmt":"2018-08-10T20:29:34","guid":{"rendered":"https:\/\/niipit.dk\/niipit-b4b-shop\/?page_id=5064"},"modified":"2020-01-21T17:02:39","modified_gmt":"2020-01-21T16:02:39","slug":"frontpage","status":"publish","type":"page","link":"https:\/\/niipit.dk\/niipit-b4b-shop\/","title":{"rendered":"Forside"},"content":{"rendered":"\n<hr class=\"wp-block-separator\"\/>\n\n\n\n<h2 class=\"wp-block-heading\">Velkommen til NIIPIT B4B Shop<\/h2>\n\n\n\n<p><strong>NIIPIT B4B Shop<\/strong> &#8211; Her g\u00f8r vi op med dyre reklamer.<\/p>\n\n\n\n<p>Hvorfor skal DU som virksomhed betale for at fort\u00e6lle dine kunder om gode tilbud ?<br>Kender du det at du har en vare, som du bare gerne vil have ud af butikken her og nu ?<br>Kender du det at kunderne g\u00e5r uden for og ikke ser din butik? Du kan se at de er der, men de kommer ikke ind til dig.<\/p>\n\n\n\n<p>NIIPIT samler kunder der kigger efter alt muligt. N\u00e5r kunderne kommer ind til NIIPIT, s\u00e5 syntes de at det er sp\u00e6ndende at kigge rundt og se hvad vi gemmer p\u00e5. N\u00e5r en kunde er inde hos NIIPIT og kigge s\u00e5 kan vi holde p\u00e5 kunderne i ca. 10 minutter. Vi kan se at de kigger rundt p\u00e5 siden for at shoppe. NIIPIT er m\u00e5ske lige noget for dig. Her kan du nemlig selv styre dine annoncer. Du kan l\u00e6gge dem online n\u00e5r du vil. Du kan s\u00e6lge lige s\u00e5 mange du vil. Du kan ogs\u00e5 donerer varer, hvis det er det du vil. F\u00e6lles er, at det ikke koster dig en formue og du handler direkte med dine kunder og de betaler direkte til dig n\u00e5r de k\u00f8ber af dig. Kig her under og se hvad det koster dig at v\u00e6re med i NIIPIT<\/p>\n\n\n\n<div class=\"wp-block-columns is-layout-flex wp-container-core-columns-is-layout-9d6595d7 wp-block-columns-is-layout-flex\">\n<div class=\"wp-block-column is-layout-flow wp-block-column-is-layout-flow\">\n<div class=\"wp-block-button aligncenter\"><a class=\"wp-block-button__link has-text-color has-very-dark-gray-color has-background has-pale-cyan-blue-background-color\" href=\"https:\/\/www.facebook.com\/niipit.dk\/\">Facebook<\/a><\/div>\n<\/div>\n\n\n\n<div class=\"wp-block-column is-layout-flow wp-block-column-is-layout-flow\">\n<div class=\"wp-block-button aligncenter\"><a class=\"wp-block-button__link has-text-color has-very-dark-gray-color has-background has-luminous-vivid-orange-background-color\" href=\"https:\/\/niipit.dk\">Niipit<\/a><\/div>\n<\/div>\n\n\n\n<div class=\"wp-block-column is-layout-flow wp-block-column-is-layout-flow\">\n<div class=\"wp-block-button aligncenter\"><a class=\"wp-block-button__link has-text-color has-very-dark-gray-color has-background\" href=\"https:\/\/niipit.dk\/niipit-b4b-shop\/\" style=\"background-color:#11d100\">B4B Shop<\/a><\/div>\n<\/div>\n<\/div>\n","protected":false},"excerpt":{"rendered":"<p>Velkommen til NIIPIT B4B Shop NIIPIT B4B Shop &#8211; Her g\u00f8r vi op med dyre reklamer. Hvorfor skal DU som virksomhed betale for at fort\u00e6lle dine kunder om gode tilbud ?Kender du det at du har en vare, som du bare gerne vil have ud af butikken her og nu ?Kender du det at kunderne <a class=\"moretag btn btn-primary\" href=\"https:\/\/niipit.dk\/niipit-b4b-shop\/\">L\u00e6s mere<\/a><\/p>\n","protected":false},"author":151,"featured_media":0,"parent":0,"menu_order":0,"comment_status":"closed","ping_status":"closed","template":"frontpagePremium.php","meta":{"_exactmetrics_skip_tracking":false,"_exactmetrics_sitenote_active":false,"_exactmetrics_sitenote_note":"","_exactmetrics_sitenote_category":0,"_monsterinsights_skip_tracking":false,"_monsterinsights_sitenote_active":false,"_monsterinsights_sitenote_note":"","_monsterinsights_sitenote_category":0,"footnotes":""},"class_list":["post-5064","page","type-page","status-publish","hentry"],"yoast_head":"<!-- This site is optimized with the Yoast SEO Premium plugin v16.3 (Yoast SEO v27.2) - https:\/\/yoast.com\/product\/yoast-seo-premium-wordpress\/ -->\n<title>Niipit B4B Shop - Find alle Niipits varer her. Alt samlet et sted<\/title>\n<meta name=\"description\" content=\"Niipit B4B Shop - Her i shoppen kan du finde svar p\u00e5 n\u00e6sten alt. Der er b\u00e5de blog og der er grundig beskrivelse af Niipits produkter. Kig her\" \/>\n<meta name=\"robots\" content=\"index, follow, max-snippet:-1, max-image-preview:large, max-video-preview:-1\" \/>\n<link rel=\"canonical\" href=\"https:\/\/niipit.dk\/niipit-b4b-shop\/\" \/>\n<meta property=\"og:locale\" content=\"da_DK\" \/>\n<meta property=\"og:type\" content=\"article\" \/>\n<meta property=\"og:title\" content=\"Niipit B4B Shop - Find alle Niipits varer her. Alt samlet et sted\" \/>\n<meta property=\"og:description\" content=\"Niipit B4B Shop - Her i shoppen kan du finde svar p\u00e5 n\u00e6sten alt. Der er b\u00e5de blog og der er grundig beskrivelse af Niipits produkter. Kig her\" \/>\n<meta property=\"og:url\" content=\"https:\/\/niipit.dk\/niipit-b4b-shop\/\" \/>\n<meta property=\"og:site_name\" content=\"Niipit B4B Shop\" \/>\n<meta property=\"article:modified_time\" content=\"2020-01-21T16:02:39+00:00\" \/>\n<meta property=\"og:image\" content=\"https:\/\/niipit.dk\/niipit-b4b-shop\/wp-content\/uploads\/sites\/316\/2019\/10\/Niipit-B4B-Network.png\" \/>\n\t<meta property=\"og:image:width\" content=\"544\" \/>\n\t<meta property=\"og:image:height\" content=\"330\" \/>\n\t<meta property=\"og:image:type\" content=\"image\/png\" \/>\n<meta name=\"twitter:card\" content=\"summary_large_image\" \/>\n<meta name=\"twitter:label1\" content=\"Estimeret l\u00e6setid\" \/>\n\t<meta name=\"twitter:data1\" content=\"1 minut\" \/>\n<script type=\"application\/ld+json\" class=\"yoast-schema-graph\">{\"@context\":\"https:\/\/schema.org\",\"@graph\":[{\"@type\":\"WebPage\",\"@id\":\"https:\/\/niipit.dk\/niipit-b4b-shop\/\",\"url\":\"https:\/\/niipit.dk\/niipit-b4b-shop\/\",\"name\":\"Niipit B4B Shop - Find alle Niipits varer her. Alt samlet et sted\",\"isPartOf\":{\"@id\":\"https:\/\/niipit.dk\/niipit-b4b-shop\/#website\"},\"datePublished\":\"2018-08-10T20:29:34+00:00\",\"dateModified\":\"2020-01-21T16:02:39+00:00\",\"description\":\"Niipit B4B Shop - Her i shoppen kan du finde svar p\u00e5 n\u00e6sten alt. Der er b\u00e5de blog og der er grundig beskrivelse af Niipits produkter. Kig her\",\"breadcrumb\":{\"@id\":\"https:\/\/niipit.dk\/niipit-b4b-shop\/#breadcrumb\"},\"inLanguage\":\"da-DK\",\"potentialAction\":[{\"@type\":\"ReadAction\",\"target\":[\"https:\/\/niipit.dk\/niipit-b4b-shop\/\"]}]},{\"@type\":\"BreadcrumbList\",\"@id\":\"https:\/\/niipit.dk\/niipit-b4b-shop\/#breadcrumb\",\"itemListElement\":[{\"@type\":\"ListItem\",\"position\":1,\"name\":\"Hjem\",\"item\":\"https:\/\/niipit.dk\/niipit-b4b-shop\/\"},{\"@type\":\"ListItem\",\"position\":2,\"name\":\"Forside\"}]},{\"@type\":\"WebSite\",\"@id\":\"https:\/\/niipit.dk\/niipit-b4b-shop\/#website\",\"url\":\"https:\/\/niipit.dk\/niipit-b4b-shop\/\",\"name\":\"Niipit B4B Shop\",\"description\":\"F\u00e5 din virksomhed p\u00e5 niipit\",\"potentialAction\":[{\"@type\":\"SearchAction\",\"target\":{\"@type\":\"EntryPoint\",\"urlTemplate\":\"https:\/\/niipit.dk\/niipit-b4b-shop\/?s={search_term_string}\"},\"query-input\":{\"@type\":\"PropertyValueSpecification\",\"valueRequired\":true,\"valueName\":\"search_term_string\"}}],\"inLanguage\":\"da-DK\"}]}<\/script>\n<!-- \/ Yoast SEO Premium plugin. -->","yoast_head_json":{"title":"Niipit B4B Shop - Find alle Niipits varer her. Alt samlet et sted","description":"Niipit B4B Shop - Her i shoppen kan du finde svar p\u00e5 n\u00e6sten alt. Der er b\u00e5de blog og der er grundig beskrivelse af Niipits produkter. Kig her","robots":{"index":"index","follow":"follow","max-snippet":"max-snippet:-1","max-image-preview":"max-image-preview:large","max-video-preview":"max-video-preview:-1"},"canonical":"https:\/\/niipit.dk\/niipit-b4b-shop\/","og_locale":"da_DK","og_type":"article","og_title":"Niipit B4B Shop - Find alle Niipits varer her. Alt samlet et sted","og_description":"Niipit B4B Shop - Her i shoppen kan du finde svar p\u00e5 n\u00e6sten alt. Der er b\u00e5de blog og der er grundig beskrivelse af Niipits produkter. Kig her","og_url":"https:\/\/niipit.dk\/niipit-b4b-shop\/","og_site_name":"Niipit B4B Shop","article_modified_time":"2020-01-21T16:02:39+00:00","og_image":[{"width":544,"height":330,"url":"https:\/\/niipit.dk\/niipit-b4b-shop\/wp-content\/uploads\/sites\/316\/2019\/10\/Niipit-B4B-Network.png","type":"image\/png"}],"twitter_card":"summary_large_image","twitter_misc":{"Estimeret l\u00e6setid":"1 minut"},"schema":{"@context":"https:\/\/schema.org","@graph":[{"@type":"WebPage","@id":"https:\/\/niipit.dk\/niipit-b4b-shop\/","url":"https:\/\/niipit.dk\/niipit-b4b-shop\/","name":"Niipit B4B Shop - Find alle Niipits varer her. Alt samlet et sted","isPartOf":{"@id":"https:\/\/niipit.dk\/niipit-b4b-shop\/#website"},"datePublished":"2018-08-10T20:29:34+00:00","dateModified":"2020-01-21T16:02:39+00:00","description":"Niipit B4B Shop - Her i shoppen kan du finde svar p\u00e5 n\u00e6sten alt. Der er b\u00e5de blog og der er grundig beskrivelse af Niipits produkter. Kig her","breadcrumb":{"@id":"https:\/\/niipit.dk\/niipit-b4b-shop\/#breadcrumb"},"inLanguage":"da-DK","potentialAction":[{"@type":"ReadAction","target":["https:\/\/niipit.dk\/niipit-b4b-shop\/"]}]},{"@type":"BreadcrumbList","@id":"https:\/\/niipit.dk\/niipit-b4b-shop\/#breadcrumb","itemListElement":[{"@type":"ListItem","position":1,"name":"Hjem","item":"https:\/\/niipit.dk\/niipit-b4b-shop\/"},{"@type":"ListItem","position":2,"name":"Forside"}]},{"@type":"WebSite","@id":"https:\/\/niipit.dk\/niipit-b4b-shop\/#website","url":"https:\/\/niipit.dk\/niipit-b4b-shop\/","name":"Niipit B4B Shop","description":"F\u00e5 din virksomhed p\u00e5 niipit","potentialAction":[{"@type":"SearchAction","target":{"@type":"EntryPoint","urlTemplate":"https:\/\/niipit.dk\/niipit-b4b-shop\/?s={search_term_string}"},"query-input":{"@type":"PropertyValueSpecification","valueRequired":true,"valueName":"search_term_string"}}],"inLanguage":"da-DK"}]}},"_links":{"self":[{"href":"https:\/\/niipit.dk\/niipit-b4b-shop\/wp-json\/wp\/v2\/pages\/5064","targetHints":{"allow":["GET"]}}],"collection":[{"href":"https:\/\/niipit.dk\/niipit-b4b-shop\/wp-json\/wp\/v2\/pages"}],"about":[{"href":"https:\/\/niipit.dk\/niipit-b4b-shop\/wp-json\/wp\/v2\/types\/page"}],"author":[{"embeddable":true,"href":"https:\/\/niipit.dk\/niipit-b4b-shop\/wp-json\/wp\/v2\/users\/151"}],"replies":[{"embeddable":true,"href":"https:\/\/niipit.dk\/niipit-b4b-shop\/wp-json\/wp\/v2\/comments?post=5064"}],"version-history":[{"count":0,"href":"https:\/\/niipit.dk\/niipit-b4b-shop\/wp-json\/wp\/v2\/pages\/5064\/revisions"}],"wp:attachment":[{"href":"https:\/\/niipit.dk\/niipit-b4b-shop\/wp-json\/wp\/v2\/media?parent=5064"}],"curies":[{"name":"wp","href":"https:\/\/api.w.org\/{rel}","templated":true}]}}