{"id":6010,"date":"2020-02-09T19:25:32","date_gmt":"2020-02-09T18:25:32","guid":{"rendered":"https:\/\/niipit.dk\/nem-programmering\/?post_type=product&#038;p=6010"},"modified":"2020-03-13T10:33:11","modified_gmt":"2020-03-13T09:33:11","slug":"wordpress-bog-for-begyndere","status":"publish","type":"product","link":"https:\/\/niipit.dk\/nem-programmering\/produkt\/wordpress-bog-for-begyndere\/","title":{"rendered":"WordPress bog for begyndere"},"content":{"rendered":"<h1>WordPress for begyndere<\/h1>\n<p>En E-bog der er til at forst\u00e5.<\/p>\n<p>L\u00e6r hvordan du bruger wordpress<\/p>\n<p>opdateret i 2020<\/p>\n<p><a href=\"https:\/\/www.partner-ads.com\/dk\/klikbanner.php?partnerid=22746&amp;bannerid=53663&amp;htmlurl=https:\/\/www.nemprogrammering.dk\/wp\/downloads\/produkter\/wordpress-bog\/\">L\u00e6s mere her\u00a0<\/a><\/p>\n","protected":false},"excerpt":{"rendered":"<p>WordPress for begyndere En E-bog der er til at forst\u00e5. L\u00e6r hvordan du bruger wordpress opdateret i 2020 L\u00e6s mere her\u00a0<\/p>\n","protected":false},"featured_media":6018,"template":"","meta":{"_exactmetrics_skip_tracking":false,"_exactmetrics_sitenote_active":false,"_exactmetrics_sitenote_note":"","_exactmetrics_sitenote_category":0,"_monsterinsights_skip_tracking":false,"_monsterinsights_sitenote_active":false,"_monsterinsights_sitenote_note":"","_monsterinsights_sitenote_category":0},"product_brand":[],"product_cat":[2174],"product_tag":[],"shoptype":[],"class_list":{"0":"post-6010","1":"product","2":"type-product","3":"status-publish","4":"has-post-thumbnail","6":"product_cat-kursus","8":"first","9":"instock","10":"shipping-taxable","11":"product-type-external"},"yoast_head":"<!-- This site is optimized with the Yoast SEO Premium plugin v16.3 (Yoast SEO v27.3) - https:\/\/yoast.com\/product\/yoast-seo-premium-wordpress\/ -->\n<title>Wordpress bog for begyndere - Nem Programmering<\/title>\n<meta name=\"description\" content=\"Wordpress bog for begyndere | E-bog til dig der vil l\u00e6re at arbejde i wordpress nu | Bestil bogen her og kom i gang om 5 minutter \u27a4 \u27a4 \u27a4\" \/>\n<meta name=\"robots\" content=\"index, follow, max-snippet:-1, max-image-preview:large, max-video-preview:-1\" \/>\n<link rel=\"canonical\" href=\"https:\/\/niipit.dk\/nem-programmering\/produkt\/wordpress-bog-for-begyndere\/\" \/>\n<meta property=\"og:locale\" content=\"da_DK\" \/>\n<meta property=\"og:type\" content=\"article\" \/>\n<meta property=\"og:title\" content=\"Wordpress bog for begyndere - Nem Programmering\" \/>\n<meta property=\"og:description\" content=\"Wordpress bog for begyndere | E-bog til dig der vil l\u00e6re at arbejde i wordpress nu | Bestil bogen her og kom i gang om 5 minutter \u27a4 \u27a4 \u27a4\" \/>\n<meta property=\"og:url\" content=\"https:\/\/niipit.dk\/nem-programmering\/produkt\/wordpress-bog-for-begyndere\/\" \/>\n<meta property=\"og:site_name\" content=\"Nem Programmering\" \/>\n<meta property=\"article:modified_time\" content=\"2020-03-13T09:33:11+00:00\" \/>\n<meta name=\"twitter:card\" content=\"summary_large_image\" \/>\n<meta name=\"twitter:image\" content=\"https:\/\/niipit.dk\/nem-programmering\/wp-content\/uploads\/sites\/378\/2020\/02\/wordpress-for-begyndere-Nemprogrammering.png\" \/>\n<script type=\"application\/ld+json\" class=\"yoast-schema-graph\">{\"@context\":\"https:\\\/\\\/schema.org\",\"@graph\":[{\"@type\":\"WebPage\",\"@id\":\"https:\\\/\\\/niipit.dk\\\/nem-programmering\\\/produkt\\\/wordpress-bog-for-begyndere\\\/\",\"url\":\"https:\\\/\\\/niipit.dk\\\/nem-programmering\\\/produkt\\\/wordpress-bog-for-begyndere\\\/\",\"name\":\"Wordpress bog for begyndere - Nem Programmering\",\"isPartOf\":{\"@id\":\"http:\\\/\\\/niipit.dk\\\/nem-programmering\\\/#website\"},\"primaryImageOfPage\":{\"@id\":\"https:\\\/\\\/niipit.dk\\\/nem-programmering\\\/produkt\\\/wordpress-bog-for-begyndere\\\/#primaryimage\"},\"image\":{\"@id\":\"https:\\\/\\\/niipit.dk\\\/nem-programmering\\\/produkt\\\/wordpress-bog-for-begyndere\\\/#primaryimage\"},\"thumbnailUrl\":\"https:\\\/\\\/niipit.dk\\\/nem-programmering\\\/wp-content\\\/uploads\\\/sites\\\/378\\\/2020\\\/02\\\/wordpress-for-begyndere-Nemprogrammering.png\",\"datePublished\":\"2020-02-09T18:25:32+00:00\",\"dateModified\":\"2020-03-13T09:33:11+00:00\",\"description\":\"Wordpress bog for begyndere | E-bog til dig der vil l\u00e6re at arbejde i wordpress nu | Bestil bogen her og kom i gang om 5 minutter \u27a4 \u27a4 \u27a4\",\"breadcrumb\":{\"@id\":\"https:\\\/\\\/niipit.dk\\\/nem-programmering\\\/produkt\\\/wordpress-bog-for-begyndere\\\/#breadcrumb\"},\"inLanguage\":\"da-DK\",\"potentialAction\":[{\"@type\":\"ReadAction\",\"target\":[\"https:\\\/\\\/niipit.dk\\\/nem-programmering\\\/produkt\\\/wordpress-bog-for-begyndere\\\/\"]}]},{\"@type\":\"ImageObject\",\"inLanguage\":\"da-DK\",\"@id\":\"https:\\\/\\\/niipit.dk\\\/nem-programmering\\\/produkt\\\/wordpress-bog-for-begyndere\\\/#primaryimage\",\"url\":\"https:\\\/\\\/niipit.dk\\\/nem-programmering\\\/wp-content\\\/uploads\\\/sites\\\/378\\\/2020\\\/02\\\/wordpress-for-begyndere-Nemprogrammering.png\",\"contentUrl\":\"https:\\\/\\\/niipit.dk\\\/nem-programmering\\\/wp-content\\\/uploads\\\/sites\\\/378\\\/2020\\\/02\\\/wordpress-for-begyndere-Nemprogrammering.png\",\"width\":400,\"height\":486,\"caption\":\"wordpress for begyndere Nemprogrammering\"},{\"@type\":\"BreadcrumbList\",\"@id\":\"https:\\\/\\\/niipit.dk\\\/nem-programmering\\\/produkt\\\/wordpress-bog-for-begyndere\\\/#breadcrumb\",\"itemListElement\":[{\"@type\":\"ListItem\",\"position\":1,\"name\":\"Hjem\",\"item\":\"http:\\\/\\\/niipit.dk\\\/nem-programmering\\\/\"},{\"@type\":\"ListItem\",\"position\":2,\"name\":\"Shop\",\"item\":\"https:\\\/\\\/niipit.dk\\\/nem-programmering\\\/shop\\\/\"},{\"@type\":\"ListItem\",\"position\":3,\"name\":\"WordPress bog for begyndere\"}]},{\"@type\":\"WebSite\",\"@id\":\"http:\\\/\\\/niipit.dk\\\/nem-programmering\\\/#website\",\"url\":\"http:\\\/\\\/niipit.dk\\\/nem-programmering\\\/\",\"name\":\"Nem Programmering\",\"description\":\"F\u00e5 din virksomhed p\u00e5 niipit\",\"potentialAction\":[{\"@type\":\"SearchAction\",\"target\":{\"@type\":\"EntryPoint\",\"urlTemplate\":\"http:\\\/\\\/niipit.dk\\\/nem-programmering\\\/?s={search_term_string}\"},\"query-input\":{\"@type\":\"PropertyValueSpecification\",\"valueRequired\":true,\"valueName\":\"search_term_string\"}}],\"inLanguage\":\"da-DK\"}]}<\/script>\n<!-- \/ Yoast SEO Premium plugin. -->","yoast_head_json":{"title":"Wordpress bog for begyndere - Nem Programmering","description":"Wordpress bog for begyndere | E-bog til dig der vil l\u00e6re at arbejde i wordpress nu | Bestil bogen her og kom i gang om 5 minutter \u27a4 \u27a4 \u27a4","robots":{"index":"index","follow":"follow","max-snippet":"max-snippet:-1","max-image-preview":"max-image-preview:large","max-video-preview":"max-video-preview:-1"},"canonical":"https:\/\/niipit.dk\/nem-programmering\/produkt\/wordpress-bog-for-begyndere\/","og_locale":"da_DK","og_type":"article","og_title":"Wordpress bog for begyndere - Nem Programmering","og_description":"Wordpress bog for begyndere | E-bog til dig der vil l\u00e6re at arbejde i wordpress nu | Bestil bogen her og kom i gang om 5 minutter \u27a4 \u27a4 \u27a4","og_url":"https:\/\/niipit.dk\/nem-programmering\/produkt\/wordpress-bog-for-begyndere\/","og_site_name":"Nem Programmering","article_modified_time":"2020-03-13T09:33:11+00:00","twitter_card":"summary_large_image","twitter_image":"https:\/\/niipit.dk\/nem-programmering\/wp-content\/uploads\/sites\/378\/2020\/02\/wordpress-for-begyndere-Nemprogrammering.png","schema":{"@context":"https:\/\/schema.org","@graph":[{"@type":"WebPage","@id":"https:\/\/niipit.dk\/nem-programmering\/produkt\/wordpress-bog-for-begyndere\/","url":"https:\/\/niipit.dk\/nem-programmering\/produkt\/wordpress-bog-for-begyndere\/","name":"Wordpress bog for begyndere - Nem Programmering","isPartOf":{"@id":"http:\/\/niipit.dk\/nem-programmering\/#website"},"primaryImageOfPage":{"@id":"https:\/\/niipit.dk\/nem-programmering\/produkt\/wordpress-bog-for-begyndere\/#primaryimage"},"image":{"@id":"https:\/\/niipit.dk\/nem-programmering\/produkt\/wordpress-bog-for-begyndere\/#primaryimage"},"thumbnailUrl":"https:\/\/niipit.dk\/nem-programmering\/wp-content\/uploads\/sites\/378\/2020\/02\/wordpress-for-begyndere-Nemprogrammering.png","datePublished":"2020-02-09T18:25:32+00:00","dateModified":"2020-03-13T09:33:11+00:00","description":"Wordpress bog for begyndere | E-bog til dig der vil l\u00e6re at arbejde i wordpress nu | Bestil bogen her og kom i gang om 5 minutter \u27a4 \u27a4 \u27a4","breadcrumb":{"@id":"https:\/\/niipit.dk\/nem-programmering\/produkt\/wordpress-bog-for-begyndere\/#breadcrumb"},"inLanguage":"da-DK","potentialAction":[{"@type":"ReadAction","target":["https:\/\/niipit.dk\/nem-programmering\/produkt\/wordpress-bog-for-begyndere\/"]}]},{"@type":"ImageObject","inLanguage":"da-DK","@id":"https:\/\/niipit.dk\/nem-programmering\/produkt\/wordpress-bog-for-begyndere\/#primaryimage","url":"https:\/\/niipit.dk\/nem-programmering\/wp-content\/uploads\/sites\/378\/2020\/02\/wordpress-for-begyndere-Nemprogrammering.png","contentUrl":"https:\/\/niipit.dk\/nem-programmering\/wp-content\/uploads\/sites\/378\/2020\/02\/wordpress-for-begyndere-Nemprogrammering.png","width":400,"height":486,"caption":"wordpress for begyndere Nemprogrammering"},{"@type":"BreadcrumbList","@id":"https:\/\/niipit.dk\/nem-programmering\/produkt\/wordpress-bog-for-begyndere\/#breadcrumb","itemListElement":[{"@type":"ListItem","position":1,"name":"Hjem","item":"http:\/\/niipit.dk\/nem-programmering\/"},{"@type":"ListItem","position":2,"name":"Shop","item":"https:\/\/niipit.dk\/nem-programmering\/shop\/"},{"@type":"ListItem","position":3,"name":"WordPress bog for begyndere"}]},{"@type":"WebSite","@id":"http:\/\/niipit.dk\/nem-programmering\/#website","url":"http:\/\/niipit.dk\/nem-programmering\/","name":"Nem Programmering","description":"F\u00e5 din virksomhed p\u00e5 niipit","potentialAction":[{"@type":"SearchAction","target":{"@type":"EntryPoint","urlTemplate":"http:\/\/niipit.dk\/nem-programmering\/?s={search_term_string}"},"query-input":{"@type":"PropertyValueSpecification","valueRequired":true,"valueName":"search_term_string"}}],"inLanguage":"da-DK"}]}},"_links":{"self":[{"href":"https:\/\/niipit.dk\/nem-programmering\/wp-json\/wp\/v2\/product\/6010","targetHints":{"allow":["GET"]}}],"collection":[{"href":"https:\/\/niipit.dk\/nem-programmering\/wp-json\/wp\/v2\/product"}],"about":[{"href":"https:\/\/niipit.dk\/nem-programmering\/wp-json\/wp\/v2\/types\/product"}],"wp:featuredmedia":[{"embeddable":true,"href":"https:\/\/niipit.dk\/nem-programmering\/wp-json\/wp\/v2\/media\/6018"}],"wp:attachment":[{"href":"https:\/\/niipit.dk\/nem-programmering\/wp-json\/wp\/v2\/media?parent=6010"}],"wp:term":[{"taxonomy":"product_brand","embeddable":true,"href":"https:\/\/niipit.dk\/nem-programmering\/wp-json\/wp\/v2\/product_brand?post=6010"},{"taxonomy":"product_cat","embeddable":true,"href":"https:\/\/niipit.dk\/nem-programmering\/wp-json\/wp\/v2\/product_cat?post=6010"},{"taxonomy":"product_tag","embeddable":true,"href":"https:\/\/niipit.dk\/nem-programmering\/wp-json\/wp\/v2\/product_tag?post=6010"},{"taxonomy":"shoptype","embeddable":true,"href":"https:\/\/niipit.dk\/nem-programmering\/wp-json\/wp\/v2\/shoptype?post=6010"}],"curies":[{"name":"wp","href":"https:\/\/api.w.org\/{rel}","templated":true}]}}