{"id":5821,"date":"2019-08-13T08:30:15","date_gmt":"2019-08-13T06:30:15","guid":{"rendered":"https:\/\/niipit.dk\/muttis-garn-og-stof\/?page_id=5821"},"modified":"2019-10-02T12:13:58","modified_gmt":"2019-10-02T10:13:58","slug":"hygge-onsdag","status":"publish","type":"page","link":"https:\/\/niipit.dk\/muttis-garn-og-stof\/hygge-onsdag\/","title":{"rendered":"Hygge Onsdag"},"content":{"rendered":"\n<h2 class=\"wp-block-heading\" style=\"text-align:center\"><strong>Hygge onsdag <\/strong><\/h2>\n\n\n\n<p style=\"text-align:center\"><strong>Hygge onsdag m\u00f8des vi hos Muttis Garn og Stof i Vojens<\/strong> &#8211; <strong>Alle kan komme hos Muttis Gran og Stof  fra kl 19 og hygge sig med h\u00e5ndarbejde sammen med andre.<\/strong><\/p>\n\n\n\n<p style=\"text-align:center\"><strong>Hvem er velkommen<\/strong><br>Om du er 16 \u00e5r eller 76 \u00e5r betyder ikke noget. Bare du har dit h\u00e5ndarbejde med.<br>K\u00e6rester, m\u00e6nd og koner der ikke har h\u00e5ndarbejde med men som k\u00f8re dig er faktisk ogs\u00e5 velkommen. Vi har plads til jer i et rum for jer selv s\u00e5 i kan snakke sport, politik eller hvad i nu vil. Bare i ikke forstyrre os alt for meget.<\/p>\n\n\n\n<p style=\"text-align:center\"><strong>Hvorfor m\u00f8des og lave h\u00e5ndarbejde? <\/strong><br>For hyggens skyld da. Ja nogle l\u00e6re ogs\u00e5 noget af de andre. Nogle har kage med og der er altid Kaffe p\u00e5 kanden.<br>For at vi kan blive ved med at have kaffe p\u00e5 kanden til hygge onsdag s\u00e5 giver hver person 10 kr til kaffekassen.<\/p>\n\n\n\n<p style=\"text-align:center\"><strong>Er butikken \u00e5ben? <\/strong><br>Ja selvf\u00f8lgelig er butikken \u00e5ben n\u00e5r vi er her. S\u00e5 st\u00e5r du og mangler noget s\u00e5 kan du ogs\u00e5 f\u00e5 lov at k\u00f8be det denne dag.<\/p>\n\n\n\n<p style=\"text-align:center\"><strong>Hvor l\u00e6nge har Hygge onsdage eksisteret?<\/strong><br>Faktisk har dette v\u00e6ret en fast del siden vi \u00e5bnede butikken og vores plan er at det skal forts\u00e6tte lige s\u00e5 l\u00e6nge som der kommer folk og butikken eksisterer.<\/p>\n\n\n\n<p style=\"text-align:center\"><strong>Er det hele \u00e5ret?<\/strong><br>Nej desv\u00e6rre ikke. Men fra efter sommerferien og frem til for\u00e5ret der er det helt sikkert at Hygge onsdage findes. Mange tager p\u00e5 ferie eller f\u00e5r travlt i haven n\u00e5r sommeren kommer og derfor har vi ikke lige s\u00e5 meget gang i h\u00e5ndarbejdet om sommeren som om vinteren.<\/p>\n\n\n\n<p style=\"text-align:center\"><strong>Skal jeg tilmelde mig nogle steder?<\/strong><br>Nej du kommer bare til hygge onsdag med dit h\u00e5ndarbejde og s\u00e5 finder vi en stol til dig ogs\u00e5.<\/p>\n\n\n\n<p style=\"text-align:center\">Alle er velkommen hos Muttis Garn og stof, i Vojens. Bilen kan holde b\u00e5de bagved butikken og p\u00e5 de store parkeringspladser foran butikken.<\/p>\n\n\n\n<div class=\"wp-block-button aligncenter\"><a class=\"wp-block-button__link has-text-color has-very-dark-gray-color has-background has-vivid-green-cyan-background-color\" href=\"https:\/\/niipit.dk\/muttis-garn-og-stof\/kontak\">Find butikkens adresse her<\/a><\/div>\n\n\n\n<div class=\"wp-block-button aligncenter\"><a class=\"wp-block-button__link has-background has-vivid-cyan-blue-background-color\" href=\"https:\/\/www.facebook.com\/pg\/Muttis-garn-og-stof-2098906620340447\/about\/?ref=page_internal\">Butikkens Facebook side<\/a><\/div>\n\n\n\n<div class=\"wp-block-image\"><figure class=\"aligncenter\"><img loading=\"lazy\" decoding=\"async\" width=\"720\" height=\"960\" src=\"https:\/\/niipit.dk\/muttis-garn-og-stof\/wp-content\/uploads\/sites\/264\/2019\/10\/Mutti-garn-og-stof-vojens-hygge-onsdag.jpg\" alt=\"Mutti garn og stof hygge onsdag\" class=\"wp-image-6029\" srcset=\"https:\/\/niipit.dk\/muttis-garn-og-stof\/wp-content\/uploads\/sites\/264\/2019\/10\/Mutti-garn-og-stof-vojens-hygge-onsdag.jpg 720w, https:\/\/niipit.dk\/muttis-garn-og-stof\/wp-content\/uploads\/sites\/264\/2019\/10\/Mutti-garn-og-stof-vojens-hygge-onsdag-225x300.jpg 225w, https:\/\/niipit.dk\/muttis-garn-og-stof\/wp-content\/uploads\/sites\/264\/2019\/10\/Mutti-garn-og-stof-vojens-hygge-onsdag-600x800.jpg 600w\" sizes=\"auto, (max-width: 720px) 100vw, 720px\" \/><\/figure><\/div>\n","protected":false},"excerpt":{"rendered":"<p>Hygge onsdag Hygge onsdag m\u00f8des vi hos Muttis Garn og Stof i Vojens &#8211; Alle kan komme hos Muttis Gran og Stof fra kl 19 og hygge sig med h\u00e5ndarbejde sammen med andre. Hvem er velkommenOm du er 16 \u00e5r eller 76 \u00e5r betyder ikke noget. Bare du har dit h\u00e5ndarbejde med.K\u00e6rester, m\u00e6nd og koner <a class=\"moretag btn btn-primary\" href=\"https:\/\/niipit.dk\/muttis-garn-og-stof\/hygge-onsdag\/\">L\u00e6s mere<\/a><\/p>\n","protected":false},"author":1062,"featured_media":0,"parent":0,"menu_order":0,"comment_status":"closed","ping_status":"closed","template":"","meta":{"_exactmetrics_skip_tracking":false,"_exactmetrics_sitenote_active":false,"_exactmetrics_sitenote_note":"","_exactmetrics_sitenote_category":0,"_monsterinsights_skip_tracking":false,"_monsterinsights_sitenote_active":false,"_monsterinsights_sitenote_note":"","_monsterinsights_sitenote_category":0,"footnotes":""},"class_list":["post-5821","page","type-page","status-publish","hentry"],"yoast_head":"<!-- This site is optimized with the Yoast SEO Premium plugin v16.3 (Yoast SEO v27.4) - https:\/\/yoast.com\/product\/yoast-seo-premium-wordpress\/ -->\n<title>Hygge Onsdag - Muttis Garn og Stof - Niipit Danmarks markedsplads<\/title>\n<meta name=\"description\" content=\"Hygge onsdag hos Muttis Garn og stof i Vojens. Hos Niipit finder du nemt lokale butikker og oplevelser n\u00e5r du har rbug for det. L\u00e6s mere her om Hygge onsdag\" \/>\n<meta name=\"robots\" content=\"index, follow, max-snippet:-1, max-image-preview:large, max-video-preview:-1\" \/>\n<link rel=\"canonical\" href=\"https:\/\/niipit.dk\/muttis-garn-og-stof\/hygge-onsdag\/\" \/>\n<meta property=\"og:locale\" content=\"da_DK\" \/>\n<meta property=\"og:type\" content=\"article\" \/>\n<meta property=\"og:title\" content=\"Hygge Onsdag - Muttis Garn og Stof - Niipit Danmarks markedsplads\" \/>\n<meta property=\"og:description\" content=\"Hygge onsdag hos Muttis Garn og stof i Vojens. Hos Niipit finder du nemt lokale butikker og oplevelser n\u00e5r du har rbug for det. L\u00e6s mere her om Hygge onsdag\" \/>\n<meta property=\"og:url\" content=\"https:\/\/niipit.dk\/muttis-garn-og-stof\/hygge-onsdag\/\" \/>\n<meta property=\"og:site_name\" content=\"Muttis Garn og Stof\" \/>\n<meta property=\"article:modified_time\" content=\"2019-10-02T10:13:58+00:00\" \/>\n<meta property=\"og:image\" content=\"https:\/\/niipit.dk\/muttis-garn-og-stof\/wp-content\/uploads\/sites\/264\/2019\/10\/Mutti-garn-og-stof-vojens-hygge-onsdag.jpg\" \/>\n<meta name=\"twitter:card\" content=\"summary_large_image\" \/>\n<meta name=\"twitter:label1\" content=\"Estimeret l\u00e6setid\" \/>\n\t<meta name=\"twitter:data1\" content=\"2 minutter\" \/>\n<script type=\"application\/ld+json\" class=\"yoast-schema-graph\">{\"@context\":\"https:\\\/\\\/schema.org\",\"@graph\":[{\"@type\":\"WebPage\",\"@id\":\"https:\\\/\\\/niipit.dk\\\/muttis-garn-og-stof\\\/hygge-onsdag\\\/\",\"url\":\"https:\\\/\\\/niipit.dk\\\/muttis-garn-og-stof\\\/hygge-onsdag\\\/\",\"name\":\"Hygge Onsdag - Muttis Garn og Stof - Niipit Danmarks markedsplads\",\"isPartOf\":{\"@id\":\"http:\\\/\\\/niipit.dk\\\/muttis-garn-og-stof\\\/#website\"},\"primaryImageOfPage\":{\"@id\":\"https:\\\/\\\/niipit.dk\\\/muttis-garn-og-stof\\\/hygge-onsdag\\\/#primaryimage\"},\"image\":{\"@id\":\"https:\\\/\\\/niipit.dk\\\/muttis-garn-og-stof\\\/hygge-onsdag\\\/#primaryimage\"},\"thumbnailUrl\":\"https:\\\/\\\/niipit.dk\\\/muttis-garn-og-stof\\\/wp-content\\\/uploads\\\/sites\\\/264\\\/2019\\\/10\\\/Mutti-garn-og-stof-vojens-hygge-onsdag.jpg\",\"datePublished\":\"2019-08-13T06:30:15+00:00\",\"dateModified\":\"2019-10-02T10:13:58+00:00\",\"description\":\"Hygge onsdag hos Muttis Garn og stof i Vojens. Hos Niipit finder du nemt lokale butikker og oplevelser n\u00e5r du har rbug for det. L\u00e6s mere her om Hygge onsdag\",\"breadcrumb\":{\"@id\":\"https:\\\/\\\/niipit.dk\\\/muttis-garn-og-stof\\\/hygge-onsdag\\\/#breadcrumb\"},\"inLanguage\":\"da-DK\",\"potentialAction\":[{\"@type\":\"ReadAction\",\"target\":[\"https:\\\/\\\/niipit.dk\\\/muttis-garn-og-stof\\\/hygge-onsdag\\\/\"]}]},{\"@type\":\"ImageObject\",\"inLanguage\":\"da-DK\",\"@id\":\"https:\\\/\\\/niipit.dk\\\/muttis-garn-og-stof\\\/hygge-onsdag\\\/#primaryimage\",\"url\":\"https:\\\/\\\/niipit.dk\\\/muttis-garn-og-stof\\\/wp-content\\\/uploads\\\/sites\\\/264\\\/2019\\\/10\\\/Mutti-garn-og-stof-vojens-hygge-onsdag.jpg\",\"contentUrl\":\"https:\\\/\\\/niipit.dk\\\/muttis-garn-og-stof\\\/wp-content\\\/uploads\\\/sites\\\/264\\\/2019\\\/10\\\/Mutti-garn-og-stof-vojens-hygge-onsdag.jpg\"},{\"@type\":\"BreadcrumbList\",\"@id\":\"https:\\\/\\\/niipit.dk\\\/muttis-garn-og-stof\\\/hygge-onsdag\\\/#breadcrumb\",\"itemListElement\":[{\"@type\":\"ListItem\",\"position\":1,\"name\":\"Hjem\",\"item\":\"https:\\\/\\\/niipit.dk\\\/muttis-garn-og-stof\\\/\"},{\"@type\":\"ListItem\",\"position\":2,\"name\":\"Hygge Onsdag\"}]},{\"@type\":\"WebSite\",\"@id\":\"http:\\\/\\\/niipit.dk\\\/muttis-garn-og-stof\\\/#website\",\"url\":\"http:\\\/\\\/niipit.dk\\\/muttis-garn-og-stof\\\/\",\"name\":\"Muttis Garn og Stof\",\"description\":\"Butikken der har n\u00e6sten alt - Tilbeh\u00f8r til h\u00e5ndarbejde\",\"potentialAction\":[{\"@type\":\"SearchAction\",\"target\":{\"@type\":\"EntryPoint\",\"urlTemplate\":\"http:\\\/\\\/niipit.dk\\\/muttis-garn-og-stof\\\/?s={search_term_string}\"},\"query-input\":{\"@type\":\"PropertyValueSpecification\",\"valueRequired\":true,\"valueName\":\"search_term_string\"}}],\"inLanguage\":\"da-DK\"}]}<\/script>\n<!-- \/ Yoast SEO Premium plugin. -->","yoast_head_json":{"title":"Hygge Onsdag - Muttis Garn og Stof - Niipit Danmarks markedsplads","description":"Hygge onsdag hos Muttis Garn og stof i Vojens. Hos Niipit finder du nemt lokale butikker og oplevelser n\u00e5r du har rbug for det. L\u00e6s mere her om Hygge onsdag","robots":{"index":"index","follow":"follow","max-snippet":"max-snippet:-1","max-image-preview":"max-image-preview:large","max-video-preview":"max-video-preview:-1"},"canonical":"https:\/\/niipit.dk\/muttis-garn-og-stof\/hygge-onsdag\/","og_locale":"da_DK","og_type":"article","og_title":"Hygge Onsdag - Muttis Garn og Stof - Niipit Danmarks markedsplads","og_description":"Hygge onsdag hos Muttis Garn og stof i Vojens. Hos Niipit finder du nemt lokale butikker og oplevelser n\u00e5r du har rbug for det. L\u00e6s mere her om Hygge onsdag","og_url":"https:\/\/niipit.dk\/muttis-garn-og-stof\/hygge-onsdag\/","og_site_name":"Muttis Garn og Stof","article_modified_time":"2019-10-02T10:13:58+00:00","og_image":[{"url":"https:\/\/niipit.dk\/muttis-garn-og-stof\/wp-content\/uploads\/sites\/264\/2019\/10\/Mutti-garn-og-stof-vojens-hygge-onsdag.jpg","type":"","width":"","height":""}],"twitter_card":"summary_large_image","twitter_misc":{"Estimeret l\u00e6setid":"2 minutter"},"schema":{"@context":"https:\/\/schema.org","@graph":[{"@type":"WebPage","@id":"https:\/\/niipit.dk\/muttis-garn-og-stof\/hygge-onsdag\/","url":"https:\/\/niipit.dk\/muttis-garn-og-stof\/hygge-onsdag\/","name":"Hygge Onsdag - Muttis Garn og Stof - Niipit Danmarks markedsplads","isPartOf":{"@id":"http:\/\/niipit.dk\/muttis-garn-og-stof\/#website"},"primaryImageOfPage":{"@id":"https:\/\/niipit.dk\/muttis-garn-og-stof\/hygge-onsdag\/#primaryimage"},"image":{"@id":"https:\/\/niipit.dk\/muttis-garn-og-stof\/hygge-onsdag\/#primaryimage"},"thumbnailUrl":"https:\/\/niipit.dk\/muttis-garn-og-stof\/wp-content\/uploads\/sites\/264\/2019\/10\/Mutti-garn-og-stof-vojens-hygge-onsdag.jpg","datePublished":"2019-08-13T06:30:15+00:00","dateModified":"2019-10-02T10:13:58+00:00","description":"Hygge onsdag hos Muttis Garn og stof i Vojens. Hos Niipit finder du nemt lokale butikker og oplevelser n\u00e5r du har rbug for det. L\u00e6s mere her om Hygge onsdag","breadcrumb":{"@id":"https:\/\/niipit.dk\/muttis-garn-og-stof\/hygge-onsdag\/#breadcrumb"},"inLanguage":"da-DK","potentialAction":[{"@type":"ReadAction","target":["https:\/\/niipit.dk\/muttis-garn-og-stof\/hygge-onsdag\/"]}]},{"@type":"ImageObject","inLanguage":"da-DK","@id":"https:\/\/niipit.dk\/muttis-garn-og-stof\/hygge-onsdag\/#primaryimage","url":"https:\/\/niipit.dk\/muttis-garn-og-stof\/wp-content\/uploads\/sites\/264\/2019\/10\/Mutti-garn-og-stof-vojens-hygge-onsdag.jpg","contentUrl":"https:\/\/niipit.dk\/muttis-garn-og-stof\/wp-content\/uploads\/sites\/264\/2019\/10\/Mutti-garn-og-stof-vojens-hygge-onsdag.jpg"},{"@type":"BreadcrumbList","@id":"https:\/\/niipit.dk\/muttis-garn-og-stof\/hygge-onsdag\/#breadcrumb","itemListElement":[{"@type":"ListItem","position":1,"name":"Hjem","item":"https:\/\/niipit.dk\/muttis-garn-og-stof\/"},{"@type":"ListItem","position":2,"name":"Hygge Onsdag"}]},{"@type":"WebSite","@id":"http:\/\/niipit.dk\/muttis-garn-og-stof\/#website","url":"http:\/\/niipit.dk\/muttis-garn-og-stof\/","name":"Muttis Garn og Stof","description":"Butikken der har n\u00e6sten alt - Tilbeh\u00f8r til h\u00e5ndarbejde","potentialAction":[{"@type":"SearchAction","target":{"@type":"EntryPoint","urlTemplate":"http:\/\/niipit.dk\/muttis-garn-og-stof\/?s={search_term_string}"},"query-input":{"@type":"PropertyValueSpecification","valueRequired":true,"valueName":"search_term_string"}}],"inLanguage":"da-DK"}]}},"_links":{"self":[{"href":"https:\/\/niipit.dk\/muttis-garn-og-stof\/wp-json\/wp\/v2\/pages\/5821","targetHints":{"allow":["GET"]}}],"collection":[{"href":"https:\/\/niipit.dk\/muttis-garn-og-stof\/wp-json\/wp\/v2\/pages"}],"about":[{"href":"https:\/\/niipit.dk\/muttis-garn-og-stof\/wp-json\/wp\/v2\/types\/page"}],"author":[{"embeddable":true,"href":"https:\/\/niipit.dk\/muttis-garn-og-stof\/wp-json\/wp\/v2\/users\/1062"}],"replies":[{"embeddable":true,"href":"https:\/\/niipit.dk\/muttis-garn-og-stof\/wp-json\/wp\/v2\/comments?post=5821"}],"version-history":[{"count":0,"href":"https:\/\/niipit.dk\/muttis-garn-og-stof\/wp-json\/wp\/v2\/pages\/5821\/revisions"}],"wp:attachment":[{"href":"https:\/\/niipit.dk\/muttis-garn-og-stof\/wp-json\/wp\/v2\/media?parent=5821"}],"curies":[{"name":"wp","href":"https:\/\/api.w.org\/{rel}","templated":true}]}}