{"id":5064,"date":"2018-08-10T22:29:34","date_gmt":"2018-08-10T20:29:34","guid":{"rendered":"https:\/\/niipit.dk\/muttis-garn-og-stof-shop\/?page_id=5064"},"modified":"2019-11-13T10:54:17","modified_gmt":"2019-11-13T09:54:17","slug":"frontpage","status":"publish","type":"page","link":"https:\/\/niipit.dk\/muttis-garn-og-stof\/","title":{"rendered":"Forside"},"content":{"rendered":"\n<h2 class=\"wp-block-heading\">HUSK VI FLYTTER Mellem den 15 og 30 november 2019<\/h2>\n\n\n\n<hr class=\"wp-block-separator\"\/>\n\n\n\n<h2 class=\"wp-block-heading\">Muttis Garn og Stof<\/h2>\n\n\n\n<p>Muttis Garn og Stof finder du p\u00e5 Vestergade I Vojens<\/p>\n\n\n\n<h3 class=\"wp-block-heading\">Hvad kan vi<\/h3>\n\n\n\n<p>Skal du have syet dit t\u00f8j ind eller ud op eller ned s\u00e5 klare vi den da vi har en stor systue der ikke laver andet end at \u00e6ndre andres t\u00f8j. Kommer du langvejs fra s\u00e5 kan du spare turen ved at sende t\u00f8jet til os og n\u00e5r det er f\u00e6rdigt s\u00e5 sender vi det retur til dig.<\/p>\n\n\n\n<h3 class=\"wp-block-heading\">Tilbeh\u00f8r til h\u00e5ndarbejde<\/h3>\n\n\n\n<p>M\u00e5ske du selv skal bruge reservedele til at sy eller strikke. Vores butik er fyldt med stoffer, tr\u00e5de, syn\u00e5le, symaskiner, knapper, lynl\u00e5se og garn, strikkepinde og h\u00e6klen\u00e5le.<\/p>\n\n\n\n<h3 class=\"wp-block-heading\">Gratis m\u00f8nster<\/h3>\n\n\n\n<p>Du kan hente gratis m\u00f8nster online til at strikke eller h\u00e6kle efter<\/p>\n\n\n\n<h2 class=\"wp-block-heading\">Hyggeaften Onsdage fra kl 19.00<\/h2>\n\n\n\n<div class=\"wp-block-image\"><figure class=\"aligncenter\"><img loading=\"lazy\" decoding=\"async\" width=\"150\" height=\"150\" src=\"https:\/\/niipit.dk\/muttis-garn-og-stof\/wp-content\/uploads\/sites\/264\/2019\/10\/Muttis-garn-og-stof-i-Vojens-150x150.jpg\" alt=\"Muttis garn og stof i Vojens\" class=\"wp-image-6008\" srcset=\"https:\/\/niipit.dk\/muttis-garn-og-stof\/wp-content\/uploads\/sites\/264\/2019\/10\/Muttis-garn-og-stof-i-Vojens-150x150.jpg 150w, https:\/\/niipit.dk\/muttis-garn-og-stof\/wp-content\/uploads\/sites\/264\/2019\/10\/Muttis-garn-og-stof-i-Vojens-300x300.jpg 300w, https:\/\/niipit.dk\/muttis-garn-og-stof\/wp-content\/uploads\/sites\/264\/2019\/10\/Muttis-garn-og-stof-i-Vojens-600x600.jpg 600w, https:\/\/niipit.dk\/muttis-garn-og-stof\/wp-content\/uploads\/sites\/264\/2019\/10\/Muttis-garn-og-stof-i-Vojens-100x100.jpg 100w, https:\/\/niipit.dk\/muttis-garn-og-stof\/wp-content\/uploads\/sites\/264\/2019\/10\/Muttis-garn-og-stof-i-Vojens.jpg 626w\" sizes=\"auto, (max-width: 150px) 100vw, 150px\" \/><\/figure><\/div>\n\n\n\n<div class=\"wp-block-button aligncenter\"><a class=\"wp-block-button__link has-text-color has-very-dark-gray-color has-background has-pale-cyan-blue-background-color\" href=\"https:\/\/www.facebook.com\/Muttis-garn-og-stof-2098906620340447\/\">Facebook<\/a><\/div>\n\n\n\n<h2 class=\"wp-block-heading\">Hygge onsdag<\/h2>\n\n\n\n<p>om onsdagen mellem kl 19.00 og 21.00 er alle velkommen i butikken med deres h\u00e5ndarbejde. Vi h\u00e6kler og strikker, snakker og f\u00e5r kaffe, te og kage.<br>Om du er 16 \u00e5r eller 76 \u00e5r s\u00e5 er du velkommen.<br>Vi hj\u00e6lper hinanden med tips og r\u00e5d.<br>Hvis din mand vil med s\u00e5 er han velkommen med sit h\u00e5ndarbejde eller i &#8220;Herre&#8221; stuen sammen med de andre &#8220;Chauff\u00f8rer&#8221;<\/p>\n\n\n\n<p>Kontakt os p\u00e5 Telefon +45 42 33 06 96<\/p>\n\n\n\n<p><\/p>\n","protected":false},"excerpt":{"rendered":"<p>HUSK VI FLYTTER Mellem den 15 og 30 november 2019 Muttis Garn og Stof Muttis Garn og Stof finder du p\u00e5 Vestergade I Vojens Hvad kan vi Skal du have syet dit t\u00f8j ind eller ud op eller ned s\u00e5 klare vi den da vi har en stor systue der ikke laver andet end at <a class=\"moretag btn btn-primary\" href=\"https:\/\/niipit.dk\/muttis-garn-og-stof\/\">L\u00e6s mere<\/a><\/p>\n","protected":false},"author":1062,"featured_media":0,"parent":0,"menu_order":0,"comment_status":"closed","ping_status":"closed","template":"frontpagePremium.php","meta":{"_exactmetrics_skip_tracking":false,"_exactmetrics_sitenote_active":false,"_exactmetrics_sitenote_note":"","_exactmetrics_sitenote_category":0,"_monsterinsights_skip_tracking":false,"_monsterinsights_sitenote_active":false,"_monsterinsights_sitenote_note":"","_monsterinsights_sitenote_category":0,"footnotes":""},"class_list":["post-5064","page","type-page","status-publish","hentry"],"yoast_head":"<!-- This site is optimized with the Yoast SEO Premium plugin v16.3 (Yoast SEO v27.4) - https:\/\/yoast.com\/product\/yoast-seo-premium-wordpress\/ -->\n<title>Muttis Garn og Stof - S\u00f8nderjylland - Niipit find lokale butikker<\/title>\n<meta name=\"description\" content=\"Muttis Garn og Stof i Vojens hj\u00e6lper dig med dit h\u00e5ndarbejde. Du kan f\u00e5 lagt dit t\u00f8j op, du kan finde det garn du mangler og den knap du ikke kunne finde.\" \/>\n<meta name=\"robots\" content=\"index, follow, max-snippet:-1, max-image-preview:large, max-video-preview:-1\" \/>\n<link rel=\"canonical\" href=\"https:\/\/niipit.dk\/muttis-garn-og-stof\/\" \/>\n<meta property=\"og:locale\" content=\"da_DK\" \/>\n<meta property=\"og:type\" content=\"article\" \/>\n<meta property=\"og:title\" content=\"Muttis Garn og Stof - S\u00f8nderjylland - Niipit find lokale butikker\" \/>\n<meta property=\"og:description\" content=\"Muttis Garn og Stof i Vojens hj\u00e6lper dig med dit h\u00e5ndarbejde. Du kan f\u00e5 lagt dit t\u00f8j op, du kan finde det garn du mangler og den knap du ikke kunne finde.\" \/>\n<meta property=\"og:url\" content=\"https:\/\/niipit.dk\/muttis-garn-og-stof\/\" \/>\n<meta property=\"og:site_name\" content=\"Muttis Garn og Stof\" \/>\n<meta property=\"article:modified_time\" content=\"2019-11-13T09:54:17+00:00\" \/>\n<meta property=\"og:image\" content=\"https:\/\/niipit.dk\/muttis-garn-og-stof\/wp-content\/uploads\/sites\/264\/2019\/10\/Muttis-garn-og-stof-i-Vojens-150x150.jpg\" \/>\n<meta name=\"twitter:card\" content=\"summary_large_image\" \/>\n<meta name=\"twitter:label1\" content=\"Estimeret l\u00e6setid\" \/>\n\t<meta name=\"twitter:data1\" content=\"1 minut\" \/>\n<script type=\"application\/ld+json\" class=\"yoast-schema-graph\">{\"@context\":\"https:\\\/\\\/schema.org\",\"@graph\":[{\"@type\":\"WebPage\",\"@id\":\"https:\\\/\\\/niipit.dk\\\/muttis-garn-og-stof\\\/\",\"url\":\"https:\\\/\\\/niipit.dk\\\/muttis-garn-og-stof\\\/\",\"name\":\"Muttis Garn og Stof - S\u00f8nderjylland - Niipit find lokale butikker\",\"isPartOf\":{\"@id\":\"http:\\\/\\\/niipit.dk\\\/muttis-garn-og-stof\\\/#website\"},\"primaryImageOfPage\":{\"@id\":\"https:\\\/\\\/niipit.dk\\\/muttis-garn-og-stof\\\/#primaryimage\"},\"image\":{\"@id\":\"https:\\\/\\\/niipit.dk\\\/muttis-garn-og-stof\\\/#primaryimage\"},\"thumbnailUrl\":\"https:\\\/\\\/niipit.dk\\\/muttis-garn-og-stof\\\/wp-content\\\/uploads\\\/sites\\\/264\\\/2019\\\/10\\\/Muttis-garn-og-stof-i-Vojens-150x150.jpg\",\"datePublished\":\"2018-08-10T20:29:34+00:00\",\"dateModified\":\"2019-11-13T09:54:17+00:00\",\"description\":\"Muttis Garn og Stof i Vojens hj\u00e6lper dig med dit h\u00e5ndarbejde. Du kan f\u00e5 lagt dit t\u00f8j op, du kan finde det garn du mangler og den knap du ikke kunne finde.\",\"breadcrumb\":{\"@id\":\"https:\\\/\\\/niipit.dk\\\/muttis-garn-og-stof\\\/#breadcrumb\"},\"inLanguage\":\"da-DK\",\"potentialAction\":[{\"@type\":\"ReadAction\",\"target\":[\"https:\\\/\\\/niipit.dk\\\/muttis-garn-og-stof\\\/\"]}]},{\"@type\":\"ImageObject\",\"inLanguage\":\"da-DK\",\"@id\":\"https:\\\/\\\/niipit.dk\\\/muttis-garn-og-stof\\\/#primaryimage\",\"url\":\"https:\\\/\\\/niipit.dk\\\/muttis-garn-og-stof\\\/wp-content\\\/uploads\\\/sites\\\/264\\\/2019\\\/10\\\/Muttis-garn-og-stof-i-Vojens-150x150.jpg\",\"contentUrl\":\"https:\\\/\\\/niipit.dk\\\/muttis-garn-og-stof\\\/wp-content\\\/uploads\\\/sites\\\/264\\\/2019\\\/10\\\/Muttis-garn-og-stof-i-Vojens-150x150.jpg\"},{\"@type\":\"BreadcrumbList\",\"@id\":\"https:\\\/\\\/niipit.dk\\\/muttis-garn-og-stof\\\/#breadcrumb\",\"itemListElement\":[{\"@type\":\"ListItem\",\"position\":1,\"name\":\"Hjem\",\"item\":\"https:\\\/\\\/niipit.dk\\\/muttis-garn-og-stof\\\/\"},{\"@type\":\"ListItem\",\"position\":2,\"name\":\"Forside\"}]},{\"@type\":\"WebSite\",\"@id\":\"http:\\\/\\\/niipit.dk\\\/muttis-garn-og-stof\\\/#website\",\"url\":\"http:\\\/\\\/niipit.dk\\\/muttis-garn-og-stof\\\/\",\"name\":\"Muttis Garn og Stof\",\"description\":\"Butikken der har n\u00e6sten alt - Tilbeh\u00f8r til h\u00e5ndarbejde\",\"potentialAction\":[{\"@type\":\"SearchAction\",\"target\":{\"@type\":\"EntryPoint\",\"urlTemplate\":\"http:\\\/\\\/niipit.dk\\\/muttis-garn-og-stof\\\/?s={search_term_string}\"},\"query-input\":{\"@type\":\"PropertyValueSpecification\",\"valueRequired\":true,\"valueName\":\"search_term_string\"}}],\"inLanguage\":\"da-DK\"}]}<\/script>\n<!-- \/ Yoast SEO Premium plugin. -->","yoast_head_json":{"title":"Muttis Garn og Stof - S\u00f8nderjylland - Niipit find lokale butikker","description":"Muttis Garn og Stof i Vojens hj\u00e6lper dig med dit h\u00e5ndarbejde. Du kan f\u00e5 lagt dit t\u00f8j op, du kan finde det garn du mangler og den knap du ikke kunne finde.","robots":{"index":"index","follow":"follow","max-snippet":"max-snippet:-1","max-image-preview":"max-image-preview:large","max-video-preview":"max-video-preview:-1"},"canonical":"https:\/\/niipit.dk\/muttis-garn-og-stof\/","og_locale":"da_DK","og_type":"article","og_title":"Muttis Garn og Stof - S\u00f8nderjylland - Niipit find lokale butikker","og_description":"Muttis Garn og Stof i Vojens hj\u00e6lper dig med dit h\u00e5ndarbejde. Du kan f\u00e5 lagt dit t\u00f8j op, du kan finde det garn du mangler og den knap du ikke kunne finde.","og_url":"https:\/\/niipit.dk\/muttis-garn-og-stof\/","og_site_name":"Muttis Garn og Stof","article_modified_time":"2019-11-13T09:54:17+00:00","og_image":[{"url":"https:\/\/niipit.dk\/muttis-garn-og-stof\/wp-content\/uploads\/sites\/264\/2019\/10\/Muttis-garn-og-stof-i-Vojens-150x150.jpg","type":"","width":"","height":""}],"twitter_card":"summary_large_image","twitter_misc":{"Estimeret l\u00e6setid":"1 minut"},"schema":{"@context":"https:\/\/schema.org","@graph":[{"@type":"WebPage","@id":"https:\/\/niipit.dk\/muttis-garn-og-stof\/","url":"https:\/\/niipit.dk\/muttis-garn-og-stof\/","name":"Muttis Garn og Stof - S\u00f8nderjylland - Niipit find lokale butikker","isPartOf":{"@id":"http:\/\/niipit.dk\/muttis-garn-og-stof\/#website"},"primaryImageOfPage":{"@id":"https:\/\/niipit.dk\/muttis-garn-og-stof\/#primaryimage"},"image":{"@id":"https:\/\/niipit.dk\/muttis-garn-og-stof\/#primaryimage"},"thumbnailUrl":"https:\/\/niipit.dk\/muttis-garn-og-stof\/wp-content\/uploads\/sites\/264\/2019\/10\/Muttis-garn-og-stof-i-Vojens-150x150.jpg","datePublished":"2018-08-10T20:29:34+00:00","dateModified":"2019-11-13T09:54:17+00:00","description":"Muttis Garn og Stof i Vojens hj\u00e6lper dig med dit h\u00e5ndarbejde. Du kan f\u00e5 lagt dit t\u00f8j op, du kan finde det garn du mangler og den knap du ikke kunne finde.","breadcrumb":{"@id":"https:\/\/niipit.dk\/muttis-garn-og-stof\/#breadcrumb"},"inLanguage":"da-DK","potentialAction":[{"@type":"ReadAction","target":["https:\/\/niipit.dk\/muttis-garn-og-stof\/"]}]},{"@type":"ImageObject","inLanguage":"da-DK","@id":"https:\/\/niipit.dk\/muttis-garn-og-stof\/#primaryimage","url":"https:\/\/niipit.dk\/muttis-garn-og-stof\/wp-content\/uploads\/sites\/264\/2019\/10\/Muttis-garn-og-stof-i-Vojens-150x150.jpg","contentUrl":"https:\/\/niipit.dk\/muttis-garn-og-stof\/wp-content\/uploads\/sites\/264\/2019\/10\/Muttis-garn-og-stof-i-Vojens-150x150.jpg"},{"@type":"BreadcrumbList","@id":"https:\/\/niipit.dk\/muttis-garn-og-stof\/#breadcrumb","itemListElement":[{"@type":"ListItem","position":1,"name":"Hjem","item":"https:\/\/niipit.dk\/muttis-garn-og-stof\/"},{"@type":"ListItem","position":2,"name":"Forside"}]},{"@type":"WebSite","@id":"http:\/\/niipit.dk\/muttis-garn-og-stof\/#website","url":"http:\/\/niipit.dk\/muttis-garn-og-stof\/","name":"Muttis Garn og Stof","description":"Butikken der har n\u00e6sten alt - Tilbeh\u00f8r til h\u00e5ndarbejde","potentialAction":[{"@type":"SearchAction","target":{"@type":"EntryPoint","urlTemplate":"http:\/\/niipit.dk\/muttis-garn-og-stof\/?s={search_term_string}"},"query-input":{"@type":"PropertyValueSpecification","valueRequired":true,"valueName":"search_term_string"}}],"inLanguage":"da-DK"}]}},"_links":{"self":[{"href":"https:\/\/niipit.dk\/muttis-garn-og-stof\/wp-json\/wp\/v2\/pages\/5064","targetHints":{"allow":["GET"]}}],"collection":[{"href":"https:\/\/niipit.dk\/muttis-garn-og-stof\/wp-json\/wp\/v2\/pages"}],"about":[{"href":"https:\/\/niipit.dk\/muttis-garn-og-stof\/wp-json\/wp\/v2\/types\/page"}],"author":[{"embeddable":true,"href":"https:\/\/niipit.dk\/muttis-garn-og-stof\/wp-json\/wp\/v2\/users\/1062"}],"replies":[{"embeddable":true,"href":"https:\/\/niipit.dk\/muttis-garn-og-stof\/wp-json\/wp\/v2\/comments?post=5064"}],"version-history":[{"count":0,"href":"https:\/\/niipit.dk\/muttis-garn-og-stof\/wp-json\/wp\/v2\/pages\/5064\/revisions"}],"wp:attachment":[{"href":"https:\/\/niipit.dk\/muttis-garn-og-stof\/wp-json\/wp\/v2\/media?parent=5064"}],"curies":[{"name":"wp","href":"https:\/\/api.w.org\/{rel}","templated":true}]}}