{"id":5497,"date":"2019-02-19T13:33:05","date_gmt":"2019-02-19T12:33:05","guid":{"rendered":"https:\/\/niipit.dk\/mastergoldblog\/?page_id=5497"},"modified":"2019-08-11T08:45:43","modified_gmt":"2019-08-11T06:45:43","slug":"galleri","status":"publish","type":"page","link":"https:\/\/niipit.dk\/mullemis-bella\/galleri\/","title":{"rendered":"Galleri"},"content":{"rendered":"\n<figure class=\"wp-block-image\"><a href=\"https:\/\/niipit.dk\/mullemis-bella\/plante-opsats-lavet-til-etage-seng\/\"><img loading=\"lazy\" decoding=\"async\" width=\"1024\" height=\"741\" src=\"https:\/\/niipit.dk\/mullemis-bella\/wp-content\/uploads\/sites\/208\/2019\/07\/Bellas-nye-hygge-plads-i-etager-1024x741.jpg\" alt=\"Bellas Nye hygge plads i etager\" class=\"wp-image-5679\" srcset=\"https:\/\/niipit.dk\/mullemis-bella\/wp-content\/uploads\/sites\/208\/2019\/07\/Bellas-nye-hygge-plads-i-etager-1024x741.jpg 1024w, https:\/\/niipit.dk\/mullemis-bella\/wp-content\/uploads\/sites\/208\/2019\/07\/Bellas-nye-hygge-plads-i-etager-300x217.jpg 300w, https:\/\/niipit.dk\/mullemis-bella\/wp-content\/uploads\/sites\/208\/2019\/07\/Bellas-nye-hygge-plads-i-etager-768x555.jpg 768w, https:\/\/niipit.dk\/mullemis-bella\/wp-content\/uploads\/sites\/208\/2019\/07\/Bellas-nye-hygge-plads-i-etager-600x434.jpg 600w, https:\/\/niipit.dk\/mullemis-bella\/wp-content\/uploads\/sites\/208\/2019\/07\/Bellas-nye-hygge-plads-i-etager.jpg 1872w\" sizes=\"auto, (max-width: 1024px) 100vw, 1024px\" \/><\/a><figcaption>Bellas Nye hygge plads i etager<br>Klik p\u00e5 billedet og l\u00e6s hvor nemt det er at lave s\u00e5dan en<br><\/figcaption><\/figure>\n\n\n\n<div class=\"wp-block-image\"><figure class=\"aligncenter\"><a href=\"https:\/\/niipit.dk\/mullemis-bella\/goer-det-selv-kabeltrommel-med-sisal\/\"><img loading=\"lazy\" decoding=\"async\" width=\"1024\" height=\"683\" src=\"https:\/\/niipit.dk\/mullemis-bella\/wp-content\/uploads\/sites\/208\/2019\/07\/Bella-og-Mullemis-Kabeltrommel-1024x683.jpg\" alt=\"Bella og Mullemis Kabeltrommel med sisal\" class=\"wp-image-5674\" srcset=\"https:\/\/niipit.dk\/mullemis-bella\/wp-content\/uploads\/sites\/208\/2019\/07\/Bella-og-Mullemis-Kabeltrommel-1024x683.jpg 1024w, https:\/\/niipit.dk\/mullemis-bella\/wp-content\/uploads\/sites\/208\/2019\/07\/Bella-og-Mullemis-Kabeltrommel-300x200.jpg 300w, https:\/\/niipit.dk\/mullemis-bella\/wp-content\/uploads\/sites\/208\/2019\/07\/Bella-og-Mullemis-Kabeltrommel-768x512.jpg 768w, https:\/\/niipit.dk\/mullemis-bella\/wp-content\/uploads\/sites\/208\/2019\/07\/Bella-og-Mullemis-Kabeltrommel-600x400.jpg 600w, https:\/\/niipit.dk\/mullemis-bella\/wp-content\/uploads\/sites\/208\/2019\/07\/Bella-og-Mullemis-Kabeltrommel.jpg 1944w\" sizes=\"auto, (max-width: 1024px) 100vw, 1024px\" \/><\/a><figcaption>Bella og Mullemis Kabeltrommel med sisal<br>Klik p\u00e5 billedet og l\u00e6s hvor nemt det er at lave s\u00e5dan en.<\/figcaption><\/figure><\/div>\n\n\n\n<div class=\"wp-block-image\"><figure class=\"aligncenter\"><img loading=\"lazy\" decoding=\"async\" width=\"1024\" height=\"741\" src=\"https:\/\/niipit.dk\/mullemis-bella\/wp-content\/uploads\/sites\/208\/2019\/08\/Den-h\u00e6klede-baldrian-mus-er-godkendt-1024x741.jpg\" alt=\"Den h\u00e6klede baldrian mus er godkendt\" class=\"wp-image-5714\" srcset=\"https:\/\/niipit.dk\/mullemis-bella\/wp-content\/uploads\/sites\/208\/2019\/08\/Den-h\u00e6klede-baldrian-mus-er-godkendt-1024x741.jpg 1024w, https:\/\/niipit.dk\/mullemis-bella\/wp-content\/uploads\/sites\/208\/2019\/08\/Den-h\u00e6klede-baldrian-mus-er-godkendt-300x217.jpg 300w, https:\/\/niipit.dk\/mullemis-bella\/wp-content\/uploads\/sites\/208\/2019\/08\/Den-h\u00e6klede-baldrian-mus-er-godkendt-768x556.jpg 768w, https:\/\/niipit.dk\/mullemis-bella\/wp-content\/uploads\/sites\/208\/2019\/08\/Den-h\u00e6klede-baldrian-mus-er-godkendt-600x434.jpg 600w, https:\/\/niipit.dk\/mullemis-bella\/wp-content\/uploads\/sites\/208\/2019\/08\/Den-h\u00e6klede-baldrian-mus-er-godkendt.jpg 1999w\" sizes=\"auto, (max-width: 1024px) 100vw, 1024px\" \/><figcaption>Den h\u00e6klede baldrian mus er godkendt<\/figcaption><\/figure><\/div>\n\n\n\n<div class=\"wp-block-image\"><figure class=\"aligncenter\"><img loading=\"lazy\" decoding=\"async\" width=\"1024\" height=\"740\" src=\"https:\/\/niipit.dk\/mullemis-bella\/wp-content\/uploads\/sites\/208\/2019\/08\/L\u00f8ve-siger-du-1024x740.jpg\" alt=\"L\u00f8ve, siger du?.....Hah....jeg er da st\u00f8rre end det bette kr\u00e6 der...\" class=\"wp-image-5712\" srcset=\"https:\/\/niipit.dk\/mullemis-bella\/wp-content\/uploads\/sites\/208\/2019\/08\/L\u00f8ve-siger-du-1024x740.jpg 1024w, https:\/\/niipit.dk\/mullemis-bella\/wp-content\/uploads\/sites\/208\/2019\/08\/L\u00f8ve-siger-du-300x217.jpg 300w, https:\/\/niipit.dk\/mullemis-bella\/wp-content\/uploads\/sites\/208\/2019\/08\/L\u00f8ve-siger-du-768x555.jpg 768w, https:\/\/niipit.dk\/mullemis-bella\/wp-content\/uploads\/sites\/208\/2019\/08\/L\u00f8ve-siger-du-600x433.jpg 600w, https:\/\/niipit.dk\/mullemis-bella\/wp-content\/uploads\/sites\/208\/2019\/08\/L\u00f8ve-siger-du.jpg 2048w\" sizes=\"auto, (max-width: 1024px) 100vw, 1024px\" \/><figcaption>L\u00f8ve, siger du?&#8230;..Hah&#8230;.jeg er da st\u00f8rre end det bette kr\u00e6 der&#8230;<\/figcaption><\/figure><\/div>\n","protected":false},"excerpt":{"rendered":"","protected":false},"author":843,"featured_media":0,"parent":0,"menu_order":0,"comment_status":"closed","ping_status":"closed","template":"","meta":{"_exactmetrics_skip_tracking":false,"_exactmetrics_sitenote_active":false,"_exactmetrics_sitenote_note":"","_exactmetrics_sitenote_category":0,"_monsterinsights_skip_tracking":false,"_monsterinsights_sitenote_active":false,"_monsterinsights_sitenote_note":"","_monsterinsights_sitenote_category":0,"footnotes":""},"class_list":["post-5497","page","type-page","status-publish","hentry"],"yoast_head":"<!-- This site is optimized with the Yoast SEO Premium plugin v16.3 (Yoast SEO v27.3) - https:\/\/yoast.com\/product\/yoast-seo-premium-wordpress\/ -->\n<title>Galleri - Mullemis og Bella<\/title>\n<meta name=\"robots\" content=\"index, follow, max-snippet:-1, max-image-preview:large, max-video-preview:-1\" \/>\n<link rel=\"canonical\" href=\"https:\/\/niipit.dk\/mullemis-bella\/galleri\/\" \/>\n<meta property=\"og:locale\" content=\"da_DK\" \/>\n<meta property=\"og:type\" content=\"article\" \/>\n<meta property=\"og:title\" content=\"Galleri - Mullemis og Bella\" \/>\n<meta property=\"og:url\" content=\"https:\/\/niipit.dk\/mullemis-bella\/galleri\/\" \/>\n<meta property=\"og:site_name\" content=\"Mullemis og Bella\" \/>\n<meta property=\"article:modified_time\" content=\"2019-08-11T06:45:43+00:00\" \/>\n<meta property=\"og:image\" content=\"https:\/\/niipit.dk\/mullemis-bella\/wp-content\/uploads\/sites\/208\/2019\/07\/Bellas-nye-hygge-plads-i-etager-1024x741.jpg\" \/>\n<meta name=\"twitter:card\" content=\"summary_large_image\" \/>\n<script type=\"application\/ld+json\" class=\"yoast-schema-graph\">{\"@context\":\"https:\\\/\\\/schema.org\",\"@graph\":[{\"@type\":\"WebPage\",\"@id\":\"https:\\\/\\\/niipit.dk\\\/mullemis-bella\\\/galleri\\\/\",\"url\":\"https:\\\/\\\/niipit.dk\\\/mullemis-bella\\\/galleri\\\/\",\"name\":\"Galleri - Mullemis og Bella\",\"isPartOf\":{\"@id\":\"https:\\\/\\\/niipit.dk\\\/mullemis-bella\\\/#website\"},\"primaryImageOfPage\":{\"@id\":\"https:\\\/\\\/niipit.dk\\\/mullemis-bella\\\/galleri\\\/#primaryimage\"},\"image\":{\"@id\":\"https:\\\/\\\/niipit.dk\\\/mullemis-bella\\\/galleri\\\/#primaryimage\"},\"thumbnailUrl\":\"https:\\\/\\\/niipit.dk\\\/mullemis-bella\\\/wp-content\\\/uploads\\\/sites\\\/208\\\/2019\\\/07\\\/Bellas-nye-hygge-plads-i-etager-1024x741.jpg\",\"datePublished\":\"2019-02-19T12:33:05+00:00\",\"dateModified\":\"2019-08-11T06:45:43+00:00\",\"breadcrumb\":{\"@id\":\"https:\\\/\\\/niipit.dk\\\/mullemis-bella\\\/galleri\\\/#breadcrumb\"},\"inLanguage\":\"da-DK\",\"potentialAction\":[{\"@type\":\"ReadAction\",\"target\":[\"https:\\\/\\\/niipit.dk\\\/mullemis-bella\\\/galleri\\\/\"]}]},{\"@type\":\"ImageObject\",\"inLanguage\":\"da-DK\",\"@id\":\"https:\\\/\\\/niipit.dk\\\/mullemis-bella\\\/galleri\\\/#primaryimage\",\"url\":\"https:\\\/\\\/niipit.dk\\\/mullemis-bella\\\/wp-content\\\/uploads\\\/sites\\\/208\\\/2019\\\/07\\\/Bellas-nye-hygge-plads-i-etager-1024x741.jpg\",\"contentUrl\":\"https:\\\/\\\/niipit.dk\\\/mullemis-bella\\\/wp-content\\\/uploads\\\/sites\\\/208\\\/2019\\\/07\\\/Bellas-nye-hygge-plads-i-etager-1024x741.jpg\"},{\"@type\":\"BreadcrumbList\",\"@id\":\"https:\\\/\\\/niipit.dk\\\/mullemis-bella\\\/galleri\\\/#breadcrumb\",\"itemListElement\":[{\"@type\":\"ListItem\",\"position\":1,\"name\":\"Hjem\",\"item\":\"https:\\\/\\\/niipit.dk\\\/mullemis-bella\\\/\"},{\"@type\":\"ListItem\",\"position\":2,\"name\":\"Galleri\"}]},{\"@type\":\"WebSite\",\"@id\":\"https:\\\/\\\/niipit.dk\\\/mullemis-bella\\\/#website\",\"url\":\"https:\\\/\\\/niipit.dk\\\/mullemis-bella\\\/\",\"name\":\"Mullemis og Bella\",\"description\":\"Mine 2 sk\u00f8nne katte Mullemis og Bella\",\"potentialAction\":[{\"@type\":\"SearchAction\",\"target\":{\"@type\":\"EntryPoint\",\"urlTemplate\":\"https:\\\/\\\/niipit.dk\\\/mullemis-bella\\\/?s={search_term_string}\"},\"query-input\":{\"@type\":\"PropertyValueSpecification\",\"valueRequired\":true,\"valueName\":\"search_term_string\"}}],\"inLanguage\":\"da-DK\"}]}<\/script>\n<!-- \/ Yoast SEO Premium plugin. -->","yoast_head_json":{"title":"Galleri - Mullemis og Bella","robots":{"index":"index","follow":"follow","max-snippet":"max-snippet:-1","max-image-preview":"max-image-preview:large","max-video-preview":"max-video-preview:-1"},"canonical":"https:\/\/niipit.dk\/mullemis-bella\/galleri\/","og_locale":"da_DK","og_type":"article","og_title":"Galleri - Mullemis og Bella","og_url":"https:\/\/niipit.dk\/mullemis-bella\/galleri\/","og_site_name":"Mullemis og Bella","article_modified_time":"2019-08-11T06:45:43+00:00","og_image":[{"url":"https:\/\/niipit.dk\/mullemis-bella\/wp-content\/uploads\/sites\/208\/2019\/07\/Bellas-nye-hygge-plads-i-etager-1024x741.jpg","type":"","width":"","height":""}],"twitter_card":"summary_large_image","schema":{"@context":"https:\/\/schema.org","@graph":[{"@type":"WebPage","@id":"https:\/\/niipit.dk\/mullemis-bella\/galleri\/","url":"https:\/\/niipit.dk\/mullemis-bella\/galleri\/","name":"Galleri - Mullemis og Bella","isPartOf":{"@id":"https:\/\/niipit.dk\/mullemis-bella\/#website"},"primaryImageOfPage":{"@id":"https:\/\/niipit.dk\/mullemis-bella\/galleri\/#primaryimage"},"image":{"@id":"https:\/\/niipit.dk\/mullemis-bella\/galleri\/#primaryimage"},"thumbnailUrl":"https:\/\/niipit.dk\/mullemis-bella\/wp-content\/uploads\/sites\/208\/2019\/07\/Bellas-nye-hygge-plads-i-etager-1024x741.jpg","datePublished":"2019-02-19T12:33:05+00:00","dateModified":"2019-08-11T06:45:43+00:00","breadcrumb":{"@id":"https:\/\/niipit.dk\/mullemis-bella\/galleri\/#breadcrumb"},"inLanguage":"da-DK","potentialAction":[{"@type":"ReadAction","target":["https:\/\/niipit.dk\/mullemis-bella\/galleri\/"]}]},{"@type":"ImageObject","inLanguage":"da-DK","@id":"https:\/\/niipit.dk\/mullemis-bella\/galleri\/#primaryimage","url":"https:\/\/niipit.dk\/mullemis-bella\/wp-content\/uploads\/sites\/208\/2019\/07\/Bellas-nye-hygge-plads-i-etager-1024x741.jpg","contentUrl":"https:\/\/niipit.dk\/mullemis-bella\/wp-content\/uploads\/sites\/208\/2019\/07\/Bellas-nye-hygge-plads-i-etager-1024x741.jpg"},{"@type":"BreadcrumbList","@id":"https:\/\/niipit.dk\/mullemis-bella\/galleri\/#breadcrumb","itemListElement":[{"@type":"ListItem","position":1,"name":"Hjem","item":"https:\/\/niipit.dk\/mullemis-bella\/"},{"@type":"ListItem","position":2,"name":"Galleri"}]},{"@type":"WebSite","@id":"https:\/\/niipit.dk\/mullemis-bella\/#website","url":"https:\/\/niipit.dk\/mullemis-bella\/","name":"Mullemis og Bella","description":"Mine 2 sk\u00f8nne katte Mullemis og Bella","potentialAction":[{"@type":"SearchAction","target":{"@type":"EntryPoint","urlTemplate":"https:\/\/niipit.dk\/mullemis-bella\/?s={search_term_string}"},"query-input":{"@type":"PropertyValueSpecification","valueRequired":true,"valueName":"search_term_string"}}],"inLanguage":"da-DK"}]}},"_links":{"self":[{"href":"https:\/\/niipit.dk\/mullemis-bella\/wp-json\/wp\/v2\/pages\/5497","targetHints":{"allow":["GET"]}}],"collection":[{"href":"https:\/\/niipit.dk\/mullemis-bella\/wp-json\/wp\/v2\/pages"}],"about":[{"href":"https:\/\/niipit.dk\/mullemis-bella\/wp-json\/wp\/v2\/types\/page"}],"author":[{"embeddable":true,"href":"https:\/\/niipit.dk\/mullemis-bella\/wp-json\/wp\/v2\/users\/843"}],"replies":[{"embeddable":true,"href":"https:\/\/niipit.dk\/mullemis-bella\/wp-json\/wp\/v2\/comments?post=5497"}],"version-history":[{"count":0,"href":"https:\/\/niipit.dk\/mullemis-bella\/wp-json\/wp\/v2\/pages\/5497\/revisions"}],"wp:attachment":[{"href":"https:\/\/niipit.dk\/mullemis-bella\/wp-json\/wp\/v2\/media?parent=5497"}],"curies":[{"name":"wp","href":"https:\/\/api.w.org\/{rel}","templated":true}]}}